{"id":74,"date":"2022-06-08T11:00:32","date_gmt":"2022-06-08T09:00:32","guid":{"rendered":"https:\/\/scheriproct.com\/se\/?post_type=product&#038;p=74"},"modified":"2025-12-30T11:38:14","modified_gmt":"2025-12-30T10:38:14","slug":"scheriproct-suppositorier","status":"publish","type":"product","link":"https:\/\/scheriproct.com\/se\/product\/scheriproct-suppositorier\/","title":{"rendered":"Scheriproct\u00ae suppositorier"},"content":{"rendered":"\n<div class=\"wp-block-karopharma-accordions is-style-secondary\"><div class=\"container\">\n<details class=\"wp-block-karopharma-accordion\"><summary><h2 class=\"accordion-title\">Om Scheriproct\u00ae suppositorier<\/h2><\/summary><div class=\"accordion-content\">\n<p>Scheriproct<sup>\u00ae<\/sup> suppositorier har en dubbelverkande formel som inneh\u00e5ller lokalbed\u00f6vningsmedel och kortikosteroider f\u00f6r att behandla hemorrojder och tillh\u00f6rande kl\u00e5da, irritation samt sprickbildningar \/ytliga analfissurer) vid \u00e4ndtarmen.<\/p>\n\n\n\n<p>Du kan k\u00f6pa Scheriproct<sup>\u00ae<\/sup> suppositorier receptfritt p\u00e5 de ditt n\u00e4rmsta apotek s\u00e5v\u00e4l som online. Du kan anv\u00e4nda Scheriproct<sup>\u00ae<\/sup>-salva samtidigt. Kom ih\u00e5g att ju tidigare du behandlar dina symtom, desto mer sannolikt \u00e4r det att de f\u00f6rsvinner.<\/p>\n<\/div><\/details>\n\n\n\n<details class=\"wp-block-karopharma-accordion\"><summary><h2 class=\"accordion-title\">Anv\u00e4ndning<\/h2><\/summary><div class=\"accordion-content\">\n<p>Ta ett Scheriproct-suppositorium i \u00e4ndtarmen varje dag. Om symtomen \u00e4r sv\u00e5ra kan du \u00f6ka dosen till tv\u00e5 till tre suppositorier per dag i b\u00f6rjan av behandlingen. N\u00e4r du b\u00f6rjar m\u00e5 b\u00e4ttre kan du minska dosen till ett suppositorium varannan dag.<\/p>\n\n\n\n<p>Suppositorier mjuknar i varma temperaturer och b\u00f6r f\u00f6rvaras i kylsk\u00e5pet. Om suppositoriet har mjuknat, l\u00e4gg det i kallt vatten i 30 minuter innan du tar bort skyddsfolien. Den b\u00e4sta tiden p\u00e5 dagen f\u00f6r att s\u00e4tta in suppositoriet \u00e4r efter avf\u00f6ring. Tv\u00e4tta f\u00f6rst h\u00e4nderna, omr\u00e5det runt anusen och torka utan att gnugga. Ta sedan bort suppositoriet fr\u00e5n folien och tryck f\u00f6rsiktigt in det i anusen. Ett tips f\u00f6r att underl\u00e4tta inf\u00f6randet \u00e4r att antingen huka sig ned eller st\u00e5 med en fot upplyft p\u00e5 en stol. Du kan ocks\u00e5 l\u00e4gga dig p\u00e5 sidan med ett ben b\u00f6jt och det andra rakt. Sitt eller ligga stilla i cirka 15 minuter medan suppositoriet sm\u00e4lter.<sup>1<\/sup><\/p>\n\n\n\n<ol class=\"wp-block-list\"><li><sup>1<\/sup> <a href=\"https:\/\/www.nhs.uk\/medicines\/hydrocortisone-for-piles-and-itchy-bottom\/\" target=\"_blank\" rel=\"noreferrer noopener\">www.nhs.uk\/medicines\/hydrocortisone-for-piles-and-itchy-bottom\/<\/a> 2020-10-31<\/li><\/ol>\n<\/div><\/details>\n\n\n\n<details class=\"wp-block-karopharma-accordion\"><summary><h2 class=\"accordion-title\">Effekt<\/h2><\/summary><div class=\"accordion-content\">\n<p>Ta ett Scheriproct<sup>\u00ae<\/sup>-suppositorium i \u00e4ndtarmen varje dag.<sup>2<\/sup> Om symtomen \u00e4r sv\u00e5ra kan du \u00f6ka dosen till tv\u00e5 till tre suppositorier per dag i b\u00f6rjan av behandlingen. N\u00e4r du b\u00f6rjar m\u00e5 b\u00e4ttre kan du minska dosen till ett suppositorium varannan dag. Suppositorier mjuknar i varma temperaturer och b\u00f6r f\u00f6rvaras i kylsk\u00e5pet. Om suppositoriet har mjuknat, l\u00e4gg det i kallt vatten i 30 minuter innan du tar bort skyddsfolien. Den b\u00e4sta tiden p\u00e5 dagen f\u00f6r att s\u00e4tta in suppositoriet \u00e4r efter avf\u00f6ring. Tv\u00e4tta f\u00f6rst h\u00e4nderna, omr\u00e5det runt anusen och torka utan att gnugga. Ta sedan bort suppositoriet fr\u00e5n folien och tryck f\u00f6rsiktigt in det i anusen. Ett tips f\u00f6r att underl\u00e4tta inf\u00f6randet \u00e4r att antingen huka sig ned eller st\u00e5 med en fot upplyft p\u00e5 en stol. Du kan ocks\u00e5 l\u00e4gga dig p\u00e5 sidan med ett ben b\u00f6jt och det andra rakt. Sitt eller ligga stilla i cirka 15 minuter medan suppositoriet sm\u00e4lter.<\/p>\n\n\n\n<p><sup>2<\/sup> <a href=\"https:\/\/www.europeanreview.org\/wp\/wp-content\/uploads\/438.pdf\" target=\"_blank\" rel=\"noreferrer noopener\">www.europeanreview.org\/wp\/wp-content\/uploads\/438.pdf <\/a>2020-10-31<\/p>\n<\/div><\/details>\n<\/div><\/div>\n","protected":false},"excerpt":{"rendered":"<p>Minskar sm\u00e4rta, inflammation och kl\u00e5da i analomr\u00e5det vid hemorrojder.<\/p>\n","protected":false},"featured_media":78,"comment_status":"closed","ping_status":"closed","template":"","meta":{"_acf_changed":false,"footnotes":""},"product_brand":[],"product_cat":[],"product_tag":[],"class_list":{"0":"post-74","1":"product","2":"type-product","3":"status-publish","4":"has-post-thumbnail","7":"first","8":"instock","9":"shipping-taxable","10":"product-type-simple"},"acf":[],"yoast_head":"<!-- This site is optimized with the Yoast SEO plugin v26.6 - https:\/\/yoast.com\/wordpress\/plugins\/seo\/ -->\n<title>Scheriproct\u00ae suppositorier - Scheriproct<\/title>\n<meta name=\"description\" content=\"Minskar sm\u00e4rta, inflammation och kl\u00e5da i analomr\u00e5det vid hemorrojder.\" \/>\n<meta name=\"robots\" content=\"index, follow, max-snippet:-1, max-image-preview:large, max-video-preview:-1\" \/>\n<link rel=\"canonical\" href=\"https:\/\/scheriproct.com\/se\/product\/scheriproct-suppositorier\/\" \/>\n<meta property=\"og:locale\" content=\"sv_SE\" \/>\n<meta property=\"og:type\" content=\"article\" \/>\n<meta property=\"og:title\" content=\"Scheriproct\u00ae suppositorier - Scheriproct\" \/>\n<meta property=\"og:description\" content=\"Minskar sm\u00e4rta, inflammation och kl\u00e5da i analomr\u00e5det vid hemorrojder.\" \/>\n<meta property=\"og:url\" content=\"https:\/\/scheriproct.com\/se\/product\/scheriproct-suppositorier\/\" \/>\n<meta property=\"og:site_name\" content=\"Scheriproct\" \/>\n<meta property=\"article:modified_time\" content=\"2025-12-30T10:38:14+00:00\" \/>\n<meta property=\"og:image\" content=\"https:\/\/scheriproct.com\/app\/uploads\/sites\/4\/2022\/06\/ScheriproctSuppositorier-1.png\" \/>\n\t<meta property=\"og:image:width\" content=\"1000\" \/>\n\t<meta property=\"og:image:height\" content=\"1000\" \/>\n\t<meta property=\"og:image:type\" content=\"image\/png\" \/>\n<meta name=\"twitter:card\" content=\"summary_large_image\" \/>\n<meta name=\"twitter:label1\" content=\"Ber\u00e4knad l\u00e4stid\" \/>\n\t<meta name=\"twitter:data1\" content=\"3 minuter\" \/>\n<script type=\"application\/ld+json\" class=\"yoast-schema-graph\">{\"@context\":\"https:\/\/schema.org\",\"@graph\":[{\"@type\":\"WebPage\",\"@id\":\"https:\/\/scheriproct.com\/se\/product\/scheriproct-suppositorier\/\",\"url\":\"https:\/\/scheriproct.com\/se\/product\/scheriproct-suppositorier\/\",\"name\":\"Scheriproct\u00ae suppositorier - Scheriproct\",\"isPartOf\":{\"@id\":\"https:\/\/scheriproct.com\/se\/#website\"},\"primaryImageOfPage\":{\"@id\":\"https:\/\/scheriproct.com\/se\/product\/scheriproct-suppositorier\/#primaryimage\"},\"image\":{\"@id\":\"https:\/\/scheriproct.com\/se\/product\/scheriproct-suppositorier\/#primaryimage\"},\"thumbnailUrl\":\"https:\/\/scheriproct.com\/app\/uploads\/sites\/4\/2022\/06\/ScheriproctSuppositorier-1.png\",\"datePublished\":\"2022-06-08T09:00:32+00:00\",\"dateModified\":\"2025-12-30T10:38:14+00:00\",\"description\":\"Minskar sm\u00e4rta, inflammation och kl\u00e5da i analomr\u00e5det vid hemorrojder.\",\"breadcrumb\":{\"@id\":\"https:\/\/scheriproct.com\/se\/product\/scheriproct-suppositorier\/#breadcrumb\"},\"inLanguage\":\"sv-SE\",\"potentialAction\":[{\"@type\":\"ReadAction\",\"target\":[\"https:\/\/scheriproct.com\/se\/product\/scheriproct-suppositorier\/\"]}]},{\"@type\":\"ImageObject\",\"inLanguage\":\"sv-SE\",\"@id\":\"https:\/\/scheriproct.com\/se\/product\/scheriproct-suppositorier\/#primaryimage\",\"url\":\"https:\/\/scheriproct.com\/app\/uploads\/sites\/4\/2022\/06\/ScheriproctSuppositorier-1.png\",\"contentUrl\":\"https:\/\/scheriproct.com\/app\/uploads\/sites\/4\/2022\/06\/ScheriproctSuppositorier-1.png\",\"width\":1000,\"height\":1000,\"caption\":\"Scheriproct\u00ae Neo Suppositorier\"},{\"@type\":\"BreadcrumbList\",\"@id\":\"https:\/\/scheriproct.com\/se\/product\/scheriproct-suppositorier\/#breadcrumb\",\"itemListElement\":[{\"@type\":\"ListItem\",\"position\":1,\"name\":\"Home\",\"item\":\"https:\/\/scheriproct.com\/se\/\"},{\"@type\":\"ListItem\",\"position\":2,\"name\":\"Produkter\",\"item\":\"https:\/\/scheriproct.com\/se\/produkter\/\"},{\"@type\":\"ListItem\",\"position\":3,\"name\":\"Scheriproct\u00ae suppositorier\"}]},{\"@type\":\"WebSite\",\"@id\":\"https:\/\/scheriproct.com\/se\/#website\",\"url\":\"https:\/\/scheriproct.com\/se\/\",\"name\":\"Scheriproct\",\"description\":\"\",\"publisher\":{\"@id\":\"https:\/\/scheriproct.com\/se\/#organization\"},\"potentialAction\":[{\"@type\":\"SearchAction\",\"target\":{\"@type\":\"EntryPoint\",\"urlTemplate\":\"https:\/\/scheriproct.com\/se\/?s={search_term_string}\"},\"query-input\":{\"@type\":\"PropertyValueSpecification\",\"valueRequired\":true,\"valueName\":\"search_term_string\"}}],\"inLanguage\":\"sv-SE\"},{\"@type\":\"Organization\",\"@id\":\"https:\/\/scheriproct.com\/se\/#organization\",\"name\":\"Scheriproct\",\"url\":\"https:\/\/scheriproct.com\/se\/\",\"logo\":{\"@type\":\"ImageObject\",\"inLanguage\":\"sv-SE\",\"@id\":\"https:\/\/scheriproct.com\/se\/#\/schema\/logo\/image\/\",\"url\":\"https:\/\/scheriproct.com\/app\/uploads\/sites\/4\/2022\/06\/scheriproct-logo.png\",\"contentUrl\":\"https:\/\/scheriproct.com\/app\/uploads\/sites\/4\/2022\/06\/scheriproct-logo.png\",\"width\":143,\"height\":20,\"caption\":\"Scheriproct\"},\"image\":{\"@id\":\"https:\/\/scheriproct.com\/se\/#\/schema\/logo\/image\/\"}}]}<\/script>\n<!-- \/ Yoast SEO plugin. -->","yoast_head_json":{"title":"Scheriproct\u00ae suppositorier - Scheriproct","description":"Minskar sm\u00e4rta, inflammation och kl\u00e5da i analomr\u00e5det vid hemorrojder.","robots":{"index":"index","follow":"follow","max-snippet":"max-snippet:-1","max-image-preview":"max-image-preview:large","max-video-preview":"max-video-preview:-1"},"canonical":"https:\/\/scheriproct.com\/se\/product\/scheriproct-suppositorier\/","og_locale":"sv_SE","og_type":"article","og_title":"Scheriproct\u00ae suppositorier - Scheriproct","og_description":"Minskar sm\u00e4rta, inflammation och kl\u00e5da i analomr\u00e5det vid hemorrojder.","og_url":"https:\/\/scheriproct.com\/se\/product\/scheriproct-suppositorier\/","og_site_name":"Scheriproct","article_modified_time":"2025-12-30T10:38:14+00:00","og_image":[{"width":1000,"height":1000,"url":"https:\/\/scheriproct.com\/app\/uploads\/sites\/4\/2022\/06\/ScheriproctSuppositorier-1.png","type":"image\/png"}],"twitter_card":"summary_large_image","twitter_misc":{"Ber\u00e4knad l\u00e4stid":"3 minuter"},"schema":{"@context":"https:\/\/schema.org","@graph":[{"@type":"WebPage","@id":"https:\/\/scheriproct.com\/se\/product\/scheriproct-suppositorier\/","url":"https:\/\/scheriproct.com\/se\/product\/scheriproct-suppositorier\/","name":"Scheriproct\u00ae suppositorier - Scheriproct","isPartOf":{"@id":"https:\/\/scheriproct.com\/se\/#website"},"primaryImageOfPage":{"@id":"https:\/\/scheriproct.com\/se\/product\/scheriproct-suppositorier\/#primaryimage"},"image":{"@id":"https:\/\/scheriproct.com\/se\/product\/scheriproct-suppositorier\/#primaryimage"},"thumbnailUrl":"https:\/\/scheriproct.com\/app\/uploads\/sites\/4\/2022\/06\/ScheriproctSuppositorier-1.png","datePublished":"2022-06-08T09:00:32+00:00","dateModified":"2025-12-30T10:38:14+00:00","description":"Minskar sm\u00e4rta, inflammation och kl\u00e5da i analomr\u00e5det vid hemorrojder.","breadcrumb":{"@id":"https:\/\/scheriproct.com\/se\/product\/scheriproct-suppositorier\/#breadcrumb"},"inLanguage":"sv-SE","potentialAction":[{"@type":"ReadAction","target":["https:\/\/scheriproct.com\/se\/product\/scheriproct-suppositorier\/"]}]},{"@type":"ImageObject","inLanguage":"sv-SE","@id":"https:\/\/scheriproct.com\/se\/product\/scheriproct-suppositorier\/#primaryimage","url":"https:\/\/scheriproct.com\/app\/uploads\/sites\/4\/2022\/06\/ScheriproctSuppositorier-1.png","contentUrl":"https:\/\/scheriproct.com\/app\/uploads\/sites\/4\/2022\/06\/ScheriproctSuppositorier-1.png","width":1000,"height":1000,"caption":"Scheriproct\u00ae Neo Suppositorier"},{"@type":"BreadcrumbList","@id":"https:\/\/scheriproct.com\/se\/product\/scheriproct-suppositorier\/#breadcrumb","itemListElement":[{"@type":"ListItem","position":1,"name":"Home","item":"https:\/\/scheriproct.com\/se\/"},{"@type":"ListItem","position":2,"name":"Produkter","item":"https:\/\/scheriproct.com\/se\/produkter\/"},{"@type":"ListItem","position":3,"name":"Scheriproct\u00ae suppositorier"}]},{"@type":"WebSite","@id":"https:\/\/scheriproct.com\/se\/#website","url":"https:\/\/scheriproct.com\/se\/","name":"Scheriproct","description":"","publisher":{"@id":"https:\/\/scheriproct.com\/se\/#organization"},"potentialAction":[{"@type":"SearchAction","target":{"@type":"EntryPoint","urlTemplate":"https:\/\/scheriproct.com\/se\/?s={search_term_string}"},"query-input":{"@type":"PropertyValueSpecification","valueRequired":true,"valueName":"search_term_string"}}],"inLanguage":"sv-SE"},{"@type":"Organization","@id":"https:\/\/scheriproct.com\/se\/#organization","name":"Scheriproct","url":"https:\/\/scheriproct.com\/se\/","logo":{"@type":"ImageObject","inLanguage":"sv-SE","@id":"https:\/\/scheriproct.com\/se\/#\/schema\/logo\/image\/","url":"https:\/\/scheriproct.com\/app\/uploads\/sites\/4\/2022\/06\/scheriproct-logo.png","contentUrl":"https:\/\/scheriproct.com\/app\/uploads\/sites\/4\/2022\/06\/scheriproct-logo.png","width":143,"height":20,"caption":"Scheriproct"},"image":{"@id":"https:\/\/scheriproct.com\/se\/#\/schema\/logo\/image\/"}}]}},"_links":{"self":[{"href":"https:\/\/scheriproct.com\/se\/wp-json\/wp\/v2\/product\/74","targetHints":{"allow":["GET"]}}],"collection":[{"href":"https:\/\/scheriproct.com\/se\/wp-json\/wp\/v2\/product"}],"about":[{"href":"https:\/\/scheriproct.com\/se\/wp-json\/wp\/v2\/types\/product"}],"replies":[{"embeddable":true,"href":"https:\/\/scheriproct.com\/se\/wp-json\/wp\/v2\/comments?post=74"}],"version-history":[{"count":7,"href":"https:\/\/scheriproct.com\/se\/wp-json\/wp\/v2\/product\/74\/revisions"}],"predecessor-version":[{"id":219,"href":"https:\/\/scheriproct.com\/se\/wp-json\/wp\/v2\/product\/74\/revisions\/219"}],"wp:featuredmedia":[{"embeddable":true,"href":"https:\/\/scheriproct.com\/se\/wp-json\/wp\/v2\/media\/78"}],"wp:attachment":[{"href":"https:\/\/scheriproct.com\/se\/wp-json\/wp\/v2\/media?parent=74"}],"wp:term":[{"taxonomy":"product_brand","embeddable":true,"href":"https:\/\/scheriproct.com\/se\/wp-json\/wp\/v2\/product_brand?post=74"},{"taxonomy":"product_cat","embeddable":true,"href":"https:\/\/scheriproct.com\/se\/wp-json\/wp\/v2\/product_cat?post=74"},{"taxonomy":"product_tag","embeddable":true,"href":"https:\/\/scheriproct.com\/se\/wp-json\/wp\/v2\/product_tag?post=74"}],"curies":[{"name":"wp","href":"https:\/\/api.w.org\/{rel}","templated":true}]}}