{"id":69,"date":"2022-06-08T10:55:53","date_gmt":"2022-06-08T08:55:53","guid":{"rendered":"https:\/\/scheriproct.com\/se\/?post_type=product&#038;p=69"},"modified":"2024-12-06T12:12:46","modified_gmt":"2024-12-06T11:12:46","slug":"scheriproct-salva","status":"publish","type":"product","link":"https:\/\/scheriproct.com\/se\/product\/scheriproct-salva\/","title":{"rendered":"Scheriproct\u00ae Salva"},"content":{"rendered":"\n<div class=\"wp-block-karopharma-accordions is-style-secondary\"><div class=\"container\">\n<details class=\"wp-block-karopharma-accordion\"><summary><h2 class=\"accordion-title\">Om Scheriproct\u00ae salva<\/h2><\/summary><div class=\"accordion-content\">\n<p>Scheriproct<sup>\u00ae<\/sup> salva behandlar hemorrojder, tillh\u00f6rande kl\u00e5da och irritation samt sprickbildningar (ytliga analfissurer) vid \u00e4ndtarmen. Du kan k\u00f6pa Scheriproct<sup>\u00ae<\/sup>-produkten receptfritt p\u00e5 de flesta apotek,<\/p>\n\n\n\n<p>Du kan k\u00f6pa Scheriproct\u00ae-produkten receptfritt p\u00e5 de flesta apotek, s\u00e5v\u00e4l som online<sup>.<\/sup> F\u00f6r att hemorrojder kan du kombinera salvan med Scheriproct<sup>\u00ae<\/sup>-suppositorier. Ju tidigare du b\u00f6rjar, desto l\u00e4ttare \u00e4r hemorrojder att behandla.<\/p>\n<\/div><\/details>\n\n\n\n<details class=\"wp-block-karopharma-accordion\"><summary><h2 class=\"accordion-title\">Anv\u00e4ndning<\/h2><\/summary><div class=\"accordion-content\">\n<p>Scheriproct<sup>\u00ae<\/sup> \u00e4r l\u00e4tt att anv\u00e4nda: En behandling per dag \u00e4r l\u00e4mpligt men du kan anv\u00e4nda det upp till fyra g\u00e5nger den f\u00f6rsta dagen av behandlingen om det beh\u00f6vs. Behandlingen b\u00f6r inte \u00f6verskrida fyra veckor.<\/p>\n\n\n\n<p>Innan du anv\u00e4nder kr\u00e4men, tv\u00e4tta h\u00e4nderna, reng\u00f6r och torka f\u00f6rsiktigt anus och huden runt anus.<\/p>\n\n\n\n<p>Om du anv\u00e4nder Scheriproct<sup>\u00ae<\/sup>-salva i \u00e4ndtarmsomr\u00e5det: Pressa ut en liten m\u00e4ngd kr\u00e4m ovanp\u00e5 fingret och applicera den precis inuti anusen och p\u00e5 den omgivande huden. Sprid f\u00f6rsiktigt ut salvan och undvik att gnugga, eftersom det kan irritera huden. Om dina hemorrojder har fallit ut, sm\u00f6rj dem gener\u00f6st med salvan och tryck f\u00f6rsiktigt tillbaka dem i din anus.<\/p>\n\n\n\n<p>Om du anv\u00e4nder Scheriproct<sup>\u00ae<\/sup>-salva inuti anus: Skruva p\u00e5 den separata applikatorn p\u00e5 tuben och pressa tuben f\u00f6r att fylla applikatorn med salva. S\u00e4tt f\u00f6rsiktigt in hela applikatorn i anusen och dra sedan ut den medan du f\u00f6rsiktigt kl\u00e4mmer p\u00e5 tuben. Reng\u00f6r applikatorn enligt anvisningarna efter varje anv\u00e4ndning.<\/p>\n<\/div><\/details>\n\n\n\n<details class=\"wp-block-karopharma-accordion\"><summary><h2 class=\"accordion-title\">Effekt<\/h2><\/summary><div class=\"accordion-content\">\n<p>De tv\u00e5 aktiva substanserna i Scheriproct-salvan \u00e4r prednisolon, som \u00e4r en antiinflammatorisk kortikosteroid, och cinkokain, som \u00e4r en lokalbed\u00f6vning som lindrar sm\u00e4rta. Scheriproct<sup>\u00ae<\/sup>-salva \u00e4r en kortvarig behandling som ger lindring fr\u00e5n den f\u00f6rsta applikationen, men du b\u00f6r forts\u00e4tta behandlingen i minst en vecka f\u00f6r att undvika \u00e5terfall. Om du inte m\u00e4rker n\u00e5gon f\u00f6rb\u00e4ttring efter 2-3 veckor, eller om dina symtom f\u00f6rv\u00e4rras, b\u00f6r du kontakta en l\u00e4kare eller annan v\u00e5rdpersonal<sup>.<\/sup><\/p>\n\n\n\n<p>Referenser<\/p>\n\n\n\n<p><sup>1<\/sup> Scheriproct\u00ae bipacksedel<\/p>\n<\/div><\/details>\n<\/div><\/div>\n\n\n\n<p><\/p>\n","protected":false},"excerpt":{"rendered":"<p>Minskar sm\u00e4rta, inflammation och kl\u00e5da i analomr\u00e5det vid hemorrojder.<\/p>\n","protected":false},"featured_media":80,"comment_status":"closed","ping_status":"closed","template":"","meta":{"_acf_changed":false,"footnotes":""},"product_brand":[],"product_cat":[],"product_tag":[],"class_list":{"0":"post-69","1":"product","2":"type-product","3":"status-publish","4":"has-post-thumbnail","7":"first","8":"instock","9":"shipping-taxable","10":"product-type-simple"},"acf":[],"yoast_head":"<!-- This site is optimized with the Yoast SEO plugin v26.6 - https:\/\/yoast.com\/wordpress\/plugins\/seo\/ -->\n<title>Scheriproct\u00ae Salva - Scheriproct<\/title>\n<meta name=\"description\" content=\"De ot\u00e4cka symtomen som orsakas av hemorrojder och anals\u00e5r kan verka nedsl\u00e5ende, men med Scheriproct-salva \u00e4r snabb lindring n\u00e4rmare \u00e4n man kan tro.\" \/>\n<meta name=\"robots\" content=\"index, follow, max-snippet:-1, max-image-preview:large, max-video-preview:-1\" \/>\n<link rel=\"canonical\" href=\"https:\/\/scheriproct.com\/se\/product\/scheriproct-salva\/\" \/>\n<meta property=\"og:locale\" content=\"sv_SE\" \/>\n<meta property=\"og:type\" content=\"article\" \/>\n<meta property=\"og:title\" content=\"Scheriproct\u00ae Salva - Scheriproct\" \/>\n<meta property=\"og:description\" content=\"De ot\u00e4cka symtomen som orsakas av hemorrojder och anals\u00e5r kan verka nedsl\u00e5ende, men med Scheriproct-salva \u00e4r snabb lindring n\u00e4rmare \u00e4n man kan tro.\" \/>\n<meta property=\"og:url\" content=\"https:\/\/scheriproct.com\/se\/product\/scheriproct-salva\/\" \/>\n<meta property=\"og:site_name\" content=\"Scheriproct\" \/>\n<meta property=\"article:modified_time\" content=\"2024-12-06T11:12:46+00:00\" \/>\n<meta property=\"og:image\" content=\"https:\/\/scheriproct.com\/app\/uploads\/sites\/4\/2022\/06\/Scheriproct-Supplement-1.png\" \/>\n\t<meta property=\"og:image:width\" content=\"1000\" \/>\n\t<meta property=\"og:image:height\" content=\"1000\" \/>\n\t<meta property=\"og:image:type\" content=\"image\/png\" \/>\n<meta name=\"twitter:card\" content=\"summary_large_image\" \/>\n<meta name=\"twitter:label1\" content=\"Ber\u00e4knad l\u00e4stid\" \/>\n\t<meta name=\"twitter:data1\" content=\"2 minuter\" \/>\n<script type=\"application\/ld+json\" class=\"yoast-schema-graph\">{\"@context\":\"https:\/\/schema.org\",\"@graph\":[{\"@type\":\"WebPage\",\"@id\":\"https:\/\/scheriproct.com\/se\/product\/scheriproct-salva\/\",\"url\":\"https:\/\/scheriproct.com\/se\/product\/scheriproct-salva\/\",\"name\":\"Scheriproct\u00ae Salva - Scheriproct\",\"isPartOf\":{\"@id\":\"https:\/\/scheriproct.com\/se\/#website\"},\"primaryImageOfPage\":{\"@id\":\"https:\/\/scheriproct.com\/se\/product\/scheriproct-salva\/#primaryimage\"},\"image\":{\"@id\":\"https:\/\/scheriproct.com\/se\/product\/scheriproct-salva\/#primaryimage\"},\"thumbnailUrl\":\"https:\/\/scheriproct.com\/app\/uploads\/sites\/4\/2022\/06\/Scheriproct-Supplement-1.png\",\"datePublished\":\"2022-06-08T08:55:53+00:00\",\"dateModified\":\"2024-12-06T11:12:46+00:00\",\"description\":\"De ot\u00e4cka symtomen som orsakas av hemorrojder och anals\u00e5r kan verka nedsl\u00e5ende, men med Scheriproct-salva \u00e4r snabb lindring n\u00e4rmare \u00e4n man kan tro.\",\"breadcrumb\":{\"@id\":\"https:\/\/scheriproct.com\/se\/product\/scheriproct-salva\/#breadcrumb\"},\"inLanguage\":\"sv-SE\",\"potentialAction\":[{\"@type\":\"ReadAction\",\"target\":[\"https:\/\/scheriproct.com\/se\/product\/scheriproct-salva\/\"]}]},{\"@type\":\"ImageObject\",\"inLanguage\":\"sv-SE\",\"@id\":\"https:\/\/scheriproct.com\/se\/product\/scheriproct-salva\/#primaryimage\",\"url\":\"https:\/\/scheriproct.com\/app\/uploads\/sites\/4\/2022\/06\/Scheriproct-Supplement-1.png\",\"contentUrl\":\"https:\/\/scheriproct.com\/app\/uploads\/sites\/4\/2022\/06\/Scheriproct-Supplement-1.png\",\"width\":1000,\"height\":1000,\"caption\":\"Scheriproct Neo\"},{\"@type\":\"BreadcrumbList\",\"@id\":\"https:\/\/scheriproct.com\/se\/product\/scheriproct-salva\/#breadcrumb\",\"itemListElement\":[{\"@type\":\"ListItem\",\"position\":1,\"name\":\"Home\",\"item\":\"https:\/\/scheriproct.com\/se\/\"},{\"@type\":\"ListItem\",\"position\":2,\"name\":\"Produkter\",\"item\":\"https:\/\/scheriproct.com\/se\/produkter\/\"},{\"@type\":\"ListItem\",\"position\":3,\"name\":\"Scheriproct\u00ae Salva\"}]},{\"@type\":\"WebSite\",\"@id\":\"https:\/\/scheriproct.com\/se\/#website\",\"url\":\"https:\/\/scheriproct.com\/se\/\",\"name\":\"Scheriproct\",\"description\":\"\",\"publisher\":{\"@id\":\"https:\/\/scheriproct.com\/se\/#organization\"},\"potentialAction\":[{\"@type\":\"SearchAction\",\"target\":{\"@type\":\"EntryPoint\",\"urlTemplate\":\"https:\/\/scheriproct.com\/se\/?s={search_term_string}\"},\"query-input\":{\"@type\":\"PropertyValueSpecification\",\"valueRequired\":true,\"valueName\":\"search_term_string\"}}],\"inLanguage\":\"sv-SE\"},{\"@type\":\"Organization\",\"@id\":\"https:\/\/scheriproct.com\/se\/#organization\",\"name\":\"Scheriproct\",\"url\":\"https:\/\/scheriproct.com\/se\/\",\"logo\":{\"@type\":\"ImageObject\",\"inLanguage\":\"sv-SE\",\"@id\":\"https:\/\/scheriproct.com\/se\/#\/schema\/logo\/image\/\",\"url\":\"https:\/\/scheriproct.com\/app\/uploads\/sites\/4\/2022\/06\/scheriproct-logo.png\",\"contentUrl\":\"https:\/\/scheriproct.com\/app\/uploads\/sites\/4\/2022\/06\/scheriproct-logo.png\",\"width\":143,\"height\":20,\"caption\":\"Scheriproct\"},\"image\":{\"@id\":\"https:\/\/scheriproct.com\/se\/#\/schema\/logo\/image\/\"}}]}<\/script>\n<!-- \/ Yoast SEO plugin. -->","yoast_head_json":{"title":"Scheriproct\u00ae Salva - Scheriproct","description":"De ot\u00e4cka symtomen som orsakas av hemorrojder och anals\u00e5r kan verka nedsl\u00e5ende, men med Scheriproct-salva \u00e4r snabb lindring n\u00e4rmare \u00e4n man kan tro.","robots":{"index":"index","follow":"follow","max-snippet":"max-snippet:-1","max-image-preview":"max-image-preview:large","max-video-preview":"max-video-preview:-1"},"canonical":"https:\/\/scheriproct.com\/se\/product\/scheriproct-salva\/","og_locale":"sv_SE","og_type":"article","og_title":"Scheriproct\u00ae Salva - Scheriproct","og_description":"De ot\u00e4cka symtomen som orsakas av hemorrojder och anals\u00e5r kan verka nedsl\u00e5ende, men med Scheriproct-salva \u00e4r snabb lindring n\u00e4rmare \u00e4n man kan tro.","og_url":"https:\/\/scheriproct.com\/se\/product\/scheriproct-salva\/","og_site_name":"Scheriproct","article_modified_time":"2024-12-06T11:12:46+00:00","og_image":[{"width":1000,"height":1000,"url":"https:\/\/scheriproct.com\/app\/uploads\/sites\/4\/2022\/06\/Scheriproct-Supplement-1.png","type":"image\/png"}],"twitter_card":"summary_large_image","twitter_misc":{"Ber\u00e4knad l\u00e4stid":"2 minuter"},"schema":{"@context":"https:\/\/schema.org","@graph":[{"@type":"WebPage","@id":"https:\/\/scheriproct.com\/se\/product\/scheriproct-salva\/","url":"https:\/\/scheriproct.com\/se\/product\/scheriproct-salva\/","name":"Scheriproct\u00ae Salva - Scheriproct","isPartOf":{"@id":"https:\/\/scheriproct.com\/se\/#website"},"primaryImageOfPage":{"@id":"https:\/\/scheriproct.com\/se\/product\/scheriproct-salva\/#primaryimage"},"image":{"@id":"https:\/\/scheriproct.com\/se\/product\/scheriproct-salva\/#primaryimage"},"thumbnailUrl":"https:\/\/scheriproct.com\/app\/uploads\/sites\/4\/2022\/06\/Scheriproct-Supplement-1.png","datePublished":"2022-06-08T08:55:53+00:00","dateModified":"2024-12-06T11:12:46+00:00","description":"De ot\u00e4cka symtomen som orsakas av hemorrojder och anals\u00e5r kan verka nedsl\u00e5ende, men med Scheriproct-salva \u00e4r snabb lindring n\u00e4rmare \u00e4n man kan tro.","breadcrumb":{"@id":"https:\/\/scheriproct.com\/se\/product\/scheriproct-salva\/#breadcrumb"},"inLanguage":"sv-SE","potentialAction":[{"@type":"ReadAction","target":["https:\/\/scheriproct.com\/se\/product\/scheriproct-salva\/"]}]},{"@type":"ImageObject","inLanguage":"sv-SE","@id":"https:\/\/scheriproct.com\/se\/product\/scheriproct-salva\/#primaryimage","url":"https:\/\/scheriproct.com\/app\/uploads\/sites\/4\/2022\/06\/Scheriproct-Supplement-1.png","contentUrl":"https:\/\/scheriproct.com\/app\/uploads\/sites\/4\/2022\/06\/Scheriproct-Supplement-1.png","width":1000,"height":1000,"caption":"Scheriproct Neo"},{"@type":"BreadcrumbList","@id":"https:\/\/scheriproct.com\/se\/product\/scheriproct-salva\/#breadcrumb","itemListElement":[{"@type":"ListItem","position":1,"name":"Home","item":"https:\/\/scheriproct.com\/se\/"},{"@type":"ListItem","position":2,"name":"Produkter","item":"https:\/\/scheriproct.com\/se\/produkter\/"},{"@type":"ListItem","position":3,"name":"Scheriproct\u00ae Salva"}]},{"@type":"WebSite","@id":"https:\/\/scheriproct.com\/se\/#website","url":"https:\/\/scheriproct.com\/se\/","name":"Scheriproct","description":"","publisher":{"@id":"https:\/\/scheriproct.com\/se\/#organization"},"potentialAction":[{"@type":"SearchAction","target":{"@type":"EntryPoint","urlTemplate":"https:\/\/scheriproct.com\/se\/?s={search_term_string}"},"query-input":{"@type":"PropertyValueSpecification","valueRequired":true,"valueName":"search_term_string"}}],"inLanguage":"sv-SE"},{"@type":"Organization","@id":"https:\/\/scheriproct.com\/se\/#organization","name":"Scheriproct","url":"https:\/\/scheriproct.com\/se\/","logo":{"@type":"ImageObject","inLanguage":"sv-SE","@id":"https:\/\/scheriproct.com\/se\/#\/schema\/logo\/image\/","url":"https:\/\/scheriproct.com\/app\/uploads\/sites\/4\/2022\/06\/scheriproct-logo.png","contentUrl":"https:\/\/scheriproct.com\/app\/uploads\/sites\/4\/2022\/06\/scheriproct-logo.png","width":143,"height":20,"caption":"Scheriproct"},"image":{"@id":"https:\/\/scheriproct.com\/se\/#\/schema\/logo\/image\/"}}]}},"_links":{"self":[{"href":"https:\/\/scheriproct.com\/se\/wp-json\/wp\/v2\/product\/69","targetHints":{"allow":["GET"]}}],"collection":[{"href":"https:\/\/scheriproct.com\/se\/wp-json\/wp\/v2\/product"}],"about":[{"href":"https:\/\/scheriproct.com\/se\/wp-json\/wp\/v2\/types\/product"}],"replies":[{"embeddable":true,"href":"https:\/\/scheriproct.com\/se\/wp-json\/wp\/v2\/comments?post=69"}],"version-history":[{"count":4,"href":"https:\/\/scheriproct.com\/se\/wp-json\/wp\/v2\/product\/69\/revisions"}],"predecessor-version":[{"id":132,"href":"https:\/\/scheriproct.com\/se\/wp-json\/wp\/v2\/product\/69\/revisions\/132"}],"wp:featuredmedia":[{"embeddable":true,"href":"https:\/\/scheriproct.com\/se\/wp-json\/wp\/v2\/media\/80"}],"wp:attachment":[{"href":"https:\/\/scheriproct.com\/se\/wp-json\/wp\/v2\/media?parent=69"}],"wp:term":[{"taxonomy":"product_brand","embeddable":true,"href":"https:\/\/scheriproct.com\/se\/wp-json\/wp\/v2\/product_brand?post=69"},{"taxonomy":"product_cat","embeddable":true,"href":"https:\/\/scheriproct.com\/se\/wp-json\/wp\/v2\/product_cat?post=69"},{"taxonomy":"product_tag","embeddable":true,"href":"https:\/\/scheriproct.com\/se\/wp-json\/wp\/v2\/product_tag?post=69"}],"curies":[{"name":"wp","href":"https:\/\/api.w.org\/{rel}","templated":true}]}}