{"id":39,"date":"2022-06-08T10:23:26","date_gmt":"2022-06-08T08:23:26","guid":{"rendered":"https:\/\/scheriproct.com\/se\/?page_id=39"},"modified":"2024-12-06T12:12:48","modified_gmt":"2024-12-06T11:12:48","slug":"vanliga-fragor-svar","status":"publish","type":"page","link":"https:\/\/scheriproct.com\/se\/vanliga-fragor-svar\/","title":{"rendered":"Vanliga fr\u00e5gor &#038; svar"},"content":{"rendered":"\n<div class=\"wp-block-karopharma-free-text pt-large pb-large bg-center bg-cover bg-no-repeat bg-box undefined\" style=\"background-image:url(https:\/\/scheriproct.com\/cdn-cgi\/image\/format=auto\/app\/uploads\/sites\/4\/2022\/06\/background-1.png)\"><div class=\"free-text-wrapper container max-w-medium text-center\">\n<h1 class=\"is-style-heading-huge wp-block-heading\" id=\"usein-kysyttya\">Vanliga fr\u00e5gor &amp; svar<\/h1>\n<\/div><\/div>\n\n\n\n<div class=\"wp-block-karopharma-accordions is-style-transparent\"><div class=\"container\">\n<details class=\"wp-block-karopharma-accordion\"><summary><h2 class=\"accordion-title\">Vad \u00e4r Scheriproct och vad anv\u00e4nds det till?<\/h2><\/summary><div class=\"accordion-content\">\n<figure class=\"wp-block-image size-large is-resized\"><img loading=\"lazy\" decoding=\"async\" src=\"https:\/\/scheriproct.com\/app\/uploads\/sites\/4\/2022\/06\/analitch-1400x933-1-1024x682.jpeg\" alt=\"analfissurer\" class=\"wp-image-4\" width=\"512\" height=\"341\" srcset=\"https:\/\/scheriproct.com\/app\/uploads\/sites\/4\/2022\/06\/analitch-1400x933-1-1024x682.jpeg 1024w, https:\/\/scheriproct.com\/app\/uploads\/sites\/4\/2022\/06\/analitch-1400x933-1-320x213.jpeg 320w, https:\/\/scheriproct.com\/app\/uploads\/sites\/4\/2022\/06\/analitch-1400x933-1-768x512.jpeg 768w, https:\/\/scheriproct.com\/app\/uploads\/sites\/4\/2022\/06\/analitch-1400x933-1.jpeg 1400w\" sizes=\"auto, (max-width: 512px) 100vw, 512px\" \/><\/figure>\n\n\n\n<p>Scheriproct \u00e4r ett receptfritt l\u00e4kemedel som appliceras lokalt och anv\u00e4nds f\u00f6r att lindra hemorrojder, tillh\u00f6rande kl\u00e5da och irritation samt analfissurer.<\/p>\n<\/div><\/details>\n\n\n\n<details class=\"wp-block-karopharma-accordion\"><summary><h2 class=\"accordion-title\">Vad inneh\u00e5ller Scheriproct?<\/h2><\/summary><div class=\"accordion-content\">\n<p>Scheriproct inneh\u00e5ller prednisolon som minskar inflammation och cinkokain som lokalbed\u00f6var och lindrar sm\u00e4rta. \u00d6vriga inneh\u00e5lls\u00e4mnen i Scheriproct-salva \u00e4r makrogol-400-monorikinoleat, ricinolja, 2 oktyldodekanol, parfym, Chypreolja.<\/p>\n<\/div><\/details>\n\n\n\n<details class=\"wp-block-karopharma-accordion\"><summary><h2 class=\"accordion-title\">Hur ska Scheriproct f\u00f6rvaras?<\/h2><\/summary><div class=\"accordion-content\">\n<p>F\u00f6rvara Scheriproct salva i h\u00f6gst 25C\u00b0.<br>F\u00f6rvara Scheriproct-suppositorier i kylsk\u00e5p (2\u00b0C \u2013 8\u00b0C).<\/p>\n<\/div><\/details>\n\n\n\n<details class=\"wp-block-karopharma-accordion\"><summary><h2 class=\"accordion-title\">Hur ser Scheriproct salvan ut?<\/h2><\/summary><div class=\"accordion-content\">\n<p>Scheriproct salva \u00e4r en f\u00e4rgl\u00f6s till n\u00e5got gulaktig salva som kommer i en 30 mg tub med en separat applikator.<\/p>\n<\/div><\/details>\n\n\n\n<details class=\"wp-block-karopharma-accordion\"><summary><h2 class=\"accordion-title\">Kan Scheriproct salva och Scheriproct suppositorier anv\u00e4ndas samtidigt?<\/h2><\/summary><div class=\"accordion-content\">\n<p>Scheriproct salva och Scheriproct suppositorier kan anv\u00e4ndas i kombination f\u00f6r att ge lindring internt och externt. Applicera salvan p\u00e5 det yttre omr\u00e5det och suppositoriet inuti anus.<\/p>\n<\/div><\/details>\n<\/div><\/div>\n","protected":false},"excerpt":{"rendered":"","protected":false},"author":2,"featured_media":0,"parent":0,"menu_order":0,"comment_status":"closed","ping_status":"closed","template":"","meta":{"_acf_changed":false,"footnotes":""},"from-article-database":[],"class_list":["post-39","page","type-page","status-publish","hentry"],"acf":[],"yoast_head":"<!-- This site is optimized with the Yoast SEO plugin v26.6 - https:\/\/yoast.com\/wordpress\/plugins\/seo\/ -->\n<title>Vanliga fr\u00e5gor &amp; svar - Scheriproct<\/title>\n<meta name=\"description\" content=\"Vanliga fr\u00e5gor &amp; svar: Vad \u00e4r Scheriproct och vad anv\u00e4nds det till? Vad inneh\u00e5ller Scheriproct? Hur ska Scheriproct f\u00f6rvaras?\" \/>\n<meta name=\"robots\" content=\"index, follow, max-snippet:-1, max-image-preview:large, max-video-preview:-1\" \/>\n<link rel=\"canonical\" href=\"https:\/\/scheriproct.com\/se\/vanliga-fragor-svar\/\" \/>\n<meta property=\"og:locale\" content=\"sv_SE\" \/>\n<meta property=\"og:type\" content=\"article\" \/>\n<meta property=\"og:title\" content=\"Vanliga fr\u00e5gor &amp; svar - Scheriproct\" \/>\n<meta property=\"og:description\" content=\"Vanliga fr\u00e5gor &amp; svar: Vad \u00e4r Scheriproct och vad anv\u00e4nds det till? Vad inneh\u00e5ller Scheriproct? Hur ska Scheriproct f\u00f6rvaras?\" \/>\n<meta property=\"og:url\" content=\"https:\/\/scheriproct.com\/se\/vanliga-fragor-svar\/\" \/>\n<meta property=\"og:site_name\" content=\"Scheriproct\" \/>\n<meta property=\"article:modified_time\" content=\"2024-12-06T11:12:48+00:00\" \/>\n<meta property=\"og:image\" content=\"https:\/\/scheriproct.com\/app\/uploads\/sites\/4\/2022\/06\/analitch-1400x933-1.jpeg\" \/>\n\t<meta property=\"og:image:width\" content=\"1400\" \/>\n\t<meta property=\"og:image:height\" content=\"933\" \/>\n\t<meta property=\"og:image:type\" content=\"image\/jpeg\" \/>\n<meta name=\"twitter:card\" content=\"summary_large_image\" \/>\n<meta name=\"twitter:label1\" content=\"Ber\u00e4knad l\u00e4stid\" \/>\n\t<meta name=\"twitter:data1\" content=\"1 minut\" \/>\n<script type=\"application\/ld+json\" class=\"yoast-schema-graph\">{\"@context\":\"https:\/\/schema.org\",\"@graph\":[{\"@type\":\"WebPage\",\"@id\":\"https:\/\/scheriproct.com\/se\/vanliga-fragor-svar\/\",\"url\":\"https:\/\/scheriproct.com\/se\/vanliga-fragor-svar\/\",\"name\":\"Vanliga fr\u00e5gor & svar - Scheriproct\",\"isPartOf\":{\"@id\":\"https:\/\/scheriproct.com\/se\/#website\"},\"primaryImageOfPage\":{\"@id\":\"https:\/\/scheriproct.com\/se\/vanliga-fragor-svar\/#primaryimage\"},\"image\":{\"@id\":\"https:\/\/scheriproct.com\/se\/vanliga-fragor-svar\/#primaryimage\"},\"thumbnailUrl\":\"https:\/\/scheriproct.com\/app\/uploads\/sites\/4\/2022\/06\/analitch-1400x933-1-1024x682.jpeg\",\"datePublished\":\"2022-06-08T08:23:26+00:00\",\"dateModified\":\"2024-12-06T11:12:48+00:00\",\"description\":\"Vanliga fr\u00e5gor & svar: Vad \u00e4r Scheriproct och vad anv\u00e4nds det till? Vad inneh\u00e5ller Scheriproct? Hur ska Scheriproct f\u00f6rvaras?\",\"breadcrumb\":{\"@id\":\"https:\/\/scheriproct.com\/se\/vanliga-fragor-svar\/#breadcrumb\"},\"inLanguage\":\"sv-SE\",\"potentialAction\":[{\"@type\":\"ReadAction\",\"target\":[\"https:\/\/scheriproct.com\/se\/vanliga-fragor-svar\/\"]}]},{\"@type\":\"ImageObject\",\"inLanguage\":\"sv-SE\",\"@id\":\"https:\/\/scheriproct.com\/se\/vanliga-fragor-svar\/#primaryimage\",\"url\":\"https:\/\/scheriproct.com\/app\/uploads\/sites\/4\/2022\/06\/analitch-1400x933-1-1024x682.jpeg\",\"contentUrl\":\"https:\/\/scheriproct.com\/app\/uploads\/sites\/4\/2022\/06\/analitch-1400x933-1-1024x682.jpeg\"},{\"@type\":\"BreadcrumbList\",\"@id\":\"https:\/\/scheriproct.com\/se\/vanliga-fragor-svar\/#breadcrumb\",\"itemListElement\":[{\"@type\":\"ListItem\",\"position\":1,\"name\":\"Home\",\"item\":\"https:\/\/scheriproct.com\/se\/\"},{\"@type\":\"ListItem\",\"position\":2,\"name\":\"Vanliga fr\u00e5gor &#038; svar\"}]},{\"@type\":\"WebSite\",\"@id\":\"https:\/\/scheriproct.com\/se\/#website\",\"url\":\"https:\/\/scheriproct.com\/se\/\",\"name\":\"Scheriproct\",\"description\":\"\",\"publisher\":{\"@id\":\"https:\/\/scheriproct.com\/se\/#organization\"},\"potentialAction\":[{\"@type\":\"SearchAction\",\"target\":{\"@type\":\"EntryPoint\",\"urlTemplate\":\"https:\/\/scheriproct.com\/se\/?s={search_term_string}\"},\"query-input\":{\"@type\":\"PropertyValueSpecification\",\"valueRequired\":true,\"valueName\":\"search_term_string\"}}],\"inLanguage\":\"sv-SE\"},{\"@type\":\"Organization\",\"@id\":\"https:\/\/scheriproct.com\/se\/#organization\",\"name\":\"Scheriproct\",\"url\":\"https:\/\/scheriproct.com\/se\/\",\"logo\":{\"@type\":\"ImageObject\",\"inLanguage\":\"sv-SE\",\"@id\":\"https:\/\/scheriproct.com\/se\/#\/schema\/logo\/image\/\",\"url\":\"https:\/\/scheriproct.com\/app\/uploads\/sites\/4\/2022\/06\/scheriproct-logo.png\",\"contentUrl\":\"https:\/\/scheriproct.com\/app\/uploads\/sites\/4\/2022\/06\/scheriproct-logo.png\",\"width\":143,\"height\":20,\"caption\":\"Scheriproct\"},\"image\":{\"@id\":\"https:\/\/scheriproct.com\/se\/#\/schema\/logo\/image\/\"}}]}<\/script>\n<!-- \/ Yoast SEO plugin. -->","yoast_head_json":{"title":"Vanliga fr\u00e5gor & svar - Scheriproct","description":"Vanliga fr\u00e5gor & svar: Vad \u00e4r Scheriproct och vad anv\u00e4nds det till? Vad inneh\u00e5ller Scheriproct? Hur ska Scheriproct f\u00f6rvaras?","robots":{"index":"index","follow":"follow","max-snippet":"max-snippet:-1","max-image-preview":"max-image-preview:large","max-video-preview":"max-video-preview:-1"},"canonical":"https:\/\/scheriproct.com\/se\/vanliga-fragor-svar\/","og_locale":"sv_SE","og_type":"article","og_title":"Vanliga fr\u00e5gor & svar - Scheriproct","og_description":"Vanliga fr\u00e5gor & svar: Vad \u00e4r Scheriproct och vad anv\u00e4nds det till? Vad inneh\u00e5ller Scheriproct? Hur ska Scheriproct f\u00f6rvaras?","og_url":"https:\/\/scheriproct.com\/se\/vanliga-fragor-svar\/","og_site_name":"Scheriproct","article_modified_time":"2024-12-06T11:12:48+00:00","og_image":[{"width":1400,"height":933,"url":"https:\/\/scheriproct.com\/app\/uploads\/sites\/4\/2022\/06\/analitch-1400x933-1.jpeg","type":"image\/jpeg"}],"twitter_card":"summary_large_image","twitter_misc":{"Ber\u00e4knad l\u00e4stid":"1 minut"},"schema":{"@context":"https:\/\/schema.org","@graph":[{"@type":"WebPage","@id":"https:\/\/scheriproct.com\/se\/vanliga-fragor-svar\/","url":"https:\/\/scheriproct.com\/se\/vanliga-fragor-svar\/","name":"Vanliga fr\u00e5gor & svar - Scheriproct","isPartOf":{"@id":"https:\/\/scheriproct.com\/se\/#website"},"primaryImageOfPage":{"@id":"https:\/\/scheriproct.com\/se\/vanliga-fragor-svar\/#primaryimage"},"image":{"@id":"https:\/\/scheriproct.com\/se\/vanliga-fragor-svar\/#primaryimage"},"thumbnailUrl":"https:\/\/scheriproct.com\/app\/uploads\/sites\/4\/2022\/06\/analitch-1400x933-1-1024x682.jpeg","datePublished":"2022-06-08T08:23:26+00:00","dateModified":"2024-12-06T11:12:48+00:00","description":"Vanliga fr\u00e5gor & svar: Vad \u00e4r Scheriproct och vad anv\u00e4nds det till? Vad inneh\u00e5ller Scheriproct? Hur ska Scheriproct f\u00f6rvaras?","breadcrumb":{"@id":"https:\/\/scheriproct.com\/se\/vanliga-fragor-svar\/#breadcrumb"},"inLanguage":"sv-SE","potentialAction":[{"@type":"ReadAction","target":["https:\/\/scheriproct.com\/se\/vanliga-fragor-svar\/"]}]},{"@type":"ImageObject","inLanguage":"sv-SE","@id":"https:\/\/scheriproct.com\/se\/vanliga-fragor-svar\/#primaryimage","url":"https:\/\/scheriproct.com\/app\/uploads\/sites\/4\/2022\/06\/analitch-1400x933-1-1024x682.jpeg","contentUrl":"https:\/\/scheriproct.com\/app\/uploads\/sites\/4\/2022\/06\/analitch-1400x933-1-1024x682.jpeg"},{"@type":"BreadcrumbList","@id":"https:\/\/scheriproct.com\/se\/vanliga-fragor-svar\/#breadcrumb","itemListElement":[{"@type":"ListItem","position":1,"name":"Home","item":"https:\/\/scheriproct.com\/se\/"},{"@type":"ListItem","position":2,"name":"Vanliga fr\u00e5gor &#038; svar"}]},{"@type":"WebSite","@id":"https:\/\/scheriproct.com\/se\/#website","url":"https:\/\/scheriproct.com\/se\/","name":"Scheriproct","description":"","publisher":{"@id":"https:\/\/scheriproct.com\/se\/#organization"},"potentialAction":[{"@type":"SearchAction","target":{"@type":"EntryPoint","urlTemplate":"https:\/\/scheriproct.com\/se\/?s={search_term_string}"},"query-input":{"@type":"PropertyValueSpecification","valueRequired":true,"valueName":"search_term_string"}}],"inLanguage":"sv-SE"},{"@type":"Organization","@id":"https:\/\/scheriproct.com\/se\/#organization","name":"Scheriproct","url":"https:\/\/scheriproct.com\/se\/","logo":{"@type":"ImageObject","inLanguage":"sv-SE","@id":"https:\/\/scheriproct.com\/se\/#\/schema\/logo\/image\/","url":"https:\/\/scheriproct.com\/app\/uploads\/sites\/4\/2022\/06\/scheriproct-logo.png","contentUrl":"https:\/\/scheriproct.com\/app\/uploads\/sites\/4\/2022\/06\/scheriproct-logo.png","width":143,"height":20,"caption":"Scheriproct"},"image":{"@id":"https:\/\/scheriproct.com\/se\/#\/schema\/logo\/image\/"}}]}},"_links":{"self":[{"href":"https:\/\/scheriproct.com\/se\/wp-json\/wp\/v2\/pages\/39","targetHints":{"allow":["GET"]}}],"collection":[{"href":"https:\/\/scheriproct.com\/se\/wp-json\/wp\/v2\/pages"}],"about":[{"href":"https:\/\/scheriproct.com\/se\/wp-json\/wp\/v2\/types\/page"}],"author":[{"embeddable":true,"href":"https:\/\/scheriproct.com\/se\/wp-json\/wp\/v2\/users\/2"}],"replies":[{"embeddable":true,"href":"https:\/\/scheriproct.com\/se\/wp-json\/wp\/v2\/comments?post=39"}],"version-history":[{"count":3,"href":"https:\/\/scheriproct.com\/se\/wp-json\/wp\/v2\/pages\/39\/revisions"}],"predecessor-version":[{"id":68,"href":"https:\/\/scheriproct.com\/se\/wp-json\/wp\/v2\/pages\/39\/revisions\/68"}],"wp:attachment":[{"href":"https:\/\/scheriproct.com\/se\/wp-json\/wp\/v2\/media?parent=39"}],"wp:term":[{"taxonomy":"from-article-database","embeddable":true,"href":"https:\/\/scheriproct.com\/se\/wp-json\/wp\/v2\/from-article-database?post=39"}],"curies":[{"name":"wp","href":"https:\/\/api.w.org\/{rel}","templated":true}]}}