{"id":37,"date":"2022-06-08T10:23:10","date_gmt":"2022-06-08T08:23:10","guid":{"rendered":"https:\/\/scheriproct.com\/se\/?page_id=37"},"modified":"2025-03-12T08:07:45","modified_gmt":"2025-03-12T07:07:45","slug":"om-scheriproct","status":"publish","type":"page","link":"https:\/\/scheriproct.com\/se\/om-scheriproct\/","title":{"rendered":"Om Scheriproct"},"content":{"rendered":"\n<div class=\"wp-block-karopharma-free-text pt-large pb-large bg-center bg-cover bg-no-repeat bg-box undefined is-style-transparent\" style=\"background-image:url(https:\/\/scheriproct.com\/cdn-cgi\/image\/format=auto\/app\/uploads\/sites\/4\/2022\/06\/background-1.png)\"><div class=\"free-text-wrapper container max-w-medium text-center\">\n<h1 class=\"is-style-heading-huge wp-block-heading\" id=\"tietoa-scheriproct-valmisteesta\">Om Scheriproct\u00ae<\/h1>\n<\/div><\/div>\n\n\n\n<div class=\"wp-block-karopharma-free-text pt-large pb-large bg-center bg-cover bg-no-repeat  undefined is-style-secondary\" style=\"background-image:url()\"><div class=\"free-text-wrapper container max-w-medium text-center\">\n<p class=\"is-style-paragraph-body-text\" id=\"scheriproct-on-ilman-reseptia-saatava-laakevalmiste-joka-tutkitusti-lievittaa-perapukamien-ja-peraaukon-haavaumien-aiheuttamaa-kipua-seka-vahentaa-kutinaa-tulehdusta-estavan-vaikutuksensa-ansiosta-sita-on-saatavana-voiteena-ja-perapuikkoina-joita-voi-ostaa-ilman-reseptia-useimmista-apteekeista-samoin-kuin-verkosta\">Scheriproct\u00ae \u00e4r ett receptfritt l\u00e4kemedel som anv\u00e4nds f\u00f6r behandling av hemorrojder, tillh\u00f6rande kl\u00e5da och irritation samt sprickbildningar (ytliga analfissurer) vid \u00e4ndtarmen. Scheriproct som inneh\u00e5ller tv\u00e5 verksamma \u00e4mnen, prednisolon (antiinflammatorisk, antiallergisk och kl\u00e5dstillande effekt) och cinkokain (sm\u00e4rtlindrande, lokalbed\u00f6vande effekt). Scheriproct finns som salva och suppositorier och kan k\u00f6pas receptfritt p\u00e5 ditt n\u00e4rmsta apotek s\u00e5v\u00e4l som online.<\/p>\n<\/div><\/div>\n\n\n\n<div class=\"wp-block-karopharma-free-text pt-large pb-large bg-center bg-cover bg-no-repeat  undefined\" style=\"background-image:url()\"><div class=\"free-text-wrapper container max-w-medium text-left\">\n<figure class=\"wp-block-image size-full is-resized\"><img loading=\"lazy\" decoding=\"async\" src=\"https:\/\/scheriproct.com\/app\/uploads\/sites\/4\/2022\/06\/victory.png\" alt=\"victory\" class=\"wp-image-14\" width=\"65\" height=\"121\" srcset=\"https:\/\/scheriproct.com\/app\/uploads\/sites\/4\/2022\/06\/victory.png 260w, https:\/\/scheriproct.com\/app\/uploads\/sites\/4\/2022\/06\/victory-172x320.png 172w\" sizes=\"auto, (max-width: 65px) 100vw, 65px\" \/><\/figure>\n\n\n\n<h2 class=\"is-style-heading-h2 wp-block-heading\" id=\"historia\">Bakgrund<\/h2>\n\n\n\n<p class=\"is-style-paragraph-body-text\" id=\"scheriproct-on-ilman-reseptia-saatava-laakevalmiste-joka-tutkitusti-lievittaa-perapukamien-ja-peraaukon-haavaumien-aiheuttamaa-kipua-seka-vahentaa-kutinaa-tulehdusta-estavan-vaikutuksensa-ansiosta-sita-on-saatavana-voiteena-ja-perapuikkoina-joita-voi-ostaa-ilman-reseptia-useimmista-apteekeista-samoin-kuin-verkosta\">Scheriproct har hj\u00e4lpt m\u00e4nniskor att bli av med f\u00f6rsv\u00e5rade hemorrojdersymtom i \u00f6ver 50 \u00e5r och v\u00e5r dubbelverkande formel har klarat tidens test. Scheriproct har en kliniskt bevisad effekt mot hemorrojder och sprickbildningar (ytliga analfissurer).<\/p>\n\n\n\n<h2 class=\"is-style-heading-h2 wp-block-heading\" id=\"historia\">Vision<\/h2>\n\n\n\n<p class=\"is-style-paragraph-body-text\" id=\"scheriproct-on-ilman-reseptia-saatava-laakevalmiste-joka-tutkitusti-lievittaa-perapukamien-ja-peraaukon-haavaumien-aiheuttamaa-kipua-seka-vahentaa-kutinaa-tulehdusta-estavan-vaikutuksensa-ansiosta-sita-on-saatavana-voiteena-ja-perapuikkoina-joita-voi-ostaa-ilman-reseptia-useimmista-apteekeista-samoin-kuin-verkosta\">Hemorrojder \u00e4r ett tillst\u00e5nd som, f\u00f6rutom att orsaka besv\u00e4rande symtom, ofta omges av tabu, skam och f\u00f6rl\u00f6jligande. V\u00e5r vision \u00e4r att avsluta det fysiska och k\u00e4nslom\u00e4ssiga lidandet i samband med hemorrojder och f\u00f6rb\u00e4ttra m\u00e4nniskors livskvalitet genom att erbjuda behandling av hemorrojder. Vi g\u00f6r det genom att inspirera m\u00e4nniskor att vidta \u00e5tg\u00e4rder mot sina hemorrojder innan problemet blir st\u00f6rre. Eftersom hemorrojder verkligen borde vara ett av livets sm\u00e5 problem. <\/p>\n\n\n\n<p class=\"is-style-paragraph-body-text\" id=\"scheriproct-on-ilman-reseptia-saatava-laakevalmiste-joka-tutkitusti-lievittaa-perapukamien-ja-peraaukon-haavaumien-aiheuttamaa-kipua-seka-vahentaa-kutinaa-tulehdusta-estavan-vaikutuksensa-ansiosta-sita-on-saatavana-voiteena-ja-perapuikkoina-joita-voi-ostaa-ilman-reseptia-useimmista-apteekeista-samoin-kuin-verkosta\">Scheriproct\u00ae rektalsalva, Scheriproct\u00ae suppositorier. Receptfritt l\u00e4kemedel. Inneh\u00e5ller prednisolon och cinkokain. F\u00f6r behandling av hemorrojder, tillh\u00f6rande kl\u00e5da och irritation samt ytliga sprickbildningar vid \u00e4ndtarmen. Kontakta l\u00e4kare innan l\u00e4kemedlet anv\u00e4nds f\u00f6r unders\u00f6kning och s\u00e4kerst\u00e4llande av r\u00e4tt diagnos. Kontakta l\u00e4kare om det inte skett n\u00e5gon f\u00f6rb\u00e4ttring efter 2\u20133 veckors behandling med Scheriproct. Behandlingen ska dock inte \u00f6verskrida 4 veckor. Scheriproct rekommenderas inte f\u00f6r barn under 18 \u00e5r. Scheriproct ska inte anv\u00e4ndas under graviditet om inte din l\u00e4kare noga \u00f6verv\u00e4gt detta. L\u00e4s bipacksedeln noga f\u00f6re anv\u00e4ndning. Tillverkare: Karo Pharma AB, info@karopharma.se. F\u00f6r fullst\u00e4ndig information se fass.se.<\/p>\n<\/div><\/div>\n\n\n<div class=\"product-list wp-block-karopharma-product-list\" data-testid=\"product-list\">\n      <div class=\"swiper-container\">\n      <div class=\"swiper\">\n        <div class=\"swiper-wrapper\">\n                      <div class=\"swiper-slide\">\n              <div class=\"product-card\" data-testid=\"product-card\">\n  <a\n    href=https:\/\/scheriproct.com\/se\/product\/scheriproct-suppositorier\/\n    class=\"product-card-link\"\n    title=\"Scheriproct\u00ae suppositorier\"\n  >\n  <figure class=\"product-card-image\" data-testid=\"product-image\">\n                          <img decoding=\"async\" src=\"https:\/\/scheriproct.com\/cdn-cgi\/image\/width=700,format=auto\/app\/uploads\/sites\/4\/2022\/06\/ScheriproctSuppositorier-1.png\"\n        srcset=\"https:\/\/scheriproct.com\/cdn-cgi\/image\/width=250,format=auto\/app\/uploads\/sites\/4\/2022\/06\/ScheriproctSuppositorier-1.png 250w,\n                https:\/\/scheriproct.com\/cdn-cgi\/image\/width=500,format=auto\/app\/uploads\/sites\/4\/2022\/06\/ScheriproctSuppositorier-1.png 500w,\n                https:\/\/scheriproct.com\/cdn-cgi\/image\/width=700,format=auto\/app\/uploads\/sites\/4\/2022\/06\/ScheriproctSuppositorier-1.png 700w\"\n        sizes=\"(max-width: 400px) 250px, (max-width: 800px) 500px, 700px\"\n        alt=\"Scheriproct\u00ae Neo Suppositorier\"\n        class=\"img\">\n            <\/figure>\n    <div class=\"product-card-content\">\n      <div class=\"heading-wrapper\">\n        <h2 class=\"heading\">Scheriproct\u00ae suppositorier<\/h2>\n      <\/div>\n      <div class=\"product-card-description\">Minskar sm\u00e4rta, inflammation och kl\u00e5da i analomr\u00e5det vid hemorrojder.<\/div>\n                      <\/div>\n  <\/a>\n          <div class=\"button-wrapper buy-now \" data-testid=\"buy-now\">\n      <div class=\"buy-now-container dropdown-container\">\n      <div class=\"theme-button button-primary-color dropdown-link\" aria-label=\"K\u00f6p nu\">\n          K\u00f6p nu <i class=\"dropdown\"><\/i>\n      <\/div>\n      <ul class=\"reseller-list submenu\">\n                    <li>\n              <a\n                href=\"https:\/\/www.apohem.se\/sheriproct\" onclick=\"dataLayer.push({'event':'ga_event', 'eventCategory':'Click on Reseller', 'eventAction':'Apohem', 'eventLabel':'Scheriproct\u00ae suppositorier', 'eventValue': undefined})\" rel=\"noopener\" target=\"_blank\" title=\"Apohem\"\n                data-testid=\"buy-now-reseller\">\n                <i class=\"fa-solid fa-arrow-right\"><\/i> Apohem\n              <\/a>\n          <\/li>\n                    <li>\n              <a\n                href=\"https:\/\/www.apotea.se\/scheriproct-suppositorium-13-mg1-mg-12-st\" onclick=\"dataLayer.push({'event':'ga_event', 'eventCategory':'Click on Reseller', 'eventAction':'Apotea', 'eventLabel':'Scheriproct\u00ae suppositorier', 'eventValue': undefined})\" rel=\"noopener\" target=\"_blank\" title=\"Apotea\"\n                data-testid=\"buy-now-reseller\">\n                <i class=\"fa-solid fa-arrow-right\"><\/i> Apotea\n              <\/a>\n          <\/li>\n                    <li>\n              <a\n                href=\"https:\/\/www.apoteket.se\/produkt\/scheriproct-suppositorium-13-mg-per-1-mg-12-suppositorium-suppositorier-kartong-257871\/\" onclick=\"dataLayer.push({'event':'ga_event', 'eventCategory':'Click on Reseller', 'eventAction':'Apoteket', 'eventLabel':'Scheriproct\u00ae suppositorier', 'eventValue': undefined})\" rel=\"noopener\" target=\"_blank\" title=\"Apoteket\"\n                data-testid=\"buy-now-reseller\">\n                <i class=\"fa-solid fa-arrow-right\"><\/i> Apoteket\n              <\/a>\n          <\/li>\n                    <li>\n              <a\n                href=\"https:\/\/www.apotekhjartat.se\/produkt\/scheriproct-suppositorium\/\" onclick=\"dataLayer.push({'event':'ga_event', 'eventCategory':'Click on Reseller', 'eventAction':'Apotek Hj\u00e4rtat', 'eventLabel':'Scheriproct\u00ae suppositorier', 'eventValue': undefined})\" rel=\"noopener\" target=\"_blank\" title=\"Apotek Hj\u00e4rtat\"\n                data-testid=\"buy-now-reseller\">\n                <i class=\"fa-solid fa-arrow-right\"><\/i> Apotek Hj\u00e4rtat\n              <\/a>\n          <\/li>\n                    <li>\n              <a\n                href=\"https:\/\/www.kronansapotek.se\/Scheriproct\/p\/190584\/\" onclick=\"dataLayer.push({'event':'ga_event', 'eventCategory':'Click on Reseller', 'eventAction':'Kronans Apotek', 'eventLabel':'Scheriproct\u00ae suppositorier', 'eventValue': undefined})\" rel=\"noopener\" target=\"_blank\" title=\"Kronans Apotek\"\n                data-testid=\"buy-now-reseller\">\n                <i class=\"fa-solid fa-arrow-right\"><\/i> Kronans Apotek\n              <\/a>\n          <\/li>\n                    <li>\n              <a\n                href=\"https:\/\/www.meds.se\/scheriproct\/scheriproct-suppositorium-1-3-mg-1-mg-12-st\" onclick=\"dataLayer.push({'event':'ga_event', 'eventCategory':'Click on Reseller', 'eventAction':'Meds', 'eventLabel':'Scheriproct\u00ae suppositorier', 'eventValue': undefined})\" rel=\"noopener\" target=\"_blank\" title=\"Meds\"\n                data-testid=\"buy-now-reseller\">\n                <i class=\"fa-solid fa-arrow-right\"><\/i> Meds\n              <\/a>\n          <\/li>\n                <\/ul>\n    <\/div>\n  <\/div>\n  <\/div>\n            <\/div>\n                      <div class=\"swiper-slide\">\n              <div class=\"product-card\" data-testid=\"product-card\">\n  <a\n    href=https:\/\/scheriproct.com\/se\/product\/scheriproct-salva\/\n    class=\"product-card-link\"\n    title=\"Scheriproct\u00ae Salva\"\n  >\n  <figure class=\"product-card-image\" data-testid=\"product-image\">\n                          <img decoding=\"async\" src=\"https:\/\/scheriproct.com\/cdn-cgi\/image\/width=700,format=auto\/app\/uploads\/sites\/4\/2022\/06\/Scheriproct-Supplement-1.png\"\n        srcset=\"https:\/\/scheriproct.com\/cdn-cgi\/image\/width=250,format=auto\/app\/uploads\/sites\/4\/2022\/06\/Scheriproct-Supplement-1.png 250w,\n                https:\/\/scheriproct.com\/cdn-cgi\/image\/width=500,format=auto\/app\/uploads\/sites\/4\/2022\/06\/Scheriproct-Supplement-1.png 500w,\n                https:\/\/scheriproct.com\/cdn-cgi\/image\/width=700,format=auto\/app\/uploads\/sites\/4\/2022\/06\/Scheriproct-Supplement-1.png 700w\"\n        sizes=\"(max-width: 400px) 250px, (max-width: 800px) 500px, 700px\"\n        alt=\"Scheriproct Neo\"\n        class=\"img\">\n            <\/figure>\n    <div class=\"product-card-content\">\n      <div class=\"heading-wrapper\">\n        <h2 class=\"heading\">Scheriproct\u00ae Salva<\/h2>\n      <\/div>\n      <div class=\"product-card-description\">Minskar sm\u00e4rta, inflammation och kl\u00e5da i analomr\u00e5det vid hemorrojder.<\/div>\n                      <\/div>\n  <\/a>\n          <div class=\"button-wrapper buy-now \" data-testid=\"buy-now\">\n      <div class=\"buy-now-container dropdown-container\">\n      <div class=\"theme-button button-primary-color dropdown-link\" aria-label=\"K\u00f6p nu\">\n          K\u00f6p nu <i class=\"dropdown\"><\/i>\n      <\/div>\n      <ul class=\"reseller-list submenu\">\n                    <li>\n              <a\n                href=\"https:\/\/www.apohem.se\/mage-tarm\/andtarmsbesvar\/analklada\/scheriproct-rektalsalva-019-05-30g\" onclick=\"dataLayer.push({'event':'ga_event', 'eventCategory':'Click on Reseller', 'eventAction':'Apohem', 'eventLabel':'Scheriproct\u00ae Salva', 'eventValue': undefined})\" rel=\"noopener\" target=\"_blank\" title=\"Apohem\"\n                data-testid=\"buy-now-reseller\">\n                <i class=\"fa-solid fa-arrow-right\"><\/i> Apohem\n              <\/a>\n          <\/li>\n                    <li>\n              <a\n                href=\"https:\/\/www.apotea.se\/scheriproct-rektalsalva-30-gr\" onclick=\"dataLayer.push({'event':'ga_event', 'eventCategory':'Click on Reseller', 'eventAction':'Apotea', 'eventLabel':'Scheriproct\u00ae Salva', 'eventValue': undefined})\" rel=\"noopener\" target=\"_blank\" title=\"Apotea\"\n                data-testid=\"buy-now-reseller\">\n                <i class=\"fa-solid fa-arrow-right\"><\/i> Apotea\n              <\/a>\n          <\/li>\n                    <li>\n              <a\n                href=\"https:\/\/www.apoteket.se\/produkt\/scheriproct-rektalsalva-019-procent-per-05-procent-30-gram-tub-257868\/\" onclick=\"dataLayer.push({'event':'ga_event', 'eventCategory':'Click on Reseller', 'eventAction':'Apoteket', 'eventLabel':'Scheriproct\u00ae Salva', 'eventValue': undefined})\" rel=\"noopener\" target=\"_blank\" title=\"Apoteket\"\n                data-testid=\"buy-now-reseller\">\n                <i class=\"fa-solid fa-arrow-right\"><\/i> Apoteket\n              <\/a>\n          <\/li>\n                    <li>\n              <a\n                href=\"https:\/\/www.apotekhjartat.se\/produkt\/scheriproct-rektalsalva\/\" onclick=\"dataLayer.push({'event':'ga_event', 'eventCategory':'Click on Reseller', 'eventAction':'Apotek Hj\u00e4rtat', 'eventLabel':'Scheriproct\u00ae Salva', 'eventValue': undefined})\" rel=\"noopener\" target=\"_blank\" title=\"Apotek Hj\u00e4rtat\"\n                data-testid=\"buy-now-reseller\">\n                <i class=\"fa-solid fa-arrow-right\"><\/i> Apotek Hj\u00e4rtat\n              <\/a>\n          <\/li>\n                    <li>\n              <a\n                href=\"https:\/\/dozapotek.se\/scheriproct-rektalsalva-0-19-0-5-30-gram-082666.html\" onclick=\"dataLayer.push({'event':'ga_event', 'eventCategory':'Click on Reseller', 'eventAction':'DOZ Apotek', 'eventLabel':'Scheriproct\u00ae Salva', 'eventValue': undefined})\" rel=\"noopener\" target=\"_blank\" title=\"DOZ Apotek\"\n                data-testid=\"buy-now-reseller\">\n                <i class=\"fa-solid fa-arrow-right\"><\/i> DOZ Apotek\n              <\/a>\n          <\/li>\n                    <li>\n              <a\n                href=\"https:\/\/www.kronansapotek.se\/Scheriproct\/p\/082666\/\" onclick=\"dataLayer.push({'event':'ga_event', 'eventCategory':'Click on Reseller', 'eventAction':'Kronans Apotek', 'eventLabel':'Scheriproct\u00ae Salva', 'eventValue': undefined})\" rel=\"noopener\" target=\"_blank\" title=\"Kronans Apotek\"\n                data-testid=\"buy-now-reseller\">\n                <i class=\"fa-solid fa-arrow-right\"><\/i> Kronans Apotek\n              <\/a>\n          <\/li>\n                    <li>\n              <a\n                href=\"https:\/\/www.meds.se\/scheriproct\/scheriproct-rektalsalva-0-19-0-5-30-g\" onclick=\"dataLayer.push({'event':'ga_event', 'eventCategory':'Click on Reseller', 'eventAction':'Meds', 'eventLabel':'Scheriproct\u00ae Salva', 'eventValue': undefined})\" rel=\"noopener\" target=\"_blank\" title=\"Meds\"\n                data-testid=\"buy-now-reseller\">\n                <i class=\"fa-solid fa-arrow-right\"><\/i> Meds\n              <\/a>\n          <\/li>\n                <\/ul>\n    <\/div>\n  <\/div>\n  <\/div>\n            <\/div>\n                  <\/div>\n        <div class=\"swiper-scrollbar\"><\/div>\n      <\/div>\n    <\/div>\n  <\/div>\n","protected":false},"excerpt":{"rendered":"","protected":false},"author":2,"featured_media":0,"parent":0,"menu_order":0,"comment_status":"closed","ping_status":"closed","template":"","meta":{"_acf_changed":false,"footnotes":""},"from-article-database":[],"class_list":["post-37","page","type-page","status-publish","hentry"],"acf":[],"yoast_head":"<!-- This site is optimized with the Yoast SEO plugin v26.6 - https:\/\/yoast.com\/wordpress\/plugins\/seo\/ -->\n<title>Om Scheriproct - Scheriproct<\/title>\n<meta name=\"description\" content=\"Scheriproct\u00ae \u00e4r ett receptfritt l\u00e4kemedel som anv\u00e4nds f\u00f6r behandling av hemorrojder, tillh\u00f6rande kl\u00e5da och irritation samt sprickbildningar (ytliga analfissurer) vid \u00e4ndtarmen.\" \/>\n<meta name=\"robots\" content=\"index, follow, max-snippet:-1, max-image-preview:large, max-video-preview:-1\" \/>\n<link rel=\"canonical\" href=\"https:\/\/scheriproct.com\/se\/om-scheriproct\/\" \/>\n<meta property=\"og:locale\" content=\"sv_SE\" \/>\n<meta property=\"og:type\" content=\"article\" \/>\n<meta property=\"og:title\" content=\"Om Scheriproct - Scheriproct\" \/>\n<meta property=\"og:description\" content=\"Scheriproct\u00ae \u00e4r ett receptfritt l\u00e4kemedel som anv\u00e4nds f\u00f6r behandling av hemorrojder, tillh\u00f6rande kl\u00e5da och irritation samt sprickbildningar (ytliga analfissurer) vid \u00e4ndtarmen.\" \/>\n<meta property=\"og:url\" content=\"https:\/\/scheriproct.com\/se\/om-scheriproct\/\" \/>\n<meta property=\"og:site_name\" content=\"Scheriproct\" \/>\n<meta property=\"article:modified_time\" content=\"2025-03-12T07:07:45+00:00\" \/>\n<meta property=\"og:image\" content=\"https:\/\/scheriproct.com\/app\/uploads\/sites\/4\/2022\/06\/victory.png\" \/>\n\t<meta property=\"og:image:width\" content=\"260\" \/>\n\t<meta property=\"og:image:height\" content=\"485\" \/>\n\t<meta property=\"og:image:type\" content=\"image\/png\" \/>\n<meta name=\"twitter:card\" content=\"summary_large_image\" \/>\n<meta name=\"twitter:label1\" content=\"Ber\u00e4knad l\u00e4stid\" \/>\n\t<meta name=\"twitter:data1\" content=\"2 minuter\" \/>\n<script type=\"application\/ld+json\" class=\"yoast-schema-graph\">{\"@context\":\"https:\/\/schema.org\",\"@graph\":[{\"@type\":\"WebPage\",\"@id\":\"https:\/\/scheriproct.com\/se\/om-scheriproct\/\",\"url\":\"https:\/\/scheriproct.com\/se\/om-scheriproct\/\",\"name\":\"Om Scheriproct - Scheriproct\",\"isPartOf\":{\"@id\":\"https:\/\/scheriproct.com\/se\/#website\"},\"primaryImageOfPage\":{\"@id\":\"https:\/\/scheriproct.com\/se\/om-scheriproct\/#primaryimage\"},\"image\":{\"@id\":\"https:\/\/scheriproct.com\/se\/om-scheriproct\/#primaryimage\"},\"thumbnailUrl\":\"https:\/\/scheriproct.com\/app\/uploads\/sites\/4\/2022\/06\/victory.png\",\"datePublished\":\"2022-06-08T08:23:10+00:00\",\"dateModified\":\"2025-03-12T07:07:45+00:00\",\"description\":\"Scheriproct\u00ae \u00e4r ett receptfritt l\u00e4kemedel som anv\u00e4nds f\u00f6r behandling av hemorrojder, tillh\u00f6rande kl\u00e5da och irritation samt sprickbildningar (ytliga analfissurer) vid \u00e4ndtarmen.\",\"breadcrumb\":{\"@id\":\"https:\/\/scheriproct.com\/se\/om-scheriproct\/#breadcrumb\"},\"inLanguage\":\"sv-SE\",\"potentialAction\":[{\"@type\":\"ReadAction\",\"target\":[\"https:\/\/scheriproct.com\/se\/om-scheriproct\/\"]}]},{\"@type\":\"ImageObject\",\"inLanguage\":\"sv-SE\",\"@id\":\"https:\/\/scheriproct.com\/se\/om-scheriproct\/#primaryimage\",\"url\":\"https:\/\/scheriproct.com\/app\/uploads\/sites\/4\/2022\/06\/victory.png\",\"contentUrl\":\"https:\/\/scheriproct.com\/app\/uploads\/sites\/4\/2022\/06\/victory.png\"},{\"@type\":\"BreadcrumbList\",\"@id\":\"https:\/\/scheriproct.com\/se\/om-scheriproct\/#breadcrumb\",\"itemListElement\":[{\"@type\":\"ListItem\",\"position\":1,\"name\":\"Home\",\"item\":\"https:\/\/scheriproct.com\/se\/\"},{\"@type\":\"ListItem\",\"position\":2,\"name\":\"Om Scheriproct\"}]},{\"@type\":\"WebSite\",\"@id\":\"https:\/\/scheriproct.com\/se\/#website\",\"url\":\"https:\/\/scheriproct.com\/se\/\",\"name\":\"Scheriproct\",\"description\":\"\",\"publisher\":{\"@id\":\"https:\/\/scheriproct.com\/se\/#organization\"},\"potentialAction\":[{\"@type\":\"SearchAction\",\"target\":{\"@type\":\"EntryPoint\",\"urlTemplate\":\"https:\/\/scheriproct.com\/se\/?s={search_term_string}\"},\"query-input\":{\"@type\":\"PropertyValueSpecification\",\"valueRequired\":true,\"valueName\":\"search_term_string\"}}],\"inLanguage\":\"sv-SE\"},{\"@type\":\"Organization\",\"@id\":\"https:\/\/scheriproct.com\/se\/#organization\",\"name\":\"Scheriproct\",\"url\":\"https:\/\/scheriproct.com\/se\/\",\"logo\":{\"@type\":\"ImageObject\",\"inLanguage\":\"sv-SE\",\"@id\":\"https:\/\/scheriproct.com\/se\/#\/schema\/logo\/image\/\",\"url\":\"https:\/\/scheriproct.com\/app\/uploads\/sites\/4\/2022\/06\/scheriproct-logo.png\",\"contentUrl\":\"https:\/\/scheriproct.com\/app\/uploads\/sites\/4\/2022\/06\/scheriproct-logo.png\",\"width\":143,\"height\":20,\"caption\":\"Scheriproct\"},\"image\":{\"@id\":\"https:\/\/scheriproct.com\/se\/#\/schema\/logo\/image\/\"}}]}<\/script>\n<!-- \/ Yoast SEO plugin. -->","yoast_head_json":{"title":"Om Scheriproct - Scheriproct","description":"Scheriproct\u00ae \u00e4r ett receptfritt l\u00e4kemedel som anv\u00e4nds f\u00f6r behandling av hemorrojder, tillh\u00f6rande kl\u00e5da och irritation samt sprickbildningar (ytliga analfissurer) vid \u00e4ndtarmen.","robots":{"index":"index","follow":"follow","max-snippet":"max-snippet:-1","max-image-preview":"max-image-preview:large","max-video-preview":"max-video-preview:-1"},"canonical":"https:\/\/scheriproct.com\/se\/om-scheriproct\/","og_locale":"sv_SE","og_type":"article","og_title":"Om Scheriproct - Scheriproct","og_description":"Scheriproct\u00ae \u00e4r ett receptfritt l\u00e4kemedel som anv\u00e4nds f\u00f6r behandling av hemorrojder, tillh\u00f6rande kl\u00e5da och irritation samt sprickbildningar (ytliga analfissurer) vid \u00e4ndtarmen.","og_url":"https:\/\/scheriproct.com\/se\/om-scheriproct\/","og_site_name":"Scheriproct","article_modified_time":"2025-03-12T07:07:45+00:00","og_image":[{"width":260,"height":485,"url":"https:\/\/scheriproct.com\/app\/uploads\/sites\/4\/2022\/06\/victory.png","type":"image\/png"}],"twitter_card":"summary_large_image","twitter_misc":{"Ber\u00e4knad l\u00e4stid":"2 minuter"},"schema":{"@context":"https:\/\/schema.org","@graph":[{"@type":"WebPage","@id":"https:\/\/scheriproct.com\/se\/om-scheriproct\/","url":"https:\/\/scheriproct.com\/se\/om-scheriproct\/","name":"Om Scheriproct - Scheriproct","isPartOf":{"@id":"https:\/\/scheriproct.com\/se\/#website"},"primaryImageOfPage":{"@id":"https:\/\/scheriproct.com\/se\/om-scheriproct\/#primaryimage"},"image":{"@id":"https:\/\/scheriproct.com\/se\/om-scheriproct\/#primaryimage"},"thumbnailUrl":"https:\/\/scheriproct.com\/app\/uploads\/sites\/4\/2022\/06\/victory.png","datePublished":"2022-06-08T08:23:10+00:00","dateModified":"2025-03-12T07:07:45+00:00","description":"Scheriproct\u00ae \u00e4r ett receptfritt l\u00e4kemedel som anv\u00e4nds f\u00f6r behandling av hemorrojder, tillh\u00f6rande kl\u00e5da och irritation samt sprickbildningar (ytliga analfissurer) vid \u00e4ndtarmen.","breadcrumb":{"@id":"https:\/\/scheriproct.com\/se\/om-scheriproct\/#breadcrumb"},"inLanguage":"sv-SE","potentialAction":[{"@type":"ReadAction","target":["https:\/\/scheriproct.com\/se\/om-scheriproct\/"]}]},{"@type":"ImageObject","inLanguage":"sv-SE","@id":"https:\/\/scheriproct.com\/se\/om-scheriproct\/#primaryimage","url":"https:\/\/scheriproct.com\/app\/uploads\/sites\/4\/2022\/06\/victory.png","contentUrl":"https:\/\/scheriproct.com\/app\/uploads\/sites\/4\/2022\/06\/victory.png"},{"@type":"BreadcrumbList","@id":"https:\/\/scheriproct.com\/se\/om-scheriproct\/#breadcrumb","itemListElement":[{"@type":"ListItem","position":1,"name":"Home","item":"https:\/\/scheriproct.com\/se\/"},{"@type":"ListItem","position":2,"name":"Om Scheriproct"}]},{"@type":"WebSite","@id":"https:\/\/scheriproct.com\/se\/#website","url":"https:\/\/scheriproct.com\/se\/","name":"Scheriproct","description":"","publisher":{"@id":"https:\/\/scheriproct.com\/se\/#organization"},"potentialAction":[{"@type":"SearchAction","target":{"@type":"EntryPoint","urlTemplate":"https:\/\/scheriproct.com\/se\/?s={search_term_string}"},"query-input":{"@type":"PropertyValueSpecification","valueRequired":true,"valueName":"search_term_string"}}],"inLanguage":"sv-SE"},{"@type":"Organization","@id":"https:\/\/scheriproct.com\/se\/#organization","name":"Scheriproct","url":"https:\/\/scheriproct.com\/se\/","logo":{"@type":"ImageObject","inLanguage":"sv-SE","@id":"https:\/\/scheriproct.com\/se\/#\/schema\/logo\/image\/","url":"https:\/\/scheriproct.com\/app\/uploads\/sites\/4\/2022\/06\/scheriproct-logo.png","contentUrl":"https:\/\/scheriproct.com\/app\/uploads\/sites\/4\/2022\/06\/scheriproct-logo.png","width":143,"height":20,"caption":"Scheriproct"},"image":{"@id":"https:\/\/scheriproct.com\/se\/#\/schema\/logo\/image\/"}}]}},"_links":{"self":[{"href":"https:\/\/scheriproct.com\/se\/wp-json\/wp\/v2\/pages\/37","targetHints":{"allow":["GET"]}}],"collection":[{"href":"https:\/\/scheriproct.com\/se\/wp-json\/wp\/v2\/pages"}],"about":[{"href":"https:\/\/scheriproct.com\/se\/wp-json\/wp\/v2\/types\/page"}],"author":[{"embeddable":true,"href":"https:\/\/scheriproct.com\/se\/wp-json\/wp\/v2\/users\/2"}],"replies":[{"embeddable":true,"href":"https:\/\/scheriproct.com\/se\/wp-json\/wp\/v2\/comments?post=37"}],"version-history":[{"count":3,"href":"https:\/\/scheriproct.com\/se\/wp-json\/wp\/v2\/pages\/37\/revisions"}],"predecessor-version":[{"id":160,"href":"https:\/\/scheriproct.com\/se\/wp-json\/wp\/v2\/pages\/37\/revisions\/160"}],"wp:attachment":[{"href":"https:\/\/scheriproct.com\/se\/wp-json\/wp\/v2\/media?parent=37"}],"wp:term":[{"taxonomy":"from-article-database","embeddable":true,"href":"https:\/\/scheriproct.com\/se\/wp-json\/wp\/v2\/from-article-database?post=37"}],"curies":[{"name":"wp","href":"https:\/\/api.w.org\/{rel}","templated":true}]}}