{"id":144,"date":"2022-06-07T16:46:02","date_gmt":"2022-06-07T13:46:02","guid":{"rendered":"https:\/\/scheriproct.com\/fi\/?post_type=product&#038;p=144"},"modified":"2025-03-06T12:10:50","modified_gmt":"2025-03-06T10:10:50","slug":"scheriproct-yhdistelmapakkaus","status":"publish","type":"product","link":"https:\/\/scheriproct.com\/fi\/tuote\/scheriproct-yhdistelmapakkaus\/","title":{"rendered":"Scheriproct\u00ae Yhdistelm\u00e4pakkaus"},"content":{"rendered":"\n<div class=\"wp-block-karopharma-accordions is-style-secondary\"><div class=\"container\">\n<details class=\"wp-block-karopharma-accordion\"><summary><h2 class=\"accordion-title\">Tietoa t\u00e4st\u00e4 tuotteesta:<\/h2><\/summary><div class=\"accordion-content\">\n<p>T\u00e4m\u00e4 ainutlaatuinen tuote on kokonaisvaltainen l\u00e4\u00e4kehoito, jolla per\u00e4pukamien aiheuttamia oireita per\u00e4aukossa ja sen ulkopuolella voidaan lievitt\u00e4\u00e4 nopeasti ja kattavasti. T\u00e4t\u00e4 rektaalivoiteesta ja per\u00e4puikoista koostuvaa yhdistelm\u00e4\u00e4 kannattaa kokeilla erityisesti tapauksissa, joissa per\u00e4pukamavaivojen lis\u00e4ksi esiintyy tulehdusta ja punoitusta per\u00e4aukon ymp\u00e4rill\u00e4. N\u00e4iss\u00e4 tapauksissa Scheriproct-per\u00e4puikkoja k\u00e4ytet\u00e4\u00e4n sis\u00e4isesti ja Scheriproct-voidetta levitet\u00e4\u00e4n helpottamaan per\u00e4aukkoa ymp\u00e4r\u00f6iv\u00e4n ihoalueen oireita.<\/p>\n<\/div><\/details>\n\n\n\n<details class=\"wp-block-karopharma-accordion\"><summary><h2 class=\"accordion-title\">K\u00e4ytt\u00f6ohjeet<\/h2><\/summary><div class=\"accordion-content\">\n<p>K\u00e4yt\u00e4 t\u00e4t\u00e4 l\u00e4\u00e4kett\u00e4 juuri siten kuin t\u00e4ss\u00e4 selosteessa on kuvattu tai kuin l\u00e4\u00e4k\u00e4ri tai apteekkihenkil\u00f6kunta ovat neuvoneet. Tarkista ohjeet l\u00e4\u00e4k\u00e4rilt\u00e4 tai apteekista, jos olet ep\u00e4varma. Scheriproct<sup>\u00ae<\/sup> Neo -valmistetta tulisi k\u00e4ytt\u00e4\u00e4 ulostamisen j\u00e4lkeen. Ennen Scheriproct<sup>\u00ae<\/sup>-valmisteen k\u00e4ytt\u00f6\u00e4 per\u00e4aukon seutu on puhdistettava huolellisesti. Hoitoa ei pid\u00e4 lopettaa liian aikaisin, vaikka oireet yleens\u00e4 helpottuvatkin nopeasti. Oireiden uusiutumisen est\u00e4miseksi Scheriproct<sup>\u00ae<\/sup>-hoitoa pit\u00e4\u00e4 jatkaa pienemp\u00e4\u00e4 annosta k\u00e4ytt\u00e4en ainakin viikon ajan, vaikka oireet olisivat jo h\u00e4vinneet kokonaan. Scheriproct<sup>\u00ae<\/sup>-hoito ei saa kuitenkaan kest\u00e4\u00e4 yli 4 viikkoa.<\/p>\n\n\n\n<p><strong>Scheriproct<sup>\u00ae<\/sup>-voide 30g<\/strong><br>Rektaalivoidetta k\u00e4ytet\u00e4\u00e4n yleens\u00e4 kaksi kertaa p\u00e4iv\u00e4ss\u00e4, ensimm\u00e4isen\u00e4 hoitop\u00e4iv\u00e4n\u00e4 jopa nelj\u00e4 kertaa p\u00e4iv\u00e4ss\u00e4. Oireiden lievittyess\u00e4 riitt\u00e4\u00e4 usein annostus kerran p\u00e4iv\u00e4ss\u00e4.<br><strong>Scheriproct<sup>\u00ae<\/sup>-per\u00e4puikot x15<br><\/strong>Yksi per\u00e4puikko vied\u00e4\u00e4n syv\u00e4lle per\u00e4suoleen kerran p\u00e4iv\u00e4ss\u00e4. Hyvin kivuliaissa tapauksissa ensimm\u00e4isen\u00e4 hoitop\u00e4iv\u00e4n\u00e4 1 per\u00e4puikko kaksi tai kolme kertaa p\u00e4iv\u00e4ss\u00e4. Oireiden helpottuessa riitt\u00e4\u00e4 usein 1 per\u00e4puikko joka toinen p\u00e4iv\u00e4.<\/p>\n<\/div><\/details>\n\n\n\n<details class=\"wp-block-karopharma-accordion\"><summary><h2 class=\"accordion-title\">Vaikutus<\/h2><\/summary><div class=\"accordion-content\">\n<p>Scheriproct<sup>\u00ae<\/sup>-valmisteen vaikuttavat aineet ovat prednisoloni, joka on tulehdusta hoitava kortikosteroidi, ja sinkokaiini, joka on kipua lievitt\u00e4v\u00e4 puudute. Scheriproct<sup>\u00ae<\/sup> on tarkoitettu lyhytaikaiseen hoitoon. Sen avulla vaiva helpottuu nopeasti jo ensimm\u00e4isen k\u00e4ytt\u00f6kerran j\u00e4lkeen, mutta hoitoa on silti jatkettava ainakin viikon ajan uusiutumien v\u00e4ltt\u00e4miseksi. Jos et huomaa lainkaan paranemaa 2\u20133 viikossa tai jos oireet pahenevat, ota yhteytt\u00e4 l\u00e4\u00e4k\u00e4riin.<\/p>\n<\/div><\/details>\n<\/div><\/div>\n","protected":false},"excerpt":{"rendered":"<p>V\u00e4hent\u00e4\u00e4 kipua, tulehdusta ja kutinaa per\u00e4aukon alueella<\/p>\n","protected":false},"featured_media":146,"comment_status":"closed","ping_status":"closed","template":"","meta":{"_acf_changed":false,"footnotes":""},"product_brand":[],"product_cat":[],"product_tag":[],"class_list":{"0":"post-144","1":"product","2":"type-product","3":"status-publish","4":"has-post-thumbnail","7":"first","8":"instock","9":"shipping-taxable","10":"product-type-simple"},"acf":[],"yoast_head":"<!-- This site is optimized with the Yoast SEO plugin v26.6 - https:\/\/yoast.com\/wordpress\/plugins\/seo\/ -->\n<title>Scheriproct\u00ae Yhdistelm\u00e4pakkaus - Scheriproct<\/title>\n<meta name=\"description\" content=\"V\u00e4hent\u00e4\u00e4 kipua, kutinaa ja muita per\u00e4pukamien oireita nopeasti\" \/>\n<meta name=\"robots\" content=\"index, follow, max-snippet:-1, max-image-preview:large, max-video-preview:-1\" \/>\n<link rel=\"canonical\" href=\"https:\/\/scheriproct.com\/fi\/tuote\/scheriproct-yhdistelmapakkaus\/\" \/>\n<meta property=\"og:locale\" content=\"fi_FI\" \/>\n<meta property=\"og:type\" content=\"article\" \/>\n<meta property=\"og:title\" content=\"Scheriproct\u00ae Yhdistelm\u00e4pakkaus - Scheriproct\" \/>\n<meta property=\"og:description\" content=\"V\u00e4hent\u00e4\u00e4 kipua, kutinaa ja muita per\u00e4pukamien oireita nopeasti\" \/>\n<meta property=\"og:url\" content=\"https:\/\/scheriproct.com\/fi\/tuote\/scheriproct-yhdistelmapakkaus\/\" \/>\n<meta property=\"og:site_name\" content=\"Scheriproct\" \/>\n<meta property=\"article:modified_time\" content=\"2025-03-06T10:10:50+00:00\" \/>\n<meta property=\"og:image\" content=\"https:\/\/scheriproct.com\/app\/uploads\/sites\/2\/2022\/06\/Scheriproct-Neo-Kombi.png\" \/>\n\t<meta property=\"og:image:width\" content=\"1400\" \/>\n\t<meta property=\"og:image:height\" content=\"1400\" \/>\n\t<meta property=\"og:image:type\" content=\"image\/png\" \/>\n<meta name=\"twitter:card\" content=\"summary_large_image\" \/>\n<meta name=\"twitter:label1\" content=\"Est. reading time\" \/>\n\t<meta name=\"twitter:data1\" content=\"2 minutes\" \/>\n<script type=\"application\/ld+json\" class=\"yoast-schema-graph\">{\"@context\":\"https:\/\/schema.org\",\"@graph\":[{\"@type\":\"WebPage\",\"@id\":\"https:\/\/scheriproct.com\/fi\/tuote\/scheriproct-yhdistelmapakkaus\/\",\"url\":\"https:\/\/scheriproct.com\/fi\/tuote\/scheriproct-yhdistelmapakkaus\/\",\"name\":\"Scheriproct\u00ae Yhdistelm\u00e4pakkaus - Scheriproct\",\"isPartOf\":{\"@id\":\"https:\/\/scheriproct.com\/fi\/#website\"},\"primaryImageOfPage\":{\"@id\":\"https:\/\/scheriproct.com\/fi\/tuote\/scheriproct-yhdistelmapakkaus\/#primaryimage\"},\"image\":{\"@id\":\"https:\/\/scheriproct.com\/fi\/tuote\/scheriproct-yhdistelmapakkaus\/#primaryimage\"},\"thumbnailUrl\":\"https:\/\/scheriproct.com\/app\/uploads\/sites\/2\/2022\/06\/Scheriproct-Neo-Kombi.png\",\"datePublished\":\"2022-06-07T13:46:02+00:00\",\"dateModified\":\"2025-03-06T10:10:50+00:00\",\"description\":\"V\u00e4hent\u00e4\u00e4 kipua, kutinaa ja muita per\u00e4pukamien oireita nopeasti\",\"breadcrumb\":{\"@id\":\"https:\/\/scheriproct.com\/fi\/tuote\/scheriproct-yhdistelmapakkaus\/#breadcrumb\"},\"inLanguage\":\"fi-FI\",\"potentialAction\":[{\"@type\":\"ReadAction\",\"target\":[\"https:\/\/scheriproct.com\/fi\/tuote\/scheriproct-yhdistelmapakkaus\/\"]}]},{\"@type\":\"ImageObject\",\"inLanguage\":\"fi-FI\",\"@id\":\"https:\/\/scheriproct.com\/fi\/tuote\/scheriproct-yhdistelmapakkaus\/#primaryimage\",\"url\":\"https:\/\/scheriproct.com\/app\/uploads\/sites\/2\/2022\/06\/Scheriproct-Neo-Kombi.png\",\"contentUrl\":\"https:\/\/scheriproct.com\/app\/uploads\/sites\/2\/2022\/06\/Scheriproct-Neo-Kombi.png\",\"width\":1400,\"height\":1400,\"caption\":\"Scheriproct\u00ae Yhdistelm\u00e4pakkaus\"},{\"@type\":\"BreadcrumbList\",\"@id\":\"https:\/\/scheriproct.com\/fi\/tuote\/scheriproct-yhdistelmapakkaus\/#breadcrumb\",\"itemListElement\":[{\"@type\":\"ListItem\",\"position\":1,\"name\":\"Home\",\"item\":\"https:\/\/scheriproct.com\/fi\/\"},{\"@type\":\"ListItem\",\"position\":2,\"name\":\"Tuotteet\",\"item\":\"https:\/\/scheriproct.com\/fi\/tuotteet\/\"},{\"@type\":\"ListItem\",\"position\":3,\"name\":\"Scheriproct\u00ae Yhdistelm\u00e4pakkaus\"}]},{\"@type\":\"WebSite\",\"@id\":\"https:\/\/scheriproct.com\/fi\/#website\",\"url\":\"https:\/\/scheriproct.com\/fi\/\",\"name\":\"Scheriproct\",\"description\":\"\",\"publisher\":{\"@id\":\"https:\/\/scheriproct.com\/fi\/#organization\"},\"potentialAction\":[{\"@type\":\"SearchAction\",\"target\":{\"@type\":\"EntryPoint\",\"urlTemplate\":\"https:\/\/scheriproct.com\/fi\/?s={search_term_string}\"},\"query-input\":{\"@type\":\"PropertyValueSpecification\",\"valueRequired\":true,\"valueName\":\"search_term_string\"}}],\"inLanguage\":\"fi-FI\"},{\"@type\":\"Organization\",\"@id\":\"https:\/\/scheriproct.com\/fi\/#organization\",\"name\":\"Scheriproct\",\"url\":\"https:\/\/scheriproct.com\/fi\/\",\"logo\":{\"@type\":\"ImageObject\",\"inLanguage\":\"fi-FI\",\"@id\":\"https:\/\/scheriproct.com\/fi\/#\/schema\/logo\/image\/\",\"url\":\"https:\/\/scheriproct.com\/app\/uploads\/sites\/2\/2022\/06\/scheriproct-logo.png\",\"contentUrl\":\"https:\/\/scheriproct.com\/app\/uploads\/sites\/2\/2022\/06\/scheriproct-logo.png\",\"width\":143,\"height\":20,\"caption\":\"Scheriproct\"},\"image\":{\"@id\":\"https:\/\/scheriproct.com\/fi\/#\/schema\/logo\/image\/\"}}]}<\/script>\n<!-- \/ Yoast SEO plugin. -->","yoast_head_json":{"title":"Scheriproct\u00ae Yhdistelm\u00e4pakkaus - Scheriproct","description":"V\u00e4hent\u00e4\u00e4 kipua, kutinaa ja muita per\u00e4pukamien oireita nopeasti","robots":{"index":"index","follow":"follow","max-snippet":"max-snippet:-1","max-image-preview":"max-image-preview:large","max-video-preview":"max-video-preview:-1"},"canonical":"https:\/\/scheriproct.com\/fi\/tuote\/scheriproct-yhdistelmapakkaus\/","og_locale":"fi_FI","og_type":"article","og_title":"Scheriproct\u00ae Yhdistelm\u00e4pakkaus - Scheriproct","og_description":"V\u00e4hent\u00e4\u00e4 kipua, kutinaa ja muita per\u00e4pukamien oireita nopeasti","og_url":"https:\/\/scheriproct.com\/fi\/tuote\/scheriproct-yhdistelmapakkaus\/","og_site_name":"Scheriproct","article_modified_time":"2025-03-06T10:10:50+00:00","og_image":[{"width":1400,"height":1400,"url":"https:\/\/scheriproct.com\/app\/uploads\/sites\/2\/2022\/06\/Scheriproct-Neo-Kombi.png","type":"image\/png"}],"twitter_card":"summary_large_image","twitter_misc":{"Est. reading time":"2 minutes"},"schema":{"@context":"https:\/\/schema.org","@graph":[{"@type":"WebPage","@id":"https:\/\/scheriproct.com\/fi\/tuote\/scheriproct-yhdistelmapakkaus\/","url":"https:\/\/scheriproct.com\/fi\/tuote\/scheriproct-yhdistelmapakkaus\/","name":"Scheriproct\u00ae Yhdistelm\u00e4pakkaus - Scheriproct","isPartOf":{"@id":"https:\/\/scheriproct.com\/fi\/#website"},"primaryImageOfPage":{"@id":"https:\/\/scheriproct.com\/fi\/tuote\/scheriproct-yhdistelmapakkaus\/#primaryimage"},"image":{"@id":"https:\/\/scheriproct.com\/fi\/tuote\/scheriproct-yhdistelmapakkaus\/#primaryimage"},"thumbnailUrl":"https:\/\/scheriproct.com\/app\/uploads\/sites\/2\/2022\/06\/Scheriproct-Neo-Kombi.png","datePublished":"2022-06-07T13:46:02+00:00","dateModified":"2025-03-06T10:10:50+00:00","description":"V\u00e4hent\u00e4\u00e4 kipua, kutinaa ja muita per\u00e4pukamien oireita nopeasti","breadcrumb":{"@id":"https:\/\/scheriproct.com\/fi\/tuote\/scheriproct-yhdistelmapakkaus\/#breadcrumb"},"inLanguage":"fi-FI","potentialAction":[{"@type":"ReadAction","target":["https:\/\/scheriproct.com\/fi\/tuote\/scheriproct-yhdistelmapakkaus\/"]}]},{"@type":"ImageObject","inLanguage":"fi-FI","@id":"https:\/\/scheriproct.com\/fi\/tuote\/scheriproct-yhdistelmapakkaus\/#primaryimage","url":"https:\/\/scheriproct.com\/app\/uploads\/sites\/2\/2022\/06\/Scheriproct-Neo-Kombi.png","contentUrl":"https:\/\/scheriproct.com\/app\/uploads\/sites\/2\/2022\/06\/Scheriproct-Neo-Kombi.png","width":1400,"height":1400,"caption":"Scheriproct\u00ae Yhdistelm\u00e4pakkaus"},{"@type":"BreadcrumbList","@id":"https:\/\/scheriproct.com\/fi\/tuote\/scheriproct-yhdistelmapakkaus\/#breadcrumb","itemListElement":[{"@type":"ListItem","position":1,"name":"Home","item":"https:\/\/scheriproct.com\/fi\/"},{"@type":"ListItem","position":2,"name":"Tuotteet","item":"https:\/\/scheriproct.com\/fi\/tuotteet\/"},{"@type":"ListItem","position":3,"name":"Scheriproct\u00ae Yhdistelm\u00e4pakkaus"}]},{"@type":"WebSite","@id":"https:\/\/scheriproct.com\/fi\/#website","url":"https:\/\/scheriproct.com\/fi\/","name":"Scheriproct","description":"","publisher":{"@id":"https:\/\/scheriproct.com\/fi\/#organization"},"potentialAction":[{"@type":"SearchAction","target":{"@type":"EntryPoint","urlTemplate":"https:\/\/scheriproct.com\/fi\/?s={search_term_string}"},"query-input":{"@type":"PropertyValueSpecification","valueRequired":true,"valueName":"search_term_string"}}],"inLanguage":"fi-FI"},{"@type":"Organization","@id":"https:\/\/scheriproct.com\/fi\/#organization","name":"Scheriproct","url":"https:\/\/scheriproct.com\/fi\/","logo":{"@type":"ImageObject","inLanguage":"fi-FI","@id":"https:\/\/scheriproct.com\/fi\/#\/schema\/logo\/image\/","url":"https:\/\/scheriproct.com\/app\/uploads\/sites\/2\/2022\/06\/scheriproct-logo.png","contentUrl":"https:\/\/scheriproct.com\/app\/uploads\/sites\/2\/2022\/06\/scheriproct-logo.png","width":143,"height":20,"caption":"Scheriproct"},"image":{"@id":"https:\/\/scheriproct.com\/fi\/#\/schema\/logo\/image\/"}}]}},"_links":{"self":[{"href":"https:\/\/scheriproct.com\/fi\/wp-json\/wp\/v2\/product\/144","targetHints":{"allow":["GET"]}}],"collection":[{"href":"https:\/\/scheriproct.com\/fi\/wp-json\/wp\/v2\/product"}],"about":[{"href":"https:\/\/scheriproct.com\/fi\/wp-json\/wp\/v2\/types\/product"}],"replies":[{"embeddable":true,"href":"https:\/\/scheriproct.com\/fi\/wp-json\/wp\/v2\/comments?post=144"}],"version-history":[{"count":8,"href":"https:\/\/scheriproct.com\/fi\/wp-json\/wp\/v2\/product\/144\/revisions"}],"predecessor-version":[{"id":281,"href":"https:\/\/scheriproct.com\/fi\/wp-json\/wp\/v2\/product\/144\/revisions\/281"}],"wp:featuredmedia":[{"embeddable":true,"href":"https:\/\/scheriproct.com\/fi\/wp-json\/wp\/v2\/media\/146"}],"wp:attachment":[{"href":"https:\/\/scheriproct.com\/fi\/wp-json\/wp\/v2\/media?parent=144"}],"wp:term":[{"taxonomy":"product_brand","embeddable":true,"href":"https:\/\/scheriproct.com\/fi\/wp-json\/wp\/v2\/product_brand?post=144"},{"taxonomy":"product_cat","embeddable":true,"href":"https:\/\/scheriproct.com\/fi\/wp-json\/wp\/v2\/product_cat?post=144"},{"taxonomy":"product_tag","embeddable":true,"href":"https:\/\/scheriproct.com\/fi\/wp-json\/wp\/v2\/product_tag?post=144"}],"curies":[{"name":"wp","href":"https:\/\/api.w.org\/{rel}","templated":true}]}}