{"id":139,"date":"2022-06-07T16:43:07","date_gmt":"2022-06-07T13:43:07","guid":{"rendered":"https:\/\/scheriproct.com\/fi\/?post_type=product&#038;p=139"},"modified":"2026-02-20T10:39:10","modified_gmt":"2026-02-20T08:39:10","slug":"scheriproct-voide","status":"publish","type":"product","link":"https:\/\/scheriproct.com\/fi\/tuote\/scheriproct-voide\/","title":{"rendered":"Scheriproct\u00ae Voide"},"content":{"rendered":"\n<div class=\"wp-block-karopharma-accordions is-style-secondary\"><div class=\"container\">\n<details class=\"wp-block-karopharma-accordion\"><summary><h2 class=\"accordion-title\">Tietoa t\u00e4st\u00e4 tuotteesta:<\/h2><\/summary><div class=\"accordion-content\">\n<p>Scheriproct<sup>\u00ae<\/sup>-voiteen tehokas puudutusaineen ja kortikosteroidin yhdistelm\u00e4 hoitaa per\u00e4aukon ep\u00e4miellytt\u00e4vi\u00e4 tuntemuksia lievitt\u00e4en kipua ja v\u00e4hent\u00e4en tulehdusta samanaikaisesti. Se on auttanut ihmisi\u00e4 per\u00e4aukon vaivojen hoidossa jo yli 50 vuoden ajan. Scheriproct<sup>\u00ae<\/sup> helpottaa oireita tehokkaasti ja tukee paranemisprosessia.<\/p>\n\n\n\n<p>K\u00e4yt\u00e4 Scheriproct<sup>\u00ae<\/sup>-voidetta lievitt\u00e4m\u00e4\u00e4n per\u00e4aukon kutinaa, turvotusta, kipua, tulehdusta ja arkuutta. Voidetta voi ostaa ilman resepti\u00e4 useimmista apteekeista samoin kuin verkosta. Per\u00e4aukon sis\u00e4isen kutinan ja kivun hoidossa voit halutessasi k\u00e4ytt\u00e4\u00e4 voidetta yhdess\u00e4 Scheriproct<sup>\u00ae<\/sup>-per\u00e4puikkojen kanssa. Muista: mit\u00e4 nopeammin aloitat, sit\u00e4 helpommin per\u00e4pukamien hoito onnistuu!<\/p>\n<\/div><\/details>\n\n\n\n<details class=\"wp-block-karopharma-accordion\"><summary><h2 class=\"accordion-title\">K\u00e4ytt\u00f6ohjeet<\/h2><\/summary><div class=\"accordion-content\">\n<p>Scheriproct<sup>\u00ae<\/sup>-valmisteen k\u00e4ytt\u00f6 on helppoa: yleens\u00e4 pari hoitokertaa p\u00e4iv\u00e4ss\u00e4 riitt\u00e4\u00e4, mutta ensimm\u00e4isen\u00e4 hoitop\u00e4iv\u00e4n\u00e4 voit k\u00e4ytt\u00e4\u00e4 voidetta nelj\u00e4 kertaa, jos tarpeen. Kun oireet ovat helpottuneet, voiteen k\u00e4ytt\u00f6 kerran p\u00e4iv\u00e4ss\u00e4 riitt\u00e4\u00e4 yleens\u00e4 oikein hyvin. Hoito ei saa kest\u00e4\u00e4 4 viikkoa pitemp\u00e4\u00e4n.<\/p>\n\n\n\n<p>Ennen kuin k\u00e4yt\u00e4t voidetta, pese k\u00e4det ja puhdista ja kuivaa per\u00e4aukko sek\u00e4 sit\u00e4 ymp\u00e4r\u00f6iv\u00e4 iho varovasti.<\/p>\n\n\n\n<p>Jos k\u00e4yt\u00e4t Scheriproct<sup>\u00ae<\/sup> Voidetta per\u00e4aukon ymp\u00e4rill\u00e4: Purista putkilosta pieni nokare voidetta sormesi p\u00e4\u00e4h\u00e4n, ja levit\u00e4 voide per\u00e4aukon sis\u00e4\u00e4n ja per\u00e4aukkoa ymp\u00e4r\u00f6iv\u00e4\u00e4n ihoon. Levit\u00e4 voidetta varoen ja hankaamista v\u00e4ltt\u00e4en, sill\u00e4 iho voi \u00e4rty\u00e4 hankaamisesta. Jos per\u00e4pukamat ovat ty\u00f6ntyneet esiin, voitele niit\u00e4 voiteella reilusti ja ty\u00f6nn\u00e4 ne sitten huolellisesti takaisin per\u00e4aukkoon.<\/p>\n\n\n\n<p>Jos k\u00e4yt\u00e4t Scheriproct<sup>\u00ae<\/sup>-voidetta per\u00e4aukon sis\u00e4ll\u00e4: Kierr\u00e4 erillinen muovikanyyli voideputkilon suulle ja purista putkiloa niin, ett\u00e4 kanyyli t\u00e4yttyy voiteella. Ty\u00f6nn\u00e4 sitten kanyyli kokonaan per\u00e4aukkoosi, ja ved\u00e4 se pois puristaen putkiloa samalla kevyesti. Puhdista kanyyli annettujen ohjeiden mukaan jokaisen k\u00e4ytt\u00f6kerran j\u00e4lkeen.<\/p>\n<\/div><\/details>\n\n\n\n<details class=\"wp-block-karopharma-accordion\"><summary><h2 class=\"accordion-title\">Vaikutus<\/h2><\/summary><div class=\"accordion-content\">\n<p>Scheriproct-voiteen vaikuttavat aineet ovat prednisoloni, joka lievitt\u00e4\u00e4 tulehdusta ja sinkokaiini, joka on kipua lievitt\u00e4v\u00e4 puudute. Scheriproct<sup>\u00ae<\/sup>-voide on tarkoitettu lyhytaikaiseen hoitoon. Sen avulla vaiva helpottuu nopeasti jo ensimm\u00e4isen k\u00e4ytt\u00f6kerran j\u00e4lkeen, mutta hoitoa on silti jatkettava ainakin viikon ajan uusiutumien v\u00e4ltt\u00e4miseksi.<sup>1<\/sup> Jos et huomaa lainkaan paranemista 2\u20133 viikossa tai jos oireet pahenevat, ota yhteys l\u00e4\u00e4k\u00e4riin tai muuhun terveydenhuollon ammattilaiseen.<\/p>\n\n\n\n<p>Viittaukset<\/p>\n\n\n\n<p><sup>1<\/sup> Scheriproct\u00ae pakkausseloste<\/p>\n<\/div><\/details>\n<\/div><\/div>\n","protected":false},"excerpt":{"rendered":"<p>V\u00e4hent\u00e4\u00e4 kipua, tulehdusta ja kutinaa per\u00e4aukon alueella<\/p>\n","protected":false},"featured_media":141,"comment_status":"closed","ping_status":"closed","template":"","meta":{"_acf_changed":false,"footnotes":""},"product_brand":[],"product_cat":[],"product_tag":[],"class_list":{"0":"post-139","1":"product","2":"type-product","3":"status-publish","4":"has-post-thumbnail","7":"first","8":"instock","9":"shipping-taxable","10":"product-type-simple"},"acf":[],"yoast_head":"<!-- This site is optimized with the Yoast SEO plugin v26.6 - https:\/\/yoast.com\/wordpress\/plugins\/seo\/ -->\n<title>Scheriproct\u00ae Voide - Scheriproct<\/title>\n<meta name=\"description\" content=\"V\u00e4hent\u00e4\u00e4 kipua, tulehdusta ja kutinaa per\u00e4aukon alueella\" \/>\n<meta name=\"robots\" content=\"index, follow, max-snippet:-1, max-image-preview:large, max-video-preview:-1\" \/>\n<link rel=\"canonical\" href=\"https:\/\/scheriproct.com\/fi\/tuote\/scheriproct-voide\/\" \/>\n<meta property=\"og:locale\" content=\"fi_FI\" \/>\n<meta property=\"og:type\" content=\"article\" \/>\n<meta property=\"og:title\" content=\"Scheriproct\u00ae Voide - Scheriproct\" \/>\n<meta property=\"og:description\" content=\"V\u00e4hent\u00e4\u00e4 kipua, tulehdusta ja kutinaa per\u00e4aukon alueella\" \/>\n<meta property=\"og:url\" content=\"https:\/\/scheriproct.com\/fi\/tuote\/scheriproct-voide\/\" \/>\n<meta property=\"og:site_name\" content=\"Scheriproct\" \/>\n<meta property=\"article:modified_time\" content=\"2026-02-20T08:39:10+00:00\" \/>\n<meta property=\"og:image\" content=\"https:\/\/scheriproct.com\/app\/uploads\/sites\/2\/2022\/06\/Scheriproct-Neo-Temp.png\" \/>\n\t<meta property=\"og:image:width\" content=\"1258\" \/>\n\t<meta property=\"og:image:height\" content=\"1258\" \/>\n\t<meta property=\"og:image:type\" content=\"image\/png\" \/>\n<meta name=\"twitter:card\" content=\"summary_large_image\" \/>\n<meta name=\"twitter:label1\" content=\"Est. reading time\" \/>\n\t<meta name=\"twitter:data1\" content=\"3 minutes\" \/>\n<script type=\"application\/ld+json\" class=\"yoast-schema-graph\">{\"@context\":\"https:\/\/schema.org\",\"@graph\":[{\"@type\":\"WebPage\",\"@id\":\"https:\/\/scheriproct.com\/fi\/tuote\/scheriproct-voide\/\",\"url\":\"https:\/\/scheriproct.com\/fi\/tuote\/scheriproct-voide\/\",\"name\":\"Scheriproct\u00ae Voide - Scheriproct\",\"isPartOf\":{\"@id\":\"https:\/\/scheriproct.com\/fi\/#website\"},\"primaryImageOfPage\":{\"@id\":\"https:\/\/scheriproct.com\/fi\/tuote\/scheriproct-voide\/#primaryimage\"},\"image\":{\"@id\":\"https:\/\/scheriproct.com\/fi\/tuote\/scheriproct-voide\/#primaryimage\"},\"thumbnailUrl\":\"https:\/\/scheriproct.com\/app\/uploads\/sites\/2\/2022\/06\/Scheriproct-Neo-Temp.png\",\"datePublished\":\"2022-06-07T13:43:07+00:00\",\"dateModified\":\"2026-02-20T08:39:10+00:00\",\"description\":\"V\u00e4hent\u00e4\u00e4 kipua, tulehdusta ja kutinaa per\u00e4aukon alueella\",\"breadcrumb\":{\"@id\":\"https:\/\/scheriproct.com\/fi\/tuote\/scheriproct-voide\/#breadcrumb\"},\"inLanguage\":\"fi-FI\",\"potentialAction\":[{\"@type\":\"ReadAction\",\"target\":[\"https:\/\/scheriproct.com\/fi\/tuote\/scheriproct-voide\/\"]}]},{\"@type\":\"ImageObject\",\"inLanguage\":\"fi-FI\",\"@id\":\"https:\/\/scheriproct.com\/fi\/tuote\/scheriproct-voide\/#primaryimage\",\"url\":\"https:\/\/scheriproct.com\/app\/uploads\/sites\/2\/2022\/06\/Scheriproct-Neo-Temp.png\",\"contentUrl\":\"https:\/\/scheriproct.com\/app\/uploads\/sites\/2\/2022\/06\/Scheriproct-Neo-Temp.png\",\"width\":1258,\"height\":1258,\"caption\":\"Scheriproct Neo\"},{\"@type\":\"BreadcrumbList\",\"@id\":\"https:\/\/scheriproct.com\/fi\/tuote\/scheriproct-voide\/#breadcrumb\",\"itemListElement\":[{\"@type\":\"ListItem\",\"position\":1,\"name\":\"Home\",\"item\":\"https:\/\/scheriproct.com\/fi\/\"},{\"@type\":\"ListItem\",\"position\":2,\"name\":\"Tuotteet\",\"item\":\"https:\/\/scheriproct.com\/fi\/tuotteet\/\"},{\"@type\":\"ListItem\",\"position\":3,\"name\":\"Scheriproct\u00ae Voide\"}]},{\"@type\":\"WebSite\",\"@id\":\"https:\/\/scheriproct.com\/fi\/#website\",\"url\":\"https:\/\/scheriproct.com\/fi\/\",\"name\":\"Scheriproct\",\"description\":\"\",\"publisher\":{\"@id\":\"https:\/\/scheriproct.com\/fi\/#organization\"},\"potentialAction\":[{\"@type\":\"SearchAction\",\"target\":{\"@type\":\"EntryPoint\",\"urlTemplate\":\"https:\/\/scheriproct.com\/fi\/?s={search_term_string}\"},\"query-input\":{\"@type\":\"PropertyValueSpecification\",\"valueRequired\":true,\"valueName\":\"search_term_string\"}}],\"inLanguage\":\"fi-FI\"},{\"@type\":\"Organization\",\"@id\":\"https:\/\/scheriproct.com\/fi\/#organization\",\"name\":\"Scheriproct\",\"url\":\"https:\/\/scheriproct.com\/fi\/\",\"logo\":{\"@type\":\"ImageObject\",\"inLanguage\":\"fi-FI\",\"@id\":\"https:\/\/scheriproct.com\/fi\/#\/schema\/logo\/image\/\",\"url\":\"https:\/\/scheriproct.com\/app\/uploads\/sites\/2\/2022\/06\/scheriproct-logo.png\",\"contentUrl\":\"https:\/\/scheriproct.com\/app\/uploads\/sites\/2\/2022\/06\/scheriproct-logo.png\",\"width\":143,\"height\":20,\"caption\":\"Scheriproct\"},\"image\":{\"@id\":\"https:\/\/scheriproct.com\/fi\/#\/schema\/logo\/image\/\"}}]}<\/script>\n<!-- \/ Yoast SEO plugin. -->","yoast_head_json":{"title":"Scheriproct\u00ae Voide - Scheriproct","description":"V\u00e4hent\u00e4\u00e4 kipua, tulehdusta ja kutinaa per\u00e4aukon alueella","robots":{"index":"index","follow":"follow","max-snippet":"max-snippet:-1","max-image-preview":"max-image-preview:large","max-video-preview":"max-video-preview:-1"},"canonical":"https:\/\/scheriproct.com\/fi\/tuote\/scheriproct-voide\/","og_locale":"fi_FI","og_type":"article","og_title":"Scheriproct\u00ae Voide - Scheriproct","og_description":"V\u00e4hent\u00e4\u00e4 kipua, tulehdusta ja kutinaa per\u00e4aukon alueella","og_url":"https:\/\/scheriproct.com\/fi\/tuote\/scheriproct-voide\/","og_site_name":"Scheriproct","article_modified_time":"2026-02-20T08:39:10+00:00","og_image":[{"width":1258,"height":1258,"url":"https:\/\/scheriproct.com\/app\/uploads\/sites\/2\/2022\/06\/Scheriproct-Neo-Temp.png","type":"image\/png"}],"twitter_card":"summary_large_image","twitter_misc":{"Est. reading time":"3 minutes"},"schema":{"@context":"https:\/\/schema.org","@graph":[{"@type":"WebPage","@id":"https:\/\/scheriproct.com\/fi\/tuote\/scheriproct-voide\/","url":"https:\/\/scheriproct.com\/fi\/tuote\/scheriproct-voide\/","name":"Scheriproct\u00ae Voide - Scheriproct","isPartOf":{"@id":"https:\/\/scheriproct.com\/fi\/#website"},"primaryImageOfPage":{"@id":"https:\/\/scheriproct.com\/fi\/tuote\/scheriproct-voide\/#primaryimage"},"image":{"@id":"https:\/\/scheriproct.com\/fi\/tuote\/scheriproct-voide\/#primaryimage"},"thumbnailUrl":"https:\/\/scheriproct.com\/app\/uploads\/sites\/2\/2022\/06\/Scheriproct-Neo-Temp.png","datePublished":"2022-06-07T13:43:07+00:00","dateModified":"2026-02-20T08:39:10+00:00","description":"V\u00e4hent\u00e4\u00e4 kipua, tulehdusta ja kutinaa per\u00e4aukon alueella","breadcrumb":{"@id":"https:\/\/scheriproct.com\/fi\/tuote\/scheriproct-voide\/#breadcrumb"},"inLanguage":"fi-FI","potentialAction":[{"@type":"ReadAction","target":["https:\/\/scheriproct.com\/fi\/tuote\/scheriproct-voide\/"]}]},{"@type":"ImageObject","inLanguage":"fi-FI","@id":"https:\/\/scheriproct.com\/fi\/tuote\/scheriproct-voide\/#primaryimage","url":"https:\/\/scheriproct.com\/app\/uploads\/sites\/2\/2022\/06\/Scheriproct-Neo-Temp.png","contentUrl":"https:\/\/scheriproct.com\/app\/uploads\/sites\/2\/2022\/06\/Scheriproct-Neo-Temp.png","width":1258,"height":1258,"caption":"Scheriproct Neo"},{"@type":"BreadcrumbList","@id":"https:\/\/scheriproct.com\/fi\/tuote\/scheriproct-voide\/#breadcrumb","itemListElement":[{"@type":"ListItem","position":1,"name":"Home","item":"https:\/\/scheriproct.com\/fi\/"},{"@type":"ListItem","position":2,"name":"Tuotteet","item":"https:\/\/scheriproct.com\/fi\/tuotteet\/"},{"@type":"ListItem","position":3,"name":"Scheriproct\u00ae Voide"}]},{"@type":"WebSite","@id":"https:\/\/scheriproct.com\/fi\/#website","url":"https:\/\/scheriproct.com\/fi\/","name":"Scheriproct","description":"","publisher":{"@id":"https:\/\/scheriproct.com\/fi\/#organization"},"potentialAction":[{"@type":"SearchAction","target":{"@type":"EntryPoint","urlTemplate":"https:\/\/scheriproct.com\/fi\/?s={search_term_string}"},"query-input":{"@type":"PropertyValueSpecification","valueRequired":true,"valueName":"search_term_string"}}],"inLanguage":"fi-FI"},{"@type":"Organization","@id":"https:\/\/scheriproct.com\/fi\/#organization","name":"Scheriproct","url":"https:\/\/scheriproct.com\/fi\/","logo":{"@type":"ImageObject","inLanguage":"fi-FI","@id":"https:\/\/scheriproct.com\/fi\/#\/schema\/logo\/image\/","url":"https:\/\/scheriproct.com\/app\/uploads\/sites\/2\/2022\/06\/scheriproct-logo.png","contentUrl":"https:\/\/scheriproct.com\/app\/uploads\/sites\/2\/2022\/06\/scheriproct-logo.png","width":143,"height":20,"caption":"Scheriproct"},"image":{"@id":"https:\/\/scheriproct.com\/fi\/#\/schema\/logo\/image\/"}}]}},"_links":{"self":[{"href":"https:\/\/scheriproct.com\/fi\/wp-json\/wp\/v2\/product\/139","targetHints":{"allow":["GET"]}}],"collection":[{"href":"https:\/\/scheriproct.com\/fi\/wp-json\/wp\/v2\/product"}],"about":[{"href":"https:\/\/scheriproct.com\/fi\/wp-json\/wp\/v2\/types\/product"}],"replies":[{"embeddable":true,"href":"https:\/\/scheriproct.com\/fi\/wp-json\/wp\/v2\/comments?post=139"}],"version-history":[{"count":10,"href":"https:\/\/scheriproct.com\/fi\/wp-json\/wp\/v2\/product\/139\/revisions"}],"predecessor-version":[{"id":323,"href":"https:\/\/scheriproct.com\/fi\/wp-json\/wp\/v2\/product\/139\/revisions\/323"}],"wp:featuredmedia":[{"embeddable":true,"href":"https:\/\/scheriproct.com\/fi\/wp-json\/wp\/v2\/media\/141"}],"wp:attachment":[{"href":"https:\/\/scheriproct.com\/fi\/wp-json\/wp\/v2\/media?parent=139"}],"wp:term":[{"taxonomy":"product_brand","embeddable":true,"href":"https:\/\/scheriproct.com\/fi\/wp-json\/wp\/v2\/product_brand?post=139"},{"taxonomy":"product_cat","embeddable":true,"href":"https:\/\/scheriproct.com\/fi\/wp-json\/wp\/v2\/product_cat?post=139"},{"taxonomy":"product_tag","embeddable":true,"href":"https:\/\/scheriproct.com\/fi\/wp-json\/wp\/v2\/product_tag?post=139"}],"curies":[{"name":"wp","href":"https:\/\/api.w.org\/{rel}","templated":true}]}}