{"id":134,"date":"2022-06-07T16:40:51","date_gmt":"2022-06-07T13:40:51","guid":{"rendered":"https:\/\/scheriproct.com\/fi\/?post_type=product&#038;p=134"},"modified":"2026-01-21T09:47:48","modified_gmt":"2026-01-21T07:47:48","slug":"scheriproct-perapuikot","status":"publish","type":"product","link":"https:\/\/scheriproct.com\/fi\/tuote\/scheriproct-perapuikot\/","title":{"rendered":"Scheriproct\u00ae Per\u00e4puikot"},"content":{"rendered":"\n<div class=\"wp-block-karopharma-accordions is-style-secondary\"><div class=\"container\">\n<details class=\"wp-block-karopharma-accordion\"><summary><h2 class=\"accordion-title\">Tietoa t\u00e4st\u00e4 tuotteesta:<\/h2><\/summary><div class=\"accordion-content\">\n<p>Scheriproct<sup>\u00ae<\/sup>-per\u00e4puikkojen koostumus on kaksitehoinen: ne sis\u00e4lt\u00e4v\u00e4t sek\u00e4 puuduteainetta ett\u00e4 kortikosteroidia, jotka lievitt\u00e4v\u00e4t kipua ja v\u00e4hent\u00e4v\u00e4t tulehdusta samanaikaisesti ja tehokkaasti. T\u00e4m\u00e4 vaikuttava yhdistelm\u00e4 on auttanut ihmisi\u00e4 p\u00e4\u00e4sem\u00e4\u00e4n eroon per\u00e4pukamaoireista yli 50 vuoden ajan, ja hoito t\u00e4ll\u00e4 yhdistelm\u00e4ll\u00e4 tehoaa per\u00e4aukon kutinaan, turvotukseen, kipuun, tulehdukseen ja arkuuteen.<\/p>\n\n\n\n<p>Scheriproct<sup>\u00ae<\/sup>-per\u00e4puikkoja voi ostaa ilman resepti\u00e4 useimmista apteekeista samoin kuin verkosta. Niit\u00e4 on saatavana my\u00f6s Kombi-yhdistelm\u00e4pakkauksessa yhdess\u00e4 Scheriproct<sup>\u00ae<\/sup>-voiteen kanssa, jolloin molempien eduista voi hy\u00f6ty\u00e4 samanaikaisesti. Muista, ett\u00e4 mit\u00e4 nopeammin ryhdyt hoitamaan oireita, sit\u00e4 todenn\u00e4k\u00f6isemmin ne h\u00e4vi\u00e4v\u00e4t!<\/p>\n<\/div><\/details>\n\n\n\n<details class=\"wp-block-karopharma-accordion\"><summary><h2 class=\"accordion-title\">K\u00e4ytt\u00f6ohjeet<\/h2><\/summary><div class=\"accordion-content\">\n<p>Jotta kipu ja kutina helpottaisivat nopeasti, aseta yksi Scheriproct\u00ae Per\u00e4puikko syv\u00e4lle per\u00e4suoleen joka p\u00e4iv\u00e4. Jos oireesi ovat vaikeita, voit suurentaa annosta siten, ett\u00e4 k\u00e4yt\u00e4t hoidon alussa kaksi tai kolme per\u00e4puikkoa p\u00e4iv\u00e4ss\u00e4. Kun olosi alkaa helpottua, voit v\u00e4hent\u00e4\u00e4 annosta siten, ett\u00e4 k\u00e4yt\u00e4t yhden per\u00e4puikon joka toinen p\u00e4iv\u00e4.<\/p>\n\n\n\n<p>Per\u00e4puikot pehmenev\u00e4t usein l\u00e4mpim\u00e4ss\u00e4, mink\u00e4 vuoksi ne pit\u00e4\u00e4 s\u00e4ilytt\u00e4\u00e4 j\u00e4\u00e4kaapissa. Jos per\u00e4puikko on pehmennyt, laita se kylm\u00e4\u00e4n veteen 30 minuutiksi ennen suojak\u00e4\u00e4reen avaamista. Paras aika per\u00e4puikon asettamiseen on suolen tyhjent\u00e4misen j\u00e4lkeen. Pese ensin k\u00e4det ja per\u00e4aukon seutu, ja painele se kuivaksi hankaamatta. Ota sitten per\u00e4puikko k\u00e4\u00e4reest\u00e4 ja ty\u00f6nn\u00e4 se varovasti per\u00e4aukkoon. Per\u00e4puikon asettaminen voi olla helpompaa kyykkysill\u00e4\u00e4n tai siten, ett\u00e4 seisot lattialla toinen jalka tuolille asetettuna. Voit my\u00f6s maata kyljell\u00e4si toinen jalka koukussa ja toinen suorana. Istu tai makaa sitten paikoillasi noin 15 minuutin ajan, jotta per\u00e4puikko saa sulaa rauhassa.<sup>1<\/sup><\/p>\n\n\n\n<ol class=\"wp-block-list\"><li><sup>1<\/sup> <a href=\"https:\/\/www.nhs.uk\/medicines\/hydrocortisone-for-piles-and-itchy-bottom\/\" target=\"_blank\" rel=\"noreferrer noopener\">www.nhs.uk\/medicines\/hydrocortisone-for-piles-and-itchy-bottom\/<\/a> 2020-10-31<\/li><\/ol>\n<\/div><\/details>\n\n\n\n<details class=\"wp-block-karopharma-accordion\"><summary><h2 class=\"accordion-title\">Vaikutus<\/h2><\/summary><div class=\"accordion-content\">\n<p>L\u00e4\u00e4k\u00e4rit suosittelevat per\u00e4pukamien hoitoon usein per\u00e4puikkoja, koska niist\u00e4 l\u00e4\u00e4ke imeytyy per\u00e4suoleen helposti ja tehokkaasti.<sup>2<\/sup> Scheriproct<sup>\u00ae<\/sup> Per\u00e4puikot sis\u00e4lt\u00e4v\u00e4t kahta vaikuttavaa ainetta, prednisolonia (kortikosteroidi) tulehduksen lievitt\u00e4miseen ja sinkokaiinia (puudute) kivun v\u00e4hent\u00e4miseen. Per\u00e4puikot on tarkoitettu lyhytaikaiseen hoitoon. Niiden avulla vaiva helpottuu nopeasti, mutta silti hoitoa on silti jatkettava ainakin viikon ajan uusiutumien v\u00e4ltt\u00e4miseksi. Jos et huomaa lainkaan paranemaa 2\u20133 viikossa tai jos oireet pahenevat, ota yhteys l\u00e4\u00e4k\u00e4riin tai muuhun terveydenhuollon ammattilaiseen.<\/p>\n\n\n\n<p><sup>2<\/sup> <a href=\"https:\/\/www.europeanreview.org\/wp\/wp-content\/uploads\/438.pdf\" target=\"_blank\" rel=\"noreferrer noopener\">www.europeanreview.org\/wp\/wp-content\/uploads\/438.pdf <\/a>2020-10-31<\/p>\n<\/div><\/details>\n<\/div><\/div>\n","protected":false},"excerpt":{"rendered":"<p>V\u00e4hent\u00e4\u00e4 kipua, tulehdusta ja kutinaa per\u00e4aukon alueella<\/p>\n","protected":false},"featured_media":136,"comment_status":"closed","ping_status":"closed","template":"","meta":{"_acf_changed":false,"footnotes":""},"product_brand":[],"product_cat":[],"product_tag":[],"class_list":{"0":"post-134","1":"product","2":"type-product","3":"status-publish","4":"has-post-thumbnail","7":"first","8":"instock","9":"shipping-taxable","10":"product-type-simple"},"acf":[],"yoast_head":"<!-- This site is optimized with the Yoast SEO plugin v26.6 - https:\/\/yoast.com\/wordpress\/plugins\/seo\/ -->\n<title>Scheriproct\u00ae Per\u00e4puikot - Scheriproct<\/title>\n<meta name=\"description\" content=\"Jos k\u00e4rsit per\u00e4pukamien tai per\u00e4aukon haavaumien aiheuttamasta kivusta ja kutinasta, Scheriproct-per\u00e4puikot voivat olla avuksi.\" \/>\n<meta name=\"robots\" content=\"index, follow, max-snippet:-1, max-image-preview:large, max-video-preview:-1\" \/>\n<link rel=\"canonical\" href=\"https:\/\/scheriproct.com\/fi\/tuote\/scheriproct-perapuikot\/\" \/>\n<meta property=\"og:locale\" content=\"fi_FI\" \/>\n<meta property=\"og:type\" content=\"article\" \/>\n<meta property=\"og:title\" content=\"Scheriproct\u00ae Per\u00e4puikot - Scheriproct\" \/>\n<meta property=\"og:description\" content=\"Jos k\u00e4rsit per\u00e4pukamien tai per\u00e4aukon haavaumien aiheuttamasta kivusta ja kutinasta, Scheriproct-per\u00e4puikot voivat olla avuksi.\" \/>\n<meta property=\"og:url\" content=\"https:\/\/scheriproct.com\/fi\/tuote\/scheriproct-perapuikot\/\" \/>\n<meta property=\"og:site_name\" content=\"Scheriproct\" \/>\n<meta property=\"article:modified_time\" content=\"2026-01-21T07:47:48+00:00\" \/>\n<meta property=\"og:image\" content=\"https:\/\/scheriproct.com\/app\/uploads\/sites\/2\/2022\/06\/Scheriproct-perapuikot-1.png\" \/>\n\t<meta property=\"og:image:width\" content=\"1400\" \/>\n\t<meta property=\"og:image:height\" content=\"1400\" \/>\n\t<meta property=\"og:image:type\" content=\"image\/png\" \/>\n<meta name=\"twitter:card\" content=\"summary_large_image\" \/>\n<meta name=\"twitter:label1\" content=\"Est. reading time\" \/>\n\t<meta name=\"twitter:data1\" content=\"3 minutes\" \/>\n<script type=\"application\/ld+json\" class=\"yoast-schema-graph\">{\"@context\":\"https:\/\/schema.org\",\"@graph\":[{\"@type\":\"WebPage\",\"@id\":\"https:\/\/scheriproct.com\/fi\/tuote\/scheriproct-perapuikot\/\",\"url\":\"https:\/\/scheriproct.com\/fi\/tuote\/scheriproct-perapuikot\/\",\"name\":\"Scheriproct\u00ae Per\u00e4puikot - Scheriproct\",\"isPartOf\":{\"@id\":\"https:\/\/scheriproct.com\/fi\/#website\"},\"primaryImageOfPage\":{\"@id\":\"https:\/\/scheriproct.com\/fi\/tuote\/scheriproct-perapuikot\/#primaryimage\"},\"image\":{\"@id\":\"https:\/\/scheriproct.com\/fi\/tuote\/scheriproct-perapuikot\/#primaryimage\"},\"thumbnailUrl\":\"https:\/\/scheriproct.com\/app\/uploads\/sites\/2\/2022\/06\/Scheriproct-perapuikot-1.png\",\"datePublished\":\"2022-06-07T13:40:51+00:00\",\"dateModified\":\"2026-01-21T07:47:48+00:00\",\"description\":\"Jos k\u00e4rsit per\u00e4pukamien tai per\u00e4aukon haavaumien aiheuttamasta kivusta ja kutinasta, Scheriproct-per\u00e4puikot voivat olla avuksi.\",\"breadcrumb\":{\"@id\":\"https:\/\/scheriproct.com\/fi\/tuote\/scheriproct-perapuikot\/#breadcrumb\"},\"inLanguage\":\"fi-FI\",\"potentialAction\":[{\"@type\":\"ReadAction\",\"target\":[\"https:\/\/scheriproct.com\/fi\/tuote\/scheriproct-perapuikot\/\"]}]},{\"@type\":\"ImageObject\",\"inLanguage\":\"fi-FI\",\"@id\":\"https:\/\/scheriproct.com\/fi\/tuote\/scheriproct-perapuikot\/#primaryimage\",\"url\":\"https:\/\/scheriproct.com\/app\/uploads\/sites\/2\/2022\/06\/Scheriproct-perapuikot-1.png\",\"contentUrl\":\"https:\/\/scheriproct.com\/app\/uploads\/sites\/2\/2022\/06\/Scheriproct-perapuikot-1.png\",\"width\":1400,\"height\":1400,\"caption\":\"Scheriproct Neo Per\u00e4puikko\"},{\"@type\":\"BreadcrumbList\",\"@id\":\"https:\/\/scheriproct.com\/fi\/tuote\/scheriproct-perapuikot\/#breadcrumb\",\"itemListElement\":[{\"@type\":\"ListItem\",\"position\":1,\"name\":\"Home\",\"item\":\"https:\/\/scheriproct.com\/fi\/\"},{\"@type\":\"ListItem\",\"position\":2,\"name\":\"Tuotteet\",\"item\":\"https:\/\/scheriproct.com\/fi\/tuotteet\/\"},{\"@type\":\"ListItem\",\"position\":3,\"name\":\"Scheriproct\u00ae Per\u00e4puikot\"}]},{\"@type\":\"WebSite\",\"@id\":\"https:\/\/scheriproct.com\/fi\/#website\",\"url\":\"https:\/\/scheriproct.com\/fi\/\",\"name\":\"Scheriproct\",\"description\":\"\",\"publisher\":{\"@id\":\"https:\/\/scheriproct.com\/fi\/#organization\"},\"potentialAction\":[{\"@type\":\"SearchAction\",\"target\":{\"@type\":\"EntryPoint\",\"urlTemplate\":\"https:\/\/scheriproct.com\/fi\/?s={search_term_string}\"},\"query-input\":{\"@type\":\"PropertyValueSpecification\",\"valueRequired\":true,\"valueName\":\"search_term_string\"}}],\"inLanguage\":\"fi-FI\"},{\"@type\":\"Organization\",\"@id\":\"https:\/\/scheriproct.com\/fi\/#organization\",\"name\":\"Scheriproct\",\"url\":\"https:\/\/scheriproct.com\/fi\/\",\"logo\":{\"@type\":\"ImageObject\",\"inLanguage\":\"fi-FI\",\"@id\":\"https:\/\/scheriproct.com\/fi\/#\/schema\/logo\/image\/\",\"url\":\"https:\/\/scheriproct.com\/app\/uploads\/sites\/2\/2022\/06\/scheriproct-logo.png\",\"contentUrl\":\"https:\/\/scheriproct.com\/app\/uploads\/sites\/2\/2022\/06\/scheriproct-logo.png\",\"width\":143,\"height\":20,\"caption\":\"Scheriproct\"},\"image\":{\"@id\":\"https:\/\/scheriproct.com\/fi\/#\/schema\/logo\/image\/\"}}]}<\/script>\n<!-- \/ Yoast SEO plugin. -->","yoast_head_json":{"title":"Scheriproct\u00ae Per\u00e4puikot - Scheriproct","description":"Jos k\u00e4rsit per\u00e4pukamien tai per\u00e4aukon haavaumien aiheuttamasta kivusta ja kutinasta, Scheriproct-per\u00e4puikot voivat olla avuksi.","robots":{"index":"index","follow":"follow","max-snippet":"max-snippet:-1","max-image-preview":"max-image-preview:large","max-video-preview":"max-video-preview:-1"},"canonical":"https:\/\/scheriproct.com\/fi\/tuote\/scheriproct-perapuikot\/","og_locale":"fi_FI","og_type":"article","og_title":"Scheriproct\u00ae Per\u00e4puikot - Scheriproct","og_description":"Jos k\u00e4rsit per\u00e4pukamien tai per\u00e4aukon haavaumien aiheuttamasta kivusta ja kutinasta, Scheriproct-per\u00e4puikot voivat olla avuksi.","og_url":"https:\/\/scheriproct.com\/fi\/tuote\/scheriproct-perapuikot\/","og_site_name":"Scheriproct","article_modified_time":"2026-01-21T07:47:48+00:00","og_image":[{"width":1400,"height":1400,"url":"https:\/\/scheriproct.com\/app\/uploads\/sites\/2\/2022\/06\/Scheriproct-perapuikot-1.png","type":"image\/png"}],"twitter_card":"summary_large_image","twitter_misc":{"Est. reading time":"3 minutes"},"schema":{"@context":"https:\/\/schema.org","@graph":[{"@type":"WebPage","@id":"https:\/\/scheriproct.com\/fi\/tuote\/scheriproct-perapuikot\/","url":"https:\/\/scheriproct.com\/fi\/tuote\/scheriproct-perapuikot\/","name":"Scheriproct\u00ae Per\u00e4puikot - Scheriproct","isPartOf":{"@id":"https:\/\/scheriproct.com\/fi\/#website"},"primaryImageOfPage":{"@id":"https:\/\/scheriproct.com\/fi\/tuote\/scheriproct-perapuikot\/#primaryimage"},"image":{"@id":"https:\/\/scheriproct.com\/fi\/tuote\/scheriproct-perapuikot\/#primaryimage"},"thumbnailUrl":"https:\/\/scheriproct.com\/app\/uploads\/sites\/2\/2022\/06\/Scheriproct-perapuikot-1.png","datePublished":"2022-06-07T13:40:51+00:00","dateModified":"2026-01-21T07:47:48+00:00","description":"Jos k\u00e4rsit per\u00e4pukamien tai per\u00e4aukon haavaumien aiheuttamasta kivusta ja kutinasta, Scheriproct-per\u00e4puikot voivat olla avuksi.","breadcrumb":{"@id":"https:\/\/scheriproct.com\/fi\/tuote\/scheriproct-perapuikot\/#breadcrumb"},"inLanguage":"fi-FI","potentialAction":[{"@type":"ReadAction","target":["https:\/\/scheriproct.com\/fi\/tuote\/scheriproct-perapuikot\/"]}]},{"@type":"ImageObject","inLanguage":"fi-FI","@id":"https:\/\/scheriproct.com\/fi\/tuote\/scheriproct-perapuikot\/#primaryimage","url":"https:\/\/scheriproct.com\/app\/uploads\/sites\/2\/2022\/06\/Scheriproct-perapuikot-1.png","contentUrl":"https:\/\/scheriproct.com\/app\/uploads\/sites\/2\/2022\/06\/Scheriproct-perapuikot-1.png","width":1400,"height":1400,"caption":"Scheriproct Neo Per\u00e4puikko"},{"@type":"BreadcrumbList","@id":"https:\/\/scheriproct.com\/fi\/tuote\/scheriproct-perapuikot\/#breadcrumb","itemListElement":[{"@type":"ListItem","position":1,"name":"Home","item":"https:\/\/scheriproct.com\/fi\/"},{"@type":"ListItem","position":2,"name":"Tuotteet","item":"https:\/\/scheriproct.com\/fi\/tuotteet\/"},{"@type":"ListItem","position":3,"name":"Scheriproct\u00ae Per\u00e4puikot"}]},{"@type":"WebSite","@id":"https:\/\/scheriproct.com\/fi\/#website","url":"https:\/\/scheriproct.com\/fi\/","name":"Scheriproct","description":"","publisher":{"@id":"https:\/\/scheriproct.com\/fi\/#organization"},"potentialAction":[{"@type":"SearchAction","target":{"@type":"EntryPoint","urlTemplate":"https:\/\/scheriproct.com\/fi\/?s={search_term_string}"},"query-input":{"@type":"PropertyValueSpecification","valueRequired":true,"valueName":"search_term_string"}}],"inLanguage":"fi-FI"},{"@type":"Organization","@id":"https:\/\/scheriproct.com\/fi\/#organization","name":"Scheriproct","url":"https:\/\/scheriproct.com\/fi\/","logo":{"@type":"ImageObject","inLanguage":"fi-FI","@id":"https:\/\/scheriproct.com\/fi\/#\/schema\/logo\/image\/","url":"https:\/\/scheriproct.com\/app\/uploads\/sites\/2\/2022\/06\/scheriproct-logo.png","contentUrl":"https:\/\/scheriproct.com\/app\/uploads\/sites\/2\/2022\/06\/scheriproct-logo.png","width":143,"height":20,"caption":"Scheriproct"},"image":{"@id":"https:\/\/scheriproct.com\/fi\/#\/schema\/logo\/image\/"}}]}},"_links":{"self":[{"href":"https:\/\/scheriproct.com\/fi\/wp-json\/wp\/v2\/product\/134","targetHints":{"allow":["GET"]}}],"collection":[{"href":"https:\/\/scheriproct.com\/fi\/wp-json\/wp\/v2\/product"}],"about":[{"href":"https:\/\/scheriproct.com\/fi\/wp-json\/wp\/v2\/types\/product"}],"replies":[{"embeddable":true,"href":"https:\/\/scheriproct.com\/fi\/wp-json\/wp\/v2\/comments?post=134"}],"version-history":[{"count":8,"href":"https:\/\/scheriproct.com\/fi\/wp-json\/wp\/v2\/product\/134\/revisions"}],"predecessor-version":[{"id":321,"href":"https:\/\/scheriproct.com\/fi\/wp-json\/wp\/v2\/product\/134\/revisions\/321"}],"wp:featuredmedia":[{"embeddable":true,"href":"https:\/\/scheriproct.com\/fi\/wp-json\/wp\/v2\/media\/136"}],"wp:attachment":[{"href":"https:\/\/scheriproct.com\/fi\/wp-json\/wp\/v2\/media?parent=134"}],"wp:term":[{"taxonomy":"product_brand","embeddable":true,"href":"https:\/\/scheriproct.com\/fi\/wp-json\/wp\/v2\/product_brand?post=134"},{"taxonomy":"product_cat","embeddable":true,"href":"https:\/\/scheriproct.com\/fi\/wp-json\/wp\/v2\/product_cat?post=134"},{"taxonomy":"product_tag","embeddable":true,"href":"https:\/\/scheriproct.com\/fi\/wp-json\/wp\/v2\/product_tag?post=134"}],"curies":[{"name":"wp","href":"https:\/\/api.w.org\/{rel}","templated":true}]}}