{"id":104,"date":"2022-06-07T15:42:01","date_gmt":"2022-06-07T12:42:01","guid":{"rendered":"https:\/\/scheriproct.com\/fi\/?page_id=104"},"modified":"2024-10-18T12:10:52","modified_gmt":"2024-10-18T09:10:52","slug":"usein-kysyttya","status":"publish","type":"page","link":"https:\/\/scheriproct.com\/fi\/usein-kysyttya\/","title":{"rendered":"Usein kysytty\u00e4"},"content":{"rendered":"\n<div class=\"wp-block-karopharma-free-text pt-large pb-large bg-center bg-cover bg-no-repeat bg-box undefined\" style=\"background-image:url(https:\/\/scheriproct.com\/cdn-cgi\/image\/format=auto\/app\/uploads\/sites\/2\/2022\/06\/background-1.png)\"><div class=\"free-text-wrapper container max-w-medium text-center\">\n<h1 class=\"is-style-heading-huge wp-block-heading\" id=\"usein-kysyttya\">Usein kysytty\u00e4<\/h1>\n<\/div><\/div>\n\n\n\n<div class=\"wp-block-karopharma-accordions is-style-transparent\"><div class=\"container\">\n<details class=\"wp-block-karopharma-accordion\"><summary><h2 class=\"accordion-title\">Mit\u00e4 Scheriproct on ja mihin sit\u00e4 k\u00e4ytet\u00e4\u00e4n?<\/h2><\/summary><div class=\"accordion-content\">\n<figure class=\"wp-block-image size-large is-resized\"><img loading=\"lazy\" decoding=\"async\" src=\"https:\/\/scheriproct.com\/app\/uploads\/sites\/2\/2022\/06\/analitch-1400x933-1-1024x682.jpeg\" alt=\"Per\u00e4aukon kutina\" class=\"wp-image-115\" width=\"512\" height=\"341\" srcset=\"https:\/\/scheriproct.com\/app\/uploads\/sites\/2\/2022\/06\/analitch-1400x933-1-1024x682.jpeg 1024w, https:\/\/scheriproct.com\/app\/uploads\/sites\/2\/2022\/06\/analitch-1400x933-1-320x213.jpeg 320w, https:\/\/scheriproct.com\/app\/uploads\/sites\/2\/2022\/06\/analitch-1400x933-1-768x512.jpeg 768w, https:\/\/scheriproct.com\/app\/uploads\/sites\/2\/2022\/06\/analitch-1400x933-1-600x400.jpeg 600w, https:\/\/scheriproct.com\/app\/uploads\/sites\/2\/2022\/06\/analitch-1400x933-1.jpeg 1400w\" sizes=\"auto, (max-width: 512px) 100vw, 512px\" \/><\/figure>\n\n\n\n<p>Scheriproct on paikallinen eli topikaalinen l\u00e4\u00e4ke, jota k\u00e4ytet\u00e4\u00e4n lievitt\u00e4m\u00e4\u00e4n per\u00e4pukamien ja per\u00e4aukon haavaumien oireita, kuten tulehdusta, turvotusta, kutinaa ja arkuutta. Sit\u00e4 k\u00e4ytet\u00e4\u00e4n my\u00f6s lievitt\u00e4m\u00e4\u00e4n per\u00e4aukon kutinaa.<\/p>\n<\/div><\/details>\n\n\n\n<details class=\"wp-block-karopharma-accordion\"><summary><h2 class=\"accordion-title\">Mit\u00e4 Scheriproct sis\u00e4lt\u00e4\u00e4?<\/h2><\/summary><div class=\"accordion-content\">\n<p>Scheriproct sis\u00e4lt\u00e4\u00e4 tulehdusta lievitt\u00e4v\u00e4\u00e4 ainetta (prednisoloni) ja kipua v\u00e4hent\u00e4v\u00e4\u00e4 puudutetta (sinkokaiini). Scheriproct Neo -voiteen muut ainesosat ovat makrogolimonorisiinioleaatti-400, risiini\u00f6ljy, oktyylidodekanoli ja hajuste (Chypre-\u00f6ljy). Scheriproct Neo -per\u00e4puikkojen muut aineet ovat kovarasva.<\/p>\n<\/div><\/details>\n\n\n\n<details class=\"wp-block-karopharma-accordion\"><summary><h2 class=\"accordion-title\">Scheriproct-valmisteen s\u00e4ilytt\u00e4minen<\/h2><\/summary><div class=\"accordion-content\">\n<p>S\u00e4ilyt\u00e4 Scheriproct-voidetta alle 25 \u00b0C:n l\u00e4mp\u00f6tilassa.<br>S\u00e4ilyt\u00e4 Scheriproct-per\u00e4puikkoja ja yhdistelm\u00e4pakkausta j\u00e4\u00e4kaapissa (2 \u00b0C \u2013 8 \u00b0C).<\/p>\n<\/div><\/details>\n\n\n\n<details class=\"wp-block-karopharma-accordion\"><summary><h2 class=\"accordion-title\">Mit\u00e4 Scheriproct-voidepakkaus sis\u00e4lt\u00e4\u00e4?<\/h2><\/summary><div class=\"accordion-content\">\n<p>Scheriproct-voide on v\u00e4rit\u00f6n tai kellert\u00e4v\u00e4 voide, joka toimitetaan 30 g:n putkilossa. Pakkauksessa on mukana erillinen muovikanyyli.<\/p>\n<\/div><\/details>\n\n\n\n<details class=\"wp-block-karopharma-accordion\"><summary><h2 class=\"accordion-title\">Voiko Scheriproct-voidetta ja Scheriproct-per\u00e4puikkoja k\u00e4ytt\u00e4\u00e4 yhdess\u00e4?<\/h2><\/summary><div class=\"accordion-content\">\n<p>Scheriproct-voidetta ja Scheriproct-per\u00e4puikkoja voidaan k\u00e4ytt\u00e4\u00e4 yhdess\u00e4 oireiden lievitt\u00e4miseen per\u00e4aukossa ja sen ymp\u00e4rist\u00f6ss\u00e4. Levit\u00e4 voidetta per\u00e4aukon seudulle ja ty\u00f6nn\u00e4 per\u00e4puikko per\u00e4aukon sis\u00e4\u00e4n. Yhdistelm\u00e4hoito auttaa lievitt\u00e4m\u00e4\u00e4n sis\u00e4isten per\u00e4pukamien aiheuttamia oireita per\u00e4suolessa hoitaen samalla my\u00f6s per\u00e4aukon kutinaa tai per\u00e4aukon haavaumia.<\/p>\n<\/div><\/details>\n<\/div><\/div>\n","protected":false},"excerpt":{"rendered":"","protected":false},"author":2,"featured_media":0,"parent":0,"menu_order":0,"comment_status":"closed","ping_status":"closed","template":"","meta":{"_acf_changed":false,"footnotes":""},"from-article-database":[],"class_list":["post-104","page","type-page","status-publish","hentry"],"acf":[],"yoast_head":"<!-- This site is optimized with the Yoast SEO plugin v26.6 - https:\/\/yoast.com\/wordpress\/plugins\/seo\/ -->\n<title>Usein kysytty\u00e4 - Scheriproct<\/title>\n<meta name=\"description\" content=\"Usein kysytty\u00e4 - Mit\u00e4 Scheriproct on ja mihin sit\u00e4 k\u00e4ytet\u00e4\u00e4n? - Mit\u00e4 Scheriproct sis\u00e4lt\u00e4\u00e4? - Scheriproct-valmisteen s\u00e4ilytt\u00e4minen\" \/>\n<meta name=\"robots\" content=\"index, follow, max-snippet:-1, max-image-preview:large, max-video-preview:-1\" \/>\n<link rel=\"canonical\" href=\"https:\/\/scheriproct.com\/fi\/usein-kysyttya\/\" \/>\n<meta property=\"og:locale\" content=\"fi_FI\" \/>\n<meta property=\"og:type\" content=\"article\" \/>\n<meta property=\"og:title\" content=\"Usein kysytty\u00e4 - Scheriproct\" \/>\n<meta property=\"og:description\" content=\"Usein kysytty\u00e4 - Mit\u00e4 Scheriproct on ja mihin sit\u00e4 k\u00e4ytet\u00e4\u00e4n? - Mit\u00e4 Scheriproct sis\u00e4lt\u00e4\u00e4? - Scheriproct-valmisteen s\u00e4ilytt\u00e4minen\" \/>\n<meta property=\"og:url\" content=\"https:\/\/scheriproct.com\/fi\/usein-kysyttya\/\" \/>\n<meta property=\"og:site_name\" content=\"Scheriproct\" \/>\n<meta property=\"article:modified_time\" content=\"2024-10-18T09:10:52+00:00\" \/>\n<meta property=\"og:image\" content=\"https:\/\/scheriproct.com\/app\/uploads\/sites\/2\/2022\/06\/analitch-1400x933-1-1024x682.jpeg\" \/>\n<meta name=\"twitter:card\" content=\"summary_large_image\" \/>\n<meta name=\"twitter:label1\" content=\"Est. reading time\" \/>\n\t<meta name=\"twitter:data1\" content=\"2 minutes\" \/>\n<script type=\"application\/ld+json\" class=\"yoast-schema-graph\">{\"@context\":\"https:\/\/schema.org\",\"@graph\":[{\"@type\":\"WebPage\",\"@id\":\"https:\/\/scheriproct.com\/fi\/usein-kysyttya\/\",\"url\":\"https:\/\/scheriproct.com\/fi\/usein-kysyttya\/\",\"name\":\"Usein kysytty\u00e4 - Scheriproct\",\"isPartOf\":{\"@id\":\"https:\/\/scheriproct.com\/fi\/#website\"},\"primaryImageOfPage\":{\"@id\":\"https:\/\/scheriproct.com\/fi\/usein-kysyttya\/#primaryimage\"},\"image\":{\"@id\":\"https:\/\/scheriproct.com\/fi\/usein-kysyttya\/#primaryimage\"},\"thumbnailUrl\":\"https:\/\/scheriproct.com\/app\/uploads\/sites\/2\/2022\/06\/analitch-1400x933-1-1024x682.jpeg\",\"datePublished\":\"2022-06-07T12:42:01+00:00\",\"dateModified\":\"2024-10-18T09:10:52+00:00\",\"description\":\"Usein kysytty\u00e4 - Mit\u00e4 Scheriproct on ja mihin sit\u00e4 k\u00e4ytet\u00e4\u00e4n? - Mit\u00e4 Scheriproct sis\u00e4lt\u00e4\u00e4? - Scheriproct-valmisteen s\u00e4ilytt\u00e4minen\",\"breadcrumb\":{\"@id\":\"https:\/\/scheriproct.com\/fi\/usein-kysyttya\/#breadcrumb\"},\"inLanguage\":\"fi-FI\",\"potentialAction\":[{\"@type\":\"ReadAction\",\"target\":[\"https:\/\/scheriproct.com\/fi\/usein-kysyttya\/\"]}]},{\"@type\":\"ImageObject\",\"inLanguage\":\"fi-FI\",\"@id\":\"https:\/\/scheriproct.com\/fi\/usein-kysyttya\/#primaryimage\",\"url\":\"https:\/\/scheriproct.com\/app\/uploads\/sites\/2\/2022\/06\/analitch-1400x933-1-1024x682.jpeg\",\"contentUrl\":\"https:\/\/scheriproct.com\/app\/uploads\/sites\/2\/2022\/06\/analitch-1400x933-1-1024x682.jpeg\"},{\"@type\":\"BreadcrumbList\",\"@id\":\"https:\/\/scheriproct.com\/fi\/usein-kysyttya\/#breadcrumb\",\"itemListElement\":[{\"@type\":\"ListItem\",\"position\":1,\"name\":\"Home\",\"item\":\"https:\/\/scheriproct.com\/fi\/\"},{\"@type\":\"ListItem\",\"position\":2,\"name\":\"Usein kysytty\u00e4\"}]},{\"@type\":\"WebSite\",\"@id\":\"https:\/\/scheriproct.com\/fi\/#website\",\"url\":\"https:\/\/scheriproct.com\/fi\/\",\"name\":\"Scheriproct\",\"description\":\"\",\"publisher\":{\"@id\":\"https:\/\/scheriproct.com\/fi\/#organization\"},\"potentialAction\":[{\"@type\":\"SearchAction\",\"target\":{\"@type\":\"EntryPoint\",\"urlTemplate\":\"https:\/\/scheriproct.com\/fi\/?s={search_term_string}\"},\"query-input\":{\"@type\":\"PropertyValueSpecification\",\"valueRequired\":true,\"valueName\":\"search_term_string\"}}],\"inLanguage\":\"fi-FI\"},{\"@type\":\"Organization\",\"@id\":\"https:\/\/scheriproct.com\/fi\/#organization\",\"name\":\"Scheriproct\",\"url\":\"https:\/\/scheriproct.com\/fi\/\",\"logo\":{\"@type\":\"ImageObject\",\"inLanguage\":\"fi-FI\",\"@id\":\"https:\/\/scheriproct.com\/fi\/#\/schema\/logo\/image\/\",\"url\":\"https:\/\/scheriproct.com\/app\/uploads\/sites\/2\/2022\/06\/scheriproct-logo.png\",\"contentUrl\":\"https:\/\/scheriproct.com\/app\/uploads\/sites\/2\/2022\/06\/scheriproct-logo.png\",\"width\":143,\"height\":20,\"caption\":\"Scheriproct\"},\"image\":{\"@id\":\"https:\/\/scheriproct.com\/fi\/#\/schema\/logo\/image\/\"}}]}<\/script>\n<!-- \/ Yoast SEO plugin. -->","yoast_head_json":{"title":"Usein kysytty\u00e4 - Scheriproct","description":"Usein kysytty\u00e4 - Mit\u00e4 Scheriproct on ja mihin sit\u00e4 k\u00e4ytet\u00e4\u00e4n? - Mit\u00e4 Scheriproct sis\u00e4lt\u00e4\u00e4? - Scheriproct-valmisteen s\u00e4ilytt\u00e4minen","robots":{"index":"index","follow":"follow","max-snippet":"max-snippet:-1","max-image-preview":"max-image-preview:large","max-video-preview":"max-video-preview:-1"},"canonical":"https:\/\/scheriproct.com\/fi\/usein-kysyttya\/","og_locale":"fi_FI","og_type":"article","og_title":"Usein kysytty\u00e4 - Scheriproct","og_description":"Usein kysytty\u00e4 - Mit\u00e4 Scheriproct on ja mihin sit\u00e4 k\u00e4ytet\u00e4\u00e4n? - Mit\u00e4 Scheriproct sis\u00e4lt\u00e4\u00e4? - Scheriproct-valmisteen s\u00e4ilytt\u00e4minen","og_url":"https:\/\/scheriproct.com\/fi\/usein-kysyttya\/","og_site_name":"Scheriproct","article_modified_time":"2024-10-18T09:10:52+00:00","og_image":[{"url":"https:\/\/scheriproct.com\/app\/uploads\/sites\/2\/2022\/06\/analitch-1400x933-1-1024x682.jpeg","type":"","width":"","height":""}],"twitter_card":"summary_large_image","twitter_misc":{"Est. reading time":"2 minutes"},"schema":{"@context":"https:\/\/schema.org","@graph":[{"@type":"WebPage","@id":"https:\/\/scheriproct.com\/fi\/usein-kysyttya\/","url":"https:\/\/scheriproct.com\/fi\/usein-kysyttya\/","name":"Usein kysytty\u00e4 - Scheriproct","isPartOf":{"@id":"https:\/\/scheriproct.com\/fi\/#website"},"primaryImageOfPage":{"@id":"https:\/\/scheriproct.com\/fi\/usein-kysyttya\/#primaryimage"},"image":{"@id":"https:\/\/scheriproct.com\/fi\/usein-kysyttya\/#primaryimage"},"thumbnailUrl":"https:\/\/scheriproct.com\/app\/uploads\/sites\/2\/2022\/06\/analitch-1400x933-1-1024x682.jpeg","datePublished":"2022-06-07T12:42:01+00:00","dateModified":"2024-10-18T09:10:52+00:00","description":"Usein kysytty\u00e4 - Mit\u00e4 Scheriproct on ja mihin sit\u00e4 k\u00e4ytet\u00e4\u00e4n? - Mit\u00e4 Scheriproct sis\u00e4lt\u00e4\u00e4? - Scheriproct-valmisteen s\u00e4ilytt\u00e4minen","breadcrumb":{"@id":"https:\/\/scheriproct.com\/fi\/usein-kysyttya\/#breadcrumb"},"inLanguage":"fi-FI","potentialAction":[{"@type":"ReadAction","target":["https:\/\/scheriproct.com\/fi\/usein-kysyttya\/"]}]},{"@type":"ImageObject","inLanguage":"fi-FI","@id":"https:\/\/scheriproct.com\/fi\/usein-kysyttya\/#primaryimage","url":"https:\/\/scheriproct.com\/app\/uploads\/sites\/2\/2022\/06\/analitch-1400x933-1-1024x682.jpeg","contentUrl":"https:\/\/scheriproct.com\/app\/uploads\/sites\/2\/2022\/06\/analitch-1400x933-1-1024x682.jpeg"},{"@type":"BreadcrumbList","@id":"https:\/\/scheriproct.com\/fi\/usein-kysyttya\/#breadcrumb","itemListElement":[{"@type":"ListItem","position":1,"name":"Home","item":"https:\/\/scheriproct.com\/fi\/"},{"@type":"ListItem","position":2,"name":"Usein kysytty\u00e4"}]},{"@type":"WebSite","@id":"https:\/\/scheriproct.com\/fi\/#website","url":"https:\/\/scheriproct.com\/fi\/","name":"Scheriproct","description":"","publisher":{"@id":"https:\/\/scheriproct.com\/fi\/#organization"},"potentialAction":[{"@type":"SearchAction","target":{"@type":"EntryPoint","urlTemplate":"https:\/\/scheriproct.com\/fi\/?s={search_term_string}"},"query-input":{"@type":"PropertyValueSpecification","valueRequired":true,"valueName":"search_term_string"}}],"inLanguage":"fi-FI"},{"@type":"Organization","@id":"https:\/\/scheriproct.com\/fi\/#organization","name":"Scheriproct","url":"https:\/\/scheriproct.com\/fi\/","logo":{"@type":"ImageObject","inLanguage":"fi-FI","@id":"https:\/\/scheriproct.com\/fi\/#\/schema\/logo\/image\/","url":"https:\/\/scheriproct.com\/app\/uploads\/sites\/2\/2022\/06\/scheriproct-logo.png","contentUrl":"https:\/\/scheriproct.com\/app\/uploads\/sites\/2\/2022\/06\/scheriproct-logo.png","width":143,"height":20,"caption":"Scheriproct"},"image":{"@id":"https:\/\/scheriproct.com\/fi\/#\/schema\/logo\/image\/"}}]}},"_links":{"self":[{"href":"https:\/\/scheriproct.com\/fi\/wp-json\/wp\/v2\/pages\/104","targetHints":{"allow":["GET"]}}],"collection":[{"href":"https:\/\/scheriproct.com\/fi\/wp-json\/wp\/v2\/pages"}],"about":[{"href":"https:\/\/scheriproct.com\/fi\/wp-json\/wp\/v2\/types\/page"}],"author":[{"embeddable":true,"href":"https:\/\/scheriproct.com\/fi\/wp-json\/wp\/v2\/users\/2"}],"replies":[{"embeddable":true,"href":"https:\/\/scheriproct.com\/fi\/wp-json\/wp\/v2\/comments?post=104"}],"version-history":[{"count":1,"href":"https:\/\/scheriproct.com\/fi\/wp-json\/wp\/v2\/pages\/104\/revisions"}],"predecessor-version":[{"id":116,"href":"https:\/\/scheriproct.com\/fi\/wp-json\/wp\/v2\/pages\/104\/revisions\/116"}],"wp:attachment":[{"href":"https:\/\/scheriproct.com\/fi\/wp-json\/wp\/v2\/media?parent=104"}],"wp:term":[{"taxonomy":"from-article-database","embeddable":true,"href":"https:\/\/scheriproct.com\/fi\/wp-json\/wp\/v2\/from-article-database?post=104"}],"curies":[{"name":"wp","href":"https:\/\/api.w.org\/{rel}","templated":true}]}}