{"id":483,"date":"2022-12-01T10:32:54","date_gmt":"2022-12-01T09:32:54","guid":{"rendered":"https:\/\/scheriproct.com\/be\/?page_id=483"},"modified":"2024-11-14T08:11:12","modified_gmt":"2024-11-14T07:11:12","slug":"anale-jeuk","status":"publish","type":"page","link":"https:\/\/scheriproct.com\/be\/nl\/anale-jeuk\/","title":{"rendered":"Anale jeuk"},"content":{"rendered":"\n<div class=\"wp-block-karopharma-free-text pt-medium pb-medium bg-center bg-cover bg-no-repeat bg-box\" style=\"background-image:url(https:\/\/scheriproct.com\/cdn-cgi\/image\/format=auto\/app\/uploads\/sites\/5\/2022\/06\/background-1.png)\"><div class=\"free-text-wrapper container max-w-medium text-center\">\n<h1 class=\"is-style-heading-huge wp-block-heading\">Anale jeuk<\/h1>\n\n\n\n<h2 class=\"is-style-heading-h2 wp-block-heading\">Wat is anale jeuk?<\/h2>\n\n\n\n<p>Als u vaak de aandrang voelt om aan uw achterste te krabben, bent u misschien een van de vele mensen die lijden aan pruritus ani, een meer aantrekkelijke, Latijnse term voor chronische anale jeuk. Hoe u het ook noemt, de symptomen van deze weinig prijzenswaardige maar vaak voorkomende aandoening kunnen vari\u00ebren van mild tot intens.<\/p>\n<\/div><\/div>\n\n\n\n<div class=\"wp-block-karopharma-product-promotion text-align-left pt-medium pb-medium bg-center bg-cover bg-no-repeat  is-style-secondary\" style=\"background-image:url()\"><div class=\"container max-w-medium\">\n<div class=\"wp-block-group is-layout-flow wp-block-group-is-layout-flow\">\n<figure class=\"wp-block-image size-full\"><img loading=\"lazy\" decoding=\"async\" width=\"640\" height=\"427\" src=\"https:\/\/scheriproct.com\/app\/uploads\/sites\/5\/2022\/12\/analitch-640x427-1.jpg\" alt=\"analitch-640x427\" class=\"wp-image-501\" srcset=\"https:\/\/scheriproct.com\/app\/uploads\/sites\/5\/2022\/12\/analitch-640x427-1.jpg 640w, https:\/\/scheriproct.com\/app\/uploads\/sites\/5\/2022\/12\/analitch-640x427-1-320x214.jpg 320w, https:\/\/scheriproct.com\/app\/uploads\/sites\/5\/2022\/12\/analitch-640x427-1-600x400.jpg 600w\" sizes=\"auto, (max-width: 640px) 100vw, 640px\" \/><\/figure>\n<\/div>\n\n\n\n<div class=\"wp-block-group is-layout-flow wp-block-group-is-layout-flow\">\n<p>Krabben omdat het jeukt verergert alleen maar het probleem en kan op zijn beurt tot een rode, brandende en pijnlijke anus leiden. In het slechtste geval kan een jeukende anus tot verminderde levenskwaliteit en zelfs tot depressie leiden. Pruritus ani treft 1-5 procent van de bevolking en komt vier keer zoveel voor bij mannen als bij vrouwen. Meestal wordt een pijnlijke, jeukende anus veroorzaakt door hemorro\u00efden of anale kloven , maar dit is zeker niet altijd het geval.<sup>1,2<\/sup><\/p>\n\n\n\n<p>Een erg jeukende aars kan erg g\u00eanant zijn, maar aarzel toch niet om hulp te zoeken. Hoe sneller u de symptomen behandelt, hoe groter de kans op succes.<\/p>\n<\/div>\n<\/div><\/div>\n\n\n\n<div class=\"wp-block-karopharma-free-text pt-medium pb-small bg-center bg-cover bg-no-repeat\" style=\"background-image:url()\"><div class=\"free-text-wrapper container max-w-medium text-left\">\n<h2 class=\"wp-block-heading\">Oorzaken van anale jeuk<\/h2>\n\n\n\n<p>Een jeukende anus kan wel honderd oorzaken hebben, of de oorzaak kan onbekend zijn. De meest voorkomende oorzaak van anal jeuk zijn hemorro\u00efden en anale kloven. Maar waarom jeuken aambeien? Wanneer hemorro\u00efden genezen, laten ze vaak huidschifers achter, die later kunnen beginnen jeuken. Hemorro\u00efden kunnen er ook toe leiden dat slijm of stoelgang naar buiten lekt en de huid rond de anus irriteert.<sup>3<\/sup><\/p>\n\n\n\n<p>Andere oorzaken van een jeukende aars zijn:<sup>4,5,6<\/sup><\/p>\n\n\n\n<ul class=\"is-style-default wp-block-list\"><li><strong>Overmatig wassen.<\/strong> Intensief schrobben met zeep of andere huidreinigende middelen kan de huid rond de anus uitdrogen en irriteren. In de plaats van de anus schoner te maken, hebben excessieve hygi\u00ebnepraktijken het tegengestelde effect doordat de huid zal proberen te compenseren door meer olie te produceren.<\/li><li><strong>Irriterende stoffen. <\/strong>Het gebruik van vochtige doekjes, intieme sprays, geparfumeerd toiletpapier en andere hygi\u00ebneproducten lokken soms een lokale allergische reactie rond de anus uit die jeuk veroorzaakt.<\/li><li><strong>Infecties.<\/strong> Aarsmaden, scabi\u00ebs, schimmelinfecties of seksueel overdraagbare aandoeningen kunnen allemaal een jeukende aars veroorzaken.<\/li><li><strong>Huidaandoeningen. <\/strong>Psoriasis en eczeem zijn twee voorbeelden van huidziektes die een pijnlijke, jeukende anus kunnen veroorzaken.<\/li><li><strong>Behandeling met antibiotica. <\/strong>Sommige breedspectrumantibiotica verstoren de darmflora, wat op zijn beurt anale jeuk kan uitlokken.<\/li><\/ul>\n\n\n\n<h2 class=\"is-style-heading-h2 wp-block-heading\">Hoe anale jeuk behandelen<\/h2>\n\n\n\n<p>Als hemorro\u00efden de boosdoener zijn, kunt u onmiddellijke verlichting ervaren door ze te behandelen een voorschriftvrije zalf die u vrij kunt krijgen bij uw plaatselijke apotheker. Als u ernstige symptomen ervaart of een zalf tegen een jeukende anus de symptomen binnen de 1-2 weken niet verlicht, zult u mogelijk een arts moeten raadplegen. U dient ook hulp te zoeken als u aanhoudende symptomen heeft en niet weet waardoor ze veroorzaakt worden, als u vermoeden heeft van een infectie of als u anale bloeding of verlies van ontlasting ervaart.<sup>7,8<\/sup><\/p>\n\n\n\n<h2 class=\"is-style-heading-h2 wp-block-heading\">Een jeukende anus voorkomen<\/h2>\n\n\n\n<p>De anus zuiver houden zonder te overdrijven kan al een grote stap zijn in het voorkomen dat uw aars gaat jeuken. Hier vindt u enkele nuttige tips om een vervelend jeukende anus te voorkomen:<sup>9,10,11<\/sup><\/p>\n\n\n\n<ul class=\"is-style-default wp-block-list\"><li>Geen zeep gebruiken en de anale zone niet grondig schrobben.<\/li><li>In de plaats van uzelf schoon te vegen met toiletpapier, dep zachtjes met een natte doek of gebruik een bidet om een beetje water op de anus te spatten. Vervolgens deppend drogen.<\/li><li>Vermijd geparfumeerde cr\u00e8mes, badoli\u00ebn of hygi\u00ebneproducten die irritatie kunnen veroorzaken.<\/li><li>Draag loszittend katoenen ondergoed dat u regelmatig ververst.<\/li><li>Volg een vezelrijk dieet om een gezonde spijsvertering te bevorderen en constipatie en diarree te voorkomen.<\/li><li>Vermijd voedingsmiddelen die de jeuk erger kunnen maken, zoals cafe\u00efnehoudende dranken, sterke kruiden en alcohol.<\/li><li>Tracht te weerstaan aan de jeuk om te krabben. Als u vooral \u2018s nachts het meeste hinder ondervindt van een jeukende anus, draag dan katoenen handschoenen in bed om te voorkomen dat u in uw slaap aan de huid krabt.<\/li><\/ul>\n<\/div><\/div>\n\n\n\n<div class=\"wp-block-karopharma-free-text pt-small pb-small bg-center bg-cover bg-no-repeat\" style=\"background-image:url()\"><div class=\"free-text-wrapper container max-w-medium text-left\">\n<p><strong>Referenties<\/strong><\/p>\n\n\n\n<ul class=\"is-style-default wp-block-list\"><li><a href=\"https:\/\/www.ncbi.nlm.nih.gov\/pmc\/articles\/PMC2647235\/\" target=\"_blank\" rel=\"noreferrer noopener\">https:\/\/www.ncbi.nlm.nih.gov\/pmc\/articles\/PMC2647235\/<\/a> 2020-10-20<\/li><li><a href=\"https:\/\/www.mayoclinic.org\/diseases-conditions\/anal-itching\/symptoms-causes\/syc-20369345\" target=\"_blank\" rel=\"noreferrer noopener\">https:\/\/www.mayoclinic.org\/diseases-conditions\/anal-itching\/symptoms-causes\/syc-20369345<\/a> 2020-10-21<\/li><li><a href=\"https:\/\/www.bupa.co.uk\/health-information\/digestive-gut-health\/haemorrhoids\" target=\"_blank\" rel=\"noreferrer noopener\">https:\/\/www.bupa.co.uk\/health-information\/digestive-gut-health\/haemorrhoids<\/a>. 2020-10-29<\/li><li><a href=\"https:\/\/www.health.harvard.edu\/a_to_z\/anal-itch-pruritus-ani-a-to-z\" target=\"_blank\" rel=\"noreferrer noopener\">https:\/\/www.health.harvard.edu\/a_to_z\/anal-itch-pruritus-ani-a-to-z<\/a> 2020-10-21<\/li><li><a href=\"https:\/\/health.clevelandclinic.org\/itchy-bottom-shouldnt-blame-hemorrhoids\/\" target=\"_blank\" rel=\"noreferrer noopener\">https:\/\/health.clevelandclinic.org\/itchy-bottom-shouldnt-blame-hemorrhoids\/<\/a> 2020-10-21<\/li><li><a href=\"https:\/\/www.nhsinform.scot\/illnesses-and-conditions\/skin-hair-and-nails\/itchy-bottom#causes-of-itchy-bottom\" target=\"_blank\" rel=\"noreferrer noopener\">https:\/\/www.nhsinform.scot\/illnesses-and-conditions\/skin-hair-and-nails\/itchy-bottom#causes-of-itchy-bottom<\/a> 2020-10-21<\/li><li><a href=\"https:\/\/www.mayoclinic.org\/diseases-conditions\/anal-itching\/symptoms-causes\/syc-20369345\" target=\"_blank\" rel=\"noreferrer noopener\">https:\/\/www.mayoclinic.org\/diseases-conditions\/anal-itching\/symptoms-causes\/syc-20369345<\/a> 2020-10-21<\/li><li><a href=\"https:\/\/www.health.harvard.edu\/a_to_z\/anal-itch-pruritus-ani-a-to-z\" target=\"_blank\" rel=\"noreferrer noopener\">https:\/\/www.health.harvard.edu\/a_to_z\/anal-itch-pruritus-ani-a-to-z<\/a> 2020-10-21<\/li><li><a href=\"https:\/\/www.nhs.uk\/conditions\/itchy-anus\/\" target=\"_blank\" rel=\"noreferrer noopener\">https:\/\/www.nhs.uk\/conditions\/itchy-anus\/<\/a> 2020-10-21<\/li><li><a href=\"https:\/\/www.health.harvard.edu\/a_to_z\/anal-itch-pruritus-ani-a-to-z\" target=\"_blank\" rel=\"noreferrer noopener\">https:\/\/www.health.harvard.edu\/a_to_z\/anal-itch-pruritus-ani-a-to-z<\/a> 2020-10-21<\/li><\/ul>\n<\/div><\/div>\n","protected":false},"excerpt":{"rendered":"","protected":false},"author":2,"featured_media":0,"parent":0,"menu_order":0,"comment_status":"closed","ping_status":"closed","template":"","meta":{"_acf_changed":false,"footnotes":""},"from-article-database":[],"class_list":["post-483","page","type-page","status-publish","hentry"],"acf":[],"yoast_head":"<!-- This site is optimized with the Yoast SEO plugin v26.6 - https:\/\/yoast.com\/wordpress\/plugins\/seo\/ -->\n<title>Anale jeuk - Scheriproct<\/title>\n<meta name=\"robots\" content=\"index, follow, max-snippet:-1, max-image-preview:large, max-video-preview:-1\" \/>\n<link rel=\"canonical\" href=\"https:\/\/scheriproct.com\/be\/nl\/anale-jeuk\/\" \/>\n<meta property=\"og:locale\" content=\"nl_BE\" \/>\n<meta property=\"og:type\" content=\"article\" \/>\n<meta property=\"og:title\" content=\"Anale jeuk - Scheriproct\" \/>\n<meta property=\"og:url\" content=\"https:\/\/scheriproct.com\/be\/nl\/anale-jeuk\/\" \/>\n<meta property=\"og:site_name\" content=\"Scheriproct\" \/>\n<meta property=\"article:modified_time\" content=\"2024-11-14T07:11:12+00:00\" \/>\n<meta property=\"og:image\" content=\"https:\/\/scheriproct.com\/app\/uploads\/sites\/5\/2022\/12\/analitch-640x427-1.jpg\" \/>\n<meta name=\"twitter:card\" content=\"summary_large_image\" \/>\n<meta name=\"twitter:label1\" content=\"Geschatte leestijd\" \/>\n\t<meta name=\"twitter:data1\" content=\"4 minuten\" \/>\n<script type=\"application\/ld+json\" class=\"yoast-schema-graph\">{\"@context\":\"https:\/\/schema.org\",\"@graph\":[{\"@type\":\"WebPage\",\"@id\":\"https:\/\/scheriproct.com\/be\/nl\/anale-jeuk\/\",\"url\":\"https:\/\/scheriproct.com\/be\/nl\/anale-jeuk\/\",\"name\":\"Anale jeuk - Scheriproct\",\"isPartOf\":{\"@id\":\"https:\/\/scheriproct.com\/be\/nl\/#website\"},\"primaryImageOfPage\":{\"@id\":\"https:\/\/scheriproct.com\/be\/nl\/anale-jeuk\/#primaryimage\"},\"image\":{\"@id\":\"https:\/\/scheriproct.com\/be\/nl\/anale-jeuk\/#primaryimage\"},\"thumbnailUrl\":\"https:\/\/scheriproct.com\/app\/uploads\/sites\/5\/2022\/12\/analitch-640x427-1.jpg\",\"datePublished\":\"2022-12-01T09:32:54+00:00\",\"dateModified\":\"2024-11-14T07:11:12+00:00\",\"breadcrumb\":{\"@id\":\"https:\/\/scheriproct.com\/be\/nl\/anale-jeuk\/#breadcrumb\"},\"inLanguage\":\"nl-BE\",\"potentialAction\":[{\"@type\":\"ReadAction\",\"target\":[\"https:\/\/scheriproct.com\/be\/nl\/anale-jeuk\/\"]}]},{\"@type\":\"ImageObject\",\"inLanguage\":\"nl-BE\",\"@id\":\"https:\/\/scheriproct.com\/be\/nl\/anale-jeuk\/#primaryimage\",\"url\":\"https:\/\/scheriproct.com\/app\/uploads\/sites\/5\/2022\/12\/analitch-640x427-1.jpg\",\"contentUrl\":\"https:\/\/scheriproct.com\/app\/uploads\/sites\/5\/2022\/12\/analitch-640x427-1.jpg\"},{\"@type\":\"BreadcrumbList\",\"@id\":\"https:\/\/scheriproct.com\/be\/nl\/anale-jeuk\/#breadcrumb\",\"itemListElement\":[{\"@type\":\"ListItem\",\"position\":1,\"name\":\"Home\",\"item\":\"https:\/\/scheriproct.com\/be\/nl\/\"},{\"@type\":\"ListItem\",\"position\":2,\"name\":\"Anale jeuk\"}]},{\"@type\":\"WebSite\",\"@id\":\"https:\/\/scheriproct.com\/be\/nl\/#website\",\"url\":\"https:\/\/scheriproct.com\/be\/nl\/\",\"name\":\"Scheriproct\",\"description\":\"\",\"publisher\":{\"@id\":\"https:\/\/scheriproct.com\/be\/nl\/#organization\"},\"potentialAction\":[{\"@type\":\"SearchAction\",\"target\":{\"@type\":\"EntryPoint\",\"urlTemplate\":\"https:\/\/scheriproct.com\/be\/nl\/?s={search_term_string}\"},\"query-input\":{\"@type\":\"PropertyValueSpecification\",\"valueRequired\":true,\"valueName\":\"search_term_string\"}}],\"inLanguage\":\"nl-BE\"},{\"@type\":\"Organization\",\"@id\":\"https:\/\/scheriproct.com\/be\/nl\/#organization\",\"name\":\"Scheriproct\",\"url\":\"https:\/\/scheriproct.com\/be\/nl\/\",\"logo\":{\"@type\":\"ImageObject\",\"inLanguage\":\"nl-BE\",\"@id\":\"https:\/\/scheriproct.com\/be\/nl\/#\/schema\/logo\/image\/\",\"url\":\"https:\/\/scheriproct.com\/app\/uploads\/sites\/5\/2022\/06\/scheriproct-logo.png\",\"contentUrl\":\"https:\/\/scheriproct.com\/app\/uploads\/sites\/5\/2022\/06\/scheriproct-logo.png\",\"width\":143,\"height\":20,\"caption\":\"Scheriproct\"},\"image\":{\"@id\":\"https:\/\/scheriproct.com\/be\/nl\/#\/schema\/logo\/image\/\"}}]}<\/script>\n<!-- \/ Yoast SEO plugin. -->","yoast_head_json":{"title":"Anale jeuk - Scheriproct","robots":{"index":"index","follow":"follow","max-snippet":"max-snippet:-1","max-image-preview":"max-image-preview:large","max-video-preview":"max-video-preview:-1"},"canonical":"https:\/\/scheriproct.com\/be\/nl\/anale-jeuk\/","og_locale":"nl_BE","og_type":"article","og_title":"Anale jeuk - Scheriproct","og_url":"https:\/\/scheriproct.com\/be\/nl\/anale-jeuk\/","og_site_name":"Scheriproct","article_modified_time":"2024-11-14T07:11:12+00:00","og_image":[{"url":"https:\/\/scheriproct.com\/app\/uploads\/sites\/5\/2022\/12\/analitch-640x427-1.jpg","type":"","width":"","height":""}],"twitter_card":"summary_large_image","twitter_misc":{"Geschatte leestijd":"4 minuten"},"schema":{"@context":"https:\/\/schema.org","@graph":[{"@type":"WebPage","@id":"https:\/\/scheriproct.com\/be\/nl\/anale-jeuk\/","url":"https:\/\/scheriproct.com\/be\/nl\/anale-jeuk\/","name":"Anale jeuk - Scheriproct","isPartOf":{"@id":"https:\/\/scheriproct.com\/be\/nl\/#website"},"primaryImageOfPage":{"@id":"https:\/\/scheriproct.com\/be\/nl\/anale-jeuk\/#primaryimage"},"image":{"@id":"https:\/\/scheriproct.com\/be\/nl\/anale-jeuk\/#primaryimage"},"thumbnailUrl":"https:\/\/scheriproct.com\/app\/uploads\/sites\/5\/2022\/12\/analitch-640x427-1.jpg","datePublished":"2022-12-01T09:32:54+00:00","dateModified":"2024-11-14T07:11:12+00:00","breadcrumb":{"@id":"https:\/\/scheriproct.com\/be\/nl\/anale-jeuk\/#breadcrumb"},"inLanguage":"nl-BE","potentialAction":[{"@type":"ReadAction","target":["https:\/\/scheriproct.com\/be\/nl\/anale-jeuk\/"]}]},{"@type":"ImageObject","inLanguage":"nl-BE","@id":"https:\/\/scheriproct.com\/be\/nl\/anale-jeuk\/#primaryimage","url":"https:\/\/scheriproct.com\/app\/uploads\/sites\/5\/2022\/12\/analitch-640x427-1.jpg","contentUrl":"https:\/\/scheriproct.com\/app\/uploads\/sites\/5\/2022\/12\/analitch-640x427-1.jpg"},{"@type":"BreadcrumbList","@id":"https:\/\/scheriproct.com\/be\/nl\/anale-jeuk\/#breadcrumb","itemListElement":[{"@type":"ListItem","position":1,"name":"Home","item":"https:\/\/scheriproct.com\/be\/nl\/"},{"@type":"ListItem","position":2,"name":"Anale jeuk"}]},{"@type":"WebSite","@id":"https:\/\/scheriproct.com\/be\/nl\/#website","url":"https:\/\/scheriproct.com\/be\/nl\/","name":"Scheriproct","description":"","publisher":{"@id":"https:\/\/scheriproct.com\/be\/nl\/#organization"},"potentialAction":[{"@type":"SearchAction","target":{"@type":"EntryPoint","urlTemplate":"https:\/\/scheriproct.com\/be\/nl\/?s={search_term_string}"},"query-input":{"@type":"PropertyValueSpecification","valueRequired":true,"valueName":"search_term_string"}}],"inLanguage":"nl-BE"},{"@type":"Organization","@id":"https:\/\/scheriproct.com\/be\/nl\/#organization","name":"Scheriproct","url":"https:\/\/scheriproct.com\/be\/nl\/","logo":{"@type":"ImageObject","inLanguage":"nl-BE","@id":"https:\/\/scheriproct.com\/be\/nl\/#\/schema\/logo\/image\/","url":"https:\/\/scheriproct.com\/app\/uploads\/sites\/5\/2022\/06\/scheriproct-logo.png","contentUrl":"https:\/\/scheriproct.com\/app\/uploads\/sites\/5\/2022\/06\/scheriproct-logo.png","width":143,"height":20,"caption":"Scheriproct"},"image":{"@id":"https:\/\/scheriproct.com\/be\/nl\/#\/schema\/logo\/image\/"}}]}},"_links":{"self":[{"href":"https:\/\/scheriproct.com\/be\/nl\/wp-json\/wp\/v2\/pages\/483","targetHints":{"allow":["GET"]}}],"collection":[{"href":"https:\/\/scheriproct.com\/be\/nl\/wp-json\/wp\/v2\/pages"}],"about":[{"href":"https:\/\/scheriproct.com\/be\/nl\/wp-json\/wp\/v2\/types\/page"}],"author":[{"embeddable":true,"href":"https:\/\/scheriproct.com\/be\/nl\/wp-json\/wp\/v2\/users\/2"}],"replies":[{"embeddable":true,"href":"https:\/\/scheriproct.com\/be\/nl\/wp-json\/wp\/v2\/comments?post=483"}],"version-history":[{"count":4,"href":"https:\/\/scheriproct.com\/be\/nl\/wp-json\/wp\/v2\/pages\/483\/revisions"}],"predecessor-version":[{"id":606,"href":"https:\/\/scheriproct.com\/be\/nl\/wp-json\/wp\/v2\/pages\/483\/revisions\/606"}],"wp:attachment":[{"href":"https:\/\/scheriproct.com\/be\/nl\/wp-json\/wp\/v2\/media?parent=483"}],"wp:term":[{"taxonomy":"from-article-database","embeddable":true,"href":"https:\/\/scheriproct.com\/be\/nl\/wp-json\/wp\/v2\/from-article-database?post=483"}],"curies":[{"name":"wp","href":"https:\/\/api.w.org\/{rel}","templated":true}]}}