{"id":391,"date":"2022-11-30T14:48:43","date_gmt":"2022-11-30T13:48:43","guid":{"rendered":"https:\/\/scheriproct.com\/be\/?page_id=391"},"modified":"2024-11-14T08:11:34","modified_gmt":"2024-11-14T07:11:34","slug":"wat-zijn-hemorroiden-aambeien","status":"publish","type":"page","link":"https:\/\/scheriproct.com\/be\/nl\/wat-zijn-hemorroiden-aambeien\/","title":{"rendered":"Wat zijn hemorro\u00efden\/aambeien?"},"content":{"rendered":"\n<div class=\"wp-block-karopharma-free-text pt-medium pb-medium bg-center bg-cover bg-no-repeat bg-box\" style=\"background-image:url(https:\/\/scheriproct.com\/cdn-cgi\/image\/format=auto\/app\/uploads\/sites\/5\/2022\/06\/background-1.png)\"><div class=\"free-text-wrapper container max-w-medium text-center\">\n<h1 class=\"is-style-heading-large wp-block-heading\">Wat zijn hemorro\u00efden\/aambeien?<\/h1>\n\n\n\n<p>Niemand praat graag over hemorro\u00efden. Toch hebben de meesten onder ons er af en toe last van \u2013 drie op vier volwassenen ervaren op een bepaald moment in hun leven anale hemorro\u00efden, of aambeien.<sup>1<\/sup><\/p>\n<\/div><\/div>\n\n\n\n<div class=\"wp-block-karopharma-product-promotion text-align-left pt-medium pb-medium bg-center bg-cover bg-no-repeat  is-style-secondary\" style=\"background-image:url()\"><div class=\"container max-w-medium\">\n<div class=\"wp-block-group is-layout-flow wp-block-group-is-layout-flow\">\n<figure class=\"wp-block-image size-full\"><img loading=\"lazy\" decoding=\"async\" width=\"640\" height=\"640\" src=\"https:\/\/scheriproct.com\/app\/uploads\/sites\/5\/2022\/11\/Whatarehaemorrhoids-640x640-1.jpeg\" alt=\"Whatarehaemorrhoids-640x640\" class=\"wp-image-395\" srcset=\"https:\/\/scheriproct.com\/app\/uploads\/sites\/5\/2022\/11\/Whatarehaemorrhoids-640x640-1.jpeg 640w, https:\/\/scheriproct.com\/app\/uploads\/sites\/5\/2022\/11\/Whatarehaemorrhoids-640x640-1-320x320.jpeg 320w, https:\/\/scheriproct.com\/app\/uploads\/sites\/5\/2022\/11\/Whatarehaemorrhoids-640x640-1-150x150.jpeg 150w, https:\/\/scheriproct.com\/app\/uploads\/sites\/5\/2022\/11\/Whatarehaemorrhoids-640x640-1-300x300.jpeg 300w, https:\/\/scheriproct.com\/app\/uploads\/sites\/5\/2022\/11\/Whatarehaemorrhoids-640x640-1-600x600.jpeg 600w, https:\/\/scheriproct.com\/app\/uploads\/sites\/5\/2022\/11\/Whatarehaemorrhoids-640x640-1-100x100.jpeg 100w\" sizes=\"auto, (max-width: 640px) 100vw, 640px\" \/><\/figure>\n<\/div>\n\n\n\n<div class=\"wp-block-group is-layout-flow wp-block-group-is-layout-flow\">\n<p><strong>Wat zijn aambeien? <br><\/strong>Eigenlijk hebben we allemaal aambeien, die kleine kussenvormige clusters van aders aan de overgang van het rectum naar de anus die ons helpen bij het regelen van de stoelgang en de blaas. Aambeien vormen slechts werkelijk een probleem wanneer de druk op de aders toeneemt en ze gezwollen en ontstoken raken. Hemorro\u00efden, of aambeien, zijn eigenlijk op een bepaalde manier spataders van het rectum. Aambeien zijn gewoonlijk onschadelijk maar kunnen irriterende symptomen zoals jeuk, bloeding en anale pijn veroorzaken en een emotionele belasting vormen. Toch zoekt slechts 4 percent van de mensen die symptomen van hemorro\u00efden ervaren hulp en vindt 43% het moeilijk om er met hun arts over te praten.<sup>2,3,4<\/sup><\/p>\n<\/div>\n<\/div><\/div>\n\n\n\n<div class=\"wp-block-karopharma-free-text pt-medium pb-small bg-center bg-cover bg-no-repeat\" style=\"background-image:url()\"><div class=\"free-text-wrapper container max-w-medium text-left\">\n<h2 class=\"is-style-heading-h2 wp-block-heading\">Wie krijgt aambeien?<\/h2>\n\n\n\n<p>Anale hemorro\u00efden vormen een aandoening waar mannen en vrouwen in gelijke mate door getroffen worden. Aambeien komen zelfs relatief vaak voor bij kinderen.<sup>5<\/sup> Zwangere vrouwen lopen een groter risico op het ontwikkelen van aambeien, gedeeltelijk doordat hormonen de aders ontspannen en gedeeltelijk omdat het gewicht van de baby druk uitoefent op de anale zone. 25-30 percent van de zwangere vrouwen wordt getroffen door aambeien en ontelbare meer ontwikkelen hemorro\u00efden na de geboorte van de baby.<sup>6<\/sup><\/p>\n\n\n\n<p>Het risico op het ontwikkelen van aambeien neemt ook toe met de leeftijd doordat de weefsels die de aders in het rectum ondersteunen en voorkomen dat ze uitpuilen, na verloop van tijd zwakker worden en versnipperen. Eens het weefsel begint te \u2018zakken\u2019, en dus doorgezakt raakt, raakt de bloeddoorstroming beperkt. Dat resulteert in trauma en zwelling van de aders, wat we gewoonlijk een hemorro\u00efde noemen. Tegen de leeftijd van 50 jaar heeft de helft van alle volwassenen ooit een anale hemorro\u00efde gehad.<sup>7,8,9,10<\/sup><\/p>\n\n\n\n<h2 class=\"is-style-heading-h2 wp-block-heading\">Verschillende types anale hemorro\u00efden<\/h2>\n\n\n\n<p>Er zijn twee soorten aambeien: inwendige hemorro\u00efden en uitwendige hemorro\u00efden. Inwendige hemorro\u00efden bevinden zich in het rectum en worden ondersteund door bindweefsel. Ze zijn zelden pijnlijk, maar kunnen bloeden wanneer u drukt bij het ontlasten. Soms worden ze zelfs tot buiten de anus gedrukt. Uitwendige hemorro\u00efden zijn gewoonlijk asymptomatisch, maar kunnen bloedklonters ontwikkelen die al snel irriterend en pijnlijk kunnen worden. Wanneer ze tenslotte genezen en verdwijnen, laten uitwendige hemorro\u00efden gewoonlijk huid-uitwassen (marisca) na.<sup>11,12,13<\/sup><\/p>\n\n\n\n<figure class=\"wp-block-image size-full is-resized\"><img loading=\"lazy\" decoding=\"async\" src=\"https:\/\/scheriproct.com\/app\/uploads\/sites\/5\/2022\/11\/differenttypeshaemorrhoids-640x508-1.jpeg\" alt=\"differenttypeshaemorrhoids-640x508\" class=\"wp-image-397\" width=\"480\" height=\"381\" srcset=\"https:\/\/scheriproct.com\/app\/uploads\/sites\/5\/2022\/11\/differenttypeshaemorrhoids-640x508-1.jpeg 640w, https:\/\/scheriproct.com\/app\/uploads\/sites\/5\/2022\/11\/differenttypeshaemorrhoids-640x508-1-320x254.jpeg 320w, https:\/\/scheriproct.com\/app\/uploads\/sites\/5\/2022\/11\/differenttypeshaemorrhoids-640x508-1-600x476.jpeg 600w\" sizes=\"auto, (max-width: 480px) 100vw, 480px\" \/><\/figure>\n\n\n\n<h2 class=\"is-style-heading-h2 wp-block-heading\">Hoe raakt u van aambeien af?<\/h2>\n\n\n\n<p>Als u symptomen zoals anale pijn of jeuk en bloeding uit de anus ondervindt en vermoedt dat u aambeien heeft, is het een goed idee om contact op te nemen met een professionele zorgverlener om een diagnose te laten stellen. Gelukkig zijn hemorro\u00efden zelden gevaarlijk en relatief gemakkelijk te behandelen met zalf die beschikbaar is bij de plaatselijke apotheker. Vergeet niet dat uw kansen om geholpen te worden exponentieel verhogen als u vroeg met de behandeling start. Hoe langer u uitstelt, des te groter het probleem wordt.<\/p>\n\n\n\n<h2 class=\"has-text-align-center wp-block-heading\">Gerelateerd product<\/h2>\n<\/div><\/div>\n\n\n\n<div class=\"wp-block-karopharma-product-promotion text-align-right pt-medium pb-medium bg-center bg-cover bg-no-repeat\" style=\"background-image:url()\"><div class=\"container max-w-medium\">\n<div class=\"wp-block-group is-layout-flow wp-block-group-is-layout-flow\">\n<figure class=\"wp-block-karopharma-product-promotion-image product-promotion-image\"><img fetchpriority=\"high\" decoding=\"async\" datatest=\"image\" src=\"https:\/\/scheriproct.com\/cdn-cgi\/image\/format=auto\/app\/uploads\/sites\/5\/2023\/02\/Gerelateerd-product.png\" loading=\"eager\" alt=\"Gerelateerd-product\" width=\"800\" height=\"271\" srcset=\"https:\/\/scheriproct.com\/cdn-cgi\/image\/format=auto,width=584\/app\/uploads\/sites\/5\/2023\/02\/Gerelateerd-product.png 584w, https:\/\/scheriproct.com\/cdn-cgi\/image\/format=auto,width=272\/app\/uploads\/sites\/5\/2023\/02\/Gerelateerd-product.png 272w\" sizes=\"(max-width: 584px) 100vw, 584px\"\/><\/figure>\n<\/div>\n\n\n\n<div class=\"wp-block-group is-layout-flow wp-block-group-is-layout-flow\">\n<h2 class=\"title is-style-heading-h3 wp-block-heading\">Scheriproct\u00ae 500 mg\/190 mg Zalf<\/h2>\n\n\n\n<h3 class=\"heading is-style-heading-h5 wp-block-heading\">Vermindert pijn, ontsteking en jeuk in de anale zone<\/h3>\n\n\n\n<p class=\"paragraph is-style-paragraph-body-text\">Voor symptomatische behandeling van hemorro\u00efden, anale ontsteking (proctitis) en\/of anaal eczeem<\/p>\n\n\n\n<div class=\"wp-block-buttons is-layout-flex wp-block-buttons-is-layout-flex\">\n<div class=\"wp-block-button is-style-primary-outlined-button\"><a class=\"wp-block-button__link\" href=\"https:\/\/scheriproct.com\/be\/fr\/produit\/scheriproct-500-mg-190-mg-pommade\/\">Product ontdekken<\/a><\/div>\n<\/div>\n<\/div>\n<\/div><\/div>\n\n\n\n<div class=\"wp-block-karopharma-free-text pt-small pb-small bg-center bg-cover bg-no-repeat\" style=\"background-image:url()\"><div class=\"free-text-wrapper container max-w-medium text-left\">\n<p><strong>Referenties<\/strong><\/p>\n\n\n\n<ol class=\"is-style-default wp-block-list\"><li><a href=\"https:\/\/www.mayoclinic.org\/diseases-conditions\/hemorrhoids\/symptoms-causes\/syc-20360268\" target=\"_blank\" rel=\"noreferrer noopener\">https:\/\/www.mayoclinic.org\/diseases-conditions\/hemorrhoids\/symptoms-causes\/syc-20360268<\/a><\/li><li>Hemorrhoids and what to do about them. Harvard Health Publishing. [<a href=\"https:\/\/www.health.harvard.edu\/diseasesand-conditions\/hemorrhoids_and_what_to_do_about_them\" target=\"_blank\" rel=\"noreferrer noopener\">Online<\/a>] 2019 Feb 6. [Accessed 2019\/06\/07].<\/li><li>Ravindranath GG, Rahul BG. Prevalence and risk factors of hemorrhoids: a study in a semi-urban centre. Int Surg J. 2018 Feb;5(2):496-499.<\/li><li>Sandler RS, Peery AF. Rethinking What We Know About Hemorrhoids. Clin Gastroenterol Hepatol 2019;17:8\u201315.<\/li><li><a href=\"https:\/\/www.ncbi.nlm.nih.gov\/pmc\/articles\/PMC6572969\/\" target=\"_blank\" rel=\"noreferrer noopener\">https:\/\/www.ncbi.nlm.nih.gov\/pmc\/articles\/PMC6572969\/<\/a><\/li><li>Postpartum hemorrhoids. BabyCenter [Internet]. April 2017 [<a href=\"https:\/\/www.babycenter.com\/0_postpartum-hemorrhoids_11708.bc\" target=\"_blank\" rel=\"noreferrer noopener\">Online<\/a>] Accessed 2019\/08\/02. <\/li><li><a href=\"https:\/\/www.nhs.uk\/conditions\/pregnancy-and-baby\/piles-haemorrhoids-pregnant\/\" target=\"_blank\" rel=\"noreferrer noopener\">https:\/\/www.nhs.uk\/conditions\/pregnancy-and-baby\/piles-haemorrhoids-pregnant\/<\/a><\/li><li><a href=\"https:\/\/www.ncbi.nlm.nih.gov\/pmc\/articles\/PMC2278306\/\" target=\"_blank\" rel=\"noreferrer noopener\">https:\/\/www.ncbi.nlm.nih.gov\/pmc\/articles\/PMC2278306\/<\/a><\/li><li>Ravindranath GG, Rahul BG. Prevalence and risk factors of hemorrhoids: a study in a semi-urban centre. Int Surg J. 2018 Feb;5(2):496-499.<\/li><li>Sandler RS, Peery AF. Rethinking What We Know About Hemorrhoids. Clin Gastroenterol Hepatol 2019;17:8\u201315.<\/li><li>Abramowitz L. The Diagnosis and Management of Haemorrhoidal Disease from a Global Perspective. Aliment Pharmacol Ther. May 2010;31(1):1-58.<\/li><li>Mott T, Latimer K, Edwards C. Hemorrhoids: Diagnosis and Treatment Options. Am Fam Physician. 2018;97(3):172-179<\/li><li>Acheson AG, Scholefield JH. Management of haemorrhoids. BMJ 2008;336:380-383.<\/li><\/ol>\n<\/div><\/div>\n","protected":false},"excerpt":{"rendered":"","protected":false},"author":2,"featured_media":0,"parent":0,"menu_order":0,"comment_status":"closed","ping_status":"closed","template":"","meta":{"_acf_changed":false,"footnotes":""},"from-article-database":[],"class_list":["post-391","page","type-page","status-publish","hentry"],"acf":[],"yoast_head":"<!-- This site is optimized with the Yoast SEO plugin v26.6 - https:\/\/yoast.com\/wordpress\/plugins\/seo\/ -->\n<title>Wat zijn hemorro\u00efden\/aambeien? - Scheriproct<\/title>\n<meta name=\"description\" content=\"Hemorro\u00efden en aambeien komen vaker voor dan u misschien denkt! Drie op de vier volwassenen hebben krijgen het in hun leven. Ontdek hoe u het moet behandelen!\" \/>\n<meta name=\"robots\" content=\"index, follow, max-snippet:-1, max-image-preview:large, max-video-preview:-1\" \/>\n<link rel=\"canonical\" href=\"https:\/\/scheriproct.com\/be\/nl\/wat-zijn-hemorroiden-aambeien\/\" \/>\n<meta property=\"og:locale\" content=\"nl_BE\" \/>\n<meta property=\"og:type\" content=\"article\" \/>\n<meta property=\"og:title\" content=\"Wat zijn hemorro\u00efden\/aambeien? - Scheriproct\" \/>\n<meta property=\"og:description\" content=\"Hemorro\u00efden en aambeien komen vaker voor dan u misschien denkt! Drie op de vier volwassenen hebben krijgen het in hun leven. Ontdek hoe u het moet behandelen!\" \/>\n<meta property=\"og:url\" content=\"https:\/\/scheriproct.com\/be\/nl\/wat-zijn-hemorroiden-aambeien\/\" \/>\n<meta property=\"og:site_name\" content=\"Scheriproct\" \/>\n<meta property=\"article:modified_time\" content=\"2024-11-14T07:11:34+00:00\" \/>\n<meta property=\"og:image\" content=\"https:\/\/scheriproct.com\/app\/uploads\/sites\/5\/2022\/11\/Whatarehaemorrhoids-640x640-1.jpeg\" \/>\n<meta name=\"twitter:card\" content=\"summary_large_image\" \/>\n<meta name=\"twitter:label1\" content=\"Geschatte leestijd\" \/>\n\t<meta name=\"twitter:data1\" content=\"4 minuten\" \/>\n<script type=\"application\/ld+json\" class=\"yoast-schema-graph\">{\"@context\":\"https:\/\/schema.org\",\"@graph\":[{\"@type\":\"WebPage\",\"@id\":\"https:\/\/scheriproct.com\/be\/nl\/wat-zijn-hemorroiden-aambeien\/\",\"url\":\"https:\/\/scheriproct.com\/be\/nl\/wat-zijn-hemorroiden-aambeien\/\",\"name\":\"Wat zijn hemorro\u00efden\/aambeien? - Scheriproct\",\"isPartOf\":{\"@id\":\"https:\/\/scheriproct.com\/be\/nl\/#website\"},\"primaryImageOfPage\":{\"@id\":\"https:\/\/scheriproct.com\/be\/nl\/wat-zijn-hemorroiden-aambeien\/#primaryimage\"},\"image\":{\"@id\":\"https:\/\/scheriproct.com\/be\/nl\/wat-zijn-hemorroiden-aambeien\/#primaryimage\"},\"thumbnailUrl\":\"https:\/\/scheriproct.com\/app\/uploads\/sites\/5\/2022\/11\/Whatarehaemorrhoids-640x640-1.jpeg\",\"datePublished\":\"2022-11-30T13:48:43+00:00\",\"dateModified\":\"2024-11-14T07:11:34+00:00\",\"description\":\"Hemorro\u00efden en aambeien komen vaker voor dan u misschien denkt! Drie op de vier volwassenen hebben krijgen het in hun leven. Ontdek hoe u het moet behandelen!\",\"breadcrumb\":{\"@id\":\"https:\/\/scheriproct.com\/be\/nl\/wat-zijn-hemorroiden-aambeien\/#breadcrumb\"},\"inLanguage\":\"nl-BE\",\"potentialAction\":[{\"@type\":\"ReadAction\",\"target\":[\"https:\/\/scheriproct.com\/be\/nl\/wat-zijn-hemorroiden-aambeien\/\"]}]},{\"@type\":\"ImageObject\",\"inLanguage\":\"nl-BE\",\"@id\":\"https:\/\/scheriproct.com\/be\/nl\/wat-zijn-hemorroiden-aambeien\/#primaryimage\",\"url\":\"https:\/\/scheriproct.com\/app\/uploads\/sites\/5\/2022\/11\/Whatarehaemorrhoids-640x640-1.jpeg\",\"contentUrl\":\"https:\/\/scheriproct.com\/app\/uploads\/sites\/5\/2022\/11\/Whatarehaemorrhoids-640x640-1.jpeg\"},{\"@type\":\"BreadcrumbList\",\"@id\":\"https:\/\/scheriproct.com\/be\/nl\/wat-zijn-hemorroiden-aambeien\/#breadcrumb\",\"itemListElement\":[{\"@type\":\"ListItem\",\"position\":1,\"name\":\"Home\",\"item\":\"https:\/\/scheriproct.com\/be\/nl\/\"},{\"@type\":\"ListItem\",\"position\":2,\"name\":\"Wat zijn hemorro\u00efden\/aambeien?\"}]},{\"@type\":\"WebSite\",\"@id\":\"https:\/\/scheriproct.com\/be\/nl\/#website\",\"url\":\"https:\/\/scheriproct.com\/be\/nl\/\",\"name\":\"Scheriproct\",\"description\":\"\",\"publisher\":{\"@id\":\"https:\/\/scheriproct.com\/be\/nl\/#organization\"},\"potentialAction\":[{\"@type\":\"SearchAction\",\"target\":{\"@type\":\"EntryPoint\",\"urlTemplate\":\"https:\/\/scheriproct.com\/be\/nl\/?s={search_term_string}\"},\"query-input\":{\"@type\":\"PropertyValueSpecification\",\"valueRequired\":true,\"valueName\":\"search_term_string\"}}],\"inLanguage\":\"nl-BE\"},{\"@type\":\"Organization\",\"@id\":\"https:\/\/scheriproct.com\/be\/nl\/#organization\",\"name\":\"Scheriproct\",\"url\":\"https:\/\/scheriproct.com\/be\/nl\/\",\"logo\":{\"@type\":\"ImageObject\",\"inLanguage\":\"nl-BE\",\"@id\":\"https:\/\/scheriproct.com\/be\/nl\/#\/schema\/logo\/image\/\",\"url\":\"https:\/\/scheriproct.com\/app\/uploads\/sites\/5\/2022\/06\/scheriproct-logo.png\",\"contentUrl\":\"https:\/\/scheriproct.com\/app\/uploads\/sites\/5\/2022\/06\/scheriproct-logo.png\",\"width\":143,\"height\":20,\"caption\":\"Scheriproct\"},\"image\":{\"@id\":\"https:\/\/scheriproct.com\/be\/nl\/#\/schema\/logo\/image\/\"}}]}<\/script>\n<!-- \/ Yoast SEO plugin. -->","yoast_head_json":{"title":"Wat zijn hemorro\u00efden\/aambeien? - Scheriproct","description":"Hemorro\u00efden en aambeien komen vaker voor dan u misschien denkt! Drie op de vier volwassenen hebben krijgen het in hun leven. Ontdek hoe u het moet behandelen!","robots":{"index":"index","follow":"follow","max-snippet":"max-snippet:-1","max-image-preview":"max-image-preview:large","max-video-preview":"max-video-preview:-1"},"canonical":"https:\/\/scheriproct.com\/be\/nl\/wat-zijn-hemorroiden-aambeien\/","og_locale":"nl_BE","og_type":"article","og_title":"Wat zijn hemorro\u00efden\/aambeien? - Scheriproct","og_description":"Hemorro\u00efden en aambeien komen vaker voor dan u misschien denkt! Drie op de vier volwassenen hebben krijgen het in hun leven. Ontdek hoe u het moet behandelen!","og_url":"https:\/\/scheriproct.com\/be\/nl\/wat-zijn-hemorroiden-aambeien\/","og_site_name":"Scheriproct","article_modified_time":"2024-11-14T07:11:34+00:00","og_image":[{"url":"https:\/\/scheriproct.com\/app\/uploads\/sites\/5\/2022\/11\/Whatarehaemorrhoids-640x640-1.jpeg","type":"","width":"","height":""}],"twitter_card":"summary_large_image","twitter_misc":{"Geschatte leestijd":"4 minuten"},"schema":{"@context":"https:\/\/schema.org","@graph":[{"@type":"WebPage","@id":"https:\/\/scheriproct.com\/be\/nl\/wat-zijn-hemorroiden-aambeien\/","url":"https:\/\/scheriproct.com\/be\/nl\/wat-zijn-hemorroiden-aambeien\/","name":"Wat zijn hemorro\u00efden\/aambeien? - Scheriproct","isPartOf":{"@id":"https:\/\/scheriproct.com\/be\/nl\/#website"},"primaryImageOfPage":{"@id":"https:\/\/scheriproct.com\/be\/nl\/wat-zijn-hemorroiden-aambeien\/#primaryimage"},"image":{"@id":"https:\/\/scheriproct.com\/be\/nl\/wat-zijn-hemorroiden-aambeien\/#primaryimage"},"thumbnailUrl":"https:\/\/scheriproct.com\/app\/uploads\/sites\/5\/2022\/11\/Whatarehaemorrhoids-640x640-1.jpeg","datePublished":"2022-11-30T13:48:43+00:00","dateModified":"2024-11-14T07:11:34+00:00","description":"Hemorro\u00efden en aambeien komen vaker voor dan u misschien denkt! Drie op de vier volwassenen hebben krijgen het in hun leven. Ontdek hoe u het moet behandelen!","breadcrumb":{"@id":"https:\/\/scheriproct.com\/be\/nl\/wat-zijn-hemorroiden-aambeien\/#breadcrumb"},"inLanguage":"nl-BE","potentialAction":[{"@type":"ReadAction","target":["https:\/\/scheriproct.com\/be\/nl\/wat-zijn-hemorroiden-aambeien\/"]}]},{"@type":"ImageObject","inLanguage":"nl-BE","@id":"https:\/\/scheriproct.com\/be\/nl\/wat-zijn-hemorroiden-aambeien\/#primaryimage","url":"https:\/\/scheriproct.com\/app\/uploads\/sites\/5\/2022\/11\/Whatarehaemorrhoids-640x640-1.jpeg","contentUrl":"https:\/\/scheriproct.com\/app\/uploads\/sites\/5\/2022\/11\/Whatarehaemorrhoids-640x640-1.jpeg"},{"@type":"BreadcrumbList","@id":"https:\/\/scheriproct.com\/be\/nl\/wat-zijn-hemorroiden-aambeien\/#breadcrumb","itemListElement":[{"@type":"ListItem","position":1,"name":"Home","item":"https:\/\/scheriproct.com\/be\/nl\/"},{"@type":"ListItem","position":2,"name":"Wat zijn hemorro\u00efden\/aambeien?"}]},{"@type":"WebSite","@id":"https:\/\/scheriproct.com\/be\/nl\/#website","url":"https:\/\/scheriproct.com\/be\/nl\/","name":"Scheriproct","description":"","publisher":{"@id":"https:\/\/scheriproct.com\/be\/nl\/#organization"},"potentialAction":[{"@type":"SearchAction","target":{"@type":"EntryPoint","urlTemplate":"https:\/\/scheriproct.com\/be\/nl\/?s={search_term_string}"},"query-input":{"@type":"PropertyValueSpecification","valueRequired":true,"valueName":"search_term_string"}}],"inLanguage":"nl-BE"},{"@type":"Organization","@id":"https:\/\/scheriproct.com\/be\/nl\/#organization","name":"Scheriproct","url":"https:\/\/scheriproct.com\/be\/nl\/","logo":{"@type":"ImageObject","inLanguage":"nl-BE","@id":"https:\/\/scheriproct.com\/be\/nl\/#\/schema\/logo\/image\/","url":"https:\/\/scheriproct.com\/app\/uploads\/sites\/5\/2022\/06\/scheriproct-logo.png","contentUrl":"https:\/\/scheriproct.com\/app\/uploads\/sites\/5\/2022\/06\/scheriproct-logo.png","width":143,"height":20,"caption":"Scheriproct"},"image":{"@id":"https:\/\/scheriproct.com\/be\/nl\/#\/schema\/logo\/image\/"}}]}},"_links":{"self":[{"href":"https:\/\/scheriproct.com\/be\/nl\/wp-json\/wp\/v2\/pages\/391","targetHints":{"allow":["GET"]}}],"collection":[{"href":"https:\/\/scheriproct.com\/be\/nl\/wp-json\/wp\/v2\/pages"}],"about":[{"href":"https:\/\/scheriproct.com\/be\/nl\/wp-json\/wp\/v2\/types\/page"}],"author":[{"embeddable":true,"href":"https:\/\/scheriproct.com\/be\/nl\/wp-json\/wp\/v2\/users\/2"}],"replies":[{"embeddable":true,"href":"https:\/\/scheriproct.com\/be\/nl\/wp-json\/wp\/v2\/comments?post=391"}],"version-history":[{"count":4,"href":"https:\/\/scheriproct.com\/be\/nl\/wp-json\/wp\/v2\/pages\/391\/revisions"}],"predecessor-version":[{"id":572,"href":"https:\/\/scheriproct.com\/be\/nl\/wp-json\/wp\/v2\/pages\/391\/revisions\/572"}],"wp:attachment":[{"href":"https:\/\/scheriproct.com\/be\/nl\/wp-json\/wp\/v2\/media?parent=391"}],"wp:term":[{"taxonomy":"from-article-database","embeddable":true,"href":"https:\/\/scheriproct.com\/be\/nl\/wp-json\/wp\/v2\/from-article-database?post=391"}],"curies":[{"name":"wp","href":"https:\/\/api.w.org\/{rel}","templated":true}]}}