{"id":331,"date":"2022-11-30T08:42:01","date_gmt":"2022-11-30T07:42:01","guid":{"rendered":"https:\/\/scheriproct.com\/be\/?page_id=331"},"modified":"2024-11-14T08:11:49","modified_gmt":"2024-11-14T07:11:49","slug":"wat-zijn-de-symptomen-van-hemorroiden-aambeien","status":"publish","type":"page","link":"https:\/\/scheriproct.com\/be\/nl\/wat-zijn-de-symptomen-van-hemorroiden-aambeien\/","title":{"rendered":"Wat zijn de symptomen van hemorro\u00efden\/aambeien?"},"content":{"rendered":"\n<div class=\"wp-block-karopharma-free-text pt-medium pb-medium bg-center bg-cover bg-no-repeat bg-box\" style=\"background-image:url(https:\/\/scheriproct.com\/cdn-cgi\/image\/format=auto\/app\/uploads\/sites\/5\/2022\/06\/background-1.png)\"><div class=\"free-text-wrapper container max-w-medium text-center\">\n<h1 class=\"is-style-heading-large wp-block-heading\">Wat zijn de symptomen van hemorro\u00efden\/aambeien?<\/h1>\n<\/div><\/div>\n\n\n\n<div class=\"wp-block-karopharma-product-promotion text-align-left pt-medium pb-medium bg-center bg-cover bg-no-repeat  is-style-secondary\" style=\"background-image:url()\"><div class=\"container max-w-medium\">\n<div class=\"wp-block-group is-layout-flow wp-block-group-is-layout-flow\">\n<figure class=\"wp-block-karopharma-product-promotion-image product-promotion-image\"><img fetchpriority=\"high\" decoding=\"async\" datatest=\"image\" src=\"https:\/\/scheriproct.com\/cdn-cgi\/image\/format=auto\/app\/uploads\/sites\/5\/2022\/11\/WhatAreTheSymptomsForHaemorrhoids.jpeg\" loading=\"eager\" alt=\"WhatAreTheSymptomsForHaemorrhoids\" width=\"1400\" height=\"933\" srcset=\"\n\t\t\t\t\thttps:\/\/scheriproct.com\/cdn-cgi\/image\/format=auto,width=584\/app\/uploads\/sites\/5\/2022\/11\/WhatAreTheSymptomsForHaemorrhoids.jpeg 584w,\n\t\t\t\t\thttps:\/\/scheriproct.com\/cdn-cgi\/image\/format=auto,width=272\/app\/uploads\/sites\/5\/2022\/11\/WhatAreTheSymptomsForHaemorrhoids.jpeg 272w\" sizes=\"(max-width: 584px) 100vw, 584px\"\/><\/figure>\n<\/div>\n\n\n\n<div class=\"wp-block-group is-layout-flow wp-block-group-is-layout-flow\">\n<p>Hemorro\u00efden kunnen letterlijk \u2018a pain in the ass\u2019 zijn. Maar zelfs al kan een pijnlijke knobbel op de anus een teken van aambeien zijn, toch is dit verre van het enige symptoom van deze vaak voorkomende rectale aandoening. Pijnloze bloeding wanneer men naar het toilet gaat, anale jeuk en fecale incontinentie zijn andere vaak voorkomende tekenen die erop wijzen dat er iets aan de hand is.<\/p>\n\n\n\n<p>Symptomen van hemorro\u00efden vari\u00ebren van zeer licht tot ernstig en vormen vaak een terugkerend probleem.1 Het goede nieuws is dat, als u uw hemorro\u00efden behandelt , de symptomen minder waarschijnlijk ernstig worden.<\/p>\n<\/div>\n<\/div><\/div>\n\n\n\n<div class=\"wp-block-karopharma-free-text pt-medium pb-small bg-center bg-cover bg-no-repeat\" style=\"background-image:url()\"><div class=\"free-text-wrapper container max-w-medium text-left\">\n<h2 class=\"wp-block-heading\">Hoe weet u of u aambeien heeft?<\/h2>\n\n\n\n<p>Uw huisarts kan u hierover inlichten. Symptomen van aambeien vari\u00ebren gewoonlijk, afhankelijk van of uw hemorro\u00efden zich inwendig of uitwendig bevinden. Inwendige aambeien bevinden zich in het onderste deel van het rectum en veroorzaken zelden pijn of ongemak, tenzij ze uitzakken. Artsen graderen inwendige hemorro\u00efden gewoonlijk op een schaal van 1 tot 4, afhankelijk van de ernst ervan. Hemorro\u00efden van graad 1 bloeden maar zakken niet uit, terwijl hemorro\u00efden van graad 4 in die mate uitgezakt zijn dat ze niet terug op hun plaats kunnen worden geduwd. Uitwendige hemorro\u00efden ontwikkelen zich nabij de anus en kunnen zeer oncomfortabel zijn.<sup>2,3<\/sup> Als u aambeien heeft, bestaat de kans dat u een of meer van deze symptomen heeft:<\/p>\n\n\n\n<p><strong>Anale jeuk en zwelling. <\/strong>Hemorro\u00efden beginnen vaak met een onweerstaanbare drang om aan het achterste te krabben. Maar waarom jeuken aambeien? Het antwoord is dat de huid die uitwendige hemorro\u00efden bedekt, erodeert en na verloop van tijd ontstoken raakt, waardoor dit gaat jeuken. En als u aan de ge\u00efrriteerde huid begint te krabben, wordt het probleem alleen maar erger.<sup>4,2<\/sup><\/p>\n\n\n\n<p><strong>Pijnloze rectale bloeding. <\/strong>Als u bloedsporen op het toiletpapier vaststeld wanneer u uzelf schoonveegt na de ontlasting, kan het zijn dat u bloedende hemorro\u00efden hebt. Helder rood bloed kan ook in het toilet druppelen. Pijnloze bloeding uitgelokt door ontlasting wordt kenmerkend veroorzaakt door inwendige hemorro\u00efden en vormt een van de meest voorkomende symptomen van aambeien.<sup>3<\/sup><\/p>\n\n\n\n<p><strong>Pijn bij het zitten.<\/strong> Pijnlijke aambeien zijn gewoonlijk het gevolg van opgezwollen weefsel en hemorro\u00efden die uit de anus uitsteken.<\/p>\n\n\n\n<p><strong>Verzwakte anale continentie.<\/strong> Bij een gezond rectum verschaffen aambeien een waterdichte afdichting van de anus, waardoor faeces op zijn plaats blijft. Maar wanneer aambeien zich verplaatsen en ontstoken raken, raakt hun vermogen om continentie te regelen verzwakt en kunnen vloeibare faeces en slijm beginnen weglekken.<sup>5<\/sup><\/p>\n\n\n\n<p><strong>Uitzakken van inwendige hemorro\u00efden. <\/strong>Normaal kunt u inwendige hemorro\u00efden niet zien of voelen, maar heel af en toe zakken ze uit, wat pijn, irritatie en jeuk veroorzaakt.<sup>6<\/sup><\/p>\n\n\n\n<p><strong>Pijnlijke knobbel op de anus.<\/strong> Als u een anale knobbel ziet of voelt, kan dit zijn doordat er zich een bloedklonter (trombus) gevormd heeft in een uitwendig hemorro\u00efd. De bloedklonter kan zowel gezwollen als zacht zijn en vertoont soms een blauwachtige kleur.<sup>7<\/sup><\/p>\n\n\n\n<h2 class=\"is-style-heading-h2 wp-block-heading\">Hoe zien aambeien\/hemorro\u00efden er uit?<\/h2>\n\n\n\n<p>Onthoud dat hemorro\u00efden niet de enige aandoening is die anale jeuk en bloeding veroorzaakt. Aarzel niet om een professionele zorgverlener te raadplegen om de diagnose uit te sluiten.<\/p>\n\n\n\n<h2 class=\"has-text-align-center wp-block-heading\">Gerelateerd product<\/h2>\n<\/div><\/div>\n\n\n\n<div class=\"wp-block-karopharma-product-promotion text-align-right pt-medium pb-medium bg-center bg-cover bg-no-repeat\" style=\"background-image:url()\"><div class=\"container max-w-medium\">\n<div class=\"wp-block-group is-layout-flow wp-block-group-is-layout-flow\">\n<figure class=\"wp-block-karopharma-product-promotion-image product-promotion-image\"><img decoding=\"async\" datatest=\"image\" src=\"https:\/\/scheriproct.com\/cdn-cgi\/image\/format=auto\/app\/uploads\/sites\/5\/2023\/02\/Gerelateerd-product.png\" loading=\"eager\" alt=\"Gerelateerd-product\" width=\"800\" height=\"271\" srcset=\"https:\/\/scheriproct.com\/cdn-cgi\/image\/format=auto,width=584\/app\/uploads\/sites\/5\/2023\/02\/Gerelateerd-product.png 584w, https:\/\/scheriproct.com\/cdn-cgi\/image\/format=auto,width=272\/app\/uploads\/sites\/5\/2023\/02\/Gerelateerd-product.png 272w\" sizes=\"(max-width: 584px) 100vw, 584px\"\/><\/figure>\n<\/div>\n\n\n\n<div class=\"wp-block-group is-layout-flow wp-block-group-is-layout-flow\">\n<h2 class=\"title is-style-heading-h3 wp-block-heading\">Scheriproct\u00ae 500 mg\/190 mg Zalf<\/h2>\n\n\n\n<h3 class=\"heading is-style-heading-h5 wp-block-heading\">Vermindert pijn, ontsteking en jeuk in de anale zone<\/h3>\n\n\n\n<p class=\"paragraph is-style-paragraph-body-text\">Voor symptomatische behandeling van hemorro\u00efden, anale ontsteking (proctitis) en\/of anaal eczeem<\/p>\n\n\n\n<div class=\"wp-block-buttons is-layout-flex wp-block-buttons-is-layout-flex\">\n<div class=\"wp-block-button is-style-primary-outlined-button\"><a class=\"wp-block-button__link\" href=\"https:\/\/scheriproct.com\/be\/fr\/produit\/scheriproct-500-mg-190-mg-pommade\/\">Product ontdekken<\/a><\/div>\n<\/div>\n<\/div>\n<\/div><\/div>\n\n\n\n<div class=\"wp-block-karopharma-free-text pt-small pb-small bg-center bg-cover bg-no-repeat\" style=\"background-image:url()\"><div class=\"free-text-wrapper container max-w-medium text-left\">\n<p><strong>Referenties<\/strong><\/p>\n\n\n\n<ol class=\"is-style-default wp-block-list\"><li>Hemorrhoids and what to do about them. Harvard Health Publishing. <a href=\"https:\/\/www.health.harvard.edu\/diseases-and-conditions\/hemorrhoids_and_what_to_do_about_them\" target=\"_blank\" rel=\"noreferrer noopener\">[Online]<\/a> 2019 Feb 6. [Accessed 2019\/06\/07]. <\/li><li><a href=\"https:\/\/www.health.harvard.edu\/diseases-and-conditions\/hemorrhoids_and_what_to_do_about_them\" target=\"_blank\" rel=\"noreferrer noopener\">https:\/\/www.health.harvard.edu\/diseases-and-conditions\/hemorrhoids_and_what_to_do_about_them 2020-10-13<\/a><\/li><li><a href=\"https:\/\/www.ncbi.nlm.nih.gov\/pmc\/articles\/PMC3342598\/\" target=\"_blank\" rel=\"noreferrer noopener\">https:\/\/www.ncbi.nlm.nih.gov\/pmc\/articles\/PMC3342598\/ 2020-10-16<\/a><\/li><li>The Diagnosis and Management of Haemorrhoidal Disease from a Global Perspective. Abramowitz, Laurent. Alimentary Pharmacology &amp; Therapeutics. Volume 31, Supplement 1, May 2010<\/li><li>The Diagnosis and Management of Haemorrhoidal Disease from a Global Perspective. Abramowitz, Laurent. Alimentary Pharmacology &amp; Therapeutics. Volume 31, Supplement 1, May 2010<\/li><li><a href=\"https:\/\/www.mayoclinic.org\/diseases-conditions\/hemorrhoids\/symptoms-causes\/syc-20360268\" target=\"_blank\" rel=\"noreferrer noopener\">https:\/\/www.mayoclinic.org\/diseases-conditions\/hemorrhoids\/symptoms-causes\/syc-20360268<\/a> Accessed 2020-10-13<\/li><li><a href=\"http:\/\/www.med.umich.edu\/1libr\/Surgery\/GenSurgery\/ThrombosedHem.pdf\" target=\"_blank\" rel=\"noreferrer noopener\">http:\/\/www.med.umich.edu\/1libr\/Surgery\/GenSurgery\/ThrombosedHem.pdf<\/a> Accessed 2020-10-13<\/li><\/ol>\n<\/div><\/div>\n","protected":false},"excerpt":{"rendered":"","protected":false},"author":2,"featured_media":0,"parent":0,"menu_order":0,"comment_status":"closed","ping_status":"closed","template":"","meta":{"_acf_changed":false,"footnotes":""},"from-article-database":[],"class_list":["post-331","page","type-page","status-publish","hentry"],"acf":[],"yoast_head":"<!-- This site is optimized with the Yoast SEO plugin v26.6 - https:\/\/yoast.com\/wordpress\/plugins\/seo\/ -->\n<title>Wat zijn de symptomen van hemorro\u00efden\/aambeien? - Scheriproct<\/title>\n<meta name=\"robots\" content=\"index, follow, max-snippet:-1, max-image-preview:large, max-video-preview:-1\" \/>\n<link rel=\"canonical\" href=\"https:\/\/scheriproct.com\/be\/nl\/wat-zijn-de-symptomen-van-hemorroiden-aambeien\/\" \/>\n<meta property=\"og:locale\" content=\"nl_BE\" \/>\n<meta property=\"og:type\" content=\"article\" \/>\n<meta property=\"og:title\" content=\"Wat zijn de symptomen van hemorro\u00efden\/aambeien? - Scheriproct\" \/>\n<meta property=\"og:url\" content=\"https:\/\/scheriproct.com\/be\/nl\/wat-zijn-de-symptomen-van-hemorroiden-aambeien\/\" \/>\n<meta property=\"og:site_name\" content=\"Scheriproct\" \/>\n<meta property=\"article:modified_time\" content=\"2024-11-14T07:11:49+00:00\" \/>\n<meta property=\"og:image\" content=\"https:\/\/scheriproct.com\/cdn-cgi\/image\/format=auto\/app\/uploads\/sites\/5\/2022\/11\/WhatAreTheSymptomsForHaemorrhoids.jpeg\" \/>\n<meta name=\"twitter:card\" content=\"summary_large_image\" \/>\n<meta name=\"twitter:label1\" content=\"Geschatte leestijd\" \/>\n\t<meta name=\"twitter:data1\" content=\"3 minuten\" \/>\n<script type=\"application\/ld+json\" class=\"yoast-schema-graph\">{\"@context\":\"https:\/\/schema.org\",\"@graph\":[{\"@type\":\"WebPage\",\"@id\":\"https:\/\/scheriproct.com\/be\/nl\/wat-zijn-de-symptomen-van-hemorroiden-aambeien\/\",\"url\":\"https:\/\/scheriproct.com\/be\/nl\/wat-zijn-de-symptomen-van-hemorroiden-aambeien\/\",\"name\":\"Wat zijn de symptomen van hemorro\u00efden\/aambeien? - Scheriproct\",\"isPartOf\":{\"@id\":\"https:\/\/scheriproct.com\/be\/nl\/#website\"},\"primaryImageOfPage\":{\"@id\":\"https:\/\/scheriproct.com\/be\/nl\/wat-zijn-de-symptomen-van-hemorroiden-aambeien\/#primaryimage\"},\"image\":{\"@id\":\"https:\/\/scheriproct.com\/be\/nl\/wat-zijn-de-symptomen-van-hemorroiden-aambeien\/#primaryimage\"},\"thumbnailUrl\":\"https:\/\/scheriproct.com\/cdn-cgi\/image\/format=auto\/app\/uploads\/sites\/5\/2022\/11\/WhatAreTheSymptomsForHaemorrhoids.jpeg\",\"datePublished\":\"2022-11-30T07:42:01+00:00\",\"dateModified\":\"2024-11-14T07:11:49+00:00\",\"breadcrumb\":{\"@id\":\"https:\/\/scheriproct.com\/be\/nl\/wat-zijn-de-symptomen-van-hemorroiden-aambeien\/#breadcrumb\"},\"inLanguage\":\"nl-BE\",\"potentialAction\":[{\"@type\":\"ReadAction\",\"target\":[\"https:\/\/scheriproct.com\/be\/nl\/wat-zijn-de-symptomen-van-hemorroiden-aambeien\/\"]}]},{\"@type\":\"ImageObject\",\"inLanguage\":\"nl-BE\",\"@id\":\"https:\/\/scheriproct.com\/be\/nl\/wat-zijn-de-symptomen-van-hemorroiden-aambeien\/#primaryimage\",\"url\":\"https:\/\/scheriproct.com\/cdn-cgi\/image\/format=auto\/app\/uploads\/sites\/5\/2022\/11\/WhatAreTheSymptomsForHaemorrhoids.jpeg\",\"contentUrl\":\"https:\/\/scheriproct.com\/cdn-cgi\/image\/format=auto\/app\/uploads\/sites\/5\/2022\/11\/WhatAreTheSymptomsForHaemorrhoids.jpeg\"},{\"@type\":\"BreadcrumbList\",\"@id\":\"https:\/\/scheriproct.com\/be\/nl\/wat-zijn-de-symptomen-van-hemorroiden-aambeien\/#breadcrumb\",\"itemListElement\":[{\"@type\":\"ListItem\",\"position\":1,\"name\":\"Home\",\"item\":\"https:\/\/scheriproct.com\/be\/nl\/\"},{\"@type\":\"ListItem\",\"position\":2,\"name\":\"Wat zijn de symptomen van hemorro\u00efden\/aambeien?\"}]},{\"@type\":\"WebSite\",\"@id\":\"https:\/\/scheriproct.com\/be\/nl\/#website\",\"url\":\"https:\/\/scheriproct.com\/be\/nl\/\",\"name\":\"Scheriproct\",\"description\":\"\",\"publisher\":{\"@id\":\"https:\/\/scheriproct.com\/be\/nl\/#organization\"},\"potentialAction\":[{\"@type\":\"SearchAction\",\"target\":{\"@type\":\"EntryPoint\",\"urlTemplate\":\"https:\/\/scheriproct.com\/be\/nl\/?s={search_term_string}\"},\"query-input\":{\"@type\":\"PropertyValueSpecification\",\"valueRequired\":true,\"valueName\":\"search_term_string\"}}],\"inLanguage\":\"nl-BE\"},{\"@type\":\"Organization\",\"@id\":\"https:\/\/scheriproct.com\/be\/nl\/#organization\",\"name\":\"Scheriproct\",\"url\":\"https:\/\/scheriproct.com\/be\/nl\/\",\"logo\":{\"@type\":\"ImageObject\",\"inLanguage\":\"nl-BE\",\"@id\":\"https:\/\/scheriproct.com\/be\/nl\/#\/schema\/logo\/image\/\",\"url\":\"https:\/\/scheriproct.com\/app\/uploads\/sites\/5\/2022\/06\/scheriproct-logo.png\",\"contentUrl\":\"https:\/\/scheriproct.com\/app\/uploads\/sites\/5\/2022\/06\/scheriproct-logo.png\",\"width\":143,\"height\":20,\"caption\":\"Scheriproct\"},\"image\":{\"@id\":\"https:\/\/scheriproct.com\/be\/nl\/#\/schema\/logo\/image\/\"}}]}<\/script>\n<!-- \/ Yoast SEO plugin. -->","yoast_head_json":{"title":"Wat zijn de symptomen van hemorro\u00efden\/aambeien? - Scheriproct","robots":{"index":"index","follow":"follow","max-snippet":"max-snippet:-1","max-image-preview":"max-image-preview:large","max-video-preview":"max-video-preview:-1"},"canonical":"https:\/\/scheriproct.com\/be\/nl\/wat-zijn-de-symptomen-van-hemorroiden-aambeien\/","og_locale":"nl_BE","og_type":"article","og_title":"Wat zijn de symptomen van hemorro\u00efden\/aambeien? - Scheriproct","og_url":"https:\/\/scheriproct.com\/be\/nl\/wat-zijn-de-symptomen-van-hemorroiden-aambeien\/","og_site_name":"Scheriproct","article_modified_time":"2024-11-14T07:11:49+00:00","og_image":[{"url":"https:\/\/scheriproct.com\/cdn-cgi\/image\/format=auto\/app\/uploads\/sites\/5\/2022\/11\/WhatAreTheSymptomsForHaemorrhoids.jpeg","type":"","width":"","height":""}],"twitter_card":"summary_large_image","twitter_misc":{"Geschatte leestijd":"3 minuten"},"schema":{"@context":"https:\/\/schema.org","@graph":[{"@type":"WebPage","@id":"https:\/\/scheriproct.com\/be\/nl\/wat-zijn-de-symptomen-van-hemorroiden-aambeien\/","url":"https:\/\/scheriproct.com\/be\/nl\/wat-zijn-de-symptomen-van-hemorroiden-aambeien\/","name":"Wat zijn de symptomen van hemorro\u00efden\/aambeien? - Scheriproct","isPartOf":{"@id":"https:\/\/scheriproct.com\/be\/nl\/#website"},"primaryImageOfPage":{"@id":"https:\/\/scheriproct.com\/be\/nl\/wat-zijn-de-symptomen-van-hemorroiden-aambeien\/#primaryimage"},"image":{"@id":"https:\/\/scheriproct.com\/be\/nl\/wat-zijn-de-symptomen-van-hemorroiden-aambeien\/#primaryimage"},"thumbnailUrl":"https:\/\/scheriproct.com\/cdn-cgi\/image\/format=auto\/app\/uploads\/sites\/5\/2022\/11\/WhatAreTheSymptomsForHaemorrhoids.jpeg","datePublished":"2022-11-30T07:42:01+00:00","dateModified":"2024-11-14T07:11:49+00:00","breadcrumb":{"@id":"https:\/\/scheriproct.com\/be\/nl\/wat-zijn-de-symptomen-van-hemorroiden-aambeien\/#breadcrumb"},"inLanguage":"nl-BE","potentialAction":[{"@type":"ReadAction","target":["https:\/\/scheriproct.com\/be\/nl\/wat-zijn-de-symptomen-van-hemorroiden-aambeien\/"]}]},{"@type":"ImageObject","inLanguage":"nl-BE","@id":"https:\/\/scheriproct.com\/be\/nl\/wat-zijn-de-symptomen-van-hemorroiden-aambeien\/#primaryimage","url":"https:\/\/scheriproct.com\/cdn-cgi\/image\/format=auto\/app\/uploads\/sites\/5\/2022\/11\/WhatAreTheSymptomsForHaemorrhoids.jpeg","contentUrl":"https:\/\/scheriproct.com\/cdn-cgi\/image\/format=auto\/app\/uploads\/sites\/5\/2022\/11\/WhatAreTheSymptomsForHaemorrhoids.jpeg"},{"@type":"BreadcrumbList","@id":"https:\/\/scheriproct.com\/be\/nl\/wat-zijn-de-symptomen-van-hemorroiden-aambeien\/#breadcrumb","itemListElement":[{"@type":"ListItem","position":1,"name":"Home","item":"https:\/\/scheriproct.com\/be\/nl\/"},{"@type":"ListItem","position":2,"name":"Wat zijn de symptomen van hemorro\u00efden\/aambeien?"}]},{"@type":"WebSite","@id":"https:\/\/scheriproct.com\/be\/nl\/#website","url":"https:\/\/scheriproct.com\/be\/nl\/","name":"Scheriproct","description":"","publisher":{"@id":"https:\/\/scheriproct.com\/be\/nl\/#organization"},"potentialAction":[{"@type":"SearchAction","target":{"@type":"EntryPoint","urlTemplate":"https:\/\/scheriproct.com\/be\/nl\/?s={search_term_string}"},"query-input":{"@type":"PropertyValueSpecification","valueRequired":true,"valueName":"search_term_string"}}],"inLanguage":"nl-BE"},{"@type":"Organization","@id":"https:\/\/scheriproct.com\/be\/nl\/#organization","name":"Scheriproct","url":"https:\/\/scheriproct.com\/be\/nl\/","logo":{"@type":"ImageObject","inLanguage":"nl-BE","@id":"https:\/\/scheriproct.com\/be\/nl\/#\/schema\/logo\/image\/","url":"https:\/\/scheriproct.com\/app\/uploads\/sites\/5\/2022\/06\/scheriproct-logo.png","contentUrl":"https:\/\/scheriproct.com\/app\/uploads\/sites\/5\/2022\/06\/scheriproct-logo.png","width":143,"height":20,"caption":"Scheriproct"},"image":{"@id":"https:\/\/scheriproct.com\/be\/nl\/#\/schema\/logo\/image\/"}}]}},"_links":{"self":[{"href":"https:\/\/scheriproct.com\/be\/nl\/wp-json\/wp\/v2\/pages\/331","targetHints":{"allow":["GET"]}}],"collection":[{"href":"https:\/\/scheriproct.com\/be\/nl\/wp-json\/wp\/v2\/pages"}],"about":[{"href":"https:\/\/scheriproct.com\/be\/nl\/wp-json\/wp\/v2\/types\/page"}],"author":[{"embeddable":true,"href":"https:\/\/scheriproct.com\/be\/nl\/wp-json\/wp\/v2\/users\/2"}],"replies":[{"embeddable":true,"href":"https:\/\/scheriproct.com\/be\/nl\/wp-json\/wp\/v2\/comments?post=331"}],"version-history":[{"count":10,"href":"https:\/\/scheriproct.com\/be\/nl\/wp-json\/wp\/v2\/pages\/331\/revisions"}],"predecessor-version":[{"id":601,"href":"https:\/\/scheriproct.com\/be\/nl\/wp-json\/wp\/v2\/pages\/331\/revisions\/601"}],"wp:attachment":[{"href":"https:\/\/scheriproct.com\/be\/nl\/wp-json\/wp\/v2\/media?parent=331"}],"wp:term":[{"taxonomy":"from-article-database","embeddable":true,"href":"https:\/\/scheriproct.com\/be\/nl\/wp-json\/wp\/v2\/from-article-database?post=331"}],"curies":[{"name":"wp","href":"https:\/\/api.w.org\/{rel}","templated":true}]}}