{"id":162,"date":"2022-06-08T13:54:24","date_gmt":"2022-06-08T11:54:24","guid":{"rendered":"https:\/\/scheriproct.com\/be\/product\/scheriproct-500-mg-190-mg-pommade\/"},"modified":"2024-11-14T08:11:58","modified_gmt":"2024-11-14T07:11:58","slug":"scheriproct-500-mg-190-mg-pommade","status":"publish","type":"product","link":"https:\/\/scheriproct.com\/be\/fr\/produit\/scheriproct-500-mg-190-mg-pommade\/","title":{"rendered":"Scheriproct\u00ae 500 mg\/190 mg Pommade"},"content":{"rendered":"\n<div class=\"wp-block-karopharma-accordions is-style-secondary\"><div class=\"container\">\n<details class=\"wp-block-karopharma-accordion\"><summary><h2 class=\"accordion-title\">Que contient la pommade Scheriproct?<\/h2><\/summary><div class=\"accordion-content\">\n<p>La pommade Scheriproct est une pommade incolore \u00e0 l\u00e9g\u00e8rement jaun\u00e2tre fournie dans un tube de 30 g avec un applicateur s\u00e9par\u00e9.<\/p>\n<\/div><\/details>\n\n\n\n<details class=\"wp-block-karopharma-accordion\"><summary><h2 class=\"accordion-title\">Comment utiliser la pommade Scheriproct?<\/h2><\/summary><div class=\"accordion-content\">\n<p>La pommade peut \u00eatre utilis\u00e9e autour de l\u2019anus et\/ou \u00e0 l\u2019int\u00e9rieur de l\u2019anus en utilisant l\u2019applicateur sp\u00e9cifique inclus dans l\u2019emballage. En g\u00e9n\u00e9ral, la pommade doit \u00eatre appliqu\u00e9e deux fois par jour, le matin et le soir, mais elle peut \u00eatre appliqu\u00e9e trois fois le premier jour pour obtenir un soulagement rapide.<\/p>\n<\/div><\/details>\n<\/div><\/div>\n\n\n\n<div class=\"wp-block-karopharma-free-text pt-small pb-large bg-center bg-cover bg-no-repeat  is-style-secondary\" style=\"background-image:url()\"><div class=\"free-text-wrapper container max-w-medium text-left\">\n<h4 class=\"is-style-heading-h4 wp-block-heading\">Les r\u00e9f\u00e9rences<\/h4>\n\n\n\n<p class=\"is-style-paragraph-small\"><sup>1<\/sup> Havlickova B. Diagnosis and management of haemorrhoidal disease. Alimentary Pharmacology and Therapeutics 2010;31(Suppl 1): 19-32<\/p>\n<\/div><\/div>\n","protected":false},"excerpt":{"rendered":"<p>Pour le traitement des sympt\u00f4mes des h\u00e9morro\u00efdes, proctite et\/ou ecz\u00e9ma anal.<\/p>\n","protected":false},"featured_media":540,"comment_status":"closed","ping_status":"closed","template":"","meta":{"_acf_changed":false,"footnotes":""},"product_brand":[],"product_cat":[16],"product_tag":[],"class_list":{"0":"post-162","1":"product","2":"type-product","3":"status-publish","4":"has-post-thumbnail","6":"product_cat-uncategorized","8":"first","9":"instock","10":"shipping-taxable","11":"product-type-simple"},"acf":[],"yoast_head":"<!-- This site is optimized with the Yoast SEO plugin v26.6 - https:\/\/yoast.com\/wordpress\/plugins\/seo\/ -->\n<title>Scheriproct\u00ae 500 mg\/190 mg Pommade - Scheriproct<\/title>\n<meta name=\"description\" content=\"La puissante pommade Scheriproct traite et soulage les d\u00e9mangeaisons, le gonflement, les douleurs et l&#039;inflammation dans la r\u00e9gion anale.\" \/>\n<meta name=\"robots\" content=\"index, follow, max-snippet:-1, max-image-preview:large, max-video-preview:-1\" \/>\n<link rel=\"canonical\" href=\"https:\/\/scheriproct.com\/be\/fr\/produit\/scheriproct-500-mg-190-mg-pommade\/\" \/>\n<meta property=\"og:locale\" content=\"fr_FR\" \/>\n<meta property=\"og:type\" content=\"article\" \/>\n<meta property=\"og:title\" content=\"Scheriproct\u00ae 500 mg\/190 mg Pommade - Scheriproct\" \/>\n<meta property=\"og:description\" content=\"La puissante pommade Scheriproct traite et soulage les d\u00e9mangeaisons, le gonflement, les douleurs et l&#039;inflammation dans la r\u00e9gion anale.\" \/>\n<meta property=\"og:url\" content=\"https:\/\/scheriproct.com\/be\/fr\/produit\/scheriproct-500-mg-190-mg-pommade\/\" \/>\n<meta property=\"og:site_name\" content=\"Scheriproct\" \/>\n<meta property=\"article:modified_time\" content=\"2024-11-14T07:11:58+00:00\" \/>\n<meta property=\"og:image\" content=\"https:\/\/scheriproct.com\/app\/uploads\/sites\/5\/2022\/06\/Scheriproct-BE-packshot-1.png\" \/>\n\t<meta property=\"og:image:width\" content=\"2000\" \/>\n\t<meta property=\"og:image:height\" content=\"2000\" \/>\n\t<meta property=\"og:image:type\" content=\"image\/png\" \/>\n<meta name=\"twitter:card\" content=\"summary_large_image\" \/>\n<meta name=\"twitter:label1\" content=\"Dur\u00e9e de lecture est.\" \/>\n\t<meta name=\"twitter:data1\" content=\"1 minute\" \/>\n<script type=\"application\/ld+json\" class=\"yoast-schema-graph\">{\"@context\":\"https:\/\/schema.org\",\"@graph\":[{\"@type\":\"WebPage\",\"@id\":\"https:\/\/scheriproct.com\/be\/fr\/produit\/scheriproct-500-mg-190-mg-pommade\/\",\"url\":\"https:\/\/scheriproct.com\/be\/fr\/produit\/scheriproct-500-mg-190-mg-pommade\/\",\"name\":\"Scheriproct\u00ae 500 mg\/190 mg Pommade - Scheriproct\",\"isPartOf\":{\"@id\":\"https:\/\/scheriproct.com\/be\/fr\/#website\"},\"primaryImageOfPage\":{\"@id\":\"https:\/\/scheriproct.com\/be\/fr\/produit\/scheriproct-500-mg-190-mg-pommade\/#primaryimage\"},\"image\":{\"@id\":\"https:\/\/scheriproct.com\/be\/fr\/produit\/scheriproct-500-mg-190-mg-pommade\/#primaryimage\"},\"thumbnailUrl\":\"https:\/\/scheriproct.com\/app\/uploads\/sites\/5\/2022\/06\/Scheriproct-BE-packshot-1.png\",\"datePublished\":\"2022-06-08T11:54:24+00:00\",\"dateModified\":\"2024-11-14T07:11:58+00:00\",\"description\":\"La puissante pommade Scheriproct traite et soulage les d\u00e9mangeaisons, le gonflement, les douleurs et l'inflammation dans la r\u00e9gion anale.\",\"breadcrumb\":{\"@id\":\"https:\/\/scheriproct.com\/be\/fr\/produit\/scheriproct-500-mg-190-mg-pommade\/#breadcrumb\"},\"inLanguage\":\"fr-BE\",\"potentialAction\":[{\"@type\":\"ReadAction\",\"target\":[\"https:\/\/scheriproct.com\/be\/fr\/produit\/scheriproct-500-mg-190-mg-pommade\/\"]}]},{\"@type\":\"ImageObject\",\"inLanguage\":\"fr-BE\",\"@id\":\"https:\/\/scheriproct.com\/be\/fr\/produit\/scheriproct-500-mg-190-mg-pommade\/#primaryimage\",\"url\":\"https:\/\/scheriproct.com\/app\/uploads\/sites\/5\/2022\/06\/Scheriproct-BE-packshot-1.png\",\"contentUrl\":\"https:\/\/scheriproct.com\/app\/uploads\/sites\/5\/2022\/06\/Scheriproct-BE-packshot-1.png\",\"width\":2000,\"height\":2000,\"caption\":\"Scheriproct-BE-packshot\"},{\"@type\":\"BreadcrumbList\",\"@id\":\"https:\/\/scheriproct.com\/be\/fr\/produit\/scheriproct-500-mg-190-mg-pommade\/#breadcrumb\",\"itemListElement\":[{\"@type\":\"ListItem\",\"position\":1,\"name\":\"Home\",\"item\":\"https:\/\/scheriproct.com\/be\/fr\/\"},{\"@type\":\"ListItem\",\"position\":2,\"name\":\"Produit\",\"item\":\"https:\/\/scheriproct.com\/be\/fr\/produit\/\"},{\"@type\":\"ListItem\",\"position\":3,\"name\":\"Scheriproct\u00ae 500 mg\/190 mg Pommade\"}]},{\"@type\":\"WebSite\",\"@id\":\"https:\/\/scheriproct.com\/be\/fr\/#website\",\"url\":\"https:\/\/scheriproct.com\/be\/fr\/\",\"name\":\"Scheriproct\",\"description\":\"\",\"publisher\":{\"@id\":\"https:\/\/scheriproct.com\/be\/fr\/#organization\"},\"potentialAction\":[{\"@type\":\"SearchAction\",\"target\":{\"@type\":\"EntryPoint\",\"urlTemplate\":\"https:\/\/scheriproct.com\/be\/fr\/?s={search_term_string}\"},\"query-input\":{\"@type\":\"PropertyValueSpecification\",\"valueRequired\":true,\"valueName\":\"search_term_string\"}}],\"inLanguage\":\"fr-BE\"},{\"@type\":\"Organization\",\"@id\":\"https:\/\/scheriproct.com\/be\/fr\/#organization\",\"name\":\"Scheriproct\",\"url\":\"https:\/\/scheriproct.com\/be\/fr\/\",\"logo\":{\"@type\":\"ImageObject\",\"inLanguage\":\"fr-BE\",\"@id\":\"https:\/\/scheriproct.com\/be\/fr\/#\/schema\/logo\/image\/\",\"url\":\"https:\/\/scheriproct.com\/app\/uploads\/sites\/5\/2022\/06\/scheriproct-logo.png\",\"contentUrl\":\"https:\/\/scheriproct.com\/app\/uploads\/sites\/5\/2022\/06\/scheriproct-logo.png\",\"width\":143,\"height\":20,\"caption\":\"Scheriproct\"},\"image\":{\"@id\":\"https:\/\/scheriproct.com\/be\/fr\/#\/schema\/logo\/image\/\"}}]}<\/script>\n<!-- \/ Yoast SEO plugin. -->","yoast_head_json":{"title":"Scheriproct\u00ae 500 mg\/190 mg Pommade - Scheriproct","description":"La puissante pommade Scheriproct traite et soulage les d\u00e9mangeaisons, le gonflement, les douleurs et l'inflammation dans la r\u00e9gion anale.","robots":{"index":"index","follow":"follow","max-snippet":"max-snippet:-1","max-image-preview":"max-image-preview:large","max-video-preview":"max-video-preview:-1"},"canonical":"https:\/\/scheriproct.com\/be\/fr\/produit\/scheriproct-500-mg-190-mg-pommade\/","og_locale":"fr_FR","og_type":"article","og_title":"Scheriproct\u00ae 500 mg\/190 mg Pommade - Scheriproct","og_description":"La puissante pommade Scheriproct traite et soulage les d\u00e9mangeaisons, le gonflement, les douleurs et l'inflammation dans la r\u00e9gion anale.","og_url":"https:\/\/scheriproct.com\/be\/fr\/produit\/scheriproct-500-mg-190-mg-pommade\/","og_site_name":"Scheriproct","article_modified_time":"2024-11-14T07:11:58+00:00","og_image":[{"width":2000,"height":2000,"url":"https:\/\/scheriproct.com\/app\/uploads\/sites\/5\/2022\/06\/Scheriproct-BE-packshot-1.png","type":"image\/png"}],"twitter_card":"summary_large_image","twitter_misc":{"Dur\u00e9e de lecture est.":"1 minute"},"schema":{"@context":"https:\/\/schema.org","@graph":[{"@type":"WebPage","@id":"https:\/\/scheriproct.com\/be\/fr\/produit\/scheriproct-500-mg-190-mg-pommade\/","url":"https:\/\/scheriproct.com\/be\/fr\/produit\/scheriproct-500-mg-190-mg-pommade\/","name":"Scheriproct\u00ae 500 mg\/190 mg Pommade - Scheriproct","isPartOf":{"@id":"https:\/\/scheriproct.com\/be\/fr\/#website"},"primaryImageOfPage":{"@id":"https:\/\/scheriproct.com\/be\/fr\/produit\/scheriproct-500-mg-190-mg-pommade\/#primaryimage"},"image":{"@id":"https:\/\/scheriproct.com\/be\/fr\/produit\/scheriproct-500-mg-190-mg-pommade\/#primaryimage"},"thumbnailUrl":"https:\/\/scheriproct.com\/app\/uploads\/sites\/5\/2022\/06\/Scheriproct-BE-packshot-1.png","datePublished":"2022-06-08T11:54:24+00:00","dateModified":"2024-11-14T07:11:58+00:00","description":"La puissante pommade Scheriproct traite et soulage les d\u00e9mangeaisons, le gonflement, les douleurs et l'inflammation dans la r\u00e9gion anale.","breadcrumb":{"@id":"https:\/\/scheriproct.com\/be\/fr\/produit\/scheriproct-500-mg-190-mg-pommade\/#breadcrumb"},"inLanguage":"fr-BE","potentialAction":[{"@type":"ReadAction","target":["https:\/\/scheriproct.com\/be\/fr\/produit\/scheriproct-500-mg-190-mg-pommade\/"]}]},{"@type":"ImageObject","inLanguage":"fr-BE","@id":"https:\/\/scheriproct.com\/be\/fr\/produit\/scheriproct-500-mg-190-mg-pommade\/#primaryimage","url":"https:\/\/scheriproct.com\/app\/uploads\/sites\/5\/2022\/06\/Scheriproct-BE-packshot-1.png","contentUrl":"https:\/\/scheriproct.com\/app\/uploads\/sites\/5\/2022\/06\/Scheriproct-BE-packshot-1.png","width":2000,"height":2000,"caption":"Scheriproct-BE-packshot"},{"@type":"BreadcrumbList","@id":"https:\/\/scheriproct.com\/be\/fr\/produit\/scheriproct-500-mg-190-mg-pommade\/#breadcrumb","itemListElement":[{"@type":"ListItem","position":1,"name":"Home","item":"https:\/\/scheriproct.com\/be\/fr\/"},{"@type":"ListItem","position":2,"name":"Produit","item":"https:\/\/scheriproct.com\/be\/fr\/produit\/"},{"@type":"ListItem","position":3,"name":"Scheriproct\u00ae 500 mg\/190 mg Pommade"}]},{"@type":"WebSite","@id":"https:\/\/scheriproct.com\/be\/fr\/#website","url":"https:\/\/scheriproct.com\/be\/fr\/","name":"Scheriproct","description":"","publisher":{"@id":"https:\/\/scheriproct.com\/be\/fr\/#organization"},"potentialAction":[{"@type":"SearchAction","target":{"@type":"EntryPoint","urlTemplate":"https:\/\/scheriproct.com\/be\/fr\/?s={search_term_string}"},"query-input":{"@type":"PropertyValueSpecification","valueRequired":true,"valueName":"search_term_string"}}],"inLanguage":"fr-BE"},{"@type":"Organization","@id":"https:\/\/scheriproct.com\/be\/fr\/#organization","name":"Scheriproct","url":"https:\/\/scheriproct.com\/be\/fr\/","logo":{"@type":"ImageObject","inLanguage":"fr-BE","@id":"https:\/\/scheriproct.com\/be\/fr\/#\/schema\/logo\/image\/","url":"https:\/\/scheriproct.com\/app\/uploads\/sites\/5\/2022\/06\/scheriproct-logo.png","contentUrl":"https:\/\/scheriproct.com\/app\/uploads\/sites\/5\/2022\/06\/scheriproct-logo.png","width":143,"height":20,"caption":"Scheriproct"},"image":{"@id":"https:\/\/scheriproct.com\/be\/fr\/#\/schema\/logo\/image\/"}}]}},"_links":{"self":[{"href":"https:\/\/scheriproct.com\/be\/fr\/wp-json\/wp\/v2\/product\/162","targetHints":{"allow":["GET"]}}],"collection":[{"href":"https:\/\/scheriproct.com\/be\/fr\/wp-json\/wp\/v2\/product"}],"about":[{"href":"https:\/\/scheriproct.com\/be\/fr\/wp-json\/wp\/v2\/types\/product"}],"replies":[{"embeddable":true,"href":"https:\/\/scheriproct.com\/be\/fr\/wp-json\/wp\/v2\/comments?post=162"}],"version-history":[{"count":10,"href":"https:\/\/scheriproct.com\/be\/fr\/wp-json\/wp\/v2\/product\/162\/revisions"}],"predecessor-version":[{"id":623,"href":"https:\/\/scheriproct.com\/be\/fr\/wp-json\/wp\/v2\/product\/162\/revisions\/623"}],"wp:featuredmedia":[{"embeddable":true,"href":"https:\/\/scheriproct.com\/be\/fr\/wp-json\/wp\/v2\/media\/540"}],"wp:attachment":[{"href":"https:\/\/scheriproct.com\/be\/fr\/wp-json\/wp\/v2\/media?parent=162"}],"wp:term":[{"taxonomy":"product_brand","embeddable":true,"href":"https:\/\/scheriproct.com\/be\/fr\/wp-json\/wp\/v2\/product_brand?post=162"},{"taxonomy":"product_cat","embeddable":true,"href":"https:\/\/scheriproct.com\/be\/fr\/wp-json\/wp\/v2\/product_cat?post=162"},{"taxonomy":"product_tag","embeddable":true,"href":"https:\/\/scheriproct.com\/be\/fr\/wp-json\/wp\/v2\/product_tag?post=162"}],"curies":[{"name":"wp","href":"https:\/\/api.w.org\/{rel}","templated":true}]}}