{"id":161,"date":"2022-06-08T13:54:24","date_gmt":"2022-06-08T11:54:24","guid":{"rendered":"https:\/\/scheriproct.com\/be\/product\/scheriproct-500-mg-190-mg-pommade\/"},"modified":"2024-11-14T08:11:56","modified_gmt":"2024-11-14T07:11:56","slug":"scheriproct-500-mg-190-mg-pommade-2","status":"publish","type":"product","link":"https:\/\/scheriproct.com\/be\/fr\/produit\/scheriproct-500-mg-190-mg-pommade-2\/","title":{"rendered":"Scheriproct\u00ae 500 mg\/190 mg Pommade"},"content":{"rendered":"\n<div class=\"wp-block-karopharma-accordions is-style-secondary\"><div class=\"container\">\n<details class=\"wp-block-karopharma-accordion\"><summary><h2 class=\"accordion-title\">Informations sur le produit:<\/h2><\/summary><div class=\"accordion-content\">\n<p>La pommade Scheriproct traite les affections anales en utilisant la combinaison d\u2019un anesth\u00e9sique local et d\u2019un corticost\u00e9ro\u00efde pour soulager la douleur et r\u00e9duire l\u2019inflammation en m\u00eame temps. Ce produit aide les personnes \u00e0 g\u00e9rer leurs probl\u00e8mes anaux depuis plus de 40 ans et soulage efficacement les sympt\u00f4mes. <sup>1<\/sup> <\/p>\n\n\n\n<p>Utilisez la pommade Scheriproct pour obtenir un soulagement des d\u00e9mangeaisons, des gonflements, des douleurs, des inflammations et des irritations au niveau anal. Vous pouvez acheter la cr\u00e8me sans ordonnance dans la plupart des pharmacies. N\u2019oubliez pas: plus vous commencez t\u00f4t, plus les h\u00e9morro\u00efdes sont faciles \u00e0 traiter!<\/p>\n<\/div><\/details>\n\n\n\n<details class=\"wp-block-karopharma-accordion\"><summary><h2 class=\"accordion-title\">Mode d\u2019emploi<\/h2><\/summary><div class=\"accordion-content\">\n<p>L\u2019utilisation de Scheriproct est facile : deux applications par jour suffisent g\u00e9n\u00e9ralement, mais vous pouvez l\u2019utiliser jusqu\u2019\u00e0 trois fois le premier jour du traitement si n\u00e9cessaire. Apr\u00e8s disparition des sympt\u00f4mes, il suffit g\u00e9n\u00e9ralement d\u2019appliquer la pommade une fois par jour. Le traitement ne doit pas d\u00e9passer deux semaines.<\/p>\n\n\n\n<p>Avant d\u2019utiliser la cr\u00e8me, lavez-vous les mains et nettoyez et s\u00e9chez en douceur votre anus et la peau avoisinante.<\/p>\n\n\n\n<p>Si vous utilisez la pommade Scheriproct <strong>autour de l\u2019anus<\/strong> : Posez une petite quantit\u00e9 de cr\u00e8me sur le dessus de votre doigt et appliquez-la juste \u00e0 l\u2019int\u00e9rieur de l\u2019anus et sur la peau environnante. \u00c9talez doucement la cr\u00e8me et \u00e9vitez de frotter, car cela peut irriter la peau. En cas d\u2019h\u00e9morro\u00efdes internes qui ressortent (prolapsus) de vos h\u00e9morro\u00efdes, lubrifiez-les g\u00e9n\u00e9reusement avec la pommade et repoussez-les d\u00e9licatement dans l\u2019anus.<\/p>\n\n\n\n<p>Si vous utilisez la pommade Scheriproct dans l\u2019anus : Vissez l\u2019applicateur joint sur le tube et pressez le tube pour remplir l\u2019applicateur d\u2019onguent. Ins\u00e9rer d\u00e9licatement l\u2019ensemble de l\u2019applicateur dans l\u2019anus, puis le tirer vers l\u2019arri\u00e8re tout en serrant doucement le tube. Nettoyer l\u2019applicateur conform\u00e9ment aux instructions apr\u00e8s chaque utilisation.<\/p>\n<\/div><\/details>\n\n\n\n<details class=\"wp-block-karopharma-accordion\"><summary><h2 class=\"accordion-title\">Effet<\/h2><\/summary><div class=\"accordion-content\">\n<p>Les deux substances actives de la pommade Scheriproct sont la prednisolone (corticost\u00e9ro\u00efde anti-inflammatoire) et la cinchoca\u00efne (anesth\u00e9sique local qui soulage la douleur). La pommade Scheriproct est un traitement \u00e0 court terme. Si vous ne constatez aucune am\u00e9lioration apr\u00e8s 2 semaines, ou si vos sympt\u00f4mes s\u2019aggravent, consultez un m\u00e9decin ou un autre professionnel de sant\u00e9.<\/p>\n<\/div><\/details>\n<\/div><\/div>\n\n<div class=\"wp-block-karopharma-free-text pt-small pb-large bg-center bg-cover bg-no-repeat  is-style-secondary\" style=\"background-image:url()\"><div class=\"free-text-wrapper container max-w-medium text-left\">\n<h4 class=\"is-style-heading-h4 wp-block-heading\">Les r\u00e9f\u00e9rences<\/h4>\n\n\n\n<p class=\"is-style-paragraph-small\"><sup>1<\/sup> Havlickova B. Diagnosis and management of haemorrhoidal disease. Alimentary Pharmacology and Therapeutics 2010;31(Suppl 1): 19-32<\/p>\n<\/div><\/div>\n","protected":false},"excerpt":{"rendered":"<p>La pommade Scheriproct\u00ae contient une formule double action pour soulager rapidement les sympt\u00f4mes des h\u00e9morro\u00efdes. Utilisez-le pour vous d\u00e9barrasser des d\u00e9mangeaisons, douleurs, gonflements, rougeur, sensation de br\u00fblure et autres sympt\u00f4mes g\u00eanants autour de l\u2019anus, caus\u00e9s par des h\u00e9morro\u00efdes externes et internes. La pommade Scheriproct\u00ae est un traitement sans ordonnance pour les h\u00e9morro\u00efdes, disponible aupr\u00e8s de votre pharmacien local.<\/p>\n","protected":false},"featured_media":148,"comment_status":"closed","ping_status":"closed","template":"","meta":{"_acf_changed":false,"footnotes":""},"product_brand":[],"product_cat":[16],"product_tag":[],"class_list":{"0":"post-161","1":"product","2":"type-product","3":"status-publish","4":"has-post-thumbnail","6":"product_cat-uncategorized","8":"first","9":"instock","10":"shipping-taxable","11":"product-type-simple"},"acf":[],"yoast_head":"<!-- This site is optimized with the Yoast SEO plugin v26.6 - https:\/\/yoast.com\/wordpress\/plugins\/seo\/ -->\n<title>Scheriproct\u00ae 500 mg\/190 mg Pommade - Scheriproct<\/title>\n<meta name=\"description\" content=\"La puissante pommade Scheriproct traite et soulage les d\u00e9mangeaisons, le gonflement, les douleurs et l&#039;inflammation dans la r\u00e9gion anale.\" \/>\n<meta name=\"robots\" content=\"index, follow, max-snippet:-1, max-image-preview:large, max-video-preview:-1\" \/>\n<link rel=\"canonical\" href=\"https:\/\/scheriproct.com\/be\/fr\/produit\/scheriproct-500-mg-190-mg-pommade-2\/\" \/>\n<meta property=\"og:locale\" content=\"fr_FR\" \/>\n<meta property=\"og:type\" content=\"article\" \/>\n<meta property=\"og:title\" content=\"Scheriproct\u00ae 500 mg\/190 mg Pommade - Scheriproct\" \/>\n<meta property=\"og:description\" content=\"La puissante pommade Scheriproct traite et soulage les d\u00e9mangeaisons, le gonflement, les douleurs et l&#039;inflammation dans la r\u00e9gion anale.\" \/>\n<meta property=\"og:url\" content=\"https:\/\/scheriproct.com\/be\/fr\/produit\/scheriproct-500-mg-190-mg-pommade-2\/\" \/>\n<meta property=\"og:site_name\" content=\"Scheriproct\" \/>\n<meta property=\"article:modified_time\" content=\"2024-11-14T07:11:56+00:00\" \/>\n<meta property=\"og:image\" content=\"https:\/\/scheriproct.com\/app\/uploads\/sites\/5\/2022\/06\/Scheriproct-BE-packshot.png\" \/>\n\t<meta property=\"og:image:width\" content=\"2000\" \/>\n\t<meta property=\"og:image:height\" content=\"2000\" \/>\n\t<meta property=\"og:image:type\" content=\"image\/png\" \/>\n<meta name=\"twitter:card\" content=\"summary_large_image\" \/>\n<meta name=\"twitter:label1\" content=\"Dur\u00e9e de lecture est.\" \/>\n\t<meta name=\"twitter:data1\" content=\"2 minutes\" \/>\n<script type=\"application\/ld+json\" class=\"yoast-schema-graph\">{\"@context\":\"https:\/\/schema.org\",\"@graph\":[{\"@type\":\"WebPage\",\"@id\":\"https:\/\/scheriproct.com\/be\/fr\/produit\/scheriproct-500-mg-190-mg-pommade-2\/\",\"url\":\"https:\/\/scheriproct.com\/be\/fr\/produit\/scheriproct-500-mg-190-mg-pommade-2\/\",\"name\":\"Scheriproct\u00ae 500 mg\/190 mg Pommade - Scheriproct\",\"isPartOf\":{\"@id\":\"https:\/\/scheriproct.com\/be\/fr\/#website\"},\"primaryImageOfPage\":{\"@id\":\"https:\/\/scheriproct.com\/be\/fr\/produit\/scheriproct-500-mg-190-mg-pommade-2\/#primaryimage\"},\"image\":{\"@id\":\"https:\/\/scheriproct.com\/be\/fr\/produit\/scheriproct-500-mg-190-mg-pommade-2\/#primaryimage\"},\"thumbnailUrl\":\"https:\/\/scheriproct.com\/app\/uploads\/sites\/5\/2022\/06\/Scheriproct-BE-packshot.png\",\"datePublished\":\"2022-06-08T11:54:24+00:00\",\"dateModified\":\"2024-11-14T07:11:56+00:00\",\"description\":\"La puissante pommade Scheriproct traite et soulage les d\u00e9mangeaisons, le gonflement, les douleurs et l'inflammation dans la r\u00e9gion anale.\",\"breadcrumb\":{\"@id\":\"https:\/\/scheriproct.com\/be\/fr\/produit\/scheriproct-500-mg-190-mg-pommade-2\/#breadcrumb\"},\"inLanguage\":\"fr-BE\",\"potentialAction\":[{\"@type\":\"ReadAction\",\"target\":[\"https:\/\/scheriproct.com\/be\/fr\/produit\/scheriproct-500-mg-190-mg-pommade-2\/\"]}]},{\"@type\":\"ImageObject\",\"inLanguage\":\"fr-BE\",\"@id\":\"https:\/\/scheriproct.com\/be\/fr\/produit\/scheriproct-500-mg-190-mg-pommade-2\/#primaryimage\",\"url\":\"https:\/\/scheriproct.com\/app\/uploads\/sites\/5\/2022\/06\/Scheriproct-BE-packshot.png\",\"contentUrl\":\"https:\/\/scheriproct.com\/app\/uploads\/sites\/5\/2022\/06\/Scheriproct-BE-packshot.png\",\"width\":2000,\"height\":2000,\"caption\":\"Scheriproct Neo\"},{\"@type\":\"BreadcrumbList\",\"@id\":\"https:\/\/scheriproct.com\/be\/fr\/produit\/scheriproct-500-mg-190-mg-pommade-2\/#breadcrumb\",\"itemListElement\":[{\"@type\":\"ListItem\",\"position\":1,\"name\":\"Home\",\"item\":\"https:\/\/scheriproct.com\/be\/fr\/\"},{\"@type\":\"ListItem\",\"position\":2,\"name\":\"Produit\",\"item\":\"https:\/\/scheriproct.com\/be\/fr\/produit\/\"},{\"@type\":\"ListItem\",\"position\":3,\"name\":\"Scheriproct\u00ae 500 mg\/190 mg Pommade\"}]},{\"@type\":\"WebSite\",\"@id\":\"https:\/\/scheriproct.com\/be\/fr\/#website\",\"url\":\"https:\/\/scheriproct.com\/be\/fr\/\",\"name\":\"Scheriproct\",\"description\":\"\",\"publisher\":{\"@id\":\"https:\/\/scheriproct.com\/be\/fr\/#organization\"},\"potentialAction\":[{\"@type\":\"SearchAction\",\"target\":{\"@type\":\"EntryPoint\",\"urlTemplate\":\"https:\/\/scheriproct.com\/be\/fr\/?s={search_term_string}\"},\"query-input\":{\"@type\":\"PropertyValueSpecification\",\"valueRequired\":true,\"valueName\":\"search_term_string\"}}],\"inLanguage\":\"fr-BE\"},{\"@type\":\"Organization\",\"@id\":\"https:\/\/scheriproct.com\/be\/fr\/#organization\",\"name\":\"Scheriproct\",\"url\":\"https:\/\/scheriproct.com\/be\/fr\/\",\"logo\":{\"@type\":\"ImageObject\",\"inLanguage\":\"fr-BE\",\"@id\":\"https:\/\/scheriproct.com\/be\/fr\/#\/schema\/logo\/image\/\",\"url\":\"https:\/\/scheriproct.com\/app\/uploads\/sites\/5\/2022\/06\/scheriproct-logo.png\",\"contentUrl\":\"https:\/\/scheriproct.com\/app\/uploads\/sites\/5\/2022\/06\/scheriproct-logo.png\",\"width\":143,\"height\":20,\"caption\":\"Scheriproct\"},\"image\":{\"@id\":\"https:\/\/scheriproct.com\/be\/fr\/#\/schema\/logo\/image\/\"}}]}<\/script>\n<!-- \/ Yoast SEO plugin. -->","yoast_head_json":{"title":"Scheriproct\u00ae 500 mg\/190 mg Pommade - Scheriproct","description":"La puissante pommade Scheriproct traite et soulage les d\u00e9mangeaisons, le gonflement, les douleurs et l'inflammation dans la r\u00e9gion anale.","robots":{"index":"index","follow":"follow","max-snippet":"max-snippet:-1","max-image-preview":"max-image-preview:large","max-video-preview":"max-video-preview:-1"},"canonical":"https:\/\/scheriproct.com\/be\/fr\/produit\/scheriproct-500-mg-190-mg-pommade-2\/","og_locale":"fr_FR","og_type":"article","og_title":"Scheriproct\u00ae 500 mg\/190 mg Pommade - Scheriproct","og_description":"La puissante pommade Scheriproct traite et soulage les d\u00e9mangeaisons, le gonflement, les douleurs et l'inflammation dans la r\u00e9gion anale.","og_url":"https:\/\/scheriproct.com\/be\/fr\/produit\/scheriproct-500-mg-190-mg-pommade-2\/","og_site_name":"Scheriproct","article_modified_time":"2024-11-14T07:11:56+00:00","og_image":[{"width":2000,"height":2000,"url":"https:\/\/scheriproct.com\/app\/uploads\/sites\/5\/2022\/06\/Scheriproct-BE-packshot.png","type":"image\/png"}],"twitter_card":"summary_large_image","twitter_misc":{"Dur\u00e9e de lecture est.":"2 minutes"},"schema":{"@context":"https:\/\/schema.org","@graph":[{"@type":"WebPage","@id":"https:\/\/scheriproct.com\/be\/fr\/produit\/scheriproct-500-mg-190-mg-pommade-2\/","url":"https:\/\/scheriproct.com\/be\/fr\/produit\/scheriproct-500-mg-190-mg-pommade-2\/","name":"Scheriproct\u00ae 500 mg\/190 mg Pommade - Scheriproct","isPartOf":{"@id":"https:\/\/scheriproct.com\/be\/fr\/#website"},"primaryImageOfPage":{"@id":"https:\/\/scheriproct.com\/be\/fr\/produit\/scheriproct-500-mg-190-mg-pommade-2\/#primaryimage"},"image":{"@id":"https:\/\/scheriproct.com\/be\/fr\/produit\/scheriproct-500-mg-190-mg-pommade-2\/#primaryimage"},"thumbnailUrl":"https:\/\/scheriproct.com\/app\/uploads\/sites\/5\/2022\/06\/Scheriproct-BE-packshot.png","datePublished":"2022-06-08T11:54:24+00:00","dateModified":"2024-11-14T07:11:56+00:00","description":"La puissante pommade Scheriproct traite et soulage les d\u00e9mangeaisons, le gonflement, les douleurs et l'inflammation dans la r\u00e9gion anale.","breadcrumb":{"@id":"https:\/\/scheriproct.com\/be\/fr\/produit\/scheriproct-500-mg-190-mg-pommade-2\/#breadcrumb"},"inLanguage":"fr-BE","potentialAction":[{"@type":"ReadAction","target":["https:\/\/scheriproct.com\/be\/fr\/produit\/scheriproct-500-mg-190-mg-pommade-2\/"]}]},{"@type":"ImageObject","inLanguage":"fr-BE","@id":"https:\/\/scheriproct.com\/be\/fr\/produit\/scheriproct-500-mg-190-mg-pommade-2\/#primaryimage","url":"https:\/\/scheriproct.com\/app\/uploads\/sites\/5\/2022\/06\/Scheriproct-BE-packshot.png","contentUrl":"https:\/\/scheriproct.com\/app\/uploads\/sites\/5\/2022\/06\/Scheriproct-BE-packshot.png","width":2000,"height":2000,"caption":"Scheriproct Neo"},{"@type":"BreadcrumbList","@id":"https:\/\/scheriproct.com\/be\/fr\/produit\/scheriproct-500-mg-190-mg-pommade-2\/#breadcrumb","itemListElement":[{"@type":"ListItem","position":1,"name":"Home","item":"https:\/\/scheriproct.com\/be\/fr\/"},{"@type":"ListItem","position":2,"name":"Produit","item":"https:\/\/scheriproct.com\/be\/fr\/produit\/"},{"@type":"ListItem","position":3,"name":"Scheriproct\u00ae 500 mg\/190 mg Pommade"}]},{"@type":"WebSite","@id":"https:\/\/scheriproct.com\/be\/fr\/#website","url":"https:\/\/scheriproct.com\/be\/fr\/","name":"Scheriproct","description":"","publisher":{"@id":"https:\/\/scheriproct.com\/be\/fr\/#organization"},"potentialAction":[{"@type":"SearchAction","target":{"@type":"EntryPoint","urlTemplate":"https:\/\/scheriproct.com\/be\/fr\/?s={search_term_string}"},"query-input":{"@type":"PropertyValueSpecification","valueRequired":true,"valueName":"search_term_string"}}],"inLanguage":"fr-BE"},{"@type":"Organization","@id":"https:\/\/scheriproct.com\/be\/fr\/#organization","name":"Scheriproct","url":"https:\/\/scheriproct.com\/be\/fr\/","logo":{"@type":"ImageObject","inLanguage":"fr-BE","@id":"https:\/\/scheriproct.com\/be\/fr\/#\/schema\/logo\/image\/","url":"https:\/\/scheriproct.com\/app\/uploads\/sites\/5\/2022\/06\/scheriproct-logo.png","contentUrl":"https:\/\/scheriproct.com\/app\/uploads\/sites\/5\/2022\/06\/scheriproct-logo.png","width":143,"height":20,"caption":"Scheriproct"},"image":{"@id":"https:\/\/scheriproct.com\/be\/fr\/#\/schema\/logo\/image\/"}}]}},"_links":{"self":[{"href":"https:\/\/scheriproct.com\/be\/fr\/wp-json\/wp\/v2\/product\/161","targetHints":{"allow":["GET"]}}],"collection":[{"href":"https:\/\/scheriproct.com\/be\/fr\/wp-json\/wp\/v2\/product"}],"about":[{"href":"https:\/\/scheriproct.com\/be\/fr\/wp-json\/wp\/v2\/types\/product"}],"replies":[{"embeddable":true,"href":"https:\/\/scheriproct.com\/be\/fr\/wp-json\/wp\/v2\/comments?post=161"}],"version-history":[{"count":1,"href":"https:\/\/scheriproct.com\/be\/fr\/wp-json\/wp\/v2\/product\/161\/revisions"}],"predecessor-version":[{"id":163,"href":"https:\/\/scheriproct.com\/be\/fr\/wp-json\/wp\/v2\/product\/161\/revisions\/163"}],"wp:featuredmedia":[{"embeddable":true,"href":"https:\/\/scheriproct.com\/be\/fr\/wp-json\/wp\/v2\/media\/148"}],"wp:attachment":[{"href":"https:\/\/scheriproct.com\/be\/fr\/wp-json\/wp\/v2\/media?parent=161"}],"wp:term":[{"taxonomy":"product_brand","embeddable":true,"href":"https:\/\/scheriproct.com\/be\/fr\/wp-json\/wp\/v2\/product_brand?post=161"},{"taxonomy":"product_cat","embeddable":true,"href":"https:\/\/scheriproct.com\/be\/fr\/wp-json\/wp\/v2\/product_cat?post=161"},{"taxonomy":"product_tag","embeddable":true,"href":"https:\/\/scheriproct.com\/be\/fr\/wp-json\/wp\/v2\/product_tag?post=161"}],"curies":[{"name":"wp","href":"https:\/\/api.w.org\/{rel}","templated":true}]}}