{"id":521,"date":"2022-12-01T09:41:23","date_gmt":"2022-12-01T08:41:23","guid":{"rendered":"https:\/\/scheriproct.com\/be\/?page_id=521"},"modified":"2025-01-31T12:22:56","modified_gmt":"2025-01-31T11:22:56","slug":"prevention","status":"publish","type":"page","link":"https:\/\/scheriproct.com\/be\/fr\/prevention\/","title":{"rendered":"Pr\u00e9vention"},"content":{"rendered":"\n<div class=\"wp-block-karopharma-free-text pt-medium pb-medium bg-center bg-cover bg-no-repeat bg-box\" style=\"background-image:url(https:\/\/scheriproct.com\/cdn-cgi\/image\/format=auto\/app\/uploads\/sites\/5\/2022\/06\/background-1.png)\"><div class=\"free-text-wrapper container max-w-medium text-center\">\n<h1 class=\"wp-block-heading is-style-heading-huge\">Pr\u00e9vention<\/h1>\n\n\n\n<h2 class=\"wp-block-heading\">Pr\u00e9vention des affections anales<\/h2>\n\n\n\n<p>Les h\u00e9morro\u00efdes sont l\u2019affection anale la plus courante qui pousse les personnes qui en souffrent \u00e0 consulter un m\u00e9decin. La bonne nouvelle est que, m\u00eame si les h\u00e9morro\u00efdes sont fr\u00e9quentes, elles peuvent souvent \u00eatre \u00e9vit\u00e9es gr\u00e2ce \u00e0 quelques changements de mode de vie judicieux.<sup>1<\/sup><\/p>\n<\/div><\/div>\n\n\n\n<div class=\"wp-block-karopharma-product-promotion text-align-left pt-medium pb-medium bg-center bg-cover bg-no-repeat  is-style-secondary\" style=\"background-image:url()\"><div class=\"container max-w-medium\">\n<div class=\"wp-block-group is-layout-flow wp-block-group-is-layout-flow\">\n<figure class=\"wp-block-image size-large\"><img loading=\"lazy\" decoding=\"async\" width=\"1024\" height=\"682\" src=\"https:\/\/scheriproct.com\/app\/uploads\/sites\/5\/2022\/11\/How-to-prevent-anal-discomforts-1024x682.jpeg\" alt=\"How-to-prevent-anal-discomforts\" class=\"wp-image-321\" srcset=\"https:\/\/scheriproct.com\/app\/uploads\/sites\/5\/2022\/11\/How-to-prevent-anal-discomforts-1024x682.jpeg 1024w, https:\/\/scheriproct.com\/app\/uploads\/sites\/5\/2022\/11\/How-to-prevent-anal-discomforts-320x213.jpeg 320w, https:\/\/scheriproct.com\/app\/uploads\/sites\/5\/2022\/11\/How-to-prevent-anal-discomforts-768x512.jpeg 768w, https:\/\/scheriproct.com\/app\/uploads\/sites\/5\/2022\/11\/How-to-prevent-anal-discomforts-600x400.jpeg 600w, https:\/\/scheriproct.com\/app\/uploads\/sites\/5\/2022\/11\/How-to-prevent-anal-discomforts.jpeg 1400w\" sizes=\"auto, (max-width: 1024px) 100vw, 1024px\" \/><\/figure>\n<\/div>\n\n\n\n<div class=\"wp-block-group is-layout-flow wp-block-group-is-layout-flow\">\n<p>Si vous avez des sympt\u00f4mes d\u2019h\u00e9morro\u00efdes ou de fissures anales inconfortables, c\u2019est probablement parce que des selles dures vous font souffrir lorsque vous allez aux toilettes. La seule mesure pr\u00e9ventive \u00e9prouv\u00e9e pour \u00e9viter les h\u00e9morro\u00efdes est de maintenir des selles r\u00e9guli\u00e8res en buvant beaucoup d\u2019eau et en adoptant une alimentation riche en fibres, avec notamment des c\u00e9r\u00e9ales compl\u00e8tes, des fruits et des l\u00e9gumes. Des \u00e9tudes sugg\u00e8rent que 30 \u00e0 40 g de fibres par jour sont n\u00e9cessaires pour \u00e9viter les affections anales. En ce qui concerne les h\u00e9morro\u00efdes, 50 g de fibres font un monde de diff\u00e9rence.<sup>1,2<\/sup><\/p>\n<\/div>\n<\/div><\/div>\n\n\n\n<div class=\"wp-block-karopharma-free-text pt-medium pb-small bg-center bg-cover bg-no-repeat\" style=\"background-image:url()\"><div class=\"free-text-wrapper container max-w-medium text-left\">\n<h2 class=\"wp-block-heading is-style-heading-h2\">L\u2019importance d\u2019une bonne hygi\u00e8ne de vie<\/h2>\n\n\n\n<p>Un mode de vie sain est le meilleur moyen de pr\u00e9venir les probl\u00e8mes anaux. Mais qu\u2019implique exactement un mode de vie sain et pourquoi est-ce important? Selon l\u2019Organisation Mondiale de la Sant\u00e9, un mode de vie sain est un mode de vie qui r\u00e9duit le risque d\u2019\u00eatre gravement malade ou de mourir pr\u00e9cocement. De nombreuses maladies non transmissibles peuvent \u00eatre compl\u00e8tement \u00e9vit\u00e9es en changeant certains de nos comportements, notamment en mati\u00e8re d\u2019alimentation et d\u2019exercice physique. Bien entendu, une vie saine ne vise pas seulement \u00e0 \u00e9viter les maladies. Elle permet aussi de maximiser son bien-\u00eatre physique, mental et social. Pour profiter de la vie, pendant plus longtemps.<sup>3<\/sup><\/p>\n\n\n\n<h2 class=\"wp-block-heading is-style-heading-h2\">Que dit la science?<\/h2>\n\n\n\n<p>La science confirme clairement que ces principes de base vous aideront \u00e0 mener une vie saine et \u00e0 \u00e9viter les maladies:<sup>3,4<\/sup><\/p>\n\n\n\n<p><strong>Ne fumez pas, et si vous le faites d\u00e9j\u00e0: <\/strong>arr\u00eatez ! Le tabagisme peut entra\u00eener des ann\u00e9es de maladie et d\u2019invalidit\u00e9, sans parler des d\u00e9c\u00e8s pr\u00e9matur\u00e9s.<\/p>\n\n\n\n<p><strong>Faites de l\u2019exercice physique.<\/strong> L\u2019exercice physique n\u2019est pas r\u00e9serv\u00e9 seulement aux athl\u00e8tes. l\u2019activit\u00e9 physique est n\u00e9cessaire pour stimuler et pr\u00e9server les syst\u00e8mes de maintenance int\u00e9gr\u00e9s de nos os, nos articulations, nos muscles et nos organes.<\/p>\n\n\n\n<figure class=\"wp-block-image size-full\"><img loading=\"lazy\" decoding=\"async\" width=\"640\" height=\"284\" src=\"https:\/\/scheriproct.com\/app\/uploads\/sites\/5\/2022\/12\/healthyfood-640x284-1.jpg\" alt=\"healthyfood-640x284\" class=\"wp-image-449\" srcset=\"https:\/\/scheriproct.com\/app\/uploads\/sites\/5\/2022\/12\/healthyfood-640x284-1.jpg 640w, https:\/\/scheriproct.com\/app\/uploads\/sites\/5\/2022\/12\/healthyfood-640x284-1-320x142.jpg 320w, https:\/\/scheriproct.com\/app\/uploads\/sites\/5\/2022\/12\/healthyfood-640x284-1-600x266.jpg 600w\" sizes=\"auto, (max-width: 640px) 100vw, 640px\" \/><\/figure>\n\n\n\n<p><strong>Mangez sainement.<\/strong> Les c\u00e9r\u00e9ales compl\u00e8tes, les fruits et les l\u00e9gumes comprennent beaucoup de fibres et d\u2019autres nutriments b\u00e9n\u00e9fiques, et doivent constituer la majeure partie de votre alimentation. En revanche, limitez votre consommation de viande rouge et de graisses animales, car une trop grande quantit\u00e9 de celles-ci peut contribuer aux maladies.<\/p>\n\n\n\n<p><strong>Mod\u00e9rez votre consommation d\u2019alcool.<\/strong> L\u2019alcool peut nuire \u00e0 votre sant\u00e9 et augmenter vos risques de blessure. Ne buvez donc pas plus d\u2019une ou deux boissons alcoolis\u00e9es par jour.<\/p>\n\n\n\n<h2 class=\"wp-block-heading is-style-heading-h2\">Comment prendre soin de votre anus?<\/h2>\n\n\n\n<p>Outre l\u2019exercice physique et une alimentation saine pour maintenir la r\u00e9gularit\u00e9 de vos selles, de bonnes habitudes aux toilettes et d\u2019hygi\u00e8ne anale vous aideront \u00e0 pr\u00e9venir les d\u00e9sagr\u00e9ments comme les h\u00e9morro\u00efdes et les fissures anales. Choisissez \u00e9galement des sous-v\u00eatements en coton non teints et \u00e9vitez de porter des v\u00eatements irritants comme des strings et des pantalons serr\u00e9s.<sup>4<\/sup><\/p>\n\n\n\n<h2 class=\"wp-block-heading is-style-heading-h2\">Habitudes aux toilettes<\/h2>\n\n\n\n<p>Le soin pr\u00e9ventif le plus \u00e9l\u00e9mentaire pour votre anus est d\u2019aller aux toilettes sans tarder en cas de besoin de d\u00e9f\u00e9quer. Essayez de ne pas exercer de pression sur les muscles de l\u2019anus lorsque vous \u00e9vacuez les selles et ne restez pas plus de quelques minutes aux toilettes. Ne vous frottez jamais vigoureusement l\u2019anus avec du papier toilette, car cela peut vous irriter la peau. Si vous avez d\u00e9j\u00e0 des d\u00e9mangeaisons ou des douleurs anales, essayez de tapoter doucement la zone avec un chiffon humide apr\u00e8s \u00eatre all\u00e9 \u00e0 la selle au lieu d\u2019utiliser du papier toilette, puis s\u00e9chez en tapotant, \u00e0 l\u2019air libre ou \u00e0 l\u2019aide d\u2019un s\u00e8che-cheveux sur une chaleur faible ou moyenne.<sup>5<\/sup><\/p>\n\n\n\n<h2 class=\"wp-block-heading is-style-heading-h2\">Pratiques d\u2019hygi\u00e8ne pr\u00e9ventive<\/h2>\n\n\n\n<p>Les soins pr\u00e9ventifs consistent \u00e9galement \u00e0 nettoyer quotidiennement la r\u00e9gion anale avec de l\u2019eau ou un nettoyant sans savon, car le savon ass\u00e8che la peau autour de l\u2019anus et peut provoquer des d\u00e9mangeaisons. N\u2019utilisez jamais de lingettes humides qui ne sont pas sp\u00e9cifiquement formul\u00e9es pour traiter les h\u00e9morro\u00efdes, car les produits chimiques contenus dans les lingettes ordinaires peuvent d\u00e9clencher ou exacerber les d\u00e9mangeaisons et les irritations. Un bain de si\u00e8ge chaud est un autre traitement maison qui peut contribuer \u00e0 soulager les g\u00eanes.<sup>6,7<\/sup><\/p>\n\n\n\n<p>Les affections anales disparaissent souvent d\u2019elles-m\u00eames, sans traitement, mais si ce n\u2019est pas le cas et que vos sympt\u00f4mes vous inqui\u00e8tent, n\u2019h\u00e9sitez pas \u00e0 contacter un m\u00e9decin. Un produit en vente libre pour obtenir un soulagement rapide des d\u00e9mangeaisons et des douleurs dans la r\u00e9gion anale.<sup>7<\/sup><\/p>\n\n\n\n<h2 class=\"wp-block-heading has-text-align-center\">Porduit connexe<\/h2>\n<\/div><\/div>\n\n\n\n<div class=\"wp-block-karopharma-product-promotion text-align-right pt-medium pb-medium bg-center bg-cover bg-no-repeat\" style=\"background-image:url()\"><div class=\"container max-w-medium\">\n<div class=\"wp-block-group is-layout-flow wp-block-group-is-layout-flow\">\n<figure class=\"wp-block-karopharma-product-promotion-image product-promotion-image\"><img fetchpriority=\"high\" decoding=\"async\" datatest=\"image\" src=\"https:\/\/scheriproct.com\/cdn-cgi\/image\/format=auto\/app\/uploads\/sites\/5\/2023\/02\/Gerelateerd-product.png\" loading=\"eager\" alt=\"Porduit connexe\" width=\"800\" height=\"271\" srcset=\"https:\/\/scheriproct.com\/cdn-cgi\/image\/format=auto,width=584\/app\/uploads\/sites\/5\/2023\/02\/Gerelateerd-product.png 584w, https:\/\/scheriproct.com\/cdn-cgi\/image\/format=auto,width=272\/app\/uploads\/sites\/5\/2023\/02\/Gerelateerd-product.png 272w\" sizes=\"(max-width: 584px) 100vw, 584px\"><\/figure>\n<\/div>\n\n\n\n<div class=\"wp-block-group is-layout-flow wp-block-group-is-layout-flow\">\n<h2 class=\"title is-style-heading-h3 wp-block-heading\">Scheriproct\u00ae 500 mg\/190 mg Pommade<\/h2>\n\n\n\n<h3 class=\"heading is-style-heading-h5 wp-block-heading\">R\u00e9duit la douleur, l\u2019inflammation et les d\u00e9mangeaisons dans la r\u00e9gion anale<\/h3>\n\n\n\n<p class=\"paragraph is-style-paragraph-body-text\">Pour le traitement des sympt\u00f4mes des h\u00e9morro\u00efdes, proctite et\/ou ecz\u00e9ma anal.<\/p>\n\n\n\n<div class=\"wp-block-buttons is-layout-flex wp-block-buttons-is-layout-flex\">\n<div class=\"wp-block-button is-style-primary-outlined-button\"><a class=\"wp-block-button__link\" href=\"https:\/\/scheriproct.com\/be\/fr\/produit\/scheriproct-500-mg-190-mg-pommade\/\">D\u00e9couvrir le produit<\/a><\/div>\n<\/div>\n<\/div>\n<\/div><\/div>\n\n\n\n<div class=\"wp-block-karopharma-free-text pt-small pb-small bg-center bg-cover bg-no-repeat\" style=\"background-image:url()\"><div class=\"free-text-wrapper container max-w-medium text-left\">\n<p><strong>Les r\u00e9f\u00e9rences<\/strong><\/p>\n\n\n\n<ol class=\"wp-block-list is-style-default\">\n<li>The Diagnosis and Management of Haemorrhoidal Disease from a Global Perspective. Abramowitz, Laurent. Alimentary Pharmacology &amp; Therapeutics. Volume 31, Supplement 1, May 2010<\/li>\n\n\n\n\n\n<li><a href=\"https:\/\/www.ncbi.nlm.nih.gov\/pmc\/articles\/PMC5101094\/\" target=\"_blank\" rel=\"noreferrer noopener\">https:\/\/www.ncbi.nlm.nih.gov\/pmc\/articles\/PMC5101094\/<\/a> 2020-10-25<\/li>\n\n\n\n<li>http:\/\/www.kznhealth.gov.za\/healthyliving.pdf 2020-10-25<\/li>\n\n\n\n\n\n<li><a href=\"https:\/\/www.ncbi.nlm.nih.gov\/pmc\/articles\/PMC5101094\/\" target=\"_blank\" rel=\"noreferrer noopener\">https:\/\/www.ncbi.nlm.nih.gov\/pmc\/articles\/PMC5101094\/<\/a> 2020-10-25<\/li>\n\n\n\n\n\n<li><a href=\"https:\/\/www.healthdirect.gov.au\/anal-care\" target=\"_blank\" rel=\"noreferrer noopener\">https:\/\/www.healthdirect.gov.au\/anal-care<\/a> 2020-10-25<\/li>\n\n\n\n<li><a href=\"https:\/\/www.ncbi.nlm.nih.gov\/pmc\/articles\/PMC5101094\/\" target=\"_blank\" rel=\"noreferrer noopener\">https:\/\/www.ncbi.nlm.nih.gov\/pmc\/articles\/PMC5101094\/<\/a> 2020-10-25<\/li>\n\n\n\n<li><a href=\"https:\/\/www.healthdirect.gov.au\/anal-care\" target=\"_blank\" rel=\"noreferrer noopener\">https:\/\/www.healthdirect.gov.au\/anal-care<\/a> 2020-10-25<\/li>\n\n\n<\/ol>\n<\/div><\/div>\n","protected":false},"excerpt":{"rendered":"","protected":false},"author":2,"featured_media":0,"parent":0,"menu_order":0,"comment_status":"closed","ping_status":"closed","template":"","meta":{"_acf_changed":false,"footnotes":""},"from-article-database":[],"class_list":["post-521","page","type-page","status-publish","hentry"],"acf":[],"yoast_head":"<!-- This site is optimized with the Yoast SEO plugin v26.6 - https:\/\/yoast.com\/wordpress\/plugins\/seo\/ -->\n<title>Pr\u00e9vention - Scheriproct<\/title>\n<meta name=\"description\" content=\"Les h\u00e9morro\u00efdes ou fissures anales se d\u00e9veloppent souvent en raison de selles dures qui exigent de pousser. D\u00e9couvrez comment pr\u00e9venir les probl\u00e8mes anaux !\" \/>\n<meta name=\"robots\" content=\"index, follow, max-snippet:-1, max-image-preview:large, max-video-preview:-1\" \/>\n<link rel=\"canonical\" href=\"https:\/\/scheriproct.com\/be\/fr\/prevention\/\" \/>\n<meta property=\"og:locale\" content=\"fr_FR\" \/>\n<meta property=\"og:type\" content=\"article\" \/>\n<meta property=\"og:title\" content=\"Pr\u00e9vention - Scheriproct\" \/>\n<meta property=\"og:description\" content=\"Les h\u00e9morro\u00efdes ou fissures anales se d\u00e9veloppent souvent en raison de selles dures qui exigent de pousser. D\u00e9couvrez comment pr\u00e9venir les probl\u00e8mes anaux !\" \/>\n<meta property=\"og:url\" content=\"https:\/\/scheriproct.com\/be\/fr\/prevention\/\" \/>\n<meta property=\"og:site_name\" content=\"Scheriproct\" \/>\n<meta property=\"article:modified_time\" content=\"2025-01-31T11:22:56+00:00\" \/>\n<meta property=\"og:image\" content=\"https:\/\/scheriproct.com\/app\/uploads\/sites\/5\/2022\/11\/How-to-prevent-anal-discomforts.jpeg\" \/>\n\t<meta property=\"og:image:width\" content=\"1400\" \/>\n\t<meta property=\"og:image:height\" content=\"933\" \/>\n\t<meta property=\"og:image:type\" content=\"image\/jpeg\" \/>\n<meta name=\"twitter:card\" content=\"summary_large_image\" \/>\n<meta name=\"twitter:label1\" content=\"Dur\u00e9e de lecture est.\" \/>\n\t<meta name=\"twitter:data1\" content=\"5 minutes\" \/>\n<script type=\"application\/ld+json\" class=\"yoast-schema-graph\">{\"@context\":\"https:\/\/schema.org\",\"@graph\":[{\"@type\":\"WebPage\",\"@id\":\"https:\/\/scheriproct.com\/be\/fr\/prevention\/\",\"url\":\"https:\/\/scheriproct.com\/be\/fr\/prevention\/\",\"name\":\"Pr\u00e9vention - Scheriproct\",\"isPartOf\":{\"@id\":\"https:\/\/scheriproct.com\/be\/fr\/#website\"},\"primaryImageOfPage\":{\"@id\":\"https:\/\/scheriproct.com\/be\/fr\/prevention\/#primaryimage\"},\"image\":{\"@id\":\"https:\/\/scheriproct.com\/be\/fr\/prevention\/#primaryimage\"},\"thumbnailUrl\":\"https:\/\/scheriproct.com\/app\/uploads\/sites\/5\/2022\/11\/How-to-prevent-anal-discomforts-1024x682.jpeg\",\"datePublished\":\"2022-12-01T08:41:23+00:00\",\"dateModified\":\"2025-01-31T11:22:56+00:00\",\"description\":\"Les h\u00e9morro\u00efdes ou fissures anales se d\u00e9veloppent souvent en raison de selles dures qui exigent de pousser. D\u00e9couvrez comment pr\u00e9venir les probl\u00e8mes anaux !\",\"breadcrumb\":{\"@id\":\"https:\/\/scheriproct.com\/be\/fr\/prevention\/#breadcrumb\"},\"inLanguage\":\"fr-BE\",\"potentialAction\":[{\"@type\":\"ReadAction\",\"target\":[\"https:\/\/scheriproct.com\/be\/fr\/prevention\/\"]}]},{\"@type\":\"ImageObject\",\"inLanguage\":\"fr-BE\",\"@id\":\"https:\/\/scheriproct.com\/be\/fr\/prevention\/#primaryimage\",\"url\":\"https:\/\/scheriproct.com\/app\/uploads\/sites\/5\/2022\/11\/How-to-prevent-anal-discomforts-1024x682.jpeg\",\"contentUrl\":\"https:\/\/scheriproct.com\/app\/uploads\/sites\/5\/2022\/11\/How-to-prevent-anal-discomforts-1024x682.jpeg\"},{\"@type\":\"BreadcrumbList\",\"@id\":\"https:\/\/scheriproct.com\/be\/fr\/prevention\/#breadcrumb\",\"itemListElement\":[{\"@type\":\"ListItem\",\"position\":1,\"name\":\"Home\",\"item\":\"https:\/\/scheriproct.com\/be\/fr\/\"},{\"@type\":\"ListItem\",\"position\":2,\"name\":\"Pr\u00e9vention\"}]},{\"@type\":\"WebSite\",\"@id\":\"https:\/\/scheriproct.com\/be\/fr\/#website\",\"url\":\"https:\/\/scheriproct.com\/be\/fr\/\",\"name\":\"Scheriproct\",\"description\":\"\",\"publisher\":{\"@id\":\"https:\/\/scheriproct.com\/be\/fr\/#organization\"},\"potentialAction\":[{\"@type\":\"SearchAction\",\"target\":{\"@type\":\"EntryPoint\",\"urlTemplate\":\"https:\/\/scheriproct.com\/be\/fr\/?s={search_term_string}\"},\"query-input\":{\"@type\":\"PropertyValueSpecification\",\"valueRequired\":true,\"valueName\":\"search_term_string\"}}],\"inLanguage\":\"fr-BE\"},{\"@type\":\"Organization\",\"@id\":\"https:\/\/scheriproct.com\/be\/fr\/#organization\",\"name\":\"Scheriproct\",\"url\":\"https:\/\/scheriproct.com\/be\/fr\/\",\"logo\":{\"@type\":\"ImageObject\",\"inLanguage\":\"fr-BE\",\"@id\":\"https:\/\/scheriproct.com\/be\/fr\/#\/schema\/logo\/image\/\",\"url\":\"https:\/\/scheriproct.com\/app\/uploads\/sites\/5\/2022\/06\/scheriproct-logo.png\",\"contentUrl\":\"https:\/\/scheriproct.com\/app\/uploads\/sites\/5\/2022\/06\/scheriproct-logo.png\",\"width\":143,\"height\":20,\"caption\":\"Scheriproct\"},\"image\":{\"@id\":\"https:\/\/scheriproct.com\/be\/fr\/#\/schema\/logo\/image\/\"}}]}<\/script>\n<!-- \/ Yoast SEO plugin. -->","yoast_head_json":{"title":"Pr\u00e9vention - Scheriproct","description":"Les h\u00e9morro\u00efdes ou fissures anales se d\u00e9veloppent souvent en raison de selles dures qui exigent de pousser. D\u00e9couvrez comment pr\u00e9venir les probl\u00e8mes anaux !","robots":{"index":"index","follow":"follow","max-snippet":"max-snippet:-1","max-image-preview":"max-image-preview:large","max-video-preview":"max-video-preview:-1"},"canonical":"https:\/\/scheriproct.com\/be\/fr\/prevention\/","og_locale":"fr_FR","og_type":"article","og_title":"Pr\u00e9vention - Scheriproct","og_description":"Les h\u00e9morro\u00efdes ou fissures anales se d\u00e9veloppent souvent en raison de selles dures qui exigent de pousser. D\u00e9couvrez comment pr\u00e9venir les probl\u00e8mes anaux !","og_url":"https:\/\/scheriproct.com\/be\/fr\/prevention\/","og_site_name":"Scheriproct","article_modified_time":"2025-01-31T11:22:56+00:00","og_image":[{"width":1400,"height":933,"url":"https:\/\/scheriproct.com\/app\/uploads\/sites\/5\/2022\/11\/How-to-prevent-anal-discomforts.jpeg","type":"image\/jpeg"}],"twitter_card":"summary_large_image","twitter_misc":{"Dur\u00e9e de lecture est.":"5 minutes"},"schema":{"@context":"https:\/\/schema.org","@graph":[{"@type":"WebPage","@id":"https:\/\/scheriproct.com\/be\/fr\/prevention\/","url":"https:\/\/scheriproct.com\/be\/fr\/prevention\/","name":"Pr\u00e9vention - Scheriproct","isPartOf":{"@id":"https:\/\/scheriproct.com\/be\/fr\/#website"},"primaryImageOfPage":{"@id":"https:\/\/scheriproct.com\/be\/fr\/prevention\/#primaryimage"},"image":{"@id":"https:\/\/scheriproct.com\/be\/fr\/prevention\/#primaryimage"},"thumbnailUrl":"https:\/\/scheriproct.com\/app\/uploads\/sites\/5\/2022\/11\/How-to-prevent-anal-discomforts-1024x682.jpeg","datePublished":"2022-12-01T08:41:23+00:00","dateModified":"2025-01-31T11:22:56+00:00","description":"Les h\u00e9morro\u00efdes ou fissures anales se d\u00e9veloppent souvent en raison de selles dures qui exigent de pousser. D\u00e9couvrez comment pr\u00e9venir les probl\u00e8mes anaux !","breadcrumb":{"@id":"https:\/\/scheriproct.com\/be\/fr\/prevention\/#breadcrumb"},"inLanguage":"fr-BE","potentialAction":[{"@type":"ReadAction","target":["https:\/\/scheriproct.com\/be\/fr\/prevention\/"]}]},{"@type":"ImageObject","inLanguage":"fr-BE","@id":"https:\/\/scheriproct.com\/be\/fr\/prevention\/#primaryimage","url":"https:\/\/scheriproct.com\/app\/uploads\/sites\/5\/2022\/11\/How-to-prevent-anal-discomforts-1024x682.jpeg","contentUrl":"https:\/\/scheriproct.com\/app\/uploads\/sites\/5\/2022\/11\/How-to-prevent-anal-discomforts-1024x682.jpeg"},{"@type":"BreadcrumbList","@id":"https:\/\/scheriproct.com\/be\/fr\/prevention\/#breadcrumb","itemListElement":[{"@type":"ListItem","position":1,"name":"Home","item":"https:\/\/scheriproct.com\/be\/fr\/"},{"@type":"ListItem","position":2,"name":"Pr\u00e9vention"}]},{"@type":"WebSite","@id":"https:\/\/scheriproct.com\/be\/fr\/#website","url":"https:\/\/scheriproct.com\/be\/fr\/","name":"Scheriproct","description":"","publisher":{"@id":"https:\/\/scheriproct.com\/be\/fr\/#organization"},"potentialAction":[{"@type":"SearchAction","target":{"@type":"EntryPoint","urlTemplate":"https:\/\/scheriproct.com\/be\/fr\/?s={search_term_string}"},"query-input":{"@type":"PropertyValueSpecification","valueRequired":true,"valueName":"search_term_string"}}],"inLanguage":"fr-BE"},{"@type":"Organization","@id":"https:\/\/scheriproct.com\/be\/fr\/#organization","name":"Scheriproct","url":"https:\/\/scheriproct.com\/be\/fr\/","logo":{"@type":"ImageObject","inLanguage":"fr-BE","@id":"https:\/\/scheriproct.com\/be\/fr\/#\/schema\/logo\/image\/","url":"https:\/\/scheriproct.com\/app\/uploads\/sites\/5\/2022\/06\/scheriproct-logo.png","contentUrl":"https:\/\/scheriproct.com\/app\/uploads\/sites\/5\/2022\/06\/scheriproct-logo.png","width":143,"height":20,"caption":"Scheriproct"},"image":{"@id":"https:\/\/scheriproct.com\/be\/fr\/#\/schema\/logo\/image\/"}}]}},"_links":{"self":[{"href":"https:\/\/scheriproct.com\/be\/fr\/wp-json\/wp\/v2\/pages\/521","targetHints":{"allow":["GET"]}}],"collection":[{"href":"https:\/\/scheriproct.com\/be\/fr\/wp-json\/wp\/v2\/pages"}],"about":[{"href":"https:\/\/scheriproct.com\/be\/fr\/wp-json\/wp\/v2\/types\/page"}],"author":[{"embeddable":true,"href":"https:\/\/scheriproct.com\/be\/fr\/wp-json\/wp\/v2\/users\/2"}],"replies":[{"embeddable":true,"href":"https:\/\/scheriproct.com\/be\/fr\/wp-json\/wp\/v2\/comments?post=521"}],"version-history":[{"count":7,"href":"https:\/\/scheriproct.com\/be\/fr\/wp-json\/wp\/v2\/pages\/521\/revisions"}],"predecessor-version":[{"id":639,"href":"https:\/\/scheriproct.com\/be\/fr\/wp-json\/wp\/v2\/pages\/521\/revisions\/639"}],"wp:attachment":[{"href":"https:\/\/scheriproct.com\/be\/fr\/wp-json\/wp\/v2\/media?parent=521"}],"wp:term":[{"taxonomy":"from-article-database","embeddable":true,"href":"https:\/\/scheriproct.com\/be\/fr\/wp-json\/wp\/v2\/from-article-database?post=521"}],"curies":[{"name":"wp","href":"https:\/\/api.w.org\/{rel}","templated":true}]}}