{"id":492,"date":"2022-12-01T10:32:54","date_gmt":"2022-12-01T09:32:54","guid":{"rendered":"https:\/\/scheriproct.com\/be\/?page_id=492"},"modified":"2024-11-14T08:11:16","modified_gmt":"2024-11-14T07:11:16","slug":"demangeaisons-anale","status":"publish","type":"page","link":"https:\/\/scheriproct.com\/be\/fr\/demangeaisons-anale\/","title":{"rendered":"D\u00e9mangeaisons anale"},"content":{"rendered":"\n<div class=\"wp-block-karopharma-free-text pt-medium pb-medium bg-center bg-cover bg-no-repeat bg-box\" style=\"background-image:url(https:\/\/scheriproct.com\/cdn-cgi\/image\/format=auto\/app\/uploads\/sites\/5\/2022\/06\/background-1.png)\"><div class=\"free-text-wrapper container max-w-medium text-center\">\n<h1 class=\"is-style-heading-huge wp-block-heading\">D\u00e9mangeaisons anale<\/h1>\n\n\n\n<h2 class=\"is-style-heading-h2 wp-block-heading\">Que sont les d\u00e9mangeaisons anales?<\/h2>\n\n\n\n<p>Si vous avez souvent envie de vous gratter les fesses, vous faites peut-\u00eatre partie des nombreuses personnes qui souffrent de prurit anal, un terme scientifique pour d\u00e9signer la d\u00e9mangeaison anale chronique. Quel que soit le nom que vous lui donnez, les sympt\u00f4mes de cette affection, peu glamour mais fr\u00e9quente, peuvent aller de l\u00e9gers \u00e0 intenses.<\/p>\n<\/div><\/div>\n\n\n\n<div class=\"wp-block-karopharma-product-promotion text-align-left pt-medium pb-medium bg-center bg-cover bg-no-repeat  is-style-secondary\" style=\"background-image:url()\"><div class=\"container max-w-medium\">\n<div class=\"wp-block-group is-layout-flow wp-block-group-is-layout-flow\">\n<figure class=\"wp-block-image size-full\"><img loading=\"lazy\" decoding=\"async\" width=\"640\" height=\"427\" src=\"https:\/\/scheriproct.com\/app\/uploads\/sites\/5\/2022\/12\/analitch-640x427-1.jpg\" alt=\"analitch-640x427\" class=\"wp-image-501\" srcset=\"https:\/\/scheriproct.com\/app\/uploads\/sites\/5\/2022\/12\/analitch-640x427-1.jpg 640w, https:\/\/scheriproct.com\/app\/uploads\/sites\/5\/2022\/12\/analitch-640x427-1-320x214.jpg 320w, https:\/\/scheriproct.com\/app\/uploads\/sites\/5\/2022\/12\/analitch-640x427-1-600x400.jpg 600w\" sizes=\"auto, (max-width: 640px) 100vw, 640px\" \/><\/figure>\n<\/div>\n\n\n\n<div class=\"wp-block-group is-layout-flow wp-block-group-is-layout-flow\">\n<p>Se gratter ne fait qu\u2019aggraver le probl\u00e8me et peut \u00e0 son tour provoquer des rougeurs, des br\u00fblures et des douleurs anales. Dans le pire des cas, des d\u00e9mangeaisons anales peuvent entra\u00eener une diminution de la qualit\u00e9 de vie ainsi qu\u2019une d\u00e9pression. Le prurit anal touche 1 \u00e0 5 % de la population et est quatre fois plus fr\u00e9quent chez les hommes que chez les femmes. La plupart du temps, les douleurs et les d\u00e9mangeaisons anales sont caus\u00e9es par des h\u00e9morro\u00efdes ou des fissures anales, mais ce n\u2019est pas toujours le cas.<sup>1,2<\/sup><\/p>\n\n\n\n<p>Il peut \u00eatre embarrassant d\u2019avoir des d\u00e9mangeaisons anales, mais n\u2019h\u00e9sitez pas \u00e0 demander de l\u2019aide. Plus t\u00f4t vous traiterez vos sympt\u00f4mes, plus vous aurez de chances de r\u00e9soudre le probl\u00e8me.<\/p>\n<\/div>\n<\/div><\/div>\n\n\n\n<div class=\"wp-block-karopharma-free-text pt-medium pb-small bg-center bg-cover bg-no-repeat\" style=\"background-image:url()\"><div class=\"free-text-wrapper container max-w-medium text-left\">\n<h2 class=\"wp-block-heading\">Causes des d\u00e9mangeaisons anales<\/h2>\n\n\n\n<p>Des d\u00e9mangeaisons anales peuvent s\u2019expliquer par une centaine de causes, ou la cause peut \u00eatre inconnue. Les h\u00e9morro\u00efdes et les fissures anales sont les causes les plus fr\u00e9quentes des d\u00e9mangeaisons anales. Mais pourquoi les h\u00e9morro\u00efdes entra\u00eenent-elles des d\u00e9mangeaisons ? Quand les h\u00e9morro\u00efdes gu\u00e9rissent, elles laissent souvent des marques cutan\u00e9es qui peuvent entra\u00eener des d\u00e9mangeaisons ult\u00e9rieurement. Les h\u00e9morro\u00efdes peuvent \u00e9galement provoquer des fuites de mucus ou d\u2019excr\u00e9ments et irriter la peau autour de l\u2019anus.<sup>3<\/sup><\/p>\n\n\n\n<p>D\u2019autres causes de d\u00e9mangeaisons comprennent:<sup>4,5,6<\/sup><\/p>\n\n\n\n<ul class=\"is-style-default wp-block-list\"><li><strong>Nettoyage excessif.<\/strong> Un nettoyage intensif avec du savon ou d\u2019autres nettoyants pour la peau peut ass\u00e9cher et irriter la peau autour de l\u2019anus. Au lieu de nettoyer davantage votre anus, des pratiques d\u2019hygi\u00e8ne excessives ont l\u2019effet inverse, puisque votre peau tentera de compenser en produisant plus de s\u00e9bum.<\/li><li><strong>Produits irritants.<\/strong> L\u2019utilisation de lingettes, de sprays f\u00e9minins, de papier toilette parfum\u00e9 et d\u2019autres produits d\u2019hygi\u00e8ne d\u00e9clenche parfois une r\u00e9action allergique locale autour de l\u2019anus qui provoque des d\u00e9mangeaisons.<\/li><li><strong>Infections.<\/strong> Les oxyures, la gale, les infections fongiques ou les maladies sexuellement transmissibles peuvent tous provoquer des d\u00e9mangeaisons au niveau anal.<\/li><li><strong>Affections cutan\u00e9es.<\/strong> Le psoriasis et l\u2019ecz\u00e9ma sont deux exemples de maladies cutan\u00e9es qui peuvent provoquer des douleurs et des d\u00e9mangeaisons anales.<\/li><li><strong>Traitement aux antibiotiques.<\/strong> Certains antibiotiques \u00e0 large spectre perturbent la flore intestinale, ce qui peut entra\u00eener des d\u00e9mangeaisons anales.<\/li><\/ul>\n\n\n\n<h2 class=\"is-style-heading-h2 wp-block-heading\">Traitement des d\u00e9mangeaisons anales<\/h2>\n\n\n\n<p>Si elles sont caus\u00e9es par des h\u00e9morro\u00efdes, vous pouvez trouver un soulagement instantan\u00e9 en les traitant avec des cr\u00e8mes sans ordonnance disponibles en vente libre dans votre pharmacie locale. Si vous avez des sympt\u00f4mes graves ou si une cr\u00e8me contre les d\u00e9mangeaisons ne soulage pas vos sympt\u00f4mes dans les 1 ou 2 semaines, il est pr\u00e9f\u00e9rable de consulter un m\u00e9decin. Demandez \u00e9galement de l\u2019aide si vous avez des sympt\u00f4mes persistants sans en conna\u00eetre la cause, si vous suspectez une infection ou si vous avez \u00e9galement des saignements anaux ou des fuites f\u00e9cales.<sup>7,8<\/sup><\/p>\n\n\n\n<h2 class=\"is-style-heading-h2 wp-block-heading\">Pr\u00e9vention des d\u00e9mangeaisons anales<\/h2>\n\n\n\n<p>Une bonne hygi\u00e8ne anale, sans exc\u00e8s, peut contribuer \u00e0 \u00e9viter les d\u00e9mangeaisons. Voici quelques autres conseils utiles pour pr\u00e9venir les d\u00e9mangeaisons anales:<sup>9,10,11<\/sup><\/p>\n\n\n\n<ul class=\"is-style-default wp-block-list\"><li>N\u2019utilisez pas de savon et ne frottez pas vigoureusement la r\u00e9gion anale.<\/li><li>Au lieu de vous essuyer avec du papier toilette, \u00e9pongez-vous doucement avec un chiffon humide ou utilisez un bidet pour asperger votre anus d\u2019eau, puis s\u00e9chez-le en tapotant.<\/li><li>\u00c9vitez d\u2019utiliser des cr\u00e8mes, des huiles de bain ou des produits d\u2019hygi\u00e8ne parfum\u00e9s qui peuvent provoquer des irritations.<\/li><li>Portez des sous-v\u00eatements amples en coton et changez-les fr\u00e9quemment.<\/li><li>Adoptez une alimentation riche en fibres pour favoriser une bonne digestion et \u00e9viter la constipation et la diarrh\u00e9e.<\/li><li>\u00c9vitez les aliments qui peuvent aggraver les d\u00e9mangeaisons, comme les boissons caf\u00e9in\u00e9es, les aliments \u00e9pic\u00e9s et l\u2019alcool.<\/li><li>Essayez de r\u00e9sister \u00e0 l\u2019envie de vous gratter. Si les d\u00e9mangeaisons anales vous g\u00eanent surtout pendant la nuit, portez des gants en coton au lit pour \u00e9viter de vous gratter pendant votre sommeil.<\/li><\/ul>\n<\/div><\/div>\n\n\n\n<div class=\"wp-block-karopharma-free-text pt-small pb-small bg-center bg-cover bg-no-repeat\" style=\"background-image:url()\"><div class=\"free-text-wrapper container max-w-medium text-left\">\n<p><strong>Les r\u00e9f\u00e9rences<\/strong><\/p>\n\n\n\n<ul class=\"is-style-default wp-block-list\"><li><a href=\"https:\/\/www.ncbi.nlm.nih.gov\/pmc\/articles\/PMC2647235\/\" target=\"_blank\" rel=\"noreferrer noopener\">https:\/\/www.ncbi.nlm.nih.gov\/pmc\/articles\/PMC2647235\/<\/a> 2020-10-20<\/li><li><a href=\"https:\/\/www.mayoclinic.org\/diseases-conditions\/anal-itching\/symptoms-causes\/syc-20369345\" target=\"_blank\" rel=\"noreferrer noopener\">https:\/\/www.mayoclinic.org\/diseases-conditions\/anal-itching\/symptoms-causes\/syc-20369345<\/a> 2020-10-21<\/li><li><a href=\"https:\/\/www.bupa.co.uk\/health-information\/digestive-gut-health\/haemorrhoids\" target=\"_blank\" rel=\"noreferrer noopener\">https:\/\/www.bupa.co.uk\/health-information\/digestive-gut-health\/haemorrhoids<\/a>. 2020-10-29<\/li><li><a href=\"https:\/\/www.health.harvard.edu\/a_to_z\/anal-itch-pruritus-ani-a-to-z\" target=\"_blank\" rel=\"noreferrer noopener\">https:\/\/www.health.harvard.edu\/a_to_z\/anal-itch-pruritus-ani-a-to-z<\/a> 2020-10-21<\/li><li><a href=\"https:\/\/health.clevelandclinic.org\/itchy-bottom-shouldnt-blame-hemorrhoids\/\" target=\"_blank\" rel=\"noreferrer noopener\">https:\/\/health.clevelandclinic.org\/itchy-bottom-shouldnt-blame-hemorrhoids\/<\/a> 2020-10-21<\/li><li><a href=\"https:\/\/www.nhsinform.scot\/illnesses-and-conditions\/skin-hair-and-nails\/itchy-bottom#causes-of-itchy-bottom\" target=\"_blank\" rel=\"noreferrer noopener\">https:\/\/www.nhsinform.scot\/illnesses-and-conditions\/skin-hair-and-nails\/itchy-bottom#causes-of-itchy-bottom<\/a> 2020-10-21<\/li><li><a href=\"https:\/\/www.mayoclinic.org\/diseases-conditions\/anal-itching\/symptoms-causes\/syc-20369345\" target=\"_blank\" rel=\"noreferrer noopener\">https:\/\/www.mayoclinic.org\/diseases-conditions\/anal-itching\/symptoms-causes\/syc-20369345<\/a> 2020-10-21<\/li><li><a href=\"https:\/\/www.health.harvard.edu\/a_to_z\/anal-itch-pruritus-ani-a-to-z\" target=\"_blank\" rel=\"noreferrer noopener\">https:\/\/www.health.harvard.edu\/a_to_z\/anal-itch-pruritus-ani-a-to-z<\/a> 2020-10-21<\/li><li><a href=\"https:\/\/www.nhs.uk\/conditions\/itchy-anus\/\" target=\"_blank\" rel=\"noreferrer noopener\">https:\/\/www.nhs.uk\/conditions\/itchy-anus\/<\/a> 2020-10-21<\/li><li><a href=\"https:\/\/www.health.harvard.edu\/a_to_z\/anal-itch-pruritus-ani-a-to-z\" target=\"_blank\" rel=\"noreferrer noopener\">https:\/\/www.health.harvard.edu\/a_to_z\/anal-itch-pruritus-ani-a-to-z<\/a> 2020-10-21<\/li><\/ul>\n<\/div><\/div>\n","protected":false},"excerpt":{"rendered":"","protected":false},"author":2,"featured_media":0,"parent":0,"menu_order":0,"comment_status":"closed","ping_status":"closed","template":"","meta":{"_acf_changed":false,"footnotes":""},"from-article-database":[],"class_list":["post-492","page","type-page","status-publish","hentry"],"acf":[],"yoast_head":"<!-- This site is optimized with the Yoast SEO plugin v26.6 - https:\/\/yoast.com\/wordpress\/plugins\/seo\/ -->\n<title>D\u00e9mangeaisons anale - Scheriproct<\/title>\n<meta name=\"description\" content=\"Vous avez l&#039;anus qui vous d\u00e9mange ? Vous souffrez peut-\u00eatre de prurit anal, souvent caus\u00e9 par des h\u00e9morro\u00efdes ou des fissures anales. D\u00e9couvrez le traitement.\" \/>\n<meta name=\"robots\" content=\"index, follow, max-snippet:-1, max-image-preview:large, max-video-preview:-1\" \/>\n<link rel=\"canonical\" href=\"https:\/\/scheriproct.com\/be\/fr\/demangeaisons-anale\/\" \/>\n<meta property=\"og:locale\" content=\"fr_FR\" \/>\n<meta property=\"og:type\" content=\"article\" \/>\n<meta property=\"og:title\" content=\"D\u00e9mangeaisons anale - Scheriproct\" \/>\n<meta property=\"og:description\" content=\"Vous avez l&#039;anus qui vous d\u00e9mange ? Vous souffrez peut-\u00eatre de prurit anal, souvent caus\u00e9 par des h\u00e9morro\u00efdes ou des fissures anales. D\u00e9couvrez le traitement.\" \/>\n<meta property=\"og:url\" content=\"https:\/\/scheriproct.com\/be\/fr\/demangeaisons-anale\/\" \/>\n<meta property=\"og:site_name\" content=\"Scheriproct\" \/>\n<meta property=\"article:modified_time\" content=\"2024-11-14T07:11:16+00:00\" \/>\n<meta property=\"og:image\" content=\"https:\/\/scheriproct.com\/app\/uploads\/sites\/5\/2022\/12\/analitch-640x427-1.jpg\" \/>\n<meta name=\"twitter:card\" content=\"summary_large_image\" \/>\n<meta name=\"twitter:label1\" content=\"Dur\u00e9e de lecture est.\" \/>\n\t<meta name=\"twitter:data1\" content=\"4 minutes\" \/>\n<script type=\"application\/ld+json\" class=\"yoast-schema-graph\">{\"@context\":\"https:\/\/schema.org\",\"@graph\":[{\"@type\":\"WebPage\",\"@id\":\"https:\/\/scheriproct.com\/be\/fr\/demangeaisons-anale\/\",\"url\":\"https:\/\/scheriproct.com\/be\/fr\/demangeaisons-anale\/\",\"name\":\"D\u00e9mangeaisons anale - Scheriproct\",\"isPartOf\":{\"@id\":\"https:\/\/scheriproct.com\/be\/fr\/#website\"},\"primaryImageOfPage\":{\"@id\":\"https:\/\/scheriproct.com\/be\/fr\/demangeaisons-anale\/#primaryimage\"},\"image\":{\"@id\":\"https:\/\/scheriproct.com\/be\/fr\/demangeaisons-anale\/#primaryimage\"},\"thumbnailUrl\":\"https:\/\/scheriproct.com\/app\/uploads\/sites\/5\/2022\/12\/analitch-640x427-1.jpg\",\"datePublished\":\"2022-12-01T09:32:54+00:00\",\"dateModified\":\"2024-11-14T07:11:16+00:00\",\"description\":\"Vous avez l'anus qui vous d\u00e9mange ? Vous souffrez peut-\u00eatre de prurit anal, souvent caus\u00e9 par des h\u00e9morro\u00efdes ou des fissures anales. D\u00e9couvrez le traitement.\",\"breadcrumb\":{\"@id\":\"https:\/\/scheriproct.com\/be\/fr\/demangeaisons-anale\/#breadcrumb\"},\"inLanguage\":\"fr-BE\",\"potentialAction\":[{\"@type\":\"ReadAction\",\"target\":[\"https:\/\/scheriproct.com\/be\/fr\/demangeaisons-anale\/\"]}]},{\"@type\":\"ImageObject\",\"inLanguage\":\"fr-BE\",\"@id\":\"https:\/\/scheriproct.com\/be\/fr\/demangeaisons-anale\/#primaryimage\",\"url\":\"https:\/\/scheriproct.com\/app\/uploads\/sites\/5\/2022\/12\/analitch-640x427-1.jpg\",\"contentUrl\":\"https:\/\/scheriproct.com\/app\/uploads\/sites\/5\/2022\/12\/analitch-640x427-1.jpg\"},{\"@type\":\"BreadcrumbList\",\"@id\":\"https:\/\/scheriproct.com\/be\/fr\/demangeaisons-anale\/#breadcrumb\",\"itemListElement\":[{\"@type\":\"ListItem\",\"position\":1,\"name\":\"Home\",\"item\":\"https:\/\/scheriproct.com\/be\/fr\/\"},{\"@type\":\"ListItem\",\"position\":2,\"name\":\"D\u00e9mangeaisons anale\"}]},{\"@type\":\"WebSite\",\"@id\":\"https:\/\/scheriproct.com\/be\/fr\/#website\",\"url\":\"https:\/\/scheriproct.com\/be\/fr\/\",\"name\":\"Scheriproct\",\"description\":\"\",\"publisher\":{\"@id\":\"https:\/\/scheriproct.com\/be\/fr\/#organization\"},\"potentialAction\":[{\"@type\":\"SearchAction\",\"target\":{\"@type\":\"EntryPoint\",\"urlTemplate\":\"https:\/\/scheriproct.com\/be\/fr\/?s={search_term_string}\"},\"query-input\":{\"@type\":\"PropertyValueSpecification\",\"valueRequired\":true,\"valueName\":\"search_term_string\"}}],\"inLanguage\":\"fr-BE\"},{\"@type\":\"Organization\",\"@id\":\"https:\/\/scheriproct.com\/be\/fr\/#organization\",\"name\":\"Scheriproct\",\"url\":\"https:\/\/scheriproct.com\/be\/fr\/\",\"logo\":{\"@type\":\"ImageObject\",\"inLanguage\":\"fr-BE\",\"@id\":\"https:\/\/scheriproct.com\/be\/fr\/#\/schema\/logo\/image\/\",\"url\":\"https:\/\/scheriproct.com\/app\/uploads\/sites\/5\/2022\/06\/scheriproct-logo.png\",\"contentUrl\":\"https:\/\/scheriproct.com\/app\/uploads\/sites\/5\/2022\/06\/scheriproct-logo.png\",\"width\":143,\"height\":20,\"caption\":\"Scheriproct\"},\"image\":{\"@id\":\"https:\/\/scheriproct.com\/be\/fr\/#\/schema\/logo\/image\/\"}}]}<\/script>\n<!-- \/ Yoast SEO plugin. -->","yoast_head_json":{"title":"D\u00e9mangeaisons anale - Scheriproct","description":"Vous avez l'anus qui vous d\u00e9mange ? Vous souffrez peut-\u00eatre de prurit anal, souvent caus\u00e9 par des h\u00e9morro\u00efdes ou des fissures anales. D\u00e9couvrez le traitement.","robots":{"index":"index","follow":"follow","max-snippet":"max-snippet:-1","max-image-preview":"max-image-preview:large","max-video-preview":"max-video-preview:-1"},"canonical":"https:\/\/scheriproct.com\/be\/fr\/demangeaisons-anale\/","og_locale":"fr_FR","og_type":"article","og_title":"D\u00e9mangeaisons anale - Scheriproct","og_description":"Vous avez l'anus qui vous d\u00e9mange ? Vous souffrez peut-\u00eatre de prurit anal, souvent caus\u00e9 par des h\u00e9morro\u00efdes ou des fissures anales. D\u00e9couvrez le traitement.","og_url":"https:\/\/scheriproct.com\/be\/fr\/demangeaisons-anale\/","og_site_name":"Scheriproct","article_modified_time":"2024-11-14T07:11:16+00:00","og_image":[{"url":"https:\/\/scheriproct.com\/app\/uploads\/sites\/5\/2022\/12\/analitch-640x427-1.jpg","type":"","width":"","height":""}],"twitter_card":"summary_large_image","twitter_misc":{"Dur\u00e9e de lecture est.":"4 minutes"},"schema":{"@context":"https:\/\/schema.org","@graph":[{"@type":"WebPage","@id":"https:\/\/scheriproct.com\/be\/fr\/demangeaisons-anale\/","url":"https:\/\/scheriproct.com\/be\/fr\/demangeaisons-anale\/","name":"D\u00e9mangeaisons anale - Scheriproct","isPartOf":{"@id":"https:\/\/scheriproct.com\/be\/fr\/#website"},"primaryImageOfPage":{"@id":"https:\/\/scheriproct.com\/be\/fr\/demangeaisons-anale\/#primaryimage"},"image":{"@id":"https:\/\/scheriproct.com\/be\/fr\/demangeaisons-anale\/#primaryimage"},"thumbnailUrl":"https:\/\/scheriproct.com\/app\/uploads\/sites\/5\/2022\/12\/analitch-640x427-1.jpg","datePublished":"2022-12-01T09:32:54+00:00","dateModified":"2024-11-14T07:11:16+00:00","description":"Vous avez l'anus qui vous d\u00e9mange ? Vous souffrez peut-\u00eatre de prurit anal, souvent caus\u00e9 par des h\u00e9morro\u00efdes ou des fissures anales. D\u00e9couvrez le traitement.","breadcrumb":{"@id":"https:\/\/scheriproct.com\/be\/fr\/demangeaisons-anale\/#breadcrumb"},"inLanguage":"fr-BE","potentialAction":[{"@type":"ReadAction","target":["https:\/\/scheriproct.com\/be\/fr\/demangeaisons-anale\/"]}]},{"@type":"ImageObject","inLanguage":"fr-BE","@id":"https:\/\/scheriproct.com\/be\/fr\/demangeaisons-anale\/#primaryimage","url":"https:\/\/scheriproct.com\/app\/uploads\/sites\/5\/2022\/12\/analitch-640x427-1.jpg","contentUrl":"https:\/\/scheriproct.com\/app\/uploads\/sites\/5\/2022\/12\/analitch-640x427-1.jpg"},{"@type":"BreadcrumbList","@id":"https:\/\/scheriproct.com\/be\/fr\/demangeaisons-anale\/#breadcrumb","itemListElement":[{"@type":"ListItem","position":1,"name":"Home","item":"https:\/\/scheriproct.com\/be\/fr\/"},{"@type":"ListItem","position":2,"name":"D\u00e9mangeaisons anale"}]},{"@type":"WebSite","@id":"https:\/\/scheriproct.com\/be\/fr\/#website","url":"https:\/\/scheriproct.com\/be\/fr\/","name":"Scheriproct","description":"","publisher":{"@id":"https:\/\/scheriproct.com\/be\/fr\/#organization"},"potentialAction":[{"@type":"SearchAction","target":{"@type":"EntryPoint","urlTemplate":"https:\/\/scheriproct.com\/be\/fr\/?s={search_term_string}"},"query-input":{"@type":"PropertyValueSpecification","valueRequired":true,"valueName":"search_term_string"}}],"inLanguage":"fr-BE"},{"@type":"Organization","@id":"https:\/\/scheriproct.com\/be\/fr\/#organization","name":"Scheriproct","url":"https:\/\/scheriproct.com\/be\/fr\/","logo":{"@type":"ImageObject","inLanguage":"fr-BE","@id":"https:\/\/scheriproct.com\/be\/fr\/#\/schema\/logo\/image\/","url":"https:\/\/scheriproct.com\/app\/uploads\/sites\/5\/2022\/06\/scheriproct-logo.png","contentUrl":"https:\/\/scheriproct.com\/app\/uploads\/sites\/5\/2022\/06\/scheriproct-logo.png","width":143,"height":20,"caption":"Scheriproct"},"image":{"@id":"https:\/\/scheriproct.com\/be\/fr\/#\/schema\/logo\/image\/"}}]}},"_links":{"self":[{"href":"https:\/\/scheriproct.com\/be\/fr\/wp-json\/wp\/v2\/pages\/492","targetHints":{"allow":["GET"]}}],"collection":[{"href":"https:\/\/scheriproct.com\/be\/fr\/wp-json\/wp\/v2\/pages"}],"about":[{"href":"https:\/\/scheriproct.com\/be\/fr\/wp-json\/wp\/v2\/types\/page"}],"author":[{"embeddable":true,"href":"https:\/\/scheriproct.com\/be\/fr\/wp-json\/wp\/v2\/users\/2"}],"replies":[{"embeddable":true,"href":"https:\/\/scheriproct.com\/be\/fr\/wp-json\/wp\/v2\/comments?post=492"}],"version-history":[{"count":3,"href":"https:\/\/scheriproct.com\/be\/fr\/wp-json\/wp\/v2\/pages\/492\/revisions"}],"predecessor-version":[{"id":605,"href":"https:\/\/scheriproct.com\/be\/fr\/wp-json\/wp\/v2\/pages\/492\/revisions\/605"}],"wp:attachment":[{"href":"https:\/\/scheriproct.com\/be\/fr\/wp-json\/wp\/v2\/media?parent=492"}],"wp:term":[{"taxonomy":"from-article-database","embeddable":true,"href":"https:\/\/scheriproct.com\/be\/fr\/wp-json\/wp\/v2\/from-article-database?post=492"}],"curies":[{"name":"wp","href":"https:\/\/api.w.org\/{rel}","templated":true}]}}