{"id":490,"date":"2022-12-01T10:32:32","date_gmt":"2022-12-01T09:32:32","guid":{"rendered":"https:\/\/scheriproct.com\/be\/?page_id=490"},"modified":"2025-11-10T10:08:42","modified_gmt":"2025-11-10T09:08:42","slug":"fissure-anale","status":"publish","type":"page","link":"https:\/\/scheriproct.com\/be\/fr\/fissure-anale\/","title":{"rendered":"Fissure anale"},"content":{"rendered":"\n<div class=\"wp-block-karopharma-free-text pt-medium pb-medium bg-center bg-cover bg-no-repeat bg-box\" style=\"background-image:url(https:\/\/scheriproct.com\/cdn-cgi\/image\/format=auto\/app\/uploads\/sites\/5\/2022\/06\/background-1.png)\"><div class=\"free-text-wrapper container max-w-medium text-center\">\n<h1 class=\"wp-block-heading is-style-heading-huge\">Fissure anale<\/h1>\n<\/div><\/div>\n\n\n\n<div class=\"wp-block-karopharma-free-text pt-medium pb-small bg-center bg-cover bg-no-repeat\" style=\"background-image:url()\"><div class=\"free-text-wrapper container max-w-medium text-left\">\n<h2 class=\"wp-block-heading is-style-heading-h2\">Que sont les fissures anales?<\/h2>\n\n\n\n<p>Pijn in het achterste is niet altijd het gevolg van hemorro\u00efden . Als u na de ontlasting anale pijn en bloeding ondervindt, kan het ook zijn Une douleur au niveau des fesses n\u2019est pas toujours due \u00e0 des h\u00e9morro\u00efdes. Si vous avez des douleurs anales et des saignements apr\u00e8s avoir \u00e9t\u00e9 \u00e0 selles, Il se peut que vous souffriez d\u2019une fissure anale. Des fissures anales sont comme des ulc\u00e8res du gros intestin : de petites d\u00e9chirures de forme ovale dans la paroi du canal anal qui peuvent provoquer de fortes douleurs anales. Ces d\u00e9chirures gu\u00e9rissent souvent d\u2019elles-m\u00eames en une ou deux semaines. Si elles ne gu\u00e9rissent pas, elles doivent \u00eatre trait\u00e9es, car elles peuvent compromettre fortement votre qualit\u00e9 de vie.<sup>1,2,3,4<\/sup><\/p>\n\n\n\n<h2 class=\"wp-block-heading is-style-heading-h2\">Sympt\u00f4mes des fissures anales<\/h2>\n\n\n\n<p>En cas de fissure anale, vous pouvez remarquer un ou tous ces sympt\u00f4mes:<sup>5<\/sup><\/p>\n\n\n\n<ul class=\"wp-block-list is-style-default\">\n<li>Un anus douloureux, surtout pendant et apr\u00e8s la d\u00e9f\u00e9cation.<\/li>\n\n\n\n<li>Une d\u00e9chirure ou une fissure visible dans l\u2019anus.<\/li>\n\n\n\n<li>Saignement de l\u2019anus pendant ou apr\u00e8s la d\u00e9f\u00e9cation, g\u00e9n\u00e9ralement rouge vif.<\/li>\n<\/ul>\n\n\n\n<p>Comme les sympt\u00f4mes d\u2019une fissure anale sont similaires aux sympt\u00f4mes des h\u00e9morro\u00efdes, il est possible de les confondre. La sp\u00e9cificit\u00e9 des fissures anales est une douleur anale plus intense et qui dure parfois une heure apr\u00e8s le passage des selles.<sup>6<\/sup><\/p>\n\n\n\n<h2 class=\"wp-block-heading is-style-heading-h2\">Causes des fissures anales<\/h2>\n\n\n\n<p>Lorsque la paroi de l\u2019anus ou du canal anal est plus tendue que d\u2019habitude, la peau peut parfois \u00eatre endommag\u00e9e. En g\u00e9n\u00e9ral, les l\u00e9sions cutan\u00e9es gu\u00e9rissent rapidement d\u2019elles-m\u00eames, mais se transforment en fissures dans certains cas. D\u00e8s qu\u2019il y a une fissure dans la peau, le passage des selles devient douloureux. \u00c0 cause des crampes, la gu\u00e9rison de la fissure est alors plus difficile. Pour une personne sur quatre qui souffre de fissures, l\u2019affection devient chronique, ce qui signifie qu\u2019elle dure six semaines ou plus.<sup>7,8,9<\/sup><\/p>\n\n\n\n<p>Le plus souvent, la paroi du canal anal est d\u00e9chir\u00e9e par des selles dures et s\u00e8ches r\u00e9sultant de la constipation. Les m\u00e9decins ne peuvent pas toujours expliquer pourquoi certaines personnes d\u00e9veloppent des fissures et d\u2019autres non, mais votre tonus musculaire pourrait jouer un r\u00f4le. Plus le muscle du sphincter anal est tendu, moins le sang peut atteindre la plaie, ce qui ralentit encore la gu\u00e9rison.<sup>10<\/sup><\/p>\n\n\n\n<p>D\u2019autres causes de fissures anales comprennent des diarrh\u00e9es fr\u00e9quentes, des maladies inflammatoires de l\u2019intestin, une inflammation de la zone anale, des maladies sexuellement transmissibles, et la grossesse et l\u2019accouchement. Pr\u00e8s d\u2019une femme sur dix d\u00e9veloppe des fissures anales apr\u00e8s un accouchement par voie vaginale. Les fissures anales touchent autant les hommes que les femmes et peuvent survenir \u00e0 tout \u00e2ge, m\u00eame chez les jeunes enfants.<sup>11<\/sup><\/p>\n\n\n\n<h2 class=\"wp-block-heading is-style-heading-h2\">Traitement et future pr\u00e9vention<\/h2>\n\n\n\n<p>Beaucoup de personnes sont g\u00ean\u00e9es par leurs sympt\u00f4mes de fissure anale et h\u00e9sitent \u00e0 demander de l\u2019aide, mais retarder le traitement ne fait qu\u2019aggraver le probl\u00e8me. De plus, les fissures superficielles pr\u00e8s de l\u2019ouverture anale sont souvent facilement traitables \u00e0 domicile.<\/p>\n\n\n\n<p>Hormis les m\u00e9dicaments, l\u2019alimentation est tr\u00e8s importante dans la gestion des fissures anales. Pour \u00e9viter les fissures ou leur aggravation, il est conseill\u00e9 de consommer beaucoup de fruits, de l\u00e9gumes et d\u2019autres aliments riches en fibres qui peuvent contribuer \u00e0 r\u00e9guler vos selles. Si l\u2019alimentation ne suffit pas \u00e0 maintenir la r\u00e9gularit\u00e9 de vos selles, vous pouvez essayer de prendre un compl\u00e9ment de fibres.<sup>12, 2<\/sup><\/p>\n\n\n\n<p>Si vous ne constatez aucune am\u00e9lioration apr\u00e8s 2 ou 3 semaines de traitement \u00e0 domicile, contactez un m\u00e9decin pour \u00e9liminer les autres causes de vos sympt\u00f4mes. Si vos fissures sont chroniques, votre m\u00e9decin peut vous prescrire des m\u00e9dicaments plus puissants pour d\u00e9tendre le muscle du sphincter, mais une intervention chirurgicale est rarement n\u00e9cessaire.<sup>2<\/sup><\/p>\n<\/div><\/div>\n\n\n\n<div class=\"wp-block-karopharma-free-text pt-small pb-small bg-center bg-cover bg-no-repeat\" style=\"background-image:url()\"><div class=\"free-text-wrapper container max-w-medium text-left\">\n<p><strong>Les r\u00e9f\u00e9rences<\/strong><\/p>\n\n\n\n<ol class=\"wp-block-list is-style-default\">\n<li><a href=\"https:\/\/www.ncbi.nlm.nih.gov\/pmc\/articles\/PMC3342598\/\" target=\"_blank\" rel=\"noreferrer noopener\">https:\/\/www.ncbi.nlm.nih.gov\/pmc\/articles\/PMC3342598\/<\/a> 2020-10-16<\/li>\n\n\n\n<li>https:\/\/fascrs.org\/patients\/diseases-and-conditions\/a-z\/anal-fissure-expanded-information 2020-10-16<\/li>\n\n\n\n<li>Psychometric properties of a questionnaire (HEMO-FISSQoL) to evaluate the burden associated with haemorrhoidal disease and anal fissures. Abramowitz, L. 2018.<\/li>\n\n\n\n<li><a href=\"https:\/\/patient.info\/digestive-health\/rectal-bleeding-blood-in-faeces\/anal-fissure\" target=\"_blank\" rel=\"noreferrer noopener\">https:\/\/patient.info\/digestive-health\/rectal-bleeding-blood-in-faeces\/anal-fissure<\/a> 2020-10-17<\/li>\n\n\n\n<li><a href=\"https:\/\/www.hopkinsmedicine.org\/health\/conditions-and-diseases\/anal-fissures\" target=\"_blank\" rel=\"noreferrer noopener\">https:\/\/www.hopkinsmedicine.org\/health\/conditions-and-diseases\/anal-fissures<\/a> 2020-10-17<\/li>\n\n\n\n<li><a href=\"https:\/\/patient.info\/digestive-health\/rectal-bleeding-blood-in-faeces\/anal-fissure\" target=\"_blank\" rel=\"noreferrer noopener\">https:\/\/patient.info\/digestive-health\/rectal-bleeding-blood-in-faeces\/anal-fissure<\/a> 2020-10-17<\/li>\n\n\n\n<li><a href=\"https:\/\/www.hopkinsmedicine.org\/health\/conditions-and-diseases\/anal-fissures\" target=\"_blank\" rel=\"noreferrer noopener\">https:\/\/www.hopkinsmedicine.org\/health\/conditions-and-diseases\/anal-fissures<\/a> 2020-10-17<\/li>\n\n\n\n<li><a href=\"https:\/\/patient.info\/digestive-health\/rectal-bleeding-blood-in-faeces\/anal-fissure\" target=\"_blank\" rel=\"noreferrer noopener\">https:\/\/patient.info\/digestive-health\/rectal-bleeding-blood-in-faeces\/anal-fissure<\/a> 2020-10-17<\/li>\n\n\n\n<li><a href=\"https:\/\/www.nice.org.uk\/advice\/esuom3\/ifp\/chapter\/what-is-a-chronic-anal-fissure\" target=\"_blank\" rel=\"noreferrer noopener\">https:\/\/www.nice.org.uk\/advice\/esuom3\/ifp\/chapter\/what-is-a-chronic-anal-fissure<\/a> 2020-10-17<\/li>\n\n\n\n<li><a href=\"https:\/\/patient.info\/digestive-health\/rectal-bleeding-blood-in-faeces\/anal-fissure\" target=\"_blank\" rel=\"noreferrer noopener\">https:\/\/patient.info\/digestive-health\/rectal-bleeding-blood-in-faeces\/anal-fissure<\/a> 2020-10-17<\/li>\n\n\n\n<li><a href=\"https:\/\/patient.info\/digestive-health\/rectal-bleeding-blood-in-faeces\/anal-fissure\" target=\"_blank\" rel=\"noreferrer noopener\">https:\/\/patient.info\/digestive-health\/rectal-bleeding-blood-in-faeces\/anal-fissure<\/a> 2020-10-17<\/li>\n\n\n\n<li><a href=\"https:\/\/www.hopkinsmedicine.org\/health\/conditions-and-diseases\/anal-fissures\" target=\"_blank\" rel=\"noreferrer noopener\">https:\/\/www.hopkinsmedicine.org\/health\/conditions-and-diseases\/anal-fissures<\/a> 2020-10-17<\/li>\n<\/ol>\n<\/div><\/div>\n","protected":false},"excerpt":{"rendered":"","protected":false},"author":2,"featured_media":0,"parent":0,"menu_order":0,"comment_status":"closed","ping_status":"closed","template":"","meta":{"_acf_changed":false,"footnotes":""},"from-article-database":[],"class_list":["post-490","page","type-page","status-publish","hentry"],"acf":[],"yoast_head":"<!-- This site is optimized with the Yoast SEO plugin v26.6 - https:\/\/yoast.com\/wordpress\/plugins\/seo\/ -->\n<title>Fissure anale - Scheriproct<\/title>\n<meta name=\"robots\" content=\"index, follow, max-snippet:-1, max-image-preview:large, max-video-preview:-1\" \/>\n<link rel=\"canonical\" href=\"https:\/\/scheriproct.com\/be\/fr\/fissure-anale\/\" \/>\n<meta property=\"og:locale\" content=\"fr_FR\" \/>\n<meta property=\"og:type\" content=\"article\" \/>\n<meta property=\"og:title\" content=\"Fissure anale - Scheriproct\" \/>\n<meta property=\"og:url\" content=\"https:\/\/scheriproct.com\/be\/fr\/fissure-anale\/\" \/>\n<meta property=\"og:site_name\" content=\"Scheriproct\" \/>\n<meta property=\"article:modified_time\" content=\"2025-11-10T09:08:42+00:00\" \/>\n<meta name=\"twitter:card\" content=\"summary_large_image\" \/>\n<meta name=\"twitter:label1\" content=\"Dur\u00e9e de lecture est.\" \/>\n\t<meta name=\"twitter:data1\" content=\"3 minutes\" \/>\n<script type=\"application\/ld+json\" class=\"yoast-schema-graph\">{\"@context\":\"https:\/\/schema.org\",\"@graph\":[{\"@type\":\"WebPage\",\"@id\":\"https:\/\/scheriproct.com\/be\/fr\/fissure-anale\/\",\"url\":\"https:\/\/scheriproct.com\/be\/fr\/fissure-anale\/\",\"name\":\"Fissure anale - Scheriproct\",\"isPartOf\":{\"@id\":\"https:\/\/scheriproct.com\/be\/fr\/#website\"},\"datePublished\":\"2022-12-01T09:32:32+00:00\",\"dateModified\":\"2025-11-10T09:08:42+00:00\",\"breadcrumb\":{\"@id\":\"https:\/\/scheriproct.com\/be\/fr\/fissure-anale\/#breadcrumb\"},\"inLanguage\":\"fr-BE\",\"potentialAction\":[{\"@type\":\"ReadAction\",\"target\":[\"https:\/\/scheriproct.com\/be\/fr\/fissure-anale\/\"]}]},{\"@type\":\"BreadcrumbList\",\"@id\":\"https:\/\/scheriproct.com\/be\/fr\/fissure-anale\/#breadcrumb\",\"itemListElement\":[{\"@type\":\"ListItem\",\"position\":1,\"name\":\"Home\",\"item\":\"https:\/\/scheriproct.com\/be\/fr\/\"},{\"@type\":\"ListItem\",\"position\":2,\"name\":\"Fissure anale\"}]},{\"@type\":\"WebSite\",\"@id\":\"https:\/\/scheriproct.com\/be\/fr\/#website\",\"url\":\"https:\/\/scheriproct.com\/be\/fr\/\",\"name\":\"Scheriproct\",\"description\":\"\",\"publisher\":{\"@id\":\"https:\/\/scheriproct.com\/be\/fr\/#organization\"},\"potentialAction\":[{\"@type\":\"SearchAction\",\"target\":{\"@type\":\"EntryPoint\",\"urlTemplate\":\"https:\/\/scheriproct.com\/be\/fr\/?s={search_term_string}\"},\"query-input\":{\"@type\":\"PropertyValueSpecification\",\"valueRequired\":true,\"valueName\":\"search_term_string\"}}],\"inLanguage\":\"fr-BE\"},{\"@type\":\"Organization\",\"@id\":\"https:\/\/scheriproct.com\/be\/fr\/#organization\",\"name\":\"Scheriproct\",\"url\":\"https:\/\/scheriproct.com\/be\/fr\/\",\"logo\":{\"@type\":\"ImageObject\",\"inLanguage\":\"fr-BE\",\"@id\":\"https:\/\/scheriproct.com\/be\/fr\/#\/schema\/logo\/image\/\",\"url\":\"https:\/\/scheriproct.com\/app\/uploads\/sites\/5\/2022\/06\/scheriproct-logo.png\",\"contentUrl\":\"https:\/\/scheriproct.com\/app\/uploads\/sites\/5\/2022\/06\/scheriproct-logo.png\",\"width\":143,\"height\":20,\"caption\":\"Scheriproct\"},\"image\":{\"@id\":\"https:\/\/scheriproct.com\/be\/fr\/#\/schema\/logo\/image\/\"}}]}<\/script>\n<!-- \/ Yoast SEO plugin. -->","yoast_head_json":{"title":"Fissure anale - Scheriproct","robots":{"index":"index","follow":"follow","max-snippet":"max-snippet:-1","max-image-preview":"max-image-preview:large","max-video-preview":"max-video-preview:-1"},"canonical":"https:\/\/scheriproct.com\/be\/fr\/fissure-anale\/","og_locale":"fr_FR","og_type":"article","og_title":"Fissure anale - Scheriproct","og_url":"https:\/\/scheriproct.com\/be\/fr\/fissure-anale\/","og_site_name":"Scheriproct","article_modified_time":"2025-11-10T09:08:42+00:00","twitter_card":"summary_large_image","twitter_misc":{"Dur\u00e9e de lecture est.":"3 minutes"},"schema":{"@context":"https:\/\/schema.org","@graph":[{"@type":"WebPage","@id":"https:\/\/scheriproct.com\/be\/fr\/fissure-anale\/","url":"https:\/\/scheriproct.com\/be\/fr\/fissure-anale\/","name":"Fissure anale - Scheriproct","isPartOf":{"@id":"https:\/\/scheriproct.com\/be\/fr\/#website"},"datePublished":"2022-12-01T09:32:32+00:00","dateModified":"2025-11-10T09:08:42+00:00","breadcrumb":{"@id":"https:\/\/scheriproct.com\/be\/fr\/fissure-anale\/#breadcrumb"},"inLanguage":"fr-BE","potentialAction":[{"@type":"ReadAction","target":["https:\/\/scheriproct.com\/be\/fr\/fissure-anale\/"]}]},{"@type":"BreadcrumbList","@id":"https:\/\/scheriproct.com\/be\/fr\/fissure-anale\/#breadcrumb","itemListElement":[{"@type":"ListItem","position":1,"name":"Home","item":"https:\/\/scheriproct.com\/be\/fr\/"},{"@type":"ListItem","position":2,"name":"Fissure anale"}]},{"@type":"WebSite","@id":"https:\/\/scheriproct.com\/be\/fr\/#website","url":"https:\/\/scheriproct.com\/be\/fr\/","name":"Scheriproct","description":"","publisher":{"@id":"https:\/\/scheriproct.com\/be\/fr\/#organization"},"potentialAction":[{"@type":"SearchAction","target":{"@type":"EntryPoint","urlTemplate":"https:\/\/scheriproct.com\/be\/fr\/?s={search_term_string}"},"query-input":{"@type":"PropertyValueSpecification","valueRequired":true,"valueName":"search_term_string"}}],"inLanguage":"fr-BE"},{"@type":"Organization","@id":"https:\/\/scheriproct.com\/be\/fr\/#organization","name":"Scheriproct","url":"https:\/\/scheriproct.com\/be\/fr\/","logo":{"@type":"ImageObject","inLanguage":"fr-BE","@id":"https:\/\/scheriproct.com\/be\/fr\/#\/schema\/logo\/image\/","url":"https:\/\/scheriproct.com\/app\/uploads\/sites\/5\/2022\/06\/scheriproct-logo.png","contentUrl":"https:\/\/scheriproct.com\/app\/uploads\/sites\/5\/2022\/06\/scheriproct-logo.png","width":143,"height":20,"caption":"Scheriproct"},"image":{"@id":"https:\/\/scheriproct.com\/be\/fr\/#\/schema\/logo\/image\/"}}]}},"_links":{"self":[{"href":"https:\/\/scheriproct.com\/be\/fr\/wp-json\/wp\/v2\/pages\/490","targetHints":{"allow":["GET"]}}],"collection":[{"href":"https:\/\/scheriproct.com\/be\/fr\/wp-json\/wp\/v2\/pages"}],"about":[{"href":"https:\/\/scheriproct.com\/be\/fr\/wp-json\/wp\/v2\/types\/page"}],"author":[{"embeddable":true,"href":"https:\/\/scheriproct.com\/be\/fr\/wp-json\/wp\/v2\/users\/2"}],"replies":[{"embeddable":true,"href":"https:\/\/scheriproct.com\/be\/fr\/wp-json\/wp\/v2\/comments?post=490"}],"version-history":[{"count":3,"href":"https:\/\/scheriproct.com\/be\/fr\/wp-json\/wp\/v2\/pages\/490\/revisions"}],"predecessor-version":[{"id":648,"href":"https:\/\/scheriproct.com\/be\/fr\/wp-json\/wp\/v2\/pages\/490\/revisions\/648"}],"wp:attachment":[{"href":"https:\/\/scheriproct.com\/be\/fr\/wp-json\/wp\/v2\/media?parent=490"}],"wp:term":[{"taxonomy":"from-article-database","embeddable":true,"href":"https:\/\/scheriproct.com\/be\/fr\/wp-json\/wp\/v2\/from-article-database?post=490"}],"curies":[{"name":"wp","href":"https:\/\/api.w.org\/{rel}","templated":true}]}}