{"id":419,"date":"2022-12-01T07:58:44","date_gmt":"2022-12-01T06:58:44","guid":{"rendered":"https:\/\/scheriproct.com\/be\/?page_id=419"},"modified":"2024-11-14T08:11:31","modified_gmt":"2024-11-14T07:11:31","slug":"traitement-des-hemorroides","status":"publish","type":"page","link":"https:\/\/scheriproct.com\/be\/fr\/traitement-des-hemorroides\/","title":{"rendered":"Traitement des h\u00e9morro\u00efdes"},"content":{"rendered":"\n<div class=\"wp-block-karopharma-free-text pt-medium pb-medium bg-center bg-cover bg-no-repeat bg-box\" style=\"background-image:url(https:\/\/scheriproct.com\/cdn-cgi\/image\/format=auto\/app\/uploads\/sites\/5\/2022\/06\/background-1.png)\"><div class=\"free-text-wrapper container max-w-medium text-center\">\n<h1 class=\"is-style-heading-large wp-block-heading\">Traitement des h\u00e9morro\u00efdes<\/h1>\n<\/div><\/div>\n\n\n\n<div class=\"wp-block-karopharma-free-text pt-medium pb-none bg-center bg-cover bg-no-repeat\" style=\"background-image:url()\"><div class=\"free-text-wrapper container max-w-medium text-left\">\n<p>Comme beaucoup de personnes ont honte de parler des h\u00e9morro\u00efdes, elles tardent \u00e0 demander de l\u2019aide et esp\u00e8rent que leurs d\u00e9mangeaisons dispara\u00eetront spontan\u00e9ment. Bien s\u00fbr, dans certains cas, les sympt\u00f4mes des h\u00e9morro\u00efdes et des fissures anales dispara\u00eetront spontan\u00e9ment, m\u00eame sans traitement.1 Mais plus vous attendez, plus les h\u00e9morro\u00efdes peuvent \u00eatre difficiles \u00e0 traiter. C\u2019est dommage, car m\u00eame s\u2019il n\u2019y a pas de rem\u00e8de contre les h\u00e9morro\u00efdes, il existe de nombreux traitements efficaces. Quelle que soit la recommandation de votre m\u00e9decin, le but de tout traitement des h\u00e9morro\u00efdes est g\u00e9n\u00e9ralement de r\u00e9duire l\u2019inflammation, d\u2019am\u00e9liorer les sympt\u00f4mes et de minimiser l\u2019impact sur votre qualit\u00e9 de vie, afin de pouvoir reprendre vos activit\u00e9s normales.2<\/p>\n\n\n\n<h2 class=\"is-style-heading-h2 wp-block-heading\">Cr\u00e8me<\/h2>\n\n\n\n<p>Pour un cas plus l\u00e9ger d\u2019h\u00e9morro\u00efdes, le traitement peut consister initialement en un changement d\u2019alimentation et d\u2019autres rem\u00e8des maison en combinaison avec une cr\u00e8me topique pour h\u00e9morro\u00efdes en vente libre. Les cr\u00e8mes h\u00e9morro\u00efdaires comprenant une combinaison d\u2019anesth\u00e9siques locaux et de corticost\u00e9ro\u00efdes sont souvent recommand\u00e9es par les professionnels de sant\u00e9, car elles soulagent les d\u00e9mangeaisons et la douleur, tout en traitant l\u2019inflammation et le gonflement. Les cr\u00e8mes h\u00e9morro\u00efdaires efficaces soulagent rapidement, mais il faut poursuivre le traitement pendant au moins une semaine pour \u00e9viter les rechutes, avec un maximum de deux semaines.<\/p>\n\n\n\n<h2 class=\"has-text-align-center wp-block-heading\">Porduit connexe<\/h2>\n<\/div><\/div>\n\n\n\n<div class=\"wp-block-karopharma-product-promotion text-align-right pt-medium pb-medium bg-center bg-cover bg-no-repeat\" style=\"background-image:url()\"><div class=\"container max-w-medium\">\n<div class=\"wp-block-group is-layout-flow wp-block-group-is-layout-flow\">\n<figure class=\"wp-block-karopharma-product-promotion-image product-promotion-image\"><img fetchpriority=\"high\" decoding=\"async\" datatest=\"image\" src=\"https:\/\/scheriproct.com\/cdn-cgi\/image\/format=auto\/app\/uploads\/sites\/5\/2023\/02\/Gerelateerd-product.png\" loading=\"eager\" alt=\"Porduit connexe\" width=\"800\" height=\"271\" srcset=\"https:\/\/scheriproct.com\/cdn-cgi\/image\/format=auto,width=584\/app\/uploads\/sites\/5\/2023\/02\/Gerelateerd-product.png 584w, https:\/\/scheriproct.com\/cdn-cgi\/image\/format=auto,width=272\/app\/uploads\/sites\/5\/2023\/02\/Gerelateerd-product.png 272w\" sizes=\"(max-width: 584px) 100vw, 584px\"><\/figure>\n<\/div>\n\n\n\n<div class=\"wp-block-group is-layout-flow wp-block-group-is-layout-flow\">\n<h2 class=\"title is-style-heading-h3 wp-block-heading\">Scheriproct\u00ae 500 mg\/190 mg Pommade<\/h2>\n\n\n\n<h3 class=\"heading is-style-heading-h5 wp-block-heading\">R\u00e9duit la douleur, l\u2019inflammation et les d\u00e9mangeaisons dans la r\u00e9gion anale<\/h3>\n\n\n\n<p class=\"paragraph is-style-paragraph-body-text\">Pour le traitement des sympt\u00f4mes des h\u00e9morro\u00efdes, proctite et\/ou ecz\u00e9ma anal.<\/p>\n\n\n\n<div class=\"wp-block-buttons is-layout-flex wp-block-buttons-is-layout-flex\">\n<div class=\"wp-block-button is-style-primary-outlined-button\"><a class=\"wp-block-button__link\" href=\"https:\/\/scheriproct.com\/be\/fr\/produit\/scheriproct-500-mg-190-mg-pommade\/\">D\u00e9couvrir le produit<\/a><\/div>\n<\/div>\n<\/div>\n<\/div><\/div>\n\n\n\n<div class=\"wp-block-karopharma-free-text pt-medium pb-medium bg-center bg-cover bg-no-repeat\" style=\"background-image:url()\"><div class=\"free-text-wrapper container max-w-medium text-left\">\n<h2 class=\"is-style-heading-h2 wp-block-heading\">Autres traitements<\/h2>\n\n\n\n<p>Een niet-invasieve aambeienbehandeling zou de eerste keuze kunnen zijn, maar voor chronische of ernstige aambeien zal een zalf Un traitement non invasif des h\u00e9morro\u00efdes pourrait \u00eatre le premier choix, mais pour les h\u00e9morro\u00efdes chroniques ou graves, une cr\u00e8me contre les d\u00e9mangeaisons anales ne suffira probablement pas. Lorsqu\u2019un traitement sans prescription des h\u00e9morro\u00efdes ne suffit pas, votre m\u00e9decin peut vous recommander une forme de traitement instrumental, comme la ligature \u00e9lastique, la scl\u00e9roth\u00e9rapie ou la photocoagulation infrarouge. Dans 90 % des cas, un traitement non invasif ou instrumental suffit, mais pour les 10 % restants, un traitement chirurgical des h\u00e9morro\u00efdes est n\u00e9cessaire. L\u2019ablation chirurgicale des h\u00e9morro\u00efdes est g\u00e9n\u00e9ralement efficace, mais s\u2019accompagne parfois d\u2019effets secondaires, comme des saignements ou des infections.<sup>3<\/sup><\/p>\n\n\n\n<h2 class=\"is-style-heading-h2 wp-block-heading\">Rem\u00e8des maison<\/h2>\n\n\n\n<p>Er zijn vele gesuggereerde thuisremedies voor hemorro\u00efden, de ene al meer doeltreffend tegen symptomen dan de andere. Onthoud Il existe de nombreux rem\u00e8des maison pour les h\u00e9morro\u00efdes, certains plus efficaces que d\u2019autres contre les sympt\u00f4mes. N\u2019oubliez pas que les m\u00e9decins ne recommandent g\u00e9n\u00e9ralement pas de traitement maison des h\u00e9morro\u00efdes en dehors de ceux qui r\u00e9gulent les selles.<sup>4<\/sup><\/p>\n\n\n\n<p><strong>Alimentation \u00e0 haute teneur en fibres et hydratation.<\/strong> Une alimentation riche en fibres (fruits, l\u00e9gumes, l\u00e9gumineuses, etc.) est probablement le meilleur rem\u00e8de maison pour lutter contre les h\u00e9morro\u00efdes. Combin\u00e9e \u00e0 une grande consommation d\u2019eau, une alimentation riche en fibres vous aide \u00e0 maintenir des selles r\u00e9guli\u00e8res et \u00e0 pr\u00e9venir la constipation et la diarrh\u00e9e, qui peuvent \u00e0 leur tour provoquer des h\u00e9morro\u00efdes. Les laxatifs sous forme de fibres peuvent \u00eatre particuli\u00e8rement utiles pour r\u00e9duire les h\u00e9morragies internes.<sup>5<\/sup><\/p>\n\n\n\n<p><strong>Bain de si\u00e8ge.<\/strong> L\u2019un des rem\u00e8des les plus populaires contre les h\u00e9morro\u00efdes est de faire r\u00e9guli\u00e8rement des bains de si\u00e8ge de 20 minutes. Un bain de si\u00e8ge est simplement un bain o\u00f9 seules les fesses et les hanches sont plong\u00e9es dans l\u2019eau, soit dans une baignoire, soit dans une petite bassine en plastique plac\u00e9e sur le si\u00e8ge des toilettes. Les experts recommandent de faire un bain de si\u00e8ge apr\u00e8s chaque selle et 2 \u00e0 3 fois par jour en plus.<sup>6<\/sup><\/p>\n\n\n\n<p><strong>Antalgiques oraux.<\/strong> L\u2019ac\u00e9taminoph\u00e8ne, l\u2019aspirine ou l\u2019ibuprof\u00e8ne peuvent \u00eatre utilis\u00e9s pour soulager temporairement les sympt\u00f4mes des h\u00e9morro\u00efdes douloureux, mais ils n\u2019ont pas d\u2019effet durable.<sup>7<\/sup><\/p>\n\n\n\n<p><strong>Pommades et lingettes \u00e0 base de plantes. <\/strong>De nombreux rem\u00e8des \u00e0 base de plantes sont disponibles pour traiter les h\u00e9morro\u00efdes, par exemple diff\u00e9rents types de cr\u00e8mes et de lingettes infus\u00e9es \u00e0 l\u2019hamam\u00e9lis et \u00e0 l\u2019aloe vera. Des plantes m\u00e9dicinales sont utilis\u00e9es pour soulager les irritations et les d\u00e9mangeaisons cutan\u00e9es dues aux h\u00e9morro\u00efdes depuis l\u2019\u00e9poque m\u00e9di\u00e9vale et des \u00e9tudes sugg\u00e8rent que certaines d\u2019entre elles pourraient aider \u00e0 soulager les sympt\u00f4mes des h\u00e9morro\u00efdes. Cependant, peu d\u2019\u00e9tudes ont \u00e9t\u00e9 faites sur l\u2019homme et l\u2019effet n\u2019est pas comparable \u00e0 celui des m\u00e9dicaments contenant des anesth\u00e9siques locaux et des corticost\u00e9ro\u00efdes.<sup>8,9<\/sup><\/p>\n<\/div><\/div>\n\n\n\n<div class=\"wp-block-karopharma-free-text pt-small pb-small bg-center bg-cover bg-no-repeat\" style=\"background-image:url()\"><div class=\"free-text-wrapper container max-w-medium text-left\">\n<p><strong>Les r\u00e9f\u00e9rences<\/strong><\/p>\n\n\n\n<ol class=\"is-style-default wp-block-list\"><li><a href=\"https:\/\/www.sclhealth.org\/services\/gastro\/colon-and-rectal-conditions\/hemorrhoids\/\" target=\"_blank\" rel=\"noreferrer noopener\">https:\/\/www.sclhealth.org\/services\/gastro\/colon-and-rectal-conditions\/hemorrhoids\/<\/a> 2020-10-24<\/li><li>The Diagnosis and Management of Haemorrhoidal Disease from a Global Perspective. Abramowitz, Laurent. Alimentary Pharmacology &amp; Therapeutics. Volume 31, Supplement 1, May 2010<\/li><li>The Diagnosis and Management of Haemorrhoidal Disease from a Global Perspective. Abramowitz, Laurent. Alimentary Pharmacology &amp; Therapeutics. Volume 31, Supplement 1, May 2010<\/li><li>The Diagnosis and Management of Haemorrhoidal Disease from a Global Perspective. Abramowitz, Laurent. Alimentary Pharmacology &amp; Therapeutics. Volume 31, Supplement 1, May 2010<\/li><li><a href=\"https:\/\/www.cochrane.org\/CD004649\/COLOCA_laxatives-for-the-treatment-of-hemorrhoids#:~:text=This%20systematic%20review%20suggests%20a,to%20three%20months%20follow%20up\" target=\"_blank\" rel=\"noreferrer noopener\">https:\/\/www.cochrane.org\/CD004649\/COLOCA_laxatives-for-the-treatment-of-hemorrhoids#:~:text=This%20systematic%20review%20suggests%20a,to%20three%20months%20follow%20up<\/a>. 2020-10-24<\/li><li><a href=\"https:\/\/www.health.harvard.edu\/diseases-and-conditions\/hemorrhoids_and_what_to_do_about_them\" target=\"_blank\" rel=\"noreferrer noopener\">https:\/\/www.health.harvard.edu\/diseases-and-conditions\/hemorrhoids_and_what_to_do_about_them<\/a> 2929-<\/li><li><a href=\"https:\/\/www.mayoclinic.org\/diseases-conditions\/hemorrhoids\/diagnosis-treatment\/drc-20360280#:~:text=Soak%20your%20anal%20area%20in,to%20help%20relieve%20your%20discomfort\" target=\"_blank\" rel=\"noreferrer noopener\">https:\/\/www.mayoclinic.org\/diseases-conditions\/hemorrhoids\/diagnosis-treatment\/drc-20360280#:~:text=Soak%20your%20anal%20area%20in,to%20help%20relieve%20your%20discomfort<\/a>. 2020-10-24<\/li><li><a href=\"https:\/\/www.ncbi.nlm.nih.gov\/books\/NBK279466\/\" target=\"_blank\" rel=\"noreferrer noopener\">https:\/\/www.ncbi.nlm.nih.gov\/books\/NBK279466\/<\/a> 2020-10-24<\/li><li><a href=\"https:\/\/www.ncbi.nlm.nih.gov\/pmc\/articles\/PMC5871264\/\" target=\"_blank\" rel=\"noreferrer noopener\">https:\/\/www.ncbi.nlm.nih.gov\/pmc\/articles\/PMC5871264\/<\/a> 2020-10-24<\/li><\/ol>\n<\/div><\/div>\n","protected":false},"excerpt":{"rendered":"","protected":false},"author":2,"featured_media":0,"parent":0,"menu_order":0,"comment_status":"closed","ping_status":"closed","template":"","meta":{"_acf_changed":false,"footnotes":""},"from-article-database":[],"class_list":["post-419","page","type-page","status-publish","hentry"],"acf":[],"yoast_head":"<!-- This site is optimized with the Yoast SEO plugin v26.6 - https:\/\/yoast.com\/wordpress\/plugins\/seo\/ -->\n<title>Traitement des h\u00e9morro\u00efdes - Scheriproct<\/title>\n<meta name=\"description\" content=\"Un traitement pr\u00e9coce des h\u00e9morro\u00efdes et des fissures anales r\u00e9duit les sympt\u00f4mes et la douleur. Diff\u00e9rents traitements des sympt\u00f4mes internes et externes.\" \/>\n<meta name=\"robots\" content=\"index, follow, max-snippet:-1, max-image-preview:large, max-video-preview:-1\" \/>\n<link rel=\"canonical\" href=\"https:\/\/scheriproct.com\/be\/fr\/traitement-des-hemorroides\/\" \/>\n<meta property=\"og:locale\" content=\"fr_FR\" \/>\n<meta property=\"og:type\" content=\"article\" \/>\n<meta property=\"og:title\" content=\"Traitement des h\u00e9morro\u00efdes - Scheriproct\" \/>\n<meta property=\"og:description\" content=\"Un traitement pr\u00e9coce des h\u00e9morro\u00efdes et des fissures anales r\u00e9duit les sympt\u00f4mes et la douleur. Diff\u00e9rents traitements des sympt\u00f4mes internes et externes.\" \/>\n<meta property=\"og:url\" content=\"https:\/\/scheriproct.com\/be\/fr\/traitement-des-hemorroides\/\" \/>\n<meta property=\"og:site_name\" content=\"Scheriproct\" \/>\n<meta property=\"article:modified_time\" content=\"2024-11-14T07:11:31+00:00\" \/>\n<meta name=\"twitter:card\" content=\"summary_large_image\" \/>\n<meta name=\"twitter:label1\" content=\"Dur\u00e9e de lecture est.\" \/>\n\t<meta name=\"twitter:data1\" content=\"4 minutes\" \/>\n<script type=\"application\/ld+json\" class=\"yoast-schema-graph\">{\"@context\":\"https:\/\/schema.org\",\"@graph\":[{\"@type\":\"WebPage\",\"@id\":\"https:\/\/scheriproct.com\/be\/fr\/traitement-des-hemorroides\/\",\"url\":\"https:\/\/scheriproct.com\/be\/fr\/traitement-des-hemorroides\/\",\"name\":\"Traitement des h\u00e9morro\u00efdes - Scheriproct\",\"isPartOf\":{\"@id\":\"https:\/\/scheriproct.com\/be\/fr\/#website\"},\"datePublished\":\"2022-12-01T06:58:44+00:00\",\"dateModified\":\"2024-11-14T07:11:31+00:00\",\"description\":\"Un traitement pr\u00e9coce des h\u00e9morro\u00efdes et des fissures anales r\u00e9duit les sympt\u00f4mes et la douleur. Diff\u00e9rents traitements des sympt\u00f4mes internes et externes.\",\"breadcrumb\":{\"@id\":\"https:\/\/scheriproct.com\/be\/fr\/traitement-des-hemorroides\/#breadcrumb\"},\"inLanguage\":\"fr-BE\",\"potentialAction\":[{\"@type\":\"ReadAction\",\"target\":[\"https:\/\/scheriproct.com\/be\/fr\/traitement-des-hemorroides\/\"]}]},{\"@type\":\"BreadcrumbList\",\"@id\":\"https:\/\/scheriproct.com\/be\/fr\/traitement-des-hemorroides\/#breadcrumb\",\"itemListElement\":[{\"@type\":\"ListItem\",\"position\":1,\"name\":\"Home\",\"item\":\"https:\/\/scheriproct.com\/be\/fr\/\"},{\"@type\":\"ListItem\",\"position\":2,\"name\":\"Traitement des h\u00e9morro\u00efdes\"}]},{\"@type\":\"WebSite\",\"@id\":\"https:\/\/scheriproct.com\/be\/fr\/#website\",\"url\":\"https:\/\/scheriproct.com\/be\/fr\/\",\"name\":\"Scheriproct\",\"description\":\"\",\"publisher\":{\"@id\":\"https:\/\/scheriproct.com\/be\/fr\/#organization\"},\"potentialAction\":[{\"@type\":\"SearchAction\",\"target\":{\"@type\":\"EntryPoint\",\"urlTemplate\":\"https:\/\/scheriproct.com\/be\/fr\/?s={search_term_string}\"},\"query-input\":{\"@type\":\"PropertyValueSpecification\",\"valueRequired\":true,\"valueName\":\"search_term_string\"}}],\"inLanguage\":\"fr-BE\"},{\"@type\":\"Organization\",\"@id\":\"https:\/\/scheriproct.com\/be\/fr\/#organization\",\"name\":\"Scheriproct\",\"url\":\"https:\/\/scheriproct.com\/be\/fr\/\",\"logo\":{\"@type\":\"ImageObject\",\"inLanguage\":\"fr-BE\",\"@id\":\"https:\/\/scheriproct.com\/be\/fr\/#\/schema\/logo\/image\/\",\"url\":\"https:\/\/scheriproct.com\/app\/uploads\/sites\/5\/2022\/06\/scheriproct-logo.png\",\"contentUrl\":\"https:\/\/scheriproct.com\/app\/uploads\/sites\/5\/2022\/06\/scheriproct-logo.png\",\"width\":143,\"height\":20,\"caption\":\"Scheriproct\"},\"image\":{\"@id\":\"https:\/\/scheriproct.com\/be\/fr\/#\/schema\/logo\/image\/\"}}]}<\/script>\n<!-- \/ Yoast SEO plugin. -->","yoast_head_json":{"title":"Traitement des h\u00e9morro\u00efdes - Scheriproct","description":"Un traitement pr\u00e9coce des h\u00e9morro\u00efdes et des fissures anales r\u00e9duit les sympt\u00f4mes et la douleur. Diff\u00e9rents traitements des sympt\u00f4mes internes et externes.","robots":{"index":"index","follow":"follow","max-snippet":"max-snippet:-1","max-image-preview":"max-image-preview:large","max-video-preview":"max-video-preview:-1"},"canonical":"https:\/\/scheriproct.com\/be\/fr\/traitement-des-hemorroides\/","og_locale":"fr_FR","og_type":"article","og_title":"Traitement des h\u00e9morro\u00efdes - Scheriproct","og_description":"Un traitement pr\u00e9coce des h\u00e9morro\u00efdes et des fissures anales r\u00e9duit les sympt\u00f4mes et la douleur. Diff\u00e9rents traitements des sympt\u00f4mes internes et externes.","og_url":"https:\/\/scheriproct.com\/be\/fr\/traitement-des-hemorroides\/","og_site_name":"Scheriproct","article_modified_time":"2024-11-14T07:11:31+00:00","twitter_card":"summary_large_image","twitter_misc":{"Dur\u00e9e de lecture est.":"4 minutes"},"schema":{"@context":"https:\/\/schema.org","@graph":[{"@type":"WebPage","@id":"https:\/\/scheriproct.com\/be\/fr\/traitement-des-hemorroides\/","url":"https:\/\/scheriproct.com\/be\/fr\/traitement-des-hemorroides\/","name":"Traitement des h\u00e9morro\u00efdes - Scheriproct","isPartOf":{"@id":"https:\/\/scheriproct.com\/be\/fr\/#website"},"datePublished":"2022-12-01T06:58:44+00:00","dateModified":"2024-11-14T07:11:31+00:00","description":"Un traitement pr\u00e9coce des h\u00e9morro\u00efdes et des fissures anales r\u00e9duit les sympt\u00f4mes et la douleur. Diff\u00e9rents traitements des sympt\u00f4mes internes et externes.","breadcrumb":{"@id":"https:\/\/scheriproct.com\/be\/fr\/traitement-des-hemorroides\/#breadcrumb"},"inLanguage":"fr-BE","potentialAction":[{"@type":"ReadAction","target":["https:\/\/scheriproct.com\/be\/fr\/traitement-des-hemorroides\/"]}]},{"@type":"BreadcrumbList","@id":"https:\/\/scheriproct.com\/be\/fr\/traitement-des-hemorroides\/#breadcrumb","itemListElement":[{"@type":"ListItem","position":1,"name":"Home","item":"https:\/\/scheriproct.com\/be\/fr\/"},{"@type":"ListItem","position":2,"name":"Traitement des h\u00e9morro\u00efdes"}]},{"@type":"WebSite","@id":"https:\/\/scheriproct.com\/be\/fr\/#website","url":"https:\/\/scheriproct.com\/be\/fr\/","name":"Scheriproct","description":"","publisher":{"@id":"https:\/\/scheriproct.com\/be\/fr\/#organization"},"potentialAction":[{"@type":"SearchAction","target":{"@type":"EntryPoint","urlTemplate":"https:\/\/scheriproct.com\/be\/fr\/?s={search_term_string}"},"query-input":{"@type":"PropertyValueSpecification","valueRequired":true,"valueName":"search_term_string"}}],"inLanguage":"fr-BE"},{"@type":"Organization","@id":"https:\/\/scheriproct.com\/be\/fr\/#organization","name":"Scheriproct","url":"https:\/\/scheriproct.com\/be\/fr\/","logo":{"@type":"ImageObject","inLanguage":"fr-BE","@id":"https:\/\/scheriproct.com\/be\/fr\/#\/schema\/logo\/image\/","url":"https:\/\/scheriproct.com\/app\/uploads\/sites\/5\/2022\/06\/scheriproct-logo.png","contentUrl":"https:\/\/scheriproct.com\/app\/uploads\/sites\/5\/2022\/06\/scheriproct-logo.png","width":143,"height":20,"caption":"Scheriproct"},"image":{"@id":"https:\/\/scheriproct.com\/be\/fr\/#\/schema\/logo\/image\/"}}]}},"_links":{"self":[{"href":"https:\/\/scheriproct.com\/be\/fr\/wp-json\/wp\/v2\/pages\/419","targetHints":{"allow":["GET"]}}],"collection":[{"href":"https:\/\/scheriproct.com\/be\/fr\/wp-json\/wp\/v2\/pages"}],"about":[{"href":"https:\/\/scheriproct.com\/be\/fr\/wp-json\/wp\/v2\/types\/page"}],"author":[{"embeddable":true,"href":"https:\/\/scheriproct.com\/be\/fr\/wp-json\/wp\/v2\/users\/2"}],"replies":[{"embeddable":true,"href":"https:\/\/scheriproct.com\/be\/fr\/wp-json\/wp\/v2\/comments?post=419"}],"version-history":[{"count":6,"href":"https:\/\/scheriproct.com\/be\/fr\/wp-json\/wp\/v2\/pages\/419\/revisions"}],"predecessor-version":[{"id":589,"href":"https:\/\/scheriproct.com\/be\/fr\/wp-json\/wp\/v2\/pages\/419\/revisions\/589"}],"wp:attachment":[{"href":"https:\/\/scheriproct.com\/be\/fr\/wp-json\/wp\/v2\/media?parent=419"}],"wp:term":[{"taxonomy":"from-article-database","embeddable":true,"href":"https:\/\/scheriproct.com\/be\/fr\/wp-json\/wp\/v2\/from-article-database?post=419"}],"curies":[{"name":"wp","href":"https:\/\/api.w.org\/{rel}","templated":true}]}}