{"id":376,"date":"2022-11-30T08:42:01","date_gmt":"2022-11-30T07:42:01","guid":{"rendered":"https:\/\/scheriproct.com\/be\/?page_id=376"},"modified":"2024-11-14T08:11:51","modified_gmt":"2024-11-14T07:11:51","slug":"quels-sont-les-symptomes-des-hemorroides","status":"publish","type":"page","link":"https:\/\/scheriproct.com\/be\/fr\/quels-sont-les-symptomes-des-hemorroides\/","title":{"rendered":"Quels sont les sympt\u00f4mes des h\u00e9morro\u00efdes?"},"content":{"rendered":"\n<div class=\"wp-block-karopharma-free-text pt-medium pb-medium bg-center bg-cover bg-no-repeat bg-box\" style=\"background-image:url(https:\/\/scheriproct.com\/cdn-cgi\/image\/format=auto\/app\/uploads\/sites\/5\/2022\/06\/background-1.png)\"><div class=\"free-text-wrapper container max-w-medium text-center\">\n<h1 class=\"is-style-heading-large wp-block-heading\">Quels sont les sympt\u00f4mes des h\u00e9morro\u00efdes?<\/h1>\n<\/div><\/div>\n\n\n\n<div class=\"wp-block-karopharma-product-promotion text-align-left pt-medium pb-medium bg-center bg-cover bg-no-repeat  is-style-secondary\" style=\"background-image:url()\"><div class=\"container max-w-medium\">\n<div class=\"wp-block-group is-layout-flow wp-block-group-is-layout-flow\">\n<figure class=\"wp-block-image\"><img decoding=\"async\" src=\"https:\/\/scheriproct.com\/cdn-cgi\/image\/format=auto\/app\/uploads\/sites\/5\/2022\/11\/WhatAreTheSymptomsForHaemorrhoids.jpeg\" alt=\"WhatAreTheSymptomsForHaemorrhoids\"\/><\/figure>\n<\/div>\n\n\n\n<div class=\"wp-block-group is-layout-flow wp-block-group-is-layout-flow\">\n<p>Les probl\u00e8mes d\u2019h\u00e9morro\u00efdes sont per\u00e7us comme des douleurs au niveau anal. M\u00eame si une bosse douloureuse sur l\u2019anus peut \u00eatre le signe de probl\u00e8mes d\u2019h\u00e9morro\u00efdes, c\u2019est loin d\u2019\u00eatre le seul sympt\u00f4me de cette affection rectale courante. Des saignements indolores lorsque vous allez aux toilettes, des d\u00e9mangeaisons anales et une incontinence f\u00e9cale sont d\u2019autres signes courants de probl\u00e8mes d\u2019h\u00e9morro\u00efdes. Les sympt\u00f4mes des h\u00e9morro\u00efdes peuvent \u00eatre tr\u00e8s l\u00e9gers \u00e0 graves et deviennent souvent un probl\u00e8me r\u00e9current.<sup>1<\/sup> La bonne nouvelle est que si vous traitez vos h\u00e9morro\u00efdes, les sympt\u00f4mes risquent moins de s\u2019aggraver.<\/p>\n<\/div>\n<\/div><\/div>\n\n\n\n<div class=\"wp-block-karopharma-free-text pt-medium pb-small bg-center bg-cover bg-no-repeat\" style=\"background-image:url()\"><div class=\"free-text-wrapper container max-w-medium text-left\">\n<h2 class=\"wp-block-heading\">Comment savoir si vous avez des h\u00e9morro\u00efdes?<\/h2>\n\n\n\n<p>Votre m\u00e9decin g\u00e9n\u00e9raliste peut vous le confirmer. Les sympt\u00f4mes des h\u00e9morro\u00efdes varient g\u00e9n\u00e9ralement selon qu\u2019il s\u2019agit des h\u00e9morro\u00efdes internes ou externes. Les h\u00e9morro\u00efdes internes sont situ\u00e9es dans la partie inf\u00e9rieure du rectum et provoquent rarement une douleur ou une g\u00eane, sauf si elles ressortent (prolapsus). Les m\u00e9decins classent normalement les h\u00e9morro\u00efdes internes sur une \u00e9chelle de 1 \u00e0 4, en fonction de leur gravit\u00e9. Les h\u00e9morro\u00efdes de grade 1 saignent mais il n\u2019y a pas de prolapsus, tandis que les h\u00e9morro\u00efdes de grade 4 sont si ext\u00e9rioris\u00e9es (prolapsus) qu\u2019elles ne peuvent \u00eatre remises en place. Les h\u00e9morro\u00efdes externes se d\u00e9veloppent pr\u00e8s de l\u2019anus et peuvent \u00eatre tr\u00e8s inconfortables.<sup>2,3<\/sup> Si vous avez des h\u00e9morro\u00efdes, il y a de fortes chances que vous soyez g\u00ean\u00e9(e) par un ou plusieurs de ces sympt\u00f4mes.<\/p>\n\n\n\n<p><strong>D\u00e9mangeaisons et gonflement anaux. <\/strong>Les h\u00e9morro\u00efdes commencent souvent par une envie irr\u00e9sistible de se gratter l\u2019anus. Mais pourquoi les h\u00e9morro\u00efdes entra\u00eenent-elles des d\u00e9mangeaisons ? Les d\u00e9mangeaisons sont dues \u00e0 l\u2019affinement de la peau recouvrant les h\u00e9morro\u00efdes externes et \u00e0 son inflammation avec le temps. Lorsque vous commencez \u00e0 gratter la peau irrit\u00e9e, le probl\u00e8me ne fait qu\u2019empirer.<sup>2,4<\/sup><\/p>\n\n\n\n<p><strong>Saignement rectal indolore. <\/strong>Si vous remarquez des traces de sang sur le papier toilette lorsque vous vous essuyez apr\u00e8s la selle, il s\u2019agit peut-\u00eatre d\u2019un saignement d\u2019h\u00e9morro\u00efdes. Du sang rouge vif peut \u00e9galement s\u2019\u00e9goutter dans les toilettes. Les saignements indolores d\u00e9clench\u00e9s par une selle sont g\u00e9n\u00e9ralement caus\u00e9s par des h\u00e9morro\u00efdes internes et sont l\u2019un des sympt\u00f4mes les plus courants des h\u00e9morro\u00efdes.<sup>3<\/sup><\/p>\n\n\n\n<p><strong>Douleur en position assise. <\/strong>Les h\u00e9morro\u00efdes douloureuses sont g\u00e9n\u00e9ralement dues \u00e0 un gonflement des tissus et \u00e0 des h\u00e9morro\u00efdes qui sortent de l\u2019anus.<\/p>\n\n\n\n<p><strong>Continence anale alt\u00e9r\u00e9e. <\/strong>Dans un rectum sain, les h\u00e9morro\u00efdes assurent l\u2019\u00e9tanch\u00e9it\u00e9 de l\u2019anus et maintiennent les selles en place. Quand les h\u00e9morro\u00efdes sont d\u00e9plac\u00e9es et enflamm\u00e9es, leur capacit\u00e9 \u00e0 r\u00e9guler la continence est cependant alt\u00e9r\u00e9e : des selles liquides et du mucus peuvent alors commencer \u00e0 s\u2019\u00e9couler.<sup>5<\/sup><\/p>\n\n\n\n<p><strong>Prolapsus des h\u00e9morro\u00efdes internes. <\/strong>Normalement, vous ne pouvez pas voir ou sentir les h\u00e9morro\u00efdes internes, mais de temps en temps, elles ressortent (prolapsus), ce qui provoque des douleurs, des irritations et des d\u00e9mangeaisons.<sup>6<\/sup><\/p>\n\n\n\n<p><strong>Grosseur douloureuse sur l\u2019anus. <\/strong>Si vous voyez ou sentez une bosse sur votre anus, c\u2019est peut-\u00eatre parce qu\u2019un caillot de sang (thrombus) s\u2019est form\u00e9 \u00e0 l\u2019int\u00e9rieur d\u2019une h\u00e9morro\u00efde externe. Le caillot de sang peut \u00eatre \u00e0 la fois gonfl\u00e9 et sensible et prend parfois une couleur bleu\u00e2tre.<sup>7<\/sup><\/p>\n\n\n\n<h2 class=\"is-style-heading-h2 wp-block-heading\">\u00c0 quoi ressemblent les h\u00e9morro\u00efdes?<\/h2>\n\n\n\n<p>N\u2019oubliez pas que les h\u00e9morro\u00efdes ne sont pas les seules causes de d\u00e9mangeaison et de saignement anal. N\u2019h\u00e9sitez pas \u00e0 consulter un professionnel de sant\u00e9 pour exclure un autre probl\u00e8me.<\/p>\n\n\n\n<h2 class=\"has-text-align-center wp-block-heading\">Porduit connexe<\/h2>\n<\/div><\/div>\n\n\n\n<div class=\"wp-block-karopharma-product-promotion text-align-right pt-medium pb-medium bg-center bg-cover bg-no-repeat\" style=\"background-image:url()\"><div class=\"container max-w-medium\">\n<div class=\"wp-block-group is-layout-flow wp-block-group-is-layout-flow\">\n<figure class=\"wp-block-karopharma-product-promotion-image product-promotion-image\"><img fetchpriority=\"high\" decoding=\"async\" datatest=\"image\" src=\"https:\/\/scheriproct.com\/cdn-cgi\/image\/format=auto\/app\/uploads\/sites\/5\/2023\/02\/Gerelateerd-product.png\" loading=\"eager\" alt=\"Porduit connexe\" width=\"800\" height=\"271\" srcset=\"https:\/\/scheriproct.com\/cdn-cgi\/image\/format=auto,width=584\/app\/uploads\/sites\/5\/2023\/02\/Gerelateerd-product.png 584w, https:\/\/scheriproct.com\/cdn-cgi\/image\/format=auto,width=272\/app\/uploads\/sites\/5\/2023\/02\/Gerelateerd-product.png 272w\" sizes=\"(max-width: 584px) 100vw, 584px\"><\/figure>\n<\/div>\n\n\n\n<div class=\"wp-block-group is-layout-flow wp-block-group-is-layout-flow\">\n<h2 class=\"title is-style-heading-h3 wp-block-heading\">Scheriproct\u00ae 500 mg\/190 mg Pommade<\/h2>\n\n\n\n<h3 class=\"heading is-style-heading-h5 wp-block-heading\">R\u00e9duit la douleur, l\u2019inflammation et les d\u00e9mangeaisons dans la r\u00e9gion anale<\/h3>\n\n\n\n<p class=\"paragraph is-style-paragraph-body-text\">Pour le traitement des sympt\u00f4mes des h\u00e9morro\u00efdes, proctite et\/ou ecz\u00e9ma anal.<\/p>\n\n\n\n<div class=\"wp-block-buttons is-layout-flex wp-block-buttons-is-layout-flex\">\n<div class=\"wp-block-button is-style-primary-outlined-button\"><a class=\"wp-block-button__link\" href=\"https:\/\/scheriproct.com\/be\/fr\/produit\/scheriproct-500-mg-190-mg-pommade\/\">D\u00e9couvrir le produit<\/a><\/div>\n<\/div>\n<\/div>\n<\/div><\/div>\n\n\n\n<div class=\"wp-block-karopharma-free-text pt-small pb-small bg-center bg-cover bg-no-repeat\" style=\"background-image:url()\"><div class=\"free-text-wrapper container max-w-medium text-left\">\n<p><strong>Les r\u00e9f\u00e9rences<\/strong><\/p>\n\n\n\n<ol class=\"is-style-default wp-block-list\"><li>Hemorrhoids and what to do about them. Harvard Health Publishing. <a href=\"https:\/\/www.health.harvard.edu\/diseases-and-conditions\/hemorrhoids_and_what_to_do_about_them\" target=\"_blank\" rel=\"noreferrer noopener\">[Online]<\/a> 2019 Feb 6. [Accessed 2019\/06\/07]. <\/li><li><a href=\"https:\/\/www.health.harvard.edu\/diseases-and-conditions\/hemorrhoids_and_what_to_do_about_them\" target=\"_blank\" rel=\"noreferrer noopener\">https:\/\/www.health.harvard.edu\/diseases-and-conditions\/hemorrhoids_and_what_to_do_about_them<\/a> 2020-10-13<\/li><li><a href=\"https:\/\/www.ncbi.nlm.nih.gov\/pmc\/articles\/PMC3342598\/\" target=\"_blank\" rel=\"noreferrer noopener\">https:\/\/www.ncbi.nlm.nih.gov\/pmc\/articles\/PMC3342598\/ <\/a>2020-10-16<\/li><li>The Diagnosis and Management of Haemorrhoidal Disease from a Global Perspective. Abramowitz, Laurent. Alimentary Pharmacology &amp; Therapeutics. Volume 31, Supplement 1, May 2010<\/li><li>The Diagnosis and Management of Haemorrhoidal Disease from a Global Perspective. Abramowitz, Laurent. Alimentary Pharmacology &amp; Therapeutics. Volume 31, Supplement 1, May 2010<\/li><li><a href=\"https:\/\/www.mayoclinic.org\/diseases-conditions\/hemorrhoids\/symptoms-causes\/syc-20360268\" target=\"_blank\" rel=\"noreferrer noopener\">https:\/\/www.mayoclinic.org\/diseases-conditions\/hemorrhoids\/symptoms-causes\/syc-20360268<\/a> Accessed 2020-10-13<\/li><li><a href=\"http:\/\/www.med.umich.edu\/1libr\/Surgery\/GenSurgery\/ThrombosedHem.pdf\" target=\"_blank\" rel=\"noreferrer noopener\">http:\/\/www.med.umich.edu\/1libr\/Surgery\/GenSurgery\/ThrombosedHem.pdf<\/a> Accessed 2020-10-13<\/li><\/ol>\n<\/div><\/div>\n","protected":false},"excerpt":{"rendered":"","protected":false},"author":2,"featured_media":0,"parent":0,"menu_order":0,"comment_status":"closed","ping_status":"closed","template":"","meta":{"_acf_changed":false,"footnotes":""},"from-article-database":[],"class_list":["post-376","page","type-page","status-publish","hentry"],"acf":[],"yoast_head":"<!-- This site is optimized with the Yoast SEO plugin v26.6 - https:\/\/yoast.com\/wordpress\/plugins\/seo\/ -->\n<title>Quels sont les sympt\u00f4mes des h\u00e9morro\u00efdes? - Scheriproct<\/title>\n<meta name=\"description\" content=\"Les h\u00e9morro\u00efdes sont internes ou externes. Des sympt\u00f4mes tels que d\u00e9mangeaisons, douleurs anales ou sang sur le papier ? Ce sont peut-\u00eatre des h\u00e9morro\u00efdes.\" \/>\n<meta name=\"robots\" content=\"index, follow, max-snippet:-1, max-image-preview:large, max-video-preview:-1\" \/>\n<link rel=\"canonical\" href=\"https:\/\/scheriproct.com\/be\/fr\/quels-sont-les-symptomes-des-hemorroides\/\" \/>\n<meta property=\"og:locale\" content=\"fr_FR\" \/>\n<meta property=\"og:type\" content=\"article\" \/>\n<meta property=\"og:title\" content=\"Quels sont les sympt\u00f4mes des h\u00e9morro\u00efdes? - Scheriproct\" \/>\n<meta property=\"og:description\" content=\"Les h\u00e9morro\u00efdes sont internes ou externes. Des sympt\u00f4mes tels que d\u00e9mangeaisons, douleurs anales ou sang sur le papier ? Ce sont peut-\u00eatre des h\u00e9morro\u00efdes.\" \/>\n<meta property=\"og:url\" content=\"https:\/\/scheriproct.com\/be\/fr\/quels-sont-les-symptomes-des-hemorroides\/\" \/>\n<meta property=\"og:site_name\" content=\"Scheriproct\" \/>\n<meta property=\"article:modified_time\" content=\"2024-11-14T07:11:51+00:00\" \/>\n<meta property=\"og:image\" content=\"https:\/\/scheriproct.com\/cdn-cgi\/image\/format=auto\/app\/uploads\/sites\/5\/2022\/11\/WhatAreTheSymptomsForHaemorrhoids.jpeg\" \/>\n<meta name=\"twitter:card\" content=\"summary_large_image\" \/>\n<meta name=\"twitter:label1\" content=\"Dur\u00e9e de lecture est.\" \/>\n\t<meta name=\"twitter:data1\" content=\"3 minutes\" \/>\n<script type=\"application\/ld+json\" class=\"yoast-schema-graph\">{\"@context\":\"https:\/\/schema.org\",\"@graph\":[{\"@type\":\"WebPage\",\"@id\":\"https:\/\/scheriproct.com\/be\/fr\/quels-sont-les-symptomes-des-hemorroides\/\",\"url\":\"https:\/\/scheriproct.com\/be\/fr\/quels-sont-les-symptomes-des-hemorroides\/\",\"name\":\"Quels sont les sympt\u00f4mes des h\u00e9morro\u00efdes? - Scheriproct\",\"isPartOf\":{\"@id\":\"https:\/\/scheriproct.com\/be\/fr\/#website\"},\"primaryImageOfPage\":{\"@id\":\"https:\/\/scheriproct.com\/be\/fr\/quels-sont-les-symptomes-des-hemorroides\/#primaryimage\"},\"image\":{\"@id\":\"https:\/\/scheriproct.com\/be\/fr\/quels-sont-les-symptomes-des-hemorroides\/#primaryimage\"},\"thumbnailUrl\":\"https:\/\/scheriproct.com\/cdn-cgi\/image\/format=auto\/app\/uploads\/sites\/5\/2022\/11\/WhatAreTheSymptomsForHaemorrhoids.jpeg\",\"datePublished\":\"2022-11-30T07:42:01+00:00\",\"dateModified\":\"2024-11-14T07:11:51+00:00\",\"description\":\"Les h\u00e9morro\u00efdes sont internes ou externes. Des sympt\u00f4mes tels que d\u00e9mangeaisons, douleurs anales ou sang sur le papier ? Ce sont peut-\u00eatre des h\u00e9morro\u00efdes.\",\"breadcrumb\":{\"@id\":\"https:\/\/scheriproct.com\/be\/fr\/quels-sont-les-symptomes-des-hemorroides\/#breadcrumb\"},\"inLanguage\":\"fr-BE\",\"potentialAction\":[{\"@type\":\"ReadAction\",\"target\":[\"https:\/\/scheriproct.com\/be\/fr\/quels-sont-les-symptomes-des-hemorroides\/\"]}]},{\"@type\":\"ImageObject\",\"inLanguage\":\"fr-BE\",\"@id\":\"https:\/\/scheriproct.com\/be\/fr\/quels-sont-les-symptomes-des-hemorroides\/#primaryimage\",\"url\":\"https:\/\/scheriproct.com\/cdn-cgi\/image\/format=auto\/app\/uploads\/sites\/5\/2022\/11\/WhatAreTheSymptomsForHaemorrhoids.jpeg\",\"contentUrl\":\"https:\/\/scheriproct.com\/cdn-cgi\/image\/format=auto\/app\/uploads\/sites\/5\/2022\/11\/WhatAreTheSymptomsForHaemorrhoids.jpeg\"},{\"@type\":\"BreadcrumbList\",\"@id\":\"https:\/\/scheriproct.com\/be\/fr\/quels-sont-les-symptomes-des-hemorroides\/#breadcrumb\",\"itemListElement\":[{\"@type\":\"ListItem\",\"position\":1,\"name\":\"Home\",\"item\":\"https:\/\/scheriproct.com\/be\/fr\/\"},{\"@type\":\"ListItem\",\"position\":2,\"name\":\"Quels sont les sympt\u00f4mes des h\u00e9morro\u00efdes?\"}]},{\"@type\":\"WebSite\",\"@id\":\"https:\/\/scheriproct.com\/be\/fr\/#website\",\"url\":\"https:\/\/scheriproct.com\/be\/fr\/\",\"name\":\"Scheriproct\",\"description\":\"\",\"publisher\":{\"@id\":\"https:\/\/scheriproct.com\/be\/fr\/#organization\"},\"potentialAction\":[{\"@type\":\"SearchAction\",\"target\":{\"@type\":\"EntryPoint\",\"urlTemplate\":\"https:\/\/scheriproct.com\/be\/fr\/?s={search_term_string}\"},\"query-input\":{\"@type\":\"PropertyValueSpecification\",\"valueRequired\":true,\"valueName\":\"search_term_string\"}}],\"inLanguage\":\"fr-BE\"},{\"@type\":\"Organization\",\"@id\":\"https:\/\/scheriproct.com\/be\/fr\/#organization\",\"name\":\"Scheriproct\",\"url\":\"https:\/\/scheriproct.com\/be\/fr\/\",\"logo\":{\"@type\":\"ImageObject\",\"inLanguage\":\"fr-BE\",\"@id\":\"https:\/\/scheriproct.com\/be\/fr\/#\/schema\/logo\/image\/\",\"url\":\"https:\/\/scheriproct.com\/app\/uploads\/sites\/5\/2022\/06\/scheriproct-logo.png\",\"contentUrl\":\"https:\/\/scheriproct.com\/app\/uploads\/sites\/5\/2022\/06\/scheriproct-logo.png\",\"width\":143,\"height\":20,\"caption\":\"Scheriproct\"},\"image\":{\"@id\":\"https:\/\/scheriproct.com\/be\/fr\/#\/schema\/logo\/image\/\"}}]}<\/script>\n<!-- \/ Yoast SEO plugin. -->","yoast_head_json":{"title":"Quels sont les sympt\u00f4mes des h\u00e9morro\u00efdes? - Scheriproct","description":"Les h\u00e9morro\u00efdes sont internes ou externes. Des sympt\u00f4mes tels que d\u00e9mangeaisons, douleurs anales ou sang sur le papier ? Ce sont peut-\u00eatre des h\u00e9morro\u00efdes.","robots":{"index":"index","follow":"follow","max-snippet":"max-snippet:-1","max-image-preview":"max-image-preview:large","max-video-preview":"max-video-preview:-1"},"canonical":"https:\/\/scheriproct.com\/be\/fr\/quels-sont-les-symptomes-des-hemorroides\/","og_locale":"fr_FR","og_type":"article","og_title":"Quels sont les sympt\u00f4mes des h\u00e9morro\u00efdes? - Scheriproct","og_description":"Les h\u00e9morro\u00efdes sont internes ou externes. Des sympt\u00f4mes tels que d\u00e9mangeaisons, douleurs anales ou sang sur le papier ? Ce sont peut-\u00eatre des h\u00e9morro\u00efdes.","og_url":"https:\/\/scheriproct.com\/be\/fr\/quels-sont-les-symptomes-des-hemorroides\/","og_site_name":"Scheriproct","article_modified_time":"2024-11-14T07:11:51+00:00","og_image":[{"url":"https:\/\/scheriproct.com\/cdn-cgi\/image\/format=auto\/app\/uploads\/sites\/5\/2022\/11\/WhatAreTheSymptomsForHaemorrhoids.jpeg","type":"","width":"","height":""}],"twitter_card":"summary_large_image","twitter_misc":{"Dur\u00e9e de lecture est.":"3 minutes"},"schema":{"@context":"https:\/\/schema.org","@graph":[{"@type":"WebPage","@id":"https:\/\/scheriproct.com\/be\/fr\/quels-sont-les-symptomes-des-hemorroides\/","url":"https:\/\/scheriproct.com\/be\/fr\/quels-sont-les-symptomes-des-hemorroides\/","name":"Quels sont les sympt\u00f4mes des h\u00e9morro\u00efdes? - Scheriproct","isPartOf":{"@id":"https:\/\/scheriproct.com\/be\/fr\/#website"},"primaryImageOfPage":{"@id":"https:\/\/scheriproct.com\/be\/fr\/quels-sont-les-symptomes-des-hemorroides\/#primaryimage"},"image":{"@id":"https:\/\/scheriproct.com\/be\/fr\/quels-sont-les-symptomes-des-hemorroides\/#primaryimage"},"thumbnailUrl":"https:\/\/scheriproct.com\/cdn-cgi\/image\/format=auto\/app\/uploads\/sites\/5\/2022\/11\/WhatAreTheSymptomsForHaemorrhoids.jpeg","datePublished":"2022-11-30T07:42:01+00:00","dateModified":"2024-11-14T07:11:51+00:00","description":"Les h\u00e9morro\u00efdes sont internes ou externes. Des sympt\u00f4mes tels que d\u00e9mangeaisons, douleurs anales ou sang sur le papier ? Ce sont peut-\u00eatre des h\u00e9morro\u00efdes.","breadcrumb":{"@id":"https:\/\/scheriproct.com\/be\/fr\/quels-sont-les-symptomes-des-hemorroides\/#breadcrumb"},"inLanguage":"fr-BE","potentialAction":[{"@type":"ReadAction","target":["https:\/\/scheriproct.com\/be\/fr\/quels-sont-les-symptomes-des-hemorroides\/"]}]},{"@type":"ImageObject","inLanguage":"fr-BE","@id":"https:\/\/scheriproct.com\/be\/fr\/quels-sont-les-symptomes-des-hemorroides\/#primaryimage","url":"https:\/\/scheriproct.com\/cdn-cgi\/image\/format=auto\/app\/uploads\/sites\/5\/2022\/11\/WhatAreTheSymptomsForHaemorrhoids.jpeg","contentUrl":"https:\/\/scheriproct.com\/cdn-cgi\/image\/format=auto\/app\/uploads\/sites\/5\/2022\/11\/WhatAreTheSymptomsForHaemorrhoids.jpeg"},{"@type":"BreadcrumbList","@id":"https:\/\/scheriproct.com\/be\/fr\/quels-sont-les-symptomes-des-hemorroides\/#breadcrumb","itemListElement":[{"@type":"ListItem","position":1,"name":"Home","item":"https:\/\/scheriproct.com\/be\/fr\/"},{"@type":"ListItem","position":2,"name":"Quels sont les sympt\u00f4mes des h\u00e9morro\u00efdes?"}]},{"@type":"WebSite","@id":"https:\/\/scheriproct.com\/be\/fr\/#website","url":"https:\/\/scheriproct.com\/be\/fr\/","name":"Scheriproct","description":"","publisher":{"@id":"https:\/\/scheriproct.com\/be\/fr\/#organization"},"potentialAction":[{"@type":"SearchAction","target":{"@type":"EntryPoint","urlTemplate":"https:\/\/scheriproct.com\/be\/fr\/?s={search_term_string}"},"query-input":{"@type":"PropertyValueSpecification","valueRequired":true,"valueName":"search_term_string"}}],"inLanguage":"fr-BE"},{"@type":"Organization","@id":"https:\/\/scheriproct.com\/be\/fr\/#organization","name":"Scheriproct","url":"https:\/\/scheriproct.com\/be\/fr\/","logo":{"@type":"ImageObject","inLanguage":"fr-BE","@id":"https:\/\/scheriproct.com\/be\/fr\/#\/schema\/logo\/image\/","url":"https:\/\/scheriproct.com\/app\/uploads\/sites\/5\/2022\/06\/scheriproct-logo.png","contentUrl":"https:\/\/scheriproct.com\/app\/uploads\/sites\/5\/2022\/06\/scheriproct-logo.png","width":143,"height":20,"caption":"Scheriproct"},"image":{"@id":"https:\/\/scheriproct.com\/be\/fr\/#\/schema\/logo\/image\/"}}]}},"_links":{"self":[{"href":"https:\/\/scheriproct.com\/be\/fr\/wp-json\/wp\/v2\/pages\/376","targetHints":{"allow":["GET"]}}],"collection":[{"href":"https:\/\/scheriproct.com\/be\/fr\/wp-json\/wp\/v2\/pages"}],"about":[{"href":"https:\/\/scheriproct.com\/be\/fr\/wp-json\/wp\/v2\/types\/page"}],"author":[{"embeddable":true,"href":"https:\/\/scheriproct.com\/be\/fr\/wp-json\/wp\/v2\/users\/2"}],"replies":[{"embeddable":true,"href":"https:\/\/scheriproct.com\/be\/fr\/wp-json\/wp\/v2\/comments?post=376"}],"version-history":[{"count":8,"href":"https:\/\/scheriproct.com\/be\/fr\/wp-json\/wp\/v2\/pages\/376\/revisions"}],"predecessor-version":[{"id":596,"href":"https:\/\/scheriproct.com\/be\/fr\/wp-json\/wp\/v2\/pages\/376\/revisions\/596"}],"wp:attachment":[{"href":"https:\/\/scheriproct.com\/be\/fr\/wp-json\/wp\/v2\/media?parent=376"}],"wp:term":[{"taxonomy":"from-article-database","embeddable":true,"href":"https:\/\/scheriproct.com\/be\/fr\/wp-json\/wp\/v2\/from-article-database?post=376"}],"curies":[{"name":"wp","href":"https:\/\/api.w.org\/{rel}","templated":true}]}}