{"id":140,"date":"2022-06-08T11:52:40","date_gmt":"2022-06-08T09:52:40","guid":{"rendered":"https:\/\/scheriproct.com\/be\/faq\/"},"modified":"2024-11-14T08:12:03","modified_gmt":"2024-11-14T07:12:03","slug":"faq","status":"publish","type":"page","link":"https:\/\/scheriproct.com\/be\/fr\/faq\/","title":{"rendered":"FAQ"},"content":{"rendered":"\n<div class=\"wp-block-karopharma-free-text pt-large pb-large bg-center bg-cover bg-no-repeat bg-box\" style=\"background-image:url(https:\/\/scheriproct.com\/cdn-cgi\/image\/format=auto\/app\/uploads\/sites\/5\/2022\/06\/background-1.png)\"><div class=\"free-text-wrapper container max-w-medium text-center\">\n<h1 class=\"is-style-heading-huge wp-block-heading\">FAQ<\/h1>\n<\/div><\/div>\n\n<div class=\"wp-block-karopharma-accordions is-style-transparent\"><div class=\"container\">\n<details class=\"wp-block-karopharma-accordion\"><summary><h2 class=\"accordion-title\">Qu\u2019est-ce que la pommade Scheriproct et \u00e0 quelle fin est-elle utilis\u00e9e?<\/h2><\/summary><div class=\"accordion-content\">\n<p>Scheriproct est un m\u00e9dicament topique utilis\u00e9 pour le traitement des sympt\u00f4mes des h\u00e9morro\u00efdes, de la proctite, de l\u2019ecz\u00e9ma anal et leur traitement pr\u00e9- et postop\u00e9ratoire.<\/p>\n<\/div><\/details>\n\n\n\n<details class=\"wp-block-karopharma-accordion\"><summary><h2 class=\"accordion-title\">Que contient Scheriproct?<\/h2><\/summary><div class=\"accordion-content\">\n<p>Scheriproct contient une substance qui r\u00e9duit l\u2019inflammation (prednisolone) et un anesth\u00e9sique local (cinchoca\u00efne) qui soulage la douleur. Les autres ingr\u00e9dients de la pommade Scheriproct sont : octyldod\u00e9canol, huile de ricin raffin\u00e9e, huile de ricin hydrog\u00e9n\u00e9e, monoricinol\u00e9ate de macrogol 400 et huile essentielle de Chypre.<\/p>\n<\/div><\/details>\n\n\n\n<details class=\"wp-block-karopharma-accordion\"><summary><h2 class=\"accordion-title\">Comment conserver Scheriproct?<\/h2><\/summary><div class=\"accordion-content\">\n<p>Ne conservez pas la pommade Scheriproct \u00e0 une temp\u00e9rature sup\u00e9rieure \u00e0 25\u00b0C.<\/p>\n<\/div><\/details>\n\n\n\n<details class=\"wp-block-karopharma-accordion\"><summary><h2 class=\"accordion-title\">Que comprend la pommade Scheriproct?<\/h2><\/summary><div class=\"accordion-content\">\n<p>La pommade Scheriproct est une pommade incolore \u00e0 l\u00e9g\u00e8rement jaun\u00e2tre fournie dans un tube de 30 g avec un applicateur s\u00e9par\u00e9.<\/p>\n<\/div><\/details>\n\n\n\n<details class=\"wp-block-karopharma-accordion\"><summary><h2 class=\"accordion-title\">En combien de temps agit-elle?<\/h2><\/summary><div class=\"accordion-content\">\n<p>Les sympt\u00f4mes s\u2019am\u00e9liorent g\u00e9n\u00e9ralement rapidement gr\u00e2ce \u00e0 la formule \u00e0 double action avec anesth\u00e9sie locale et corticost\u00e9ro\u00efde qui soulage la douleur et a un effet anti-inflammatoire et anti-d\u00e9mangeaison.<\/p>\n<\/div><\/details>\n\n\n\n<details class=\"wp-block-karopharma-accordion\"><summary><h2 class=\"accordion-title\">O\u00f9 puis-je acheter les traitements Scheriproct?<\/h2><\/summary><div class=\"accordion-content\">\n<p>Scheriproct est un traitement sans prescription disponible facilement dans votre pharmacie locale, afin de traiter ce probl\u00e8me dans la plus grande discr\u00e9tion.<\/p>\n<\/div><\/details>\n\n\n\n<details class=\"wp-block-karopharma-accordion\"><summary><h2 class=\"accordion-title\">Pendant combien de temps dois-je utiliser Scheriproct?<\/h2><\/summary><div class=\"accordion-content\">\n<p>Cette pommade s\u2019utilise \u00e0 court terme, g\u00e9n\u00e9ralement pendant 5 \u00e0 7 jours. Elle ne doit pas \u00eatre utilis\u00e9e pendant plus d\u2019une \u00e0 deux semaines. Si les sympt\u00f4mes persistent apr\u00e8s deux semaines, vous devez consulter un m\u00e9decin.<\/p>\n<\/div><\/details>\n\n\n\n<details class=\"wp-block-karopharma-accordion\"><summary><h2 class=\"accordion-title\">Que devez-vous savoir avant d\u2019utiliser Scheriproct?<\/h2><\/summary><div class=\"accordion-content\">\n<p>N\u2019utilisez pas Scheriproct si vous \u00eates allergique \u00e0 la prednisolone, \u00e0 la cinchoca\u00efne, \u00e0 d\u2019autres anesth\u00e9siques locaux ou \u00e0 l\u2019un des autres ingr\u00e9dients de ce m\u00e9dicament.<\/p>\n<\/div><\/details>\n\n\n\n<details class=\"wp-block-karopharma-accordion\"><summary><h2 class=\"accordion-title\">Que peut-il se passer si j\u2019utilise Scheriproct \u00e0 long terme?<\/h2><\/summary><div class=\"accordion-content\">\n<p>Il faut \u00e9viter un traitement continu \u00e0 long terme, car cela augmente le risque d\u2019effets secondaires. De plus, un traitement \u00e0 long terme peut entra\u00eener un amincissement et une d\u00e9t\u00e9rioration de la peau dans la zone affect\u00e9e, et une partie du m\u00e9dicament risque d\u2019\u00eatre absorb\u00e9e dans le flux sanguin.<\/p>\n<\/div><\/details>\n\n\n\n<details class=\"wp-block-karopharma-accordion\"><summary><h2 class=\"accordion-title\">La pommade Scheriproct\u00ae peut-elle r\u00e9duire l\u2019efficacit\u00e9 d\u2019autres produits comme les pr\u00e9servatifs?<\/h2><\/summary><div class=\"accordion-content\">\n<p>Si des produits en latex tels que des pr\u00e9servatifs sont utilis\u00e9s dans la zone trait\u00e9e avec Scheriproct, ses ingr\u00e9dients peuvent causer des dommages \u00e0 ces produits en latex.<\/p>\n<\/div><\/details>\n\n\n\n<details class=\"wp-block-karopharma-accordion\"><summary><h2 class=\"accordion-title\">Puis-je utiliser Scheriproct si je suis enceinte ou si j\u2019allaite?<\/h2><\/summary><div class=\"accordion-content\">\n<p>Si vous \u00eates enceinte, si vous pensez l\u2019\u00eatre, si vous voulez tomber enceinte ou si vous allaitez, consultez votre m\u00e9decin ou votre pharmacien avant d\u2019utiliser Scheriproct. Scheriproct doit \u00eatre \u00e9vit\u00e9 en particulier pendant les trois premiers mois de la grossesse. Consultez votre m\u00e9decin avant de prendre ce m\u00e9dicament. L\u2019indication clinique pour le traitement par Scheriproct chez la femme enceinte et la femme qui allaite doit \u00eatre soigneusement d\u00e9finie, et les avantages doivent \u00eatre mis en balance avec les risques. En particulier, il faut \u00e9viter toute utilisation prolong\u00e9e.<\/p>\n<\/div><\/details>\n\n\n\n<details class=\"wp-block-karopharma-accordion\"><summary><h2 class=\"accordion-title\">Comment utiliser la pommade Scheriproct?<\/h2><\/summary><div class=\"accordion-content\">\n<p>La pommade peut \u00eatre utilis\u00e9e autour de l\u2019anus et\/ou \u00e0 l\u2019int\u00e9rieur de l\u2019anus en utilisant l\u2019applicateur sp\u00e9cifique inclus dans l\u2019emballage. En g\u00e9n\u00e9ral, la pommade doit \u00eatre appliqu\u00e9e deux fois par jour, le matin et le soir, mais elle peut \u00eatre appliqu\u00e9e trois fois le premier jour pour obtenir un soulagement rapide.<\/p>\n<\/div><\/details>\n\n\n\n<details class=\"wp-block-karopharma-accordion\"><summary><h2 class=\"accordion-title\">Que se passe-t-il si vous utilisez plus de Scheriproct que vous n\u2019auriez d\u00fb?<\/h2><\/summary><div class=\"accordion-content\">\n<p>Si vous utilisez trop de Scheriproct ou si vous avalez accidentellement du Scheriproct, il est peu probable que cela soit dangereux, mais contactez votre m\u00e9decin ou votre pharmacien en cas de doutes.<\/p>\n<\/div><\/details>\n\n\n\n<details class=\"wp-block-karopharma-accordion\"><summary><h2 class=\"accordion-title\">Que se passe-t-il si vous oubliez d\u2019utiliser Scheriproct?<\/h2><\/summary><div class=\"accordion-content\">\n<p>N\u2019utilisez pas une double dose pour compenser une dose oubli\u00e9e. Lorsque vous constatez l\u2019oubli, appliquez la dose suivante prescrite et continuez le traitement.<\/p>\n<\/div><\/details>\n<\/div><\/div>\n","protected":false},"excerpt":{"rendered":"","protected":false},"author":2,"featured_media":0,"parent":0,"menu_order":0,"comment_status":"closed","ping_status":"closed","template":"","meta":{"_acf_changed":false,"footnotes":""},"from-article-database":[],"class_list":["post-140","page","type-page","status-publish","hentry"],"acf":[],"yoast_head":"<!-- This site is optimized with the Yoast SEO plugin v26.6 - https:\/\/yoast.com\/wordpress\/plugins\/seo\/ -->\n<title>FAQ - Scheriproct<\/title>\n<meta name=\"description\" content=\"FAQ: Qu\u2019est-ce que la pommade Scheriproct et \u00e0 quelle fin est-elle utilis\u00e9e? Que contient Scheriproct?\" \/>\n<meta name=\"robots\" content=\"index, follow, max-snippet:-1, max-image-preview:large, max-video-preview:-1\" \/>\n<link rel=\"canonical\" href=\"https:\/\/scheriproct.com\/be\/fr\/faq\/\" \/>\n<meta property=\"og:locale\" content=\"fr_FR\" \/>\n<meta property=\"og:type\" content=\"article\" \/>\n<meta property=\"og:title\" content=\"FAQ - Scheriproct\" \/>\n<meta property=\"og:description\" content=\"FAQ: Qu\u2019est-ce que la pommade Scheriproct et \u00e0 quelle fin est-elle utilis\u00e9e? Que contient Scheriproct?\" \/>\n<meta property=\"og:url\" content=\"https:\/\/scheriproct.com\/be\/fr\/faq\/\" \/>\n<meta property=\"og:site_name\" content=\"Scheriproct\" \/>\n<meta property=\"article:modified_time\" content=\"2024-11-14T07:12:03+00:00\" \/>\n<meta name=\"twitter:card\" content=\"summary_large_image\" \/>\n<meta name=\"twitter:label1\" content=\"Dur\u00e9e de lecture est.\" \/>\n\t<meta name=\"twitter:data1\" content=\"3 minutes\" \/>\n<script type=\"application\/ld+json\" class=\"yoast-schema-graph\">{\"@context\":\"https:\/\/schema.org\",\"@graph\":[{\"@type\":\"WebPage\",\"@id\":\"https:\/\/scheriproct.com\/be\/fr\/faq\/\",\"url\":\"https:\/\/scheriproct.com\/be\/fr\/faq\/\",\"name\":\"FAQ - Scheriproct\",\"isPartOf\":{\"@id\":\"https:\/\/scheriproct.com\/be\/fr\/#website\"},\"datePublished\":\"2022-06-08T09:52:40+00:00\",\"dateModified\":\"2024-11-14T07:12:03+00:00\",\"description\":\"FAQ: Qu\u2019est-ce que la pommade Scheriproct et \u00e0 quelle fin est-elle utilis\u00e9e? Que contient Scheriproct?\",\"breadcrumb\":{\"@id\":\"https:\/\/scheriproct.com\/be\/fr\/faq\/#breadcrumb\"},\"inLanguage\":\"fr-BE\",\"potentialAction\":[{\"@type\":\"ReadAction\",\"target\":[\"https:\/\/scheriproct.com\/be\/fr\/faq\/\"]}]},{\"@type\":\"BreadcrumbList\",\"@id\":\"https:\/\/scheriproct.com\/be\/fr\/faq\/#breadcrumb\",\"itemListElement\":[{\"@type\":\"ListItem\",\"position\":1,\"name\":\"Home\",\"item\":\"https:\/\/scheriproct.com\/be\/fr\/\"},{\"@type\":\"ListItem\",\"position\":2,\"name\":\"FAQ\"}]},{\"@type\":\"WebSite\",\"@id\":\"https:\/\/scheriproct.com\/be\/fr\/#website\",\"url\":\"https:\/\/scheriproct.com\/be\/fr\/\",\"name\":\"Scheriproct\",\"description\":\"\",\"publisher\":{\"@id\":\"https:\/\/scheriproct.com\/be\/fr\/#organization\"},\"potentialAction\":[{\"@type\":\"SearchAction\",\"target\":{\"@type\":\"EntryPoint\",\"urlTemplate\":\"https:\/\/scheriproct.com\/be\/fr\/?s={search_term_string}\"},\"query-input\":{\"@type\":\"PropertyValueSpecification\",\"valueRequired\":true,\"valueName\":\"search_term_string\"}}],\"inLanguage\":\"fr-BE\"},{\"@type\":\"Organization\",\"@id\":\"https:\/\/scheriproct.com\/be\/fr\/#organization\",\"name\":\"Scheriproct\",\"url\":\"https:\/\/scheriproct.com\/be\/fr\/\",\"logo\":{\"@type\":\"ImageObject\",\"inLanguage\":\"fr-BE\",\"@id\":\"https:\/\/scheriproct.com\/be\/fr\/#\/schema\/logo\/image\/\",\"url\":\"https:\/\/scheriproct.com\/app\/uploads\/sites\/5\/2022\/06\/scheriproct-logo.png\",\"contentUrl\":\"https:\/\/scheriproct.com\/app\/uploads\/sites\/5\/2022\/06\/scheriproct-logo.png\",\"width\":143,\"height\":20,\"caption\":\"Scheriproct\"},\"image\":{\"@id\":\"https:\/\/scheriproct.com\/be\/fr\/#\/schema\/logo\/image\/\"}}]}<\/script>\n<!-- \/ Yoast SEO plugin. -->","yoast_head_json":{"title":"FAQ - Scheriproct","description":"FAQ: Qu\u2019est-ce que la pommade Scheriproct et \u00e0 quelle fin est-elle utilis\u00e9e? Que contient Scheriproct?","robots":{"index":"index","follow":"follow","max-snippet":"max-snippet:-1","max-image-preview":"max-image-preview:large","max-video-preview":"max-video-preview:-1"},"canonical":"https:\/\/scheriproct.com\/be\/fr\/faq\/","og_locale":"fr_FR","og_type":"article","og_title":"FAQ - Scheriproct","og_description":"FAQ: Qu\u2019est-ce que la pommade Scheriproct et \u00e0 quelle fin est-elle utilis\u00e9e? Que contient Scheriproct?","og_url":"https:\/\/scheriproct.com\/be\/fr\/faq\/","og_site_name":"Scheriproct","article_modified_time":"2024-11-14T07:12:03+00:00","twitter_card":"summary_large_image","twitter_misc":{"Dur\u00e9e de lecture est.":"3 minutes"},"schema":{"@context":"https:\/\/schema.org","@graph":[{"@type":"WebPage","@id":"https:\/\/scheriproct.com\/be\/fr\/faq\/","url":"https:\/\/scheriproct.com\/be\/fr\/faq\/","name":"FAQ - Scheriproct","isPartOf":{"@id":"https:\/\/scheriproct.com\/be\/fr\/#website"},"datePublished":"2022-06-08T09:52:40+00:00","dateModified":"2024-11-14T07:12:03+00:00","description":"FAQ: Qu\u2019est-ce que la pommade Scheriproct et \u00e0 quelle fin est-elle utilis\u00e9e? Que contient Scheriproct?","breadcrumb":{"@id":"https:\/\/scheriproct.com\/be\/fr\/faq\/#breadcrumb"},"inLanguage":"fr-BE","potentialAction":[{"@type":"ReadAction","target":["https:\/\/scheriproct.com\/be\/fr\/faq\/"]}]},{"@type":"BreadcrumbList","@id":"https:\/\/scheriproct.com\/be\/fr\/faq\/#breadcrumb","itemListElement":[{"@type":"ListItem","position":1,"name":"Home","item":"https:\/\/scheriproct.com\/be\/fr\/"},{"@type":"ListItem","position":2,"name":"FAQ"}]},{"@type":"WebSite","@id":"https:\/\/scheriproct.com\/be\/fr\/#website","url":"https:\/\/scheriproct.com\/be\/fr\/","name":"Scheriproct","description":"","publisher":{"@id":"https:\/\/scheriproct.com\/be\/fr\/#organization"},"potentialAction":[{"@type":"SearchAction","target":{"@type":"EntryPoint","urlTemplate":"https:\/\/scheriproct.com\/be\/fr\/?s={search_term_string}"},"query-input":{"@type":"PropertyValueSpecification","valueRequired":true,"valueName":"search_term_string"}}],"inLanguage":"fr-BE"},{"@type":"Organization","@id":"https:\/\/scheriproct.com\/be\/fr\/#organization","name":"Scheriproct","url":"https:\/\/scheriproct.com\/be\/fr\/","logo":{"@type":"ImageObject","inLanguage":"fr-BE","@id":"https:\/\/scheriproct.com\/be\/fr\/#\/schema\/logo\/image\/","url":"https:\/\/scheriproct.com\/app\/uploads\/sites\/5\/2022\/06\/scheriproct-logo.png","contentUrl":"https:\/\/scheriproct.com\/app\/uploads\/sites\/5\/2022\/06\/scheriproct-logo.png","width":143,"height":20,"caption":"Scheriproct"},"image":{"@id":"https:\/\/scheriproct.com\/be\/fr\/#\/schema\/logo\/image\/"}}]}},"_links":{"self":[{"href":"https:\/\/scheriproct.com\/be\/fr\/wp-json\/wp\/v2\/pages\/140","targetHints":{"allow":["GET"]}}],"collection":[{"href":"https:\/\/scheriproct.com\/be\/fr\/wp-json\/wp\/v2\/pages"}],"about":[{"href":"https:\/\/scheriproct.com\/be\/fr\/wp-json\/wp\/v2\/types\/page"}],"author":[{"embeddable":true,"href":"https:\/\/scheriproct.com\/be\/fr\/wp-json\/wp\/v2\/users\/2"}],"replies":[{"embeddable":true,"href":"https:\/\/scheriproct.com\/be\/fr\/wp-json\/wp\/v2\/comments?post=140"}],"version-history":[{"count":4,"href":"https:\/\/scheriproct.com\/be\/fr\/wp-json\/wp\/v2\/pages\/140\/revisions"}],"predecessor-version":[{"id":226,"href":"https:\/\/scheriproct.com\/be\/fr\/wp-json\/wp\/v2\/pages\/140\/revisions\/226"}],"wp:attachment":[{"href":"https:\/\/scheriproct.com\/be\/fr\/wp-json\/wp\/v2\/media?parent=140"}],"wp:term":[{"taxonomy":"from-article-database","embeddable":true,"href":"https:\/\/scheriproct.com\/be\/fr\/wp-json\/wp\/v2\/from-article-database?post=140"}],"curies":[{"name":"wp","href":"https:\/\/api.w.org\/{rel}","templated":true}]}}