{"id":130,"date":"2022-06-08T09:10:19","date_gmt":"2022-06-08T07:10:19","guid":{"rendered":"https:\/\/scheriproct.com\/be\/commencer\/"},"modified":"2024-11-14T08:12:26","modified_gmt":"2024-11-14T07:12:26","slug":"commencer","status":"publish","type":"page","link":"https:\/\/scheriproct.com\/be\/fr\/","title":{"rendered":"Scheriproct"},"content":{"rendered":"\n<div class=\"wp-block-karopharma-free-text pt-medium pb-medium bg-center bg-cover bg-no-repeat bg-box undefined is-style-transparent\" style=\"background-image:url(https:\/\/scheriproct.com\/cdn-cgi\/image\/format=auto\/app\/uploads\/sites\/5\/2022\/06\/background-1.png)\"><div class=\"free-text-wrapper container max-w-medium text-center\">\n<div class=\"wp-block-image\"><figure class=\"aligncenter size-full is-resized\"><img loading=\"lazy\" decoding=\"async\" src=\"https:\/\/scheriproct.com\/app\/uploads\/sites\/5\/2022\/06\/ScheriproctPackshot-BEFR.png\" alt=\"\" class=\"wp-image-128\" width=\"800\" height=\"444\"\/><\/figure><\/div>\n\n\n\n<h1 class=\"is-style-heading-huge wp-block-heading\" id=\"perapukamia\">Des h\u00e9morro\u00efdes?<\/h1>\n\n\n\n<h2 class=\"is-style-heading-h1 wp-block-heading\" id=\"karpasesta-ei-tarvitse-tehda-harkasta\">Ne laissez pas le probl\u00e8me prendre de l\u2019ampleur.<\/h2>\n\n\n\n<p class=\"is-style-paragraph-preamble\">Scheriproct\u00ae a plus de 40 ans d\u2019exp\u00e9rience clinique dans le traitement symptomatique des h\u00e9morro\u00efdes. Traite les sympt\u00f4mes des h\u00e9morro\u00efdes et soulage les d\u00e9mangeaisons ainsi que les douleurs anales<\/p>\n\n\n\n<div class=\"wp-block-buttons is-layout-flex wp-block-buttons-is-layout-flex\">\n<div class=\"wp-block-button is-style-primary-button\"><a class=\"wp-block-button__link\" href=\"https:\/\/scheriproct.com\/be\/fr\/produit\/\">Acheter maintenant<\/a><\/div>\n<\/div>\n<\/div><\/div>\n\n\n<div class=\"product-list wp-block-karopharma-product-list\" data-testid=\"product-list\">\n      <div class=\"swiper-container\">\n      <div class=\"swiper\">\n        <div class=\"swiper-wrapper\">\n                      <div class=\"swiper-slide\">\n              <div class=\"product-card\" data-testid=\"product-card\">\n  <a\n    href=https:\/\/scheriproct.com\/be\/fr\/produit\/scheriproct-500-mg-190-mg-pommade-2\/\n    class=\"product-card-link\"\n    title=\"Scheriproct\u00ae 500 mg\/190 mg Pommade\"\n  >\n  <figure class=\"product-card-image\" data-testid=\"product-image\">\n                          <img decoding=\"async\" src=\"https:\/\/scheriproct.com\/cdn-cgi\/image\/width=700,format=auto\/app\/uploads\/sites\/5\/2022\/06\/Scheriproct-BE-packshot.png\"\n        srcset=\"https:\/\/scheriproct.com\/cdn-cgi\/image\/width=250,format=auto\/app\/uploads\/sites\/5\/2022\/06\/Scheriproct-BE-packshot.png 250w,\n                https:\/\/scheriproct.com\/cdn-cgi\/image\/width=500,format=auto\/app\/uploads\/sites\/5\/2022\/06\/Scheriproct-BE-packshot.png 500w,\n                https:\/\/scheriproct.com\/cdn-cgi\/image\/width=700,format=auto\/app\/uploads\/sites\/5\/2022\/06\/Scheriproct-BE-packshot.png 700w\"\n        sizes=\"(max-width: 400px) 250px, (max-width: 800px) 500px, 700px\"\n        alt=\"Scheriproct Neo\"\n        class=\"img\">\n            <\/figure>\n    <div class=\"product-card-content\">\n      <div class=\"heading-wrapper\">\n        <h2 class=\"heading\">Scheriproct\u00ae 500 mg\/190 mg Pommade<\/h2>\n      <\/div>\n      <div class=\"product-card-description\">La pommade Scheriproct\u00ae contient une formule double action pour soulager rapidement les sympt\u00f4mes des h\u00e9morro\u00efdes. Utilisez-le pour vous d\u00e9barrasser des d\u00e9mangeaisons, douleurs, gonflements, rougeur, sensation de br\u00fblure et autres sympt\u00f4mes g\u00eanants autour de l\u2019anus, caus\u00e9s par des h\u00e9morro\u00efdes externes et internes. La pommade Scheriproct\u00ae est un traitement sans ordonnance pour les h\u00e9morro\u00efdes, disponible aupr\u00e8s de votre pharmacien local.<\/div>\n                      <\/div>\n  <\/a>\n      <div class=\"button-wrapper\">\n    <a\n      href=https:\/\/scheriproct.com\/be\/fr\/produit\/scheriproct-500-mg-190-mg-pommade-2\/\n      target=_self\n      class=\"theme-button button-primary-color rounded-button\"\n      rel=\"noopener\"\n      title=\"En savoir plus\"\n    >\n       En savoir plus\n    <\/a>\n<\/div>  <\/div>\n            <\/div>\n                      <div class=\"swiper-slide\">\n              <div class=\"product-card\" data-testid=\"product-card\">\n  <a\n    href=https:\/\/scheriproct.com\/be\/fr\/produit\/scheriproct-500-mg-190-mg-pommade\/\n    class=\"product-card-link\"\n    title=\"Scheriproct\u00ae 500 mg\/190 mg Pommade\"\n  >\n  <figure class=\"product-card-image\" data-testid=\"product-image\">\n                          <img decoding=\"async\" src=\"https:\/\/scheriproct.com\/cdn-cgi\/image\/width=700,format=auto\/app\/uploads\/sites\/5\/2022\/06\/Scheriproct-BE-packshot-1.png\"\n        srcset=\"https:\/\/scheriproct.com\/cdn-cgi\/image\/width=250,format=auto\/app\/uploads\/sites\/5\/2022\/06\/Scheriproct-BE-packshot-1.png 250w,\n                https:\/\/scheriproct.com\/cdn-cgi\/image\/width=500,format=auto\/app\/uploads\/sites\/5\/2022\/06\/Scheriproct-BE-packshot-1.png 500w,\n                https:\/\/scheriproct.com\/cdn-cgi\/image\/width=700,format=auto\/app\/uploads\/sites\/5\/2022\/06\/Scheriproct-BE-packshot-1.png 700w\"\n        sizes=\"(max-width: 400px) 250px, (max-width: 800px) 500px, 700px\"\n        alt=\"Scheriproct-BE-packshot\"\n        class=\"img\">\n            <\/figure>\n    <div class=\"product-card-content\">\n      <div class=\"heading-wrapper\">\n        <h2 class=\"heading\">Scheriproct\u00ae 500 mg\/190 mg Pommade<\/h2>\n      <\/div>\n      <div class=\"product-card-description\">Pour le traitement des sympt\u00f4mes des h\u00e9morro\u00efdes, proctite et\/ou ecz\u00e9ma anal.<\/div>\n                      <\/div>\n  <\/a>\n          <div class=\"button-wrapper buy-now \" data-testid=\"buy-now\">\n      <div class=\"buy-now-container dropdown-container\">\n      <div class=\"theme-button button-primary-color dropdown-link\" aria-label=\"Acheter maintenant\">\n          Acheter maintenant <i class=\"dropdown\"><\/i>\n      <\/div>\n      <ul class=\"reseller-list submenu\">\n                    <li>\n              <a\n                href=\"https:\/\/www.farmaline.be\/nl\/medicijnen\/BE00129114\/scheriproct.htm\" onclick=\"dataLayer.push({'event':'ga_event', 'eventCategory':'Click on Reseller', 'eventAction':'Farmaline', 'eventLabel':'Scheriproct\u00ae 500 mg\/190 mg Pommade', 'eventValue': undefined})\" rel=\"noopener\" target=\"_blank\" title=\"Farmaline\"\n                data-testid=\"buy-now-reseller\">\n                <i class=\"fa-solid fa-arrow-right\"><\/i> Farmaline\n              <\/a>\n          <\/li>\n                    <li>\n              <a\n                href=\"https:\/\/www.newpharma.be\/apotheek\/scheriproct\/1207\/scheriproct-zalf-30g.html\" onclick=\"dataLayer.push({'event':'ga_event', 'eventCategory':'Click on Reseller', 'eventAction':'New Pharma', 'eventLabel':'Scheriproct\u00ae 500 mg\/190 mg Pommade', 'eventValue': undefined})\" rel=\"noopener\" target=\"_blank\" title=\"New Pharma\"\n                data-testid=\"buy-now-reseller\">\n                <i class=\"fa-solid fa-arrow-right\"><\/i> New Pharma\n              <\/a>\n          <\/li>\n                <\/ul>\n    <\/div>\n  <\/div>\n  <\/div>\n            <\/div>\n                  <\/div>\n        <div class=\"swiper-scrollbar\"><\/div>\n      <\/div>\n    <\/div>\n  <\/div>\n\n\n\n<div class=\"wp-block-karopharma-free-text pt-medium pb-medium bg-center bg-cover bg-no-repeat bg-box undefined is-style-transparent\" style=\"background-image:url(https:\/\/scheriproct.com\/cdn-cgi\/image\/format=auto\/app\/uploads\/sites\/5\/2022\/06\/background-1.png)\"><div class=\"free-text-wrapper container max-w-medium text-center\">\n<h2 class=\"is-style-heading-h1 wp-block-heading\" id=\"tarkista-mita-oireita-sinulla-on\">V\u00e9rifiez vos sympt\u00f4mes:<\/h2>\n\n\n\n<p class=\"is-style-paragraph-body-text\">Si, par exemple, vous souffrez de d\u00e9mangeaisons anales ou d\u2019intenses douleurs au moment d\u2019aller \u00e0 selles, ou encore si vous avez vu du sang sur le papier apr\u00e8s vous \u00eatre essuy\u00e9(e), vous souffrez peut-\u00eatre d\u2019h\u00e9morro\u00efdes.<\/p>\n\n\n\n<p><strong>Mais ne vous inqui\u00e9tez pas.<\/strong> Les h\u00e9morro\u00efdes \u00e0 un stade pr\u00e9coce sont g\u00e9n\u00e9ralement plus faciles \u00e0 traiter, l\u2019essentiel \u00e9tant ici d\u2019agir avant que le probl\u00e8me ne prenne litt\u00e9ralement de l\u2019ampleur.<\/p>\n\n\n\n<div class=\"wp-block-image\"><figure class=\"aligncenter size-full is-resized\"><img loading=\"lazy\" decoding=\"async\" src=\"https:\/\/scheriproct.com\/app\/uploads\/sites\/5\/2022\/06\/hand-down.png\" alt=\"hand-down\" class=\"wp-image-42\" width=\"65\" height=\"115\" srcset=\"https:\/\/scheriproct.com\/app\/uploads\/sites\/5\/2022\/06\/hand-down.png 260w, https:\/\/scheriproct.com\/app\/uploads\/sites\/5\/2022\/06\/hand-down-180x320.png 180w\" sizes=\"auto, (max-width: 65px) 100vw, 65px\" \/><\/figure><\/div>\n\n\n\n<h3 class=\"is-style-heading-h1 wp-block-heading\" id=\"perapukamia\">Les h\u00e9morro\u00efdes peuvent \u00eatre relativement faciles \u00e0 traiter.<\/h3>\n\n\n\n<p>Scheriproct contient deux substances actives qui r\u00e9duisent \u00e0 la fois la douleur et l\u2019inflammation. Bient\u00f4t, les d\u00e9sagr\u00e9ments dus aux h\u00e9morro\u00efdes pourraient n\u2019\u00eatre plus qu\u2019un vague souvenir du pass\u00e9.<\/p>\n\n\n\n<p><strong>La formule double action de Scheriproct soulage la douleur et r\u00e9duit rapidement l\u2019inflammation et les d\u00e9mangeaisons. <\/strong>Toutefois, si les probl\u00e8mes persistent apr\u00e8s 1 \u00e0 2 semaines, il peut \u00eatre temps de consulter un m\u00e9decin.<\/p>\n\n\n\n<div class=\"wp-block-image\"><figure class=\"aligncenter size-full is-resized\"><img loading=\"lazy\" decoding=\"async\" src=\"https:\/\/scheriproct.com\/app\/uploads\/sites\/5\/2022\/06\/check.png\" alt=\"check\" class=\"wp-image-39\" width=\"130\" height=\"102\"\/><\/figure><\/div>\n\n\n\n<div class=\"wp-block-buttons is-layout-flex wp-block-buttons-is-layout-flex\">\n<div class=\"wp-block-button is-style-primary-button\"><a class=\"wp-block-button__link\" href=\"https:\/\/scheriproct.com\/be\/fr\/produit\/\">D\u00e9couvrir le produit<\/a><\/div>\n<\/div>\n\n\n\n<div style=\"height:100px\" aria-hidden=\"true\" class=\"wp-block-spacer is-style-responsive-small\"><\/div>\n\n\n\n<p class=\"has-text-align-center is-style-paragraph-body-text\"><strong>Les r\u00e9f\u00e9rences<\/strong><\/p>\n\n\n\n<p class=\"is-style-paragraph-small\"><sup>1<\/sup> Havlickova B. Diagnosis and management of haemorrhoidal disease. <br>Alimentary Pharmacology and Therapeutics 2010;31 (Suppl 1): 19-32.<\/p>\n<\/div><\/div>\n","protected":false},"excerpt":{"rendered":"","protected":false},"author":2,"featured_media":0,"parent":0,"menu_order":0,"comment_status":"closed","ping_status":"closed","template":"","meta":{"_acf_changed":false,"footnotes":""},"from-article-database":[],"class_list":["post-130","page","type-page","status-publish","hentry"],"acf":[],"yoast_head":"<!-- This site is optimized with the Yoast SEO plugin v26.6 - https:\/\/yoast.com\/wordpress\/plugins\/seo\/ -->\n<title>Scheriproct - Scheriproct<\/title>\n<meta name=\"description\" content=\"Scheriproct a plus de 40 ans d\u2019exp\u00e9rience clinique dans le traitement symptomatique des h\u00e9morro\u00efdes. Traite les sympt\u00f4mes des h\u00e9morro\u00efdes et soulage les d\u00e9mangeaisons ainsi que les douleurs anales\" \/>\n<meta name=\"robots\" content=\"index, follow, max-snippet:-1, max-image-preview:large, max-video-preview:-1\" \/>\n<link rel=\"canonical\" href=\"https:\/\/scheriproct.com\/be\/fr\/\" \/>\n<meta property=\"og:locale\" content=\"fr_FR\" \/>\n<meta property=\"og:type\" content=\"article\" \/>\n<meta property=\"og:title\" content=\"Scheriproct - Scheriproct\" \/>\n<meta property=\"og:description\" content=\"Scheriproct a plus de 40 ans d\u2019exp\u00e9rience clinique dans le traitement symptomatique des h\u00e9morro\u00efdes. Traite les sympt\u00f4mes des h\u00e9morro\u00efdes et soulage les d\u00e9mangeaisons ainsi que les douleurs anales\" \/>\n<meta property=\"og:url\" content=\"https:\/\/scheriproct.com\/be\/fr\/\" \/>\n<meta property=\"og:site_name\" content=\"Scheriproct\" \/>\n<meta property=\"article:modified_time\" content=\"2024-11-14T07:12:26+00:00\" \/>\n<meta property=\"og:image\" content=\"https:\/\/scheriproct.com\/app\/uploads\/sites\/5\/2022\/06\/ScheriproctPackshot-BEFR.png\" \/>\n<meta name=\"twitter:card\" content=\"summary_large_image\" \/>\n<meta name=\"twitter:label1\" content=\"Dur\u00e9e de lecture est.\" \/>\n\t<meta name=\"twitter:data1\" content=\"2 minutes\" \/>\n<script type=\"application\/ld+json\" class=\"yoast-schema-graph\">{\"@context\":\"https:\/\/schema.org\",\"@graph\":[{\"@type\":\"WebPage\",\"@id\":\"https:\/\/scheriproct.com\/be\/fr\/\",\"url\":\"https:\/\/scheriproct.com\/be\/fr\/\",\"name\":\"Scheriproct - Scheriproct\",\"isPartOf\":{\"@id\":\"https:\/\/scheriproct.com\/be\/fr\/#website\"},\"primaryImageOfPage\":{\"@id\":\"https:\/\/scheriproct.com\/be\/fr\/#primaryimage\"},\"image\":{\"@id\":\"https:\/\/scheriproct.com\/be\/fr\/#primaryimage\"},\"thumbnailUrl\":\"https:\/\/scheriproct.com\/app\/uploads\/sites\/5\/2022\/06\/ScheriproctPackshot-BEFR.png\",\"datePublished\":\"2022-06-08T07:10:19+00:00\",\"dateModified\":\"2024-11-14T07:12:26+00:00\",\"description\":\"Scheriproct a plus de 40 ans d\u2019exp\u00e9rience clinique dans le traitement symptomatique des h\u00e9morro\u00efdes. Traite les sympt\u00f4mes des h\u00e9morro\u00efdes et soulage les d\u00e9mangeaisons ainsi que les douleurs anales\",\"breadcrumb\":{\"@id\":\"https:\/\/scheriproct.com\/be\/fr\/#breadcrumb\"},\"inLanguage\":\"fr-BE\",\"potentialAction\":[{\"@type\":\"ReadAction\",\"target\":[\"https:\/\/scheriproct.com\/be\/fr\/\"]}]},{\"@type\":\"ImageObject\",\"inLanguage\":\"fr-BE\",\"@id\":\"https:\/\/scheriproct.com\/be\/fr\/#primaryimage\",\"url\":\"https:\/\/scheriproct.com\/app\/uploads\/sites\/5\/2022\/06\/ScheriproctPackshot-BEFR.png\",\"contentUrl\":\"https:\/\/scheriproct.com\/app\/uploads\/sites\/5\/2022\/06\/ScheriproctPackshot-BEFR.png\"},{\"@type\":\"BreadcrumbList\",\"@id\":\"https:\/\/scheriproct.com\/be\/fr\/#breadcrumb\",\"itemListElement\":[{\"@type\":\"ListItem\",\"position\":1,\"name\":\"Home\",\"item\":\"https:\/\/scheriproct.com\/be\/fr\/\"},{\"@type\":\"ListItem\",\"position\":2,\"name\":\"Scheriproct\"}]},{\"@type\":\"WebSite\",\"@id\":\"https:\/\/scheriproct.com\/be\/fr\/#website\",\"url\":\"https:\/\/scheriproct.com\/be\/fr\/\",\"name\":\"Scheriproct\",\"description\":\"\",\"publisher\":{\"@id\":\"https:\/\/scheriproct.com\/be\/fr\/#organization\"},\"potentialAction\":[{\"@type\":\"SearchAction\",\"target\":{\"@type\":\"EntryPoint\",\"urlTemplate\":\"https:\/\/scheriproct.com\/be\/fr\/?s={search_term_string}\"},\"query-input\":{\"@type\":\"PropertyValueSpecification\",\"valueRequired\":true,\"valueName\":\"search_term_string\"}}],\"inLanguage\":\"fr-BE\"},{\"@type\":\"Organization\",\"@id\":\"https:\/\/scheriproct.com\/be\/fr\/#organization\",\"name\":\"Scheriproct\",\"url\":\"https:\/\/scheriproct.com\/be\/fr\/\",\"logo\":{\"@type\":\"ImageObject\",\"inLanguage\":\"fr-BE\",\"@id\":\"https:\/\/scheriproct.com\/be\/fr\/#\/schema\/logo\/image\/\",\"url\":\"https:\/\/scheriproct.com\/app\/uploads\/sites\/5\/2022\/06\/scheriproct-logo.png\",\"contentUrl\":\"https:\/\/scheriproct.com\/app\/uploads\/sites\/5\/2022\/06\/scheriproct-logo.png\",\"width\":143,\"height\":20,\"caption\":\"Scheriproct\"},\"image\":{\"@id\":\"https:\/\/scheriproct.com\/be\/fr\/#\/schema\/logo\/image\/\"}}]}<\/script>\n<!-- \/ Yoast SEO plugin. -->","yoast_head_json":{"title":"Scheriproct - Scheriproct","description":"Scheriproct a plus de 40 ans d\u2019exp\u00e9rience clinique dans le traitement symptomatique des h\u00e9morro\u00efdes. Traite les sympt\u00f4mes des h\u00e9morro\u00efdes et soulage les d\u00e9mangeaisons ainsi que les douleurs anales","robots":{"index":"index","follow":"follow","max-snippet":"max-snippet:-1","max-image-preview":"max-image-preview:large","max-video-preview":"max-video-preview:-1"},"canonical":"https:\/\/scheriproct.com\/be\/fr\/","og_locale":"fr_FR","og_type":"article","og_title":"Scheriproct - Scheriproct","og_description":"Scheriproct a plus de 40 ans d\u2019exp\u00e9rience clinique dans le traitement symptomatique des h\u00e9morro\u00efdes. Traite les sympt\u00f4mes des h\u00e9morro\u00efdes et soulage les d\u00e9mangeaisons ainsi que les douleurs anales","og_url":"https:\/\/scheriproct.com\/be\/fr\/","og_site_name":"Scheriproct","article_modified_time":"2024-11-14T07:12:26+00:00","og_image":[{"url":"https:\/\/scheriproct.com\/app\/uploads\/sites\/5\/2022\/06\/ScheriproctPackshot-BEFR.png","type":"","width":"","height":""}],"twitter_card":"summary_large_image","twitter_misc":{"Dur\u00e9e de lecture est.":"2 minutes"},"schema":{"@context":"https:\/\/schema.org","@graph":[{"@type":"WebPage","@id":"https:\/\/scheriproct.com\/be\/fr\/","url":"https:\/\/scheriproct.com\/be\/fr\/","name":"Scheriproct - Scheriproct","isPartOf":{"@id":"https:\/\/scheriproct.com\/be\/fr\/#website"},"primaryImageOfPage":{"@id":"https:\/\/scheriproct.com\/be\/fr\/#primaryimage"},"image":{"@id":"https:\/\/scheriproct.com\/be\/fr\/#primaryimage"},"thumbnailUrl":"https:\/\/scheriproct.com\/app\/uploads\/sites\/5\/2022\/06\/ScheriproctPackshot-BEFR.png","datePublished":"2022-06-08T07:10:19+00:00","dateModified":"2024-11-14T07:12:26+00:00","description":"Scheriproct a plus de 40 ans d\u2019exp\u00e9rience clinique dans le traitement symptomatique des h\u00e9morro\u00efdes. Traite les sympt\u00f4mes des h\u00e9morro\u00efdes et soulage les d\u00e9mangeaisons ainsi que les douleurs anales","breadcrumb":{"@id":"https:\/\/scheriproct.com\/be\/fr\/#breadcrumb"},"inLanguage":"fr-BE","potentialAction":[{"@type":"ReadAction","target":["https:\/\/scheriproct.com\/be\/fr\/"]}]},{"@type":"ImageObject","inLanguage":"fr-BE","@id":"https:\/\/scheriproct.com\/be\/fr\/#primaryimage","url":"https:\/\/scheriproct.com\/app\/uploads\/sites\/5\/2022\/06\/ScheriproctPackshot-BEFR.png","contentUrl":"https:\/\/scheriproct.com\/app\/uploads\/sites\/5\/2022\/06\/ScheriproctPackshot-BEFR.png"},{"@type":"BreadcrumbList","@id":"https:\/\/scheriproct.com\/be\/fr\/#breadcrumb","itemListElement":[{"@type":"ListItem","position":1,"name":"Home","item":"https:\/\/scheriproct.com\/be\/fr\/"},{"@type":"ListItem","position":2,"name":"Scheriproct"}]},{"@type":"WebSite","@id":"https:\/\/scheriproct.com\/be\/fr\/#website","url":"https:\/\/scheriproct.com\/be\/fr\/","name":"Scheriproct","description":"","publisher":{"@id":"https:\/\/scheriproct.com\/be\/fr\/#organization"},"potentialAction":[{"@type":"SearchAction","target":{"@type":"EntryPoint","urlTemplate":"https:\/\/scheriproct.com\/be\/fr\/?s={search_term_string}"},"query-input":{"@type":"PropertyValueSpecification","valueRequired":true,"valueName":"search_term_string"}}],"inLanguage":"fr-BE"},{"@type":"Organization","@id":"https:\/\/scheriproct.com\/be\/fr\/#organization","name":"Scheriproct","url":"https:\/\/scheriproct.com\/be\/fr\/","logo":{"@type":"ImageObject","inLanguage":"fr-BE","@id":"https:\/\/scheriproct.com\/be\/fr\/#\/schema\/logo\/image\/","url":"https:\/\/scheriproct.com\/app\/uploads\/sites\/5\/2022\/06\/scheriproct-logo.png","contentUrl":"https:\/\/scheriproct.com\/app\/uploads\/sites\/5\/2022\/06\/scheriproct-logo.png","width":143,"height":20,"caption":"Scheriproct"},"image":{"@id":"https:\/\/scheriproct.com\/be\/fr\/#\/schema\/logo\/image\/"}}]}},"_links":{"self":[{"href":"https:\/\/scheriproct.com\/be\/fr\/wp-json\/wp\/v2\/pages\/130","targetHints":{"allow":["GET"]}}],"collection":[{"href":"https:\/\/scheriproct.com\/be\/fr\/wp-json\/wp\/v2\/pages"}],"about":[{"href":"https:\/\/scheriproct.com\/be\/fr\/wp-json\/wp\/v2\/types\/page"}],"author":[{"embeddable":true,"href":"https:\/\/scheriproct.com\/be\/fr\/wp-json\/wp\/v2\/users\/2"}],"replies":[{"embeddable":true,"href":"https:\/\/scheriproct.com\/be\/fr\/wp-json\/wp\/v2\/comments?post=130"}],"version-history":[{"count":10,"href":"https:\/\/scheriproct.com\/be\/fr\/wp-json\/wp\/v2\/pages\/130\/revisions"}],"predecessor-version":[{"id":444,"href":"https:\/\/scheriproct.com\/be\/fr\/wp-json\/wp\/v2\/pages\/130\/revisions\/444"}],"wp:attachment":[{"href":"https:\/\/scheriproct.com\/be\/fr\/wp-json\/wp\/v2\/media?parent=130"}],"wp:term":[{"taxonomy":"from-article-database","embeddable":true,"href":"https:\/\/scheriproct.com\/be\/fr\/wp-json\/wp\/v2\/from-article-database?post=130"}],"curies":[{"name":"wp","href":"https:\/\/api.w.org\/{rel}","templated":true}]}}